{"id":7638,"date":"2024-12-09T09:42:38","date_gmt":"2024-12-09T01:42:38","guid":{"rendered":"https:\/\/www.stvvalves.com\/?post_type=product&#038;p=7638"},"modified":"2024-12-24T22:42:38","modified_gmt":"2024-12-24T14:42:38","slug":"300lb-axial-flow-check-valve-api-6d-10-inch-rf-end","status":"publish","type":"product","link":"https:\/\/www.stvvalves.com\/fr\/products\/300lb-axial-flow-check-valve-api-6d-10-inch-rf-end\/","title":{"rendered":"300LB Axial Flow Check Valve, API 6D, 10 Inch,RF End"},"content":{"rendered":"<p><strong>Axial Flow Check Valve-Features<\/strong><\/p>\n<p>1. Efficient streamlined Axial flow<br \/>\n2. Integral diffuser<br \/>\n3. Disc easy opening and stability<br \/>\n4. Tilting disc check valves<br \/>\n5. Piston check valves<br \/>\n6. Non-slam operation<\/p>\n<p><strong>Axial Flow Check Valve-Specifications and Standard<\/strong><\/p>\n<p>Design and Manufacture: BS 1868 or ASME B16.34<br \/>\nInspection et test\u00a0: API 598<br \/>\nEnd flange dimension: ASME B16.5, ASME B16.47 (API 605, MSS SP-44)<br \/>\nDimension d&#039;extr\u00e9mit\u00e9 BW\u00a0: ASME B16.25<br \/>\nFace to face, end to end: ASME B16.10<br \/>\nIndices de pression-temp\u00e9rature\u00a0: ASME B16.34<br \/>\nNACE: NACE 0175<br \/>\nSize Range: 2 Inch \u2013 36 Inch<br \/>\nPressure Range: ASME Class 150 \u2013 2500 LB<br \/>\nMaterials: ASTM A216 WCB, WCC, ASTM A217 WC1, WC6, WC9, ASTM A351 CF8, A351 CF8M, A351 CF3, A351 CF3M, A351 CN7M, ASTM A352 LC1, LCB, LCC, LC3, Hastelloy C276, Monel, Titanium and Alloy 20 (Cast Steel, Alloy Steel, Stainless Steel, Special Steel)ed<\/p>\n<table>\n<tbody>\n<tr>\n<td width=\"200\"><strong>Nom du produit<\/strong><\/td>\n<td width=\"481\">300LB Axial Flow Check Valve, API 6D, 10 Inch,RF End<\/td>\n<\/tr>\n<tr>\n<td width=\"200\">1. Mat\u00e9riel<\/td>\n<td width=\"481\">WCb<\/td>\n<\/tr>\n<tr>\n<td width=\"200\">2. Taille<\/td>\n<td width=\"481\">dix&quot;<\/td>\n<\/tr>\n<tr>\n<td width=\"200\">4. Port<\/td>\n<td width=\"481\">Port complet<\/td>\n<\/tr>\n<tr>\n<td width=\"200\">5. Pression de travail<\/td>\n<td width=\"481\">300 livres<\/td>\n<\/tr>\n<tr>\n<td width=\"200\">6. Fin de la connexion<\/td>\n<td width=\"481\">Rf<\/td>\n<\/tr>\n<tr>\n<td width=\"200\">7. Temp\u00e9rature de travail.<\/td>\n<td width=\"481\">-29~425\u00baC,<\/td>\n<\/tr>\n<tr>\n<td width=\"200\">8. Support appropri\u00e9<\/td>\n<td width=\"481\">Eau, gaz naturel, p\u00e9trole et certains liquides corrosifs<\/td>\n<\/tr>\n<tr>\n<td width=\"200\">9. Exploit\u00e9<\/td>\n<td width=\"481\">\/<\/td>\n<\/tr>\n<tr>\n<td width=\"200\">10. Inspection et tests<\/td>\n<td width=\"481\">Selon API598<\/td>\n<\/tr>\n<tr>\n<td width=\"200\"><strong>Exp\u00e9dition<\/strong><\/td>\n<td width=\"481\"><\/td>\n<\/tr>\n<tr>\n<td width=\"200\">D\u00e9lai de livraison<\/td>\n<td width=\"481\">30 jours<\/td>\n<\/tr>\n<tr>\n<td width=\"200\">Emballer<\/td>\n<td width=\"481\">Caisse en contreplaqu\u00e9 d&#039;exportation standard<\/td>\n<\/tr>\n<tr>\n<td width=\"200\">Port d&#039;exp\u00e9dition<\/td>\n<td width=\"481\">Ningbo\/Shanghai, Chine<\/td>\n<\/tr>\n<tr>\n<td width=\"200\">Conditions d&#039;exp\u00e9dition<\/td>\n<td width=\"481\">Exw, FOB, CFR, CIF, etc.<\/td>\n<\/tr>\n<tr>\n<td width=\"200\">Modalit\u00e9s de paiement<\/td>\n<td width=\"481\">T\/T, Western Union, PayPal, etc.<\/td>\n<\/tr>\n<tr>\n<td width=\"200\"><\/td>\n<td width=\"481\">Pr\u00e9paiement 30%, solde 70% pay\u00e9 avant l&#039;exp\u00e9dition<\/td>\n<\/tr>\n<tr>\n<td width=\"200\">Pays d&#039;origine<\/td>\n<td width=\"481\">Ville de Wenzhou, Chine<\/td>\n<\/tr>\n<tr>\n<td width=\"200\">Capacit\u00e9 de production<\/td>\n<td width=\"481\">6000 tonnes\/an<\/td>\n<\/tr>\n<tr>\n<td width=\"200\">MOQ<\/td>\n<td width=\"481\">1 pi\u00e8ces\/taille<\/td>\n<\/tr>\n<\/tbody>\n<\/table>\n<p>&nbsp;<\/p>","protected":false},"excerpt":{"rendered":"<p>Model:STV-H41Y-WCB-10&#8243;-300LB<\/p>\n<p>STV Valve Technology Group Co., Ltd is a professional leader China 300LB Axial Flow Check Valve ,API6D 300LB Axial Flow Check Valve,10300LB Axial Flow Check Valve,WCB 300LB Axial Flow Check Valve,Flange End 300LB Axial Flow Check Valve, ASME B16.34 Axial Flow Check Valve manufacturer with high quality and competitive price.<\/p>","protected":false},"featured_media":7640,"template":"","meta":[],"product_brand":[],"product_cat":[83,46],"product_tag":[3038,3037,3041,3036,3040,3039],"class_list":{"0":"post-7638","1":"product","2":"type-product","3":"status-publish","4":"has-post-thumbnail","6":"product_cat-cast-steel-check-valve","7":"product_cat-check-valves","8":"product_tag-10300lb-axial-flow-check-valve","9":"product_tag-api6d-300lb-axial-flow-check-valve","10":"product_tag-asme-b16-34-axial-flow-check-valve-manufacturer","11":"product_tag-china-300lb-axial-flow-check-valve","12":"product_tag-flange-end-300lb-axial-flow-check-valve","13":"product_tag-wcb-300lb-axial-flow-check-valve","15":"first","16":"instock","17":"shipping-taxable","18":"product-type-simple"},"_links":{"self":[{"href":"https:\/\/www.stvvalves.com\/fr\/wp-json\/wp\/v2\/product\/7638","targetHints":{"allow":["GET"]}}],"collection":[{"href":"https:\/\/www.stvvalves.com\/fr\/wp-json\/wp\/v2\/product"}],"about":[{"href":"https:\/\/www.stvvalves.com\/fr\/wp-json\/wp\/v2\/types\/product"}],"wp:featuredmedia":[{"embeddable":true,"href":"https:\/\/www.stvvalves.com\/fr\/wp-json\/wp\/v2\/media\/7640"}],"wp:attachment":[{"href":"https:\/\/www.stvvalves.com\/fr\/wp-json\/wp\/v2\/media?parent=7638"}],"wp:term":[{"taxonomy":"product_brand","embeddable":true,"href":"https:\/\/www.stvvalves.com\/fr\/wp-json\/wp\/v2\/product_brand?post=7638"},{"taxonomy":"product_cat","embeddable":true,"href":"https:\/\/www.stvvalves.com\/fr\/wp-json\/wp\/v2\/product_cat?post=7638"},{"taxonomy":"product_tag","embeddable":true,"href":"https:\/\/www.stvvalves.com\/fr\/wp-json\/wp\/v2\/product_tag?post=7638"}],"curies":[{"name":"wp","href":"https:\/\/api.w.org\/{rel}","templated":true}]}}