{"id":7679,"date":"2024-12-24T14:24:18","date_gmt":"2024-12-24T06:24:18","guid":{"rendered":"https:\/\/www.stvvalves.com\/?post_type=product&#038;p=7679"},"modified":"2024-12-24T14:28:25","modified_gmt":"2024-12-24T06:28:25","slug":"astm-a217-wc6-pressure-seal-bonnet-gate-valve1500lb-12-inch-rtj-end","status":"publish","type":"product","link":"https:\/\/www.stvvalves.com\/fr\/products\/astm-a217-wc6-pressure-seal-bonnet-gate-valve1500lb-12-inch-rtj-end\/","title":{"rendered":"ASTM A217 WC6 Pressure Seal Bonnet Gate Valve,1500LB,12 Inch,RTJ End"},"content":{"rendered":"<p>Conception et fabrication\u00a0:\u00a0vanne \u00e0 vanne en acier moul\u00e9 selon API 600 (16.34)<\/p>\n<p>Inspection et test\u00a0: API598, API600 ou API 6D<br \/>\nASME B16.5 (pour NPS\u226424, ASME B 16.47 s\u00e9rie B, API 605, ASME B16.47 s\u00e9rie A, MSS SP-44 (pour NPS &gt; 24)<\/p>\n<p>Dimension d&#039;extr\u00e9mit\u00e9 BW \uff1a ASME B16.25<\/p>\n<p>Face \u00e0 face et bout \u00e0 bout \uff1a ASME B16.10<\/p>\n<p>Indices de pression et de temp\u00e9rature\u00a0:\u00a0ASME B16.34<\/p>\n<p>Gamme de produits<\/p>\n<p>Mat\u00e9riau du corps : acier au carbone, acier inoxydable, acier alli\u00e9<\/p>\n<p>Diam\u00e8tre nominal\u00a0: 2\u2033~36\u2033 (DN50~DN900)<\/p>\n<p>Connexion d&#039;extr\u00e9mit\u00e9\u00a0: RF, RTJ, BW<\/p>\n<p>Plage de pression\u00a0: Classe 150 ~ 2\u00a0500 (PN16 ~ PN420)<\/p>\n<p>Temp\u00e9rature de fonctionnement\u00a0: -29 \u2103 ~ + 560 \u2103<\/p>\n<p>Fonctionnement\u00a0: volant, engrenage, actionneur \u00e9lectrique, etc.<\/p>\n<p>&nbsp;<\/p>\n<table>\n<tbody>\n<tr>\n<td width=\"200\"><strong>Nom du produit<\/strong><\/td>\n<td width=\"481\">ASTM A217 WC6 Pressure Seal Bonnet Gate Valve,1500LB,12 Inch,RTJ End<\/td>\n<\/tr>\n<tr>\n<td width=\"200\">1. Mat\u00e9riel<\/td>\n<td width=\"481\">WC6<\/td>\n<\/tr>\n<tr>\n<td width=\"200\">2. Taille<\/td>\n<td width=\"481\">12&quot;<\/td>\n<\/tr>\n<tr>\n<td width=\"200\">4. Port<\/td>\n<td width=\"481\">Port complet<\/td>\n<\/tr>\n<tr>\n<td width=\"200\">5. Pression de travail<\/td>\n<td width=\"481\">1 500 lb<\/td>\n<\/tr>\n<tr>\n<td width=\"200\">6. Fin de la connexion<\/td>\n<td width=\"481\">RTJ<\/td>\n<\/tr>\n<tr>\n<td width=\"200\">7. Temp\u00e9rature de travail.<\/td>\n<td width=\"481\">-29~520\u00baC,<\/td>\n<\/tr>\n<tr>\n<td width=\"200\">8. Support appropri\u00e9<\/td>\n<td width=\"481\">Eau, gaz naturel, p\u00e9trole et certains liquides corrosifs<\/td>\n<\/tr>\n<tr>\n<td width=\"200\">9. Exploit\u00e9<\/td>\n<td width=\"481\">Bo\u00eete de vitesses<\/td>\n<\/tr>\n<tr>\n<td width=\"200\">10. Inspection et tests<\/td>\n<td width=\"481\">Selon API598<\/td>\n<\/tr>\n<tr>\n<td width=\"200\"><strong>Exp\u00e9dition<\/strong><\/td>\n<td width=\"481\"><\/td>\n<\/tr>\n<tr>\n<td width=\"200\">D\u00e9lai de livraison<\/td>\n<td width=\"481\">30 jours<\/td>\n<\/tr>\n<tr>\n<td width=\"200\">Emballer<\/td>\n<td width=\"481\">Caisse en contreplaqu\u00e9 d&#039;exportation standard<\/td>\n<\/tr>\n<tr>\n<td width=\"200\">Port d&#039;exp\u00e9dition<\/td>\n<td width=\"481\">Ningbo\/Shanghai, Chine<\/td>\n<\/tr>\n<tr>\n<td width=\"200\">Conditions d&#039;exp\u00e9dition<\/td>\n<td width=\"481\">Exw, FOB, CFR, CIF, etc.<\/td>\n<\/tr>\n<tr>\n<td width=\"200\">Modalit\u00e9s de paiement<\/td>\n<td width=\"481\">T\/T, Western Union, PayPal, etc.<\/td>\n<\/tr>\n<tr>\n<td width=\"200\"><\/td>\n<td width=\"481\">Pr\u00e9paiement 30%, solde 70% pay\u00e9 avant l&#039;exp\u00e9dition<\/td>\n<\/tr>\n<tr>\n<td width=\"200\">Pays d&#039;origine<\/td>\n<td width=\"481\">Ville de Wenzhou, Chine<\/td>\n<\/tr>\n<tr>\n<td width=\"200\">Capacit\u00e9 de production<\/td>\n<td width=\"481\">6000 tonnes\/an<\/td>\n<\/tr>\n<tr>\n<td width=\"200\">MOQ<\/td>\n<td width=\"481\">1 pi\u00e8ces\/taille<\/td>\n<\/tr>\n<\/tbody>\n<\/table>","protected":false},"excerpt":{"rendered":"<p>STV Valve Technology Group Co., Ltd is a professional leader China 1500Lb cast steel Pressure Seal Gate valve,WC6 GATE VALVE 1500Lb ,1500 lb Cast Steel Gate Valve ,RTJ End Gate Valve,High Pressure Gate Valve,12 Inch Pressure Seal Gate Valve Manufacturer with high quality and competitive price.<\/p>","protected":false},"featured_media":7680,"template":"","meta":[],"product_brand":[],"product_cat":[44,58],"product_tag":[2246,2248,2247,2244,195,2245],"class_list":{"0":"post-7679","1":"product","2":"type-product","3":"status-publish","4":"has-post-thumbnail","6":"product_cat-gate-valve","7":"product_cat-cast-steel-gate-valve","8":"product_tag-1500-lb-cast-steel-gate-valve","9":"product_tag-8-inch-pressure-seal-gate-valve-manufacturer","10":"product_tag-bw-end-gate-valve","11":"product_tag-china-1500lb-cast-steel-pressure-seal-gate-valve","12":"product_tag-high-pressure-gate-valve","13":"product_tag-wc6-gate-valve-1500lb","15":"first","16":"instock","17":"shipping-taxable","18":"product-type-simple"},"_links":{"self":[{"href":"https:\/\/www.stvvalves.com\/fr\/wp-json\/wp\/v2\/product\/7679","targetHints":{"allow":["GET"]}}],"collection":[{"href":"https:\/\/www.stvvalves.com\/fr\/wp-json\/wp\/v2\/product"}],"about":[{"href":"https:\/\/www.stvvalves.com\/fr\/wp-json\/wp\/v2\/types\/product"}],"wp:featuredmedia":[{"embeddable":true,"href":"https:\/\/www.stvvalves.com\/fr\/wp-json\/wp\/v2\/media\/7680"}],"wp:attachment":[{"href":"https:\/\/www.stvvalves.com\/fr\/wp-json\/wp\/v2\/media?parent=7679"}],"wp:term":[{"taxonomy":"product_brand","embeddable":true,"href":"https:\/\/www.stvvalves.com\/fr\/wp-json\/wp\/v2\/product_brand?post=7679"},{"taxonomy":"product_cat","embeddable":true,"href":"https:\/\/www.stvvalves.com\/fr\/wp-json\/wp\/v2\/product_cat?post=7679"},{"taxonomy":"product_tag","embeddable":true,"href":"https:\/\/www.stvvalves.com\/fr\/wp-json\/wp\/v2\/product_tag?post=7679"}],"curies":[{"name":"wp","href":"https:\/\/api.w.org\/{rel}","templated":true}]}}