{"id":7681,"date":"2024-12-24T14:34:15","date_gmt":"2024-12-24T06:34:15","guid":{"rendered":"https:\/\/www.stvvalves.com\/?post_type=product&#038;p=7681"},"modified":"2025-09-05T09:55:36","modified_gmt":"2025-09-05T01:55:36","slug":"hc276-trunnion-mounted-ball-valve-dn100-pn100-rf-end","status":"publish","type":"product","link":"https:\/\/www.stvvalves.com\/fr\/products\/hc276-trunnion-mounted-ball-valve-dn100-pn100-rf-end\/","title":{"rendered":"HC276 Trunnion Mounted Ball Valve,DN100,PN100,RF End"},"content":{"rendered":"<p><b>Caract\u00e9ristiques de conception<\/b><\/p>\n<p>Conception de corps divis\u00e9 \u00e0 entr\u00e9e lat\u00e9rale<\/p>\n<p>Conception ignifuge, dispositif antistatique<\/p>\n<p>Conception anti-\u00e9clatement de la tige<\/p>\n<p>Conception antistatique<\/p>\n<p>Conception des \u00e9missions fugitives<\/p>\n<p>La preuve de l&#039;usure de la tige et de la mauvaise utilisation<\/p>\n<p>Bride de montage ISO 5211 pour l&#039;actionnement.<\/p>\n<p>Extension de tige pour service souterrain.<\/p>\n<p><b>Sp\u00e9cifications techniques<\/b><\/p>\n<p>Application:<\/p>\n<p>Design: BS5351,ISO14313<\/p>\n<p>Coffre-fort incendie\u00a0: API607, API 6FA,<\/p>\n<p>Pr\u00e9sentiel\u00a0: API 6D\/ASME B16.10<\/p>\n<p>Flanged Ends:DIN\/EN1092-1\/GOST33259\/JIS<\/p>\n<p>Extr\u00e9mit\u00e9s BW\u00a0:\u00a0ASME B16.25<\/p>\n<p>Inspection Test ,EN12266-1<\/p>\n<p>Cotes de temp\u00e9rature\u00a0:\u00a0ASME B16.34<\/p>\n<p>Certificat\u00a0:\u00a0EN 10204 type 3.1<\/p>\n<p>Marquages\u00a0: MSS SP25<\/p>\n<p>&nbsp;<\/p>\n<p>Pi\u00e8ces mat\u00e9rielles principales\u00a0:<\/p>\n<table>\n<tbody>\n<tr>\n<td width=\"123\">Acier Carbone<\/td>\n<td width=\"452\">A216 Gr. WCB, COE, WCA, etc.<\/td>\n<\/tr>\n<tr>\n<td width=\"123\">Acier basse temp\u00e9rature<\/td>\n<td width=\"452\">A352 Gr. LCB, LCC, LC1, etc.<\/td>\n<\/tr>\n<tr>\n<td width=\"123\">Acier Cr-Mo<\/td>\n<td width=\"452\">A217 Gr. WC6, WC9, C5, C12, C12A, etc.<\/td>\n<\/tr>\n<tr>\n<td width=\"123\">Acier inoxydable<\/td>\n<td width=\"452\">A351 Gr. CF8, CF8M, CF3, CF3M, CF8C, etc.<\/td>\n<\/tr>\n<tr>\n<td width=\"123\">Acier alli\u00e9<\/td>\n<td width=\"452\">Alliage CN7M 20, alliage CN3M 20 modifi\u00e9, CT15C, etc.<\/td>\n<\/tr>\n<tr>\n<td width=\"123\">Super duplex<\/td>\n<td width=\"452\">A995 Gr. 4A, 5A, CE8MN, CD6MN, CD3MN, etc.<\/td>\n<\/tr>\n<tr>\n<td width=\"123\">Bronze d&#039;aluminium<\/td>\n<td width=\"452\">B148C95500, C95600, C95800, etc.<\/td>\n<\/tr>\n<tr>\n<td width=\"123\">Monel<\/td>\n<td width=\"452\">M30C, M35-1, CZ100, etc.<\/td>\n<\/tr>\n<tr>\n<td width=\"123\">Inconel<\/td>\n<td width=\"452\">CY40 inconel 600, etc.<\/td>\n<\/tr>\n<tr>\n<td width=\"123\">Hastelloy<\/td>\n<td width=\"452\">CW2m Hastelly C4, N12MV Hastelloy B, CW12MW Hastelloy C276, etc.<\/td>\n<\/tr>\n<tr>\n<td width=\"123\">Incoloy<\/td>\n<td width=\"452\">CU5MCuC Incoloy 825, CW6MC Incoloy 625, etc.<\/td>\n<\/tr>\n<\/tbody>\n<\/table>\n<p>Remarque\u00a0:\u00a0La dimension de la bride de connexion peut \u00eatre con\u00e7ue selon les exigences du client.<\/p>\n<p>Fabrication selon NACE MR-01-75 sur demande.<\/p>","protected":false},"excerpt":{"rendered":"<p>STV Valve Technology Group Co., Ltd is a professional leader China HC276 Trunnion Mounted Ball Valve,4 Inch HC276Trunnion Mounted Ball Valves,HC276 Trunnion Mounted Ball Valve, Hastelloy Sttel Trunnion Mounted Ball Valves,PN100 Trunnion Mounted Ball Valve,HC276 Trunnion Mounted Ball Valve Manufacturer with high quality and competitive price.<\/p>","protected":false},"featured_media":7682,"template":"","meta":[],"product_brand":[],"product_cat":[43,56],"product_tag":[3077,3076,3079,3078,3081,3080],"class_list":{"0":"post-7681","1":"product","2":"type-product","3":"status-publish","4":"has-post-thumbnail","6":"product_cat-ball-valve","7":"product_cat-trunnion-ball-valve","8":"product_tag-4-inch-hc276trunnion-mounted-ball-valves","9":"product_tag-china-hc276-trunnion-mounted-ball-valve","10":"product_tag-hastelloy-sttel-trunnion-mounted-ball-valves","11":"product_tag-hc276-trunnion-mounted-ball-valve","12":"product_tag-hc276-trunnion-mounted-ball-valve-manufacturer","13":"product_tag-pn100-trunnion-mounted-ball-valve","15":"first","16":"instock","17":"featured","18":"shipping-taxable","19":"product-type-simple"},"_links":{"self":[{"href":"https:\/\/www.stvvalves.com\/fr\/wp-json\/wp\/v2\/product\/7681","targetHints":{"allow":["GET"]}}],"collection":[{"href":"https:\/\/www.stvvalves.com\/fr\/wp-json\/wp\/v2\/product"}],"about":[{"href":"https:\/\/www.stvvalves.com\/fr\/wp-json\/wp\/v2\/types\/product"}],"wp:featuredmedia":[{"embeddable":true,"href":"https:\/\/www.stvvalves.com\/fr\/wp-json\/wp\/v2\/media\/7682"}],"wp:attachment":[{"href":"https:\/\/www.stvvalves.com\/fr\/wp-json\/wp\/v2\/media?parent=7681"}],"wp:term":[{"taxonomy":"product_brand","embeddable":true,"href":"https:\/\/www.stvvalves.com\/fr\/wp-json\/wp\/v2\/product_brand?post=7681"},{"taxonomy":"product_cat","embeddable":true,"href":"https:\/\/www.stvvalves.com\/fr\/wp-json\/wp\/v2\/product_cat?post=7681"},{"taxonomy":"product_tag","embeddable":true,"href":"https:\/\/www.stvvalves.com\/fr\/wp-json\/wp\/v2\/product_tag?post=7681"}],"curies":[{"name":"wp","href":"https:\/\/api.w.org\/{rel}","templated":true}]}}