{"id":7819,"date":"2025-02-16T09:12:35","date_gmt":"2025-02-16T01:12:35","guid":{"rendered":"https:\/\/www.stvvalves.com\/?post_type=product&#038;p=7819"},"modified":"2025-09-05T09:49:42","modified_gmt":"2025-09-05T01:49:42","slug":"astm-a351-cf8m-check-valve-20-in-600lb-lug-api-594","status":"publish","type":"product","link":"https:\/\/www.stvvalves.com\/fr\/products\/astm-a351-cf8m-check-valve-20-in-600lb-lug-api-594\/","title":{"rendered":"ASTM A351 CF8M Check Valve, 20 IN, 600LB, LUG, API 594"},"content":{"rendered":"<p>Longueur structurelle courte, seulement 1\/4 ~ 1\/8 de celle du clapet anti-retour \u00e0 bride traditionnel\u00a0;<\/p>\n<p>Faible volume, poids l\u00e9ger, seulement 1\/4 ~ 1\/20 de ceux du clapet anti-retour \u00e0 bride traditionnel\u00a0;<\/p>\n<p>Fermeture rapide du disque de valve, faible pression de coup de b\u00e9lier\u00a0;<\/p>\n<p>Applicable et facilement install\u00e9 pour les pipelines verticaux ou horizontaux\u00a0;<\/p>\n<p>Passage d&#039;\u00e9coulement fluide et petite r\u00e9sistance aux fluides\u00a0;<\/p>\n<p>Action flexible et bonnes performances d\u2019\u00e9tanch\u00e9it\u00e9\u00a0;<\/p>\n<p>Course \u00e9troite de la valve et faible impact de fermeture\u00a0;<\/p>\n<p>Structure int\u00e9gr\u00e9e, simple et compacte, en belle forme\u00a0;<\/p>\n<p>Longue dur\u00e9e de vie et bonne fiabilit\u00e9.<\/p>\n<p>Sp\u00e9cification des param\u00e8tres principaux<\/p>\n<p>Conception et fabrication\u00a0:API594,API 6D\u00a0;<br \/>\nFace \u00e0 face et bout \u00e0 bout\u00a0:API594,API6D,DIN3202\u00a0;<br \/>\nIndice de pression-temp\u00e9rature\u00a0: ASME B16.34, DIN2410\u00a0;<br \/>\nInspection et test\u00a0: API598<br \/>\nBride de tuyau\u00a0:\u00a0,ASME B16.5,DIN2543~2548,API605,ASME B16.47.<\/p>\n<p>Gamme de produits<\/p>\n<p>Body material: WCB,LCB,WC6,WC9,CF8,CF8M,CF3,CF3M, alloy steel,bronze<\/p>\n<p>Nominal diameter:1.5\u2033~48\u2033(DN40~DN1200)<\/p>\n<p>Connexion d&#039;extr\u00e9mit\u00e9\u00a0: RF, RTJ, BW<\/p>\n<p>Plage de pression\u00a0: Classe 150 ~ 2\u00a0500 (PN16 ~ PN420)<\/p>\n<p>Temp\u00e9rature de fonctionnement\u00a0:\u00a0-196 \u2103 ~ + 560 \u2103<\/p>\n<p>&nbsp;<\/p>\n<table>\n<tbody>\n<tr>\n<td width=\"200\"><strong>Nom du produit<\/strong><\/td>\n<td width=\"481\">ASTM A351 CF8M Check Valve, 20 IN, 600LB, LUG, API 594<\/td>\n<\/tr>\n<tr>\n<td width=\"200\">1. Mat\u00e9riel<\/td>\n<td width=\"481\">CF8M<\/td>\n<\/tr>\n<tr>\n<td width=\"200\">2. Taille<\/td>\n<td width=\"481\">20&quot;<\/td>\n<\/tr>\n<tr>\n<td width=\"200\">4. Port<\/td>\n<td width=\"481\">Port complet<\/td>\n<\/tr>\n<tr>\n<td width=\"200\">5. Pression de travail<\/td>\n<td width=\"481\">600 livres<\/td>\n<\/tr>\n<tr>\n<td width=\"200\">6. Fin de la connexion<\/td>\n<td width=\"481\">Lug<\/td>\n<\/tr>\n<tr>\n<td width=\"200\">7. Temp\u00e9rature de travail.<\/td>\n<td width=\"481\">-29~300\u00baC,<\/td>\n<\/tr>\n<tr>\n<td width=\"200\">8. Support appropri\u00e9<\/td>\n<td width=\"481\">Eau, gaz naturel, p\u00e9trole et certains liquides corrosifs<\/td>\n<\/tr>\n<tr>\n<td width=\"200\">9. Exploit\u00e9<\/td>\n<td width=\"481\">\/<\/td>\n<\/tr>\n<tr>\n<td width=\"200\">10. Inspection et tests<\/td>\n<td width=\"481\">Selon API598<\/td>\n<\/tr>\n<tr>\n<td width=\"200\"><strong>Exp\u00e9dition<\/strong><\/td>\n<td width=\"481\"><\/td>\n<\/tr>\n<tr>\n<td width=\"200\">D\u00e9lai de livraison<\/td>\n<td width=\"481\">30 jours<\/td>\n<\/tr>\n<tr>\n<td width=\"200\">Emballer<\/td>\n<td width=\"481\">Caisse en contreplaqu\u00e9 d&#039;exportation standard<\/td>\n<\/tr>\n<tr>\n<td width=\"200\">Port d&#039;exp\u00e9dition<\/td>\n<td width=\"481\">Ningbo\/Shanghai, Chine<\/td>\n<\/tr>\n<tr>\n<td width=\"200\">Conditions d&#039;exp\u00e9dition<\/td>\n<td width=\"481\">Exw, FOB, CFR, CIF, etc.<\/td>\n<\/tr>\n<tr>\n<td width=\"200\">Modalit\u00e9s de paiement<\/td>\n<td width=\"481\">T\/T, Western Union, PayPal, etc.<\/td>\n<\/tr>\n<tr>\n<td width=\"200\"><\/td>\n<td width=\"481\">Pr\u00e9paiement 30%, solde 70% pay\u00e9 avant l&#039;exp\u00e9dition<\/td>\n<\/tr>\n<tr>\n<td width=\"200\">Pays d&#039;origine<\/td>\n<td width=\"481\">Ville de Wenzhou, Chine<\/td>\n<\/tr>\n<tr>\n<td width=\"200\">Capacit\u00e9 de production<\/td>\n<td width=\"481\">6000 tonnes\/an<\/td>\n<\/tr>\n<tr>\n<td width=\"200\">MOQ<\/td>\n<td width=\"481\">1 pi\u00e8ces\/taille<\/td>\n<\/tr>\n<\/tbody>\n<\/table>","protected":false},"excerpt":{"rendered":"<p>STV Valve Technology Group Co., Ltd is a professional leader China ASTM A351 CF8M Check Valve ,Lug Type Dual Plate Swing Check Valve,Dual Plate Lug Type Check Valve,Lug and Wafer Check Valves,CF8M Lug Type Dual Plate Wafer Check Valve,Dual Plate Check Valve API 594,20 inch API 594 Dual Plate Check Valve,600LB Lug Type Dual Plate Check Valve Manufacturer With High Quality And Low Price.To lear<\/p>","protected":false},"featured_media":7820,"template":"","meta":[],"product_brand":[],"product_cat":[46,84],"product_tag":[3126,3127,3125,3123,498,501,499,3124],"class_list":{"0":"post-7819","1":"product","2":"type-product","3":"status-publish","4":"has-post-thumbnail","6":"product_cat-check-valves","7":"product_cat-wafer-check-valve","8":"product_tag-20-inch-api-594-dual-plate-check-valve","9":"product_tag-600lb-lug-type-dual-plate-check-valve-manufacture","10":"product_tag-cf8m-lug-type-dual-plate-wafer-check-valve","11":"product_tag-china-astm-a351-cf8m-check-valve","12":"product_tag-dual-plate-check-valve-api-594","13":"product_tag-dual-plate-lug-type-check-valve","14":"product_tag-lug-and-wafer-check-valves","15":"product_tag-lug-type-dual-plate-swing-check-valve","17":"first","18":"instock","19":"featured","20":"shipping-taxable","21":"product-type-simple"},"_links":{"self":[{"href":"https:\/\/www.stvvalves.com\/fr\/wp-json\/wp\/v2\/product\/7819","targetHints":{"allow":["GET"]}}],"collection":[{"href":"https:\/\/www.stvvalves.com\/fr\/wp-json\/wp\/v2\/product"}],"about":[{"href":"https:\/\/www.stvvalves.com\/fr\/wp-json\/wp\/v2\/types\/product"}],"wp:featuredmedia":[{"embeddable":true,"href":"https:\/\/www.stvvalves.com\/fr\/wp-json\/wp\/v2\/media\/7820"}],"wp:attachment":[{"href":"https:\/\/www.stvvalves.com\/fr\/wp-json\/wp\/v2\/media?parent=7819"}],"wp:term":[{"taxonomy":"product_brand","embeddable":true,"href":"https:\/\/www.stvvalves.com\/fr\/wp-json\/wp\/v2\/product_brand?post=7819"},{"taxonomy":"product_cat","embeddable":true,"href":"https:\/\/www.stvvalves.com\/fr\/wp-json\/wp\/v2\/product_cat?post=7819"},{"taxonomy":"product_tag","embeddable":true,"href":"https:\/\/www.stvvalves.com\/fr\/wp-json\/wp\/v2\/product_tag?post=7819"}],"curies":[{"name":"wp","href":"https:\/\/api.w.org\/{rel}","templated":true}]}}