{"id":7834,"date":"2025-02-16T18:01:35","date_gmt":"2025-02-16T10:01:35","guid":{"rendered":"https:\/\/www.stvvalves.com\/?post_type=product&#038;p=7834"},"modified":"2025-02-16T18:07:33","modified_gmt":"2025-02-16T10:07:33","slug":"asme-b1634-basket-type-strainer-astm-a351-cf8-1-inch-150-lb","status":"publish","type":"product","link":"https:\/\/www.stvvalves.com\/fr\/products\/asme-b1634-basket-type-strainer-astm-a351-cf8-1-inch-150-lb\/","title":{"rendered":"ASME B16.34 Basket Type Strainer, ASTM A351 CF8,1 Inch,150 LB"},"content":{"rendered":"<p>ASME B16.34 Basket Type Strainer, ASTM A351 CF8,1 Inch,150 LB<br \/>\nCourte introduction:<br \/>\nLe filtre peut \u00eatre utilis\u00e9 sur tous les types de canalisations pour collecter les substances \u00e9trang\u00e8res granul\u00e9es et les contaminants collect\u00e9s. Il peut am\u00e9liorer le jeu dans le milieu et prolonger la dur\u00e9e de vie des vannes et autres \u00e9quipements. Il convient \u00e0 l&#039;eau, au p\u00e9trole et \u00e0 la vapeur.<br \/>\nNous fournissons des cr\u00e9pines \u00e0 panier de type moul\u00e9 et soud\u00e9<br \/>\n1) Sizes: 1\/2 \u2013 24\u2033<br \/>\n2) Pression nominale : 150 lb, 300 lb, 600 lb<br \/>\n3) Suitable temperature: -196oC \u2013 600oC<br \/>\n4) Milieu appropri\u00e9 : Eau, gaz, p\u00e9trole, vapeur, etc.<br \/>\n5) Mat\u00e9riau du corps\u00a0: A106\/WCB, COE, WC6, WC9, LCB, LCC, SS304\/CF8, SS316\/CF8M, 304L\/CF3, SS316L\/CF3M<br \/>\n6) \u00c9cran : Acier inoxydable (SS304\/SS316)<br \/>\n7) Connexion d&#039;extr\u00e9mit\u00e9\u00a0: FF, RF, THD, BW<br \/>\n8, forme d&#039;entr\u00e9e\/sortie\u00a0: bride\/fil int\u00e9rieur\/fil ext\u00e9rieur\/installation rapide<br \/>\n9, forme de compression du couvercle\u00a0:\u00a0boulon\/boulon rapide<br \/>\n10, viscosit\u00e9 appropri\u00e9e (cp): 1-30000<br \/>\n11, forme de panier\u00a0: maille de poin\u00e7onnage\/maille monocouche\/maille composite<\/p>\n<h2>Description<\/h2>\n<p>Conception\u00a0:\u00a0ASME B16.34.<br \/>\nMat\u00e9riau : ASTM A216 WCB.<br \/>\nTaille nominale : 3 pouces.<br \/>\nPression nominale : Classe 150 LB.<br \/>\nConnexion finale\u00a0: RF.<br \/>\nFace \u00e0 face : ASME B16.10.<br \/>\nTest et inspection\u00a0: API 598.<\/p>\n<p>Gamme de produits\u00a0:<br \/>\nMat\u00e9riau du corps : acier au carbone, acier inoxydable, acier alli\u00e9.<br \/>\nDiam\u00e8tre normal : 1\/2 \u2013 48 pouces (DN15 \u2013 DN1200).<br \/>\nConnexion d&#039;extr\u00e9mit\u00e9\u00a0: BW, \u00e0 bride.<br \/>\nPlage de pression\u00a0: 150 \u2013 2\u00a0500 LB (PN16 \u2013 PN420).<br \/>\nTemp\u00e9rature de fonctionnement : -196\u2103 \u2013 +573\u2103.<\/p>\n<table>\n<tbody>\n<tr>\n<td width=\"200\"><strong>Nom du produit<\/strong><\/td>\n<td width=\"481\">ASME B16.34 Basket Type Strainer, ASTM A351 CF8,1 Inch,150 LB<\/td>\n<\/tr>\n<tr>\n<td width=\"200\">1. Mat\u00e9riel<\/td>\n<td width=\"481\">304<\/td>\n<\/tr>\n<tr>\n<td width=\"200\">2. Taille<\/td>\n<td width=\"481\">1&quot;<\/td>\n<\/tr>\n<tr>\n<td width=\"200\">4. Port<\/td>\n<td width=\"481\">Port complet<\/td>\n<\/tr>\n<tr>\n<td width=\"200\">5. Pression de travail<\/td>\n<td width=\"481\">150LB<\/td>\n<\/tr>\n<tr>\n<td width=\"200\">6. Fin de la connexion<\/td>\n<td width=\"481\">RF<\/td>\n<\/tr>\n<tr>\n<td width=\"200\">7. Temp\u00e9rature de travail.<\/td>\n<td width=\"481\">-29~425\u00baC,<\/td>\n<\/tr>\n<tr>\n<td width=\"200\">8. Support appropri\u00e9<\/td>\n<td width=\"481\">Eau, gaz naturel, p\u00e9trole et certains liquides corrosifs<\/td>\n<\/tr>\n<tr>\n<td width=\"200\">9. Exploit\u00e9<\/td>\n<td width=\"481\">\/<\/td>\n<\/tr>\n<tr>\n<td width=\"200\">10. Inspection et tests<\/td>\n<td width=\"481\">API598<\/td>\n<\/tr>\n<tr>\n<td width=\"200\"><strong>Exp\u00e9dition<\/strong><\/td>\n<td width=\"481\"><\/td>\n<\/tr>\n<tr>\n<td width=\"200\">D\u00e9lai de livraison<\/td>\n<td width=\"481\">30 jours<\/td>\n<\/tr>\n<tr>\n<td width=\"200\">Emballer<\/td>\n<td width=\"481\">Caisse en contreplaqu\u00e9 d&#039;exportation standard<\/td>\n<\/tr>\n<tr>\n<td width=\"200\">Port d&#039;exp\u00e9dition<\/td>\n<td width=\"481\">Ningbo\/Shanghai, Chine<\/td>\n<\/tr>\n<tr>\n<td width=\"200\">Conditions d&#039;exp\u00e9dition<\/td>\n<td width=\"481\">Exw, FOB, CFR, CIF, etc.<\/td>\n<\/tr>\n<tr>\n<td width=\"200\">Modalit\u00e9s de paiement<\/td>\n<td width=\"481\">T\/T, Western Union, PayPal, etc.<\/td>\n<\/tr>\n<tr>\n<td width=\"200\"><\/td>\n<td width=\"481\">Pr\u00e9paiement 30%, solde 70% pay\u00e9 avant l&#039;exp\u00e9dition<\/td>\n<\/tr>\n<tr>\n<td width=\"200\">Pays d&#039;origine<\/td>\n<td width=\"481\">Ville de Wenzhou, Chine<\/td>\n<\/tr>\n<tr>\n<td width=\"200\">Capacit\u00e9 de production<\/td>\n<td width=\"481\">6000 tonnes\/an<\/td>\n<\/tr>\n<tr>\n<td width=\"200\">MOQ<\/td>\n<td width=\"481\">1 pi\u00e8ces\/taille<\/td>\n<\/tr>\n<\/tbody>\n<\/table>\n<p>&nbsp;<\/p>","protected":false},"excerpt":{"rendered":"<p>STV Valve Technology Group Co., Ltd is a professional leader China ASME B16.34 Basket Type Strainer, CF8 Body Basket Strainer,304 Screen Basket Strainer,40 mesch Basket Strainer. RF Basket Strainer, Flanged Basket Strainer,1 Inch Basket Strainer,150 LB Basket Strainer Manufacturer with high quality and competitive price.<\/p>\n<p>&nbsp;<\/p>","protected":false},"featured_media":7835,"template":"","meta":[],"product_brand":[],"product_cat":[85,48],"product_tag":[3148,3149,1774,1775,1773,3146,3147],"class_list":{"0":"post-7834","1":"product","2":"type-product","3":"status-publish","4":"has-post-thumbnail","6":"product_cat-stainless-steel-y-type-strainer","7":"product_cat-y-strainer","8":"product_tag-1-inch-basket-strainer","9":"product_tag-150-lb-basket-strainer-manufacturer","10":"product_tag-304-screen-basket-strainer","11":"product_tag-40-mesch-basket-strainer-rf-basket-strainer","12":"product_tag-cf8-body-basket-strainer","13":"product_tag-china-asme-b16-34-basket-type-strainer","14":"product_tag-flanged-basket-strainer","16":"first","17":"instock","18":"shipping-taxable","19":"product-type-simple"},"_links":{"self":[{"href":"https:\/\/www.stvvalves.com\/fr\/wp-json\/wp\/v2\/product\/7834","targetHints":{"allow":["GET"]}}],"collection":[{"href":"https:\/\/www.stvvalves.com\/fr\/wp-json\/wp\/v2\/product"}],"about":[{"href":"https:\/\/www.stvvalves.com\/fr\/wp-json\/wp\/v2\/types\/product"}],"wp:featuredmedia":[{"embeddable":true,"href":"https:\/\/www.stvvalves.com\/fr\/wp-json\/wp\/v2\/media\/7835"}],"wp:attachment":[{"href":"https:\/\/www.stvvalves.com\/fr\/wp-json\/wp\/v2\/media?parent=7834"}],"wp:term":[{"taxonomy":"product_brand","embeddable":true,"href":"https:\/\/www.stvvalves.com\/fr\/wp-json\/wp\/v2\/product_brand?post=7834"},{"taxonomy":"product_cat","embeddable":true,"href":"https:\/\/www.stvvalves.com\/fr\/wp-json\/wp\/v2\/product_cat?post=7834"},{"taxonomy":"product_tag","embeddable":true,"href":"https:\/\/www.stvvalves.com\/fr\/wp-json\/wp\/v2\/product_tag?post=7834"}],"curies":[{"name":"wp","href":"https:\/\/api.w.org\/{rel}","templated":true}]}}