{"id":7838,"date":"2025-02-16T18:33:44","date_gmt":"2025-02-16T10:33:44","guid":{"rendered":"https:\/\/www.stvvalves.com\/?post_type=product&#038;p=7838"},"modified":"2025-09-05T10:08:23","modified_gmt":"2025-09-05T02:08:23","slug":"3-inch-gate-valve-astm-a105n-1500-lb-bw-end","status":"publish","type":"product","link":"https:\/\/www.stvvalves.com\/fr\/products\/3-inch-gate-valve-astm-a105n-1500-lb-bw-end\/","title":{"rendered":"3 Inch Gate Valve,ASTM A105N,1500 LB,BW END"},"content":{"rendered":"<h2>3 Inch Gate Valve,ASTM A105N,1500 LB,BW END<\/h2>\n<p>Design and manufacture conform to BS 5352,API602<\/p>\n<p>Les extr\u00e9mit\u00e9s de connexion sont conformes \u00e0\u00a0:<\/p>\n<p>1. Les extr\u00e9mit\u00e9s soud\u00e9es sont conformes \u00e0 la norme ANSI B16.11.<\/p>\n<p>2. Les extr\u00e9mit\u00e9s des vis sont conformes \u00e0 ANSI B1.20.1<\/p>\n<p>3..Les extr\u00e9mit\u00e9s soud\u00e9es bout \u00e0 bout sont conformes \u00e0 la norme ANSI B16.25<\/p>\n<p>Test et inspection conformes \u00e0 :API 598<\/p>\n<p>1) Informations sur le produit : les vannes fournies sont principalement utilis\u00e9es pour l&#039;eau, l&#039;air, le p\u00e9trole, le gaz.<br \/>\n2) Type de connexion\u00a0: type \u00e0 bride, type de soudage par douille, type de soudage bout \u00e0 bout, type \u00e0 vis<br \/>\n3) Mat\u00e9riel\u00a0:<br \/>\na) Carrosserie : A105, LF2, F11, F22, F304, F316, F304L, F316L<br \/>\nb) Disque : A105, LF2, F11, F22, F304, F316, F304L, F316L<br \/>\nc) Tige : F6a, F11, F22, F304, F316, F304L, F316L<br \/>\nd) Capot : A105, LF2, F11, F22, F304, F316, F304L, F316L<br \/>\n4) Taille : 15-50 mm\/1\/2\u2033 \u2013 2\u2033<br \/>\n5) Cat\u00e9gorie de pression : PN16~PN100, 150Lb~2500Lb<br \/>\n6) Rev\u00eatement\u00a0:\u00a0Rev\u00eatement selon l&#039;exigence des clients<br \/>\n7) Paquet : Caisses en bois<\/p>\n<table>\n<tbody>\n<tr>\n<td width=\"200\"><strong><b>Nom du produit<\/b><\/strong><\/td>\n<td width=\"481\">3 Inch Gate Valve,ASTM A105N,1500 LB,BW END<\/td>\n<\/tr>\n<tr>\n<td width=\"200\">1. Mat\u00e9riel<\/td>\n<td width=\"481\">A105N<\/td>\n<\/tr>\n<tr>\n<td width=\"200\">2. Taille<\/td>\n<td width=\"481\">3&quot;<\/td>\n<\/tr>\n<tr>\n<td width=\"200\">4. Port<\/td>\n<td width=\"481\">Port r\u00e9ducteur<\/td>\n<\/tr>\n<tr>\n<td width=\"200\">5. Pression de travail<\/td>\n<td width=\"481\">1500LB<\/td>\n<\/tr>\n<tr>\n<td width=\"200\">6. Fin de la connexion<\/td>\n<td width=\"481\">PC<\/td>\n<\/tr>\n<tr>\n<td width=\"200\">7. Temp\u00e9rature de travail.<\/td>\n<td width=\"481\">-29~425\u00baC,<\/td>\n<\/tr>\n<tr>\n<td width=\"200\">8. Support appropri\u00e9<\/td>\n<td width=\"481\">Eau, gaz naturel, p\u00e9trole et certains liquides corrosifs<\/td>\n<\/tr>\n<tr>\n<td width=\"200\">9. Exploit\u00e9<\/td>\n<td width=\"481\">Volant<\/td>\n<\/tr>\n<tr>\n<td width=\"200\">10. Inspection et tests<\/td>\n<td width=\"481\">SelonAPI 598<\/td>\n<\/tr>\n<tr>\n<td width=\"200\"><strong><b>Exp\u00e9dition<\/b><\/strong><\/td>\n<td width=\"481\"><\/td>\n<\/tr>\n<tr>\n<td width=\"200\">D\u00e9lai de livraison<\/td>\n<td width=\"481\">30 jours<\/td>\n<\/tr>\n<tr>\n<td width=\"200\">Emballer<\/td>\n<td width=\"481\">Caisse en contreplaqu\u00e9 d&#039;exportation standard<\/td>\n<\/tr>\n<tr>\n<td width=\"200\">Port d&#039;exp\u00e9dition<\/td>\n<td width=\"481\">Ningbo\/Shanghai, Chine<\/td>\n<\/tr>\n<tr>\n<td width=\"200\">Conditions d&#039;exp\u00e9dition<\/td>\n<td width=\"481\">Exw, FOB, CFR, CIF, etc.<\/td>\n<\/tr>\n<tr>\n<td width=\"200\">Modalit\u00e9s de paiement<\/td>\n<td width=\"481\">T\/T, Western Union, PayPal, etc.<\/td>\n<\/tr>\n<tr>\n<td width=\"200\"><\/td>\n<td width=\"481\">Pr\u00e9paiement 30%, solde 70% pay\u00e9 avant l&#039;exp\u00e9dition<\/td>\n<\/tr>\n<tr>\n<td width=\"200\">Pays d&#039;origine<\/td>\n<td width=\"481\">Ville de Wenzhou, Chine<\/td>\n<\/tr>\n<tr>\n<td width=\"200\">Capacit\u00e9 de production<\/td>\n<td width=\"481\">6000 tonnes\/an<\/td>\n<\/tr>\n<tr>\n<td width=\"200\">MOQ<\/td>\n<td width=\"481\">10 pi\u00e8ces\/taille<\/td>\n<\/tr>\n<\/tbody>\n<\/table>","protected":false},"excerpt":{"rendered":"<p>STV Valve Technology Group Co., Ltd is a professional leader China 3 Inch Gate Valve, 1500Lb3 Inch Gate Valve,Pressure Seal Bonnet 3 Inch Gate Valve,ASTM A105N 3 Inch Gate Valve,Forged Steel Pressure Seal Bonnet Gate valve,China API 602 3 Inch Gate Valve Manufacturer with high quality and competitive price.<\/p>\n<p>&nbsp;<\/p>","protected":false},"featured_media":7839,"template":"","meta":[],"product_brand":[],"product_cat":[59,44],"product_tag":[3168,3170,3167,3171,661,3169],"class_list":{"0":"post-7838","1":"product","2":"type-product","3":"status-publish","4":"has-post-thumbnail","6":"product_cat-forged-steel-gate-valve","7":"product_cat-gate-valve","8":"product_tag-1500lb3-inch-gate-valve","9":"product_tag-astm-a105n-3-inch-gate-valve","10":"product_tag-china-3-inch-gate-valve","11":"product_tag-china-api-602-3-inch-gate-valve-manufacturer","12":"product_tag-forged-steel-pressure-seal-bonnet-gate-valve","13":"product_tag-pressure-seal-bonnet-3-inch-gate-valve","15":"first","16":"instock","17":"featured","18":"shipping-taxable","19":"product-type-simple"},"_links":{"self":[{"href":"https:\/\/www.stvvalves.com\/fr\/wp-json\/wp\/v2\/product\/7838","targetHints":{"allow":["GET"]}}],"collection":[{"href":"https:\/\/www.stvvalves.com\/fr\/wp-json\/wp\/v2\/product"}],"about":[{"href":"https:\/\/www.stvvalves.com\/fr\/wp-json\/wp\/v2\/types\/product"}],"wp:featuredmedia":[{"embeddable":true,"href":"https:\/\/www.stvvalves.com\/fr\/wp-json\/wp\/v2\/media\/7839"}],"wp:attachment":[{"href":"https:\/\/www.stvvalves.com\/fr\/wp-json\/wp\/v2\/media?parent=7838"}],"wp:term":[{"taxonomy":"product_brand","embeddable":true,"href":"https:\/\/www.stvvalves.com\/fr\/wp-json\/wp\/v2\/product_brand?post=7838"},{"taxonomy":"product_cat","embeddable":true,"href":"https:\/\/www.stvvalves.com\/fr\/wp-json\/wp\/v2\/product_cat?post=7838"},{"taxonomy":"product_tag","embeddable":true,"href":"https:\/\/www.stvvalves.com\/fr\/wp-json\/wp\/v2\/product_tag?post=7838"}],"curies":[{"name":"wp","href":"https:\/\/api.w.org\/{rel}","templated":true}]}}