{"id":7879,"date":"2025-02-18T19:44:17","date_gmt":"2025-02-18T11:44:17","guid":{"rendered":"https:\/\/www.stvvalves.com\/?post_type=product&#038;p=7879"},"modified":"2025-02-18T19:48:55","modified_gmt":"2025-02-18T11:48:55","slug":"f316-y-type-strainer-1-inch-2500-lb-rf-end","status":"publish","type":"product","link":"https:\/\/www.stvvalves.com\/fr\/products\/f316-y-type-strainer-1-inch-2500-lb-rf-end\/","title":{"rendered":"F316 Y Type Strainer,1 Inch,2500 LB,RF End"},"content":{"rendered":"<p>Conception selon API602,BS5352<br \/>\nFace \u00e0 face\/de bout en bout\u00a0: Fabrication, ASME B16.10<br \/>\nDimensions de la bride\u00a0: ASME B16.5<br \/>\nExtr\u00e9mit\u00e9 \u00e0 souder\u00a0: ASME B.16.25<br \/>\nFin NPT\u00a0: ANSI 1.20.1<br \/>\nTest selon API 598<\/p>\n<p>Taille:1\/4\u2033~2\u201d<\/p>\n<p>Pression nominale\u00a0: classe 150-2500LB<\/p>\n<p>Mat\u00e9riau du corps\u00a0: A105N, LF2, F304, F316, F11, F22, F5, F91, acier alli\u00e9, etc. etc.<\/p>\n<p>Connexion d&#039;extr\u00e9mit\u00e9\u00a0: NPT, BW, SW, RF, RTJ.<\/p>\n<p>Temp\u00e9rature de fonctionnement\u00a0: -29 \u2103 ~ 650 \u2103<\/p>\n<table>\n<tbody>\n<tr>\n<td width=\"200\"><strong>Nom du produit<\/strong><\/td>\n<td width=\"481\">F316 Y Type Strainer,1 Inch,2500 LB,RF End<\/td>\n<\/tr>\n<tr>\n<td width=\"200\">1. Mat\u00e9riel<\/td>\n<td width=\"481\">F316L<\/td>\n<\/tr>\n<tr>\n<td width=\"200\">2. Taille<\/td>\n<td width=\"481\">1&quot;<\/td>\n<\/tr>\n<tr>\n<td width=\"200\">4. Port<\/td>\n<td width=\"481\">\u00a0Port r\u00e9ducteur<\/td>\n<\/tr>\n<tr>\n<td width=\"200\">5. Pression de travail<\/td>\n<td width=\"481\">2500 lb<\/td>\n<\/tr>\n<tr>\n<td width=\"200\">6. Fin de la connexion<\/td>\n<td width=\"481\">RF<\/td>\n<\/tr>\n<tr>\n<td width=\"200\">7. Temp\u00e9rature de travail.<\/td>\n<td width=\"481\">-29~425\u00baC,<\/td>\n<\/tr>\n<tr>\n<td width=\"200\">8. Support appropri\u00e9<\/td>\n<td width=\"481\">Eau, gaz naturel, p\u00e9trole et certains liquides corrosifs<\/td>\n<\/tr>\n<tr>\n<td width=\"200\">9. Exploit\u00e9<\/td>\n<td width=\"481\"><\/td>\n<\/tr>\n<tr>\n<td width=\"200\">10. Inspection et tests<\/td>\n<td width=\"481\">Selon API598<\/td>\n<\/tr>\n<tr>\n<td width=\"200\"><strong>Exp\u00e9dition<\/strong><\/td>\n<td width=\"481\"><\/td>\n<\/tr>\n<tr>\n<td width=\"200\">D\u00e9lai de livraison<\/td>\n<td width=\"481\">30 jours<\/td>\n<\/tr>\n<tr>\n<td width=\"200\">Emballer<\/td>\n<td width=\"481\">Caisse en contreplaqu\u00e9 d&#039;exportation standard<\/td>\n<\/tr>\n<tr>\n<td width=\"200\">Port d&#039;exp\u00e9dition<\/td>\n<td width=\"481\">Ningbo\/Shanghai, Chine<\/td>\n<\/tr>\n<tr>\n<td width=\"200\">Conditions d&#039;exp\u00e9dition<\/td>\n<td width=\"481\">Exw, FOB, CFR, CIF, etc.<\/td>\n<\/tr>\n<tr>\n<td width=\"200\">Modalit\u00e9s de paiement<\/td>\n<td width=\"481\">T\/T, Western Union, PayPal, etc.<\/td>\n<\/tr>\n<tr>\n<td width=\"200\"><\/td>\n<td width=\"481\">Pr\u00e9paiement 30%, solde 70% pay\u00e9 avant l&#039;exp\u00e9dition<\/td>\n<\/tr>\n<tr>\n<td width=\"200\">Pays d&#039;origine<\/td>\n<td width=\"481\">Ville de Wenzhou, Chine<\/td>\n<\/tr>\n<tr>\n<td width=\"200\">Capacit\u00e9 de production<\/td>\n<td width=\"481\">6000 tonnes\/an<\/td>\n<\/tr>\n<tr>\n<td width=\"200\">MOQ<\/td>\n<td width=\"481\">1 pi\u00e8ces\/taille<\/td>\n<\/tr>\n<\/tbody>\n<\/table>","protected":false},"excerpt":{"rendered":"<p>STV Valve Technology Group Co., Ltd is a professional leader China F316L Steel Y Strainer,F316L\u00a0 CLASS 2500 Y Strainer. F316L Pressure Seal Cover Strainer,F316L Forged Steel Y Type Strainer, 1 Inch Y- Type Strainers,2500LB Y-Pattern Strainer,2500LB RF END Y Type Strainers ,2500LB F316L Y-type strainer Manufacturer with high quality and competitive price.<\/p>\n<p>&nbsp;<\/p>","protected":false},"featured_media":7880,"template":"","meta":[],"product_brand":[],"product_cat":[48,964],"product_tag":[3183,3186,3185,3184,2856,3182,2858],"class_list":{"0":"post-7879","1":"product","2":"type-product","3":"status-publish","4":"has-post-thumbnail","6":"product_cat-y-strainer","7":"product_cat-forged-steel-y-type-strainer","8":"product_tag-1-inch-y-type-strainers","9":"product_tag-2500lb-f316l-y-type-strainer-manufacturer","10":"product_tag-2500lb-rf-end-y-type-strainers","11":"product_tag-2500lb-y-pattern-strainer","12":"product_tag-china-f316l-steel-y-strainer","13":"product_tag-f316l-class-2500-y-strainer-f316l-pressure-seal-cover-strainer","14":"product_tag-f316l-forged-steel-y-type-strainer","16":"first","17":"instock","18":"shipping-taxable","19":"product-type-simple"},"_links":{"self":[{"href":"https:\/\/www.stvvalves.com\/fr\/wp-json\/wp\/v2\/product\/7879","targetHints":{"allow":["GET"]}}],"collection":[{"href":"https:\/\/www.stvvalves.com\/fr\/wp-json\/wp\/v2\/product"}],"about":[{"href":"https:\/\/www.stvvalves.com\/fr\/wp-json\/wp\/v2\/types\/product"}],"wp:featuredmedia":[{"embeddable":true,"href":"https:\/\/www.stvvalves.com\/fr\/wp-json\/wp\/v2\/media\/7880"}],"wp:attachment":[{"href":"https:\/\/www.stvvalves.com\/fr\/wp-json\/wp\/v2\/media?parent=7879"}],"wp:term":[{"taxonomy":"product_brand","embeddable":true,"href":"https:\/\/www.stvvalves.com\/fr\/wp-json\/wp\/v2\/product_brand?post=7879"},{"taxonomy":"product_cat","embeddable":true,"href":"https:\/\/www.stvvalves.com\/fr\/wp-json\/wp\/v2\/product_cat?post=7879"},{"taxonomy":"product_tag","embeddable":true,"href":"https:\/\/www.stvvalves.com\/fr\/wp-json\/wp\/v2\/product_tag?post=7879"}],"curies":[{"name":"wp","href":"https:\/\/api.w.org\/{rel}","templated":true}]}}