{"id":7905,"date":"2025-02-23T13:10:52","date_gmt":"2025-02-23T05:10:52","guid":{"rendered":"https:\/\/www.stvvalves.com\/?post_type=product&#038;p=7905"},"modified":"2025-02-23T13:13:49","modified_gmt":"2025-02-23T05:13:49","slug":"300lb-axial-flow-check-valve-34-inch-lcc-body-flange-end","status":"publish","type":"product","link":"https:\/\/www.stvvalves.com\/fr\/products\/300lb-axial-flow-check-valve-34-inch-lcc-body-flange-end\/","title":{"rendered":"300LB Axial Flow Check Valve,34 Inch,Lcc Body,Flange End"},"content":{"rendered":"<p>300LB Axial Flow Check Valve,34 Inch,Lcc Body,Flange End<\/p>\n<p>Caract\u00e9ristiques du produit<\/p>\n<p>Vers API594<br \/>\nFace \u00e0 face selon ANSI B 16.10<br \/>\nDimension des extr\u00e9mit\u00e9s de bride ANSI B 16.5\/ANSI B 16.47<\/p>\n<p>Tests d&#039;inspection finale selon API598.<\/p>\n<p>Mat\u00e9riaux disponibles en\u00a0:<br \/>\nWCB, LCB, CF8, CF8M, CF3, CF3M, WC6, WC9, C5, C12 ou \u00e9quivalent, disponibles \u00e9galement en aciers basse temp\u00e9rature, aciers faiblement alli\u00e9s, aciers inoxydables, aciers inoxydables de type duplex et autres mat\u00e9riaux exotiques\u00a0; Divers mat\u00e9riaux de garniture disponibles pour s&#039;adapter aux conditions de service<\/p>\n<p>Protection contre la corrosion<br \/>\nRev\u00eatement \u00e9poxy int\u00e9rieur et ext\u00e9rieur<\/p>\n<p>Temp\u00e9rature applicable\u00a0:<br \/>\n-196-540 mati\u00e8res premi\u00e8res diff\u00e9rentes pour diff\u00e9rentes temp\u00e9ratures de travail<br \/>\nMilieu Applicable\u00a0: eau, p\u00e9trole, gaz et autres milieux de causticit\u00e9 (mati\u00e8re premi\u00e8re diff\u00e9rente pour diff\u00e9rents milieux)<\/p>","protected":false},"excerpt":{"rendered":"<p>STV Valve Technology Group Co., Ltd is a professional leader China 300LB Axial Flow Check Valve,34 Inch 300LB Axial Flow Check Valve,LCC 300LB Axial Flow Check Valve,Flange End 300LB Axial Flow Check Valve Manufacturer with high quality and competitive price.<\/p>\n<p>&nbsp;<\/p>","protected":false},"featured_media":7906,"template":"","meta":[],"product_brand":[],"product_cat":[46,84],"product_tag":[3229,3036,3231,3230],"class_list":{"0":"post-7905","1":"product","2":"type-product","3":"status-publish","4":"has-post-thumbnail","6":"product_cat-check-valves","7":"product_cat-wafer-check-valve","8":"product_tag-34-inch-300lb-axial-flow-check-valve","9":"product_tag-china-300lb-axial-flow-check-valve","10":"product_tag-flange-end-300lb-axial-flow-check-valve-manufacturer","11":"product_tag-lcc-300lb-axial-flow-check-valve","13":"first","14":"instock","15":"shipping-taxable","16":"product-type-simple"},"_links":{"self":[{"href":"https:\/\/www.stvvalves.com\/fr\/wp-json\/wp\/v2\/product\/7905","targetHints":{"allow":["GET"]}}],"collection":[{"href":"https:\/\/www.stvvalves.com\/fr\/wp-json\/wp\/v2\/product"}],"about":[{"href":"https:\/\/www.stvvalves.com\/fr\/wp-json\/wp\/v2\/types\/product"}],"wp:featuredmedia":[{"embeddable":true,"href":"https:\/\/www.stvvalves.com\/fr\/wp-json\/wp\/v2\/media\/7906"}],"wp:attachment":[{"href":"https:\/\/www.stvvalves.com\/fr\/wp-json\/wp\/v2\/media?parent=7905"}],"wp:term":[{"taxonomy":"product_brand","embeddable":true,"href":"https:\/\/www.stvvalves.com\/fr\/wp-json\/wp\/v2\/product_brand?post=7905"},{"taxonomy":"product_cat","embeddable":true,"href":"https:\/\/www.stvvalves.com\/fr\/wp-json\/wp\/v2\/product_cat?post=7905"},{"taxonomy":"product_tag","embeddable":true,"href":"https:\/\/www.stvvalves.com\/fr\/wp-json\/wp\/v2\/product_tag?post=7905"}],"curies":[{"name":"wp","href":"https:\/\/api.w.org\/{rel}","templated":true}]}}