{"id":7922,"date":"2025-02-24T09:28:51","date_gmt":"2025-02-24T01:28:51","guid":{"rendered":"https:\/\/www.stvvalves.com\/?post_type=product&#038;p=7922"},"modified":"2025-02-24T09:42:16","modified_gmt":"2025-02-24T01:42:16","slug":"ggg40-knife-gate-valve-wafer-type-dn800-pn16-gear-box","status":"publish","type":"product","link":"https:\/\/www.stvvalves.com\/fr\/products\/ggg40-knife-gate-valve-wafer-type-dn800-pn16-gear-box\/","title":{"rendered":"GGG40 Knife Gate Valve, Wafer Type,DN800,PN16, Gear Box"},"content":{"rendered":"<p>GGG40 Knife Gate Valve, Wafer Type,DN800,PN16, Gear Box<br \/>\nRate: PN16<\/p>\n<p>Taille\u00a0:\u00a0NPS2-48 (DN50-DN1200)<\/p>\n<p>Connexion\u00a0: type de plaquette, type \u00e0 bride, type \u00e0 cosse, type soud\u00e9<\/p>\n<p>Type de joint\u00a0: Souple ou m\u00e9tallique<\/p>\n<p>Mat\u00e9riel\u00a0: GGG40-A356, CF8-A351, CF8M-A351<\/p>\n<p>Type actionn\u00e9\u00a0: Volant, roue \u00e0 cha\u00eene, engrenage conique, \u00e9lectrique, pneumatique.<\/p>\n<p>1. La vanne adopte une conception int\u00e9grale, avec une faible r\u00e9sistance aux fluides et un fonctionnement flexible.<\/p>\n<p>2. L&#039;entra\u00eenement \u00e0 vis de la vanne \u00e0 guillotine manuelle adopte la conception d&#039;un roulement \u00e0 double plan, ce qui r\u00e9duit consid\u00e9rablement la force de friction de la transmission, de sorte que la vanne puisse \u00eatre ouverte facilement et facilement.<\/p>\n<p>3, en utilisant le joint de si\u00e8ge de joint de vanne \u00e0 couteau de type mobile, et UTILISE le joint torique pr\u00e9charg\u00e9 avec une force de pr\u00e9-serrage pour rendre le si\u00e8ge de joint proche du disque, la quantit\u00e9 de fuite est consid\u00e9rablement r\u00e9duite, l&#039;usure de la paire d&#039;\u00e9tanch\u00e9it\u00e9 dans l&#039;utilisation \u00e0 long terme de fonction de compensation automatique pour am\u00e9liorer la dur\u00e9e de vie.<\/p>\n<p>4. Griffe de guidage fixe, sans conception de rainure, pas facile de provoquer une accumulation de support ou une r\u00e9sistance de la carte.<\/p>\n<p>5. le si\u00e8ge peut \u00eatre en fonction des besoins du milieu et des conditions, choisissez un joint dur en m\u00e9tal ou un joint souple\u00a0: le b\u00e9lier adopte un traitement de surface chrom\u00e9 ou de nitruration ionique, rend le b\u00e9lier plus r\u00e9sistant \u00e0 l&#039;usure, dur\u00e9e de vie plus longue de la face d&#039;\u00e9tanch\u00e9it\u00e9\u00a0; doux joint si\u00e8ge PTFE en option ou si\u00e8ge PTFE am\u00e9lior\u00e9 ou tri-propyl\u00e8ne, caoutchouc butyle, bonne \u00e9tanch\u00e9it\u00e9, r\u00e9sistant \u00e0 la corrosion.<\/p>\n<p>6. Large gamme d&#039;adaptation des m\u00e9dias : bonnes performances d&#039;\u00e9tanch\u00e9it\u00e9 et praticabilit\u00e9 \u00e9conomique, fonctionnement<\/p>\n<table>\n<tbody>\n<tr>\n<td width=\"200\"><strong>Nom du produit<\/strong><\/td>\n<td width=\"481\">GGG40 Knife Gate Valve, Wafer Type,DN800,PN16, Gear Box<\/td>\n<\/tr>\n<tr>\n<td width=\"200\">1. Mat\u00e9riel<\/td>\n<td width=\"481\">DI<\/td>\n<\/tr>\n<tr>\n<td width=\"200\">2. Taille<\/td>\n<td width=\"481\">32&quot;<\/td>\n<\/tr>\n<tr>\n<td width=\"200\">4. Port<\/td>\n<td width=\"481\">Port complet<\/td>\n<\/tr>\n<tr>\n<td width=\"200\">5. Pression de travail<\/td>\n<td width=\"481\">PN16<\/td>\n<\/tr>\n<tr>\n<td width=\"200\">6. Fin de la connexion<\/td>\n<td width=\"481\">TRANCHE<\/td>\n<\/tr>\n<tr>\n<td width=\"200\">7. Temp\u00e9rature de travail.<\/td>\n<td width=\"481\">-29~120\u00baC,<\/td>\n<\/tr>\n<tr>\n<td width=\"200\">8. Support appropri\u00e9<\/td>\n<td width=\"481\">Eau, gaz naturel, p\u00e9trole et certains liquides corrosifs<\/td>\n<\/tr>\n<tr>\n<td width=\"200\">9. Exploit\u00e9<\/td>\n<td width=\"481\">Volant<\/td>\n<\/tr>\n<tr>\n<td width=\"200\">10. Inspection et tests<\/td>\n<td width=\"481\">Selon API598<\/td>\n<\/tr>\n<tr>\n<td width=\"200\"><strong>Exp\u00e9dition<\/strong><\/td>\n<td width=\"481\"><\/td>\n<\/tr>\n<tr>\n<td width=\"200\">D\u00e9lai de livraison<\/td>\n<td width=\"481\">30 jours<\/td>\n<\/tr>\n<tr>\n<td width=\"200\">Emballer<\/td>\n<td width=\"481\">Caisse en contreplaqu\u00e9 d&#039;exportation standard<\/td>\n<\/tr>\n<tr>\n<td width=\"200\">Port d&#039;exp\u00e9dition<\/td>\n<td width=\"481\">Ningbo\/Shanghai, Chine<\/td>\n<\/tr>\n<tr>\n<td width=\"200\">Conditions d&#039;exp\u00e9dition<\/td>\n<td width=\"481\">Exw, FOB, CFR, CIF, etc.<\/td>\n<\/tr>\n<tr>\n<td width=\"200\">Modalit\u00e9s de paiement<\/td>\n<td width=\"481\">T\/T, Western Union, PayPal, etc.<\/td>\n<\/tr>\n<tr>\n<td width=\"200\"><\/td>\n<td width=\"481\">Pr\u00e9paiement 30%, solde 70% pay\u00e9 avant l&#039;exp\u00e9dition<\/td>\n<\/tr>\n<tr>\n<td width=\"200\">Pays d&#039;origine<\/td>\n<td width=\"481\">Ville de Wenzhou, Chine<\/td>\n<\/tr>\n<tr>\n<td width=\"200\">Capacit\u00e9 de production<\/td>\n<td width=\"481\">6000 tonnes\/an<\/td>\n<\/tr>\n<tr>\n<td width=\"200\">MOQ<\/td>\n<td width=\"481\">1 pi\u00e8ces\/taille<\/td>\n<\/tr>\n<\/tbody>\n<\/table>\n<p>&nbsp;<\/p>","protected":false},"excerpt":{"rendered":"<p>Model:STV-PZ73X-PN16-GGG40-DN800<br \/>\nSTV Valve Technology Group Co., Ltd is a professional leader China Ductile Iron GGG40 Knife Gate Valve, GGG40\/GGG50 knife gate valve,epdm seat knife gate valve pn16,Wafer Knife Gate Valve,DN800 GGG40 Knife Gate Valve, DN80 GGG40 Knife Gate Valve,PN16 GGG40 Knife Gate Valve,Gear Box Operator Wafer Knife Gate Valve manufacturer with high quality and low price.<br \/>\nPour en savoir plus sur ces vannes, n&#039;h\u00e9sitez pas \u00e0 contacter notre sales@stvvalve.com<\/p>\n<p>Les vannes \u00e0 guillotine GGG40 sont disponibles en diff\u00e9rentes conceptions, corps monobloc et corps en deux pi\u00e8ces, tige montante et tige non montante, structures unidirectionnelles et bidirectionnelles, anneaux de si\u00e8ge r\u00e9silients et m\u00e9talliques, conceptions de chapeau sans chapeau et boulonn\u00e9es. Pour les conceptions optionnelles, le c\u00f4ne de d\u00e9viation pourrait d\u00e9tourner le flux de boues abrasives et prot\u00e9ger le si\u00e8ge de soupape de l&#039;abrasion, le disque \u00e0 port en V et la conception de conduit traversant sont utilis\u00e9s pour le service d&#039;\u00e9tranglement, selon les exigences des clients.<\/p>\n<p>Nos industries de services de vannes \u00e0 guillotine comprennent\u00a0: l&#039;\u00e9nergie, la p\u00e9trochimie, la m\u00e9tallurgie, la chimie, l&#039;exploitation mini\u00e8re, la fabrication du papier, la protection de l&#039;environnement, la biochimie, la pharmacie, le p\u00e9trole, l&#039;\u00e9lectricit\u00e9, l&#039;impression et la teinture, l&#039;industrie l\u00e9g\u00e8re, l&#039;alimentation, le tabac, le sucre, les boissons et d&#039;autres domaines.<\/p>\n<p>&nbsp;<\/p>\n<p>&nbsp;<\/p>","protected":false},"featured_media":7923,"template":"","meta":[],"product_brand":[],"product_cat":[44,62],"product_tag":[3268,903,3270,3269,3272,901,3271,146],"class_list":{"0":"post-7922","1":"product","2":"type-product","3":"status-publish","4":"has-post-thumbnail","6":"product_cat-gate-valve","7":"product_cat-knife-gate-valve","8":"product_tag-china-ductile-iron-ggg40-knife-gate-valve","9":"product_tag-dn80-ggg40-knife-gate-valve","10":"product_tag-dn800-ggg40-knife-gate-valve","11":"product_tag-epdm-seat-knife-gate-valve-pn16","12":"product_tag-gear-box-operator-wafer-knife-gate-valve-manufacturer","13":"product_tag-ggg40-ggg50-knife-gate-valve","14":"product_tag-pn16-ggg40-knife-gate-valve","15":"product_tag-wafer-knife-gate-valve","17":"first","18":"instock","19":"shipping-taxable","20":"product-type-simple"},"_links":{"self":[{"href":"https:\/\/www.stvvalves.com\/fr\/wp-json\/wp\/v2\/product\/7922","targetHints":{"allow":["GET"]}}],"collection":[{"href":"https:\/\/www.stvvalves.com\/fr\/wp-json\/wp\/v2\/product"}],"about":[{"href":"https:\/\/www.stvvalves.com\/fr\/wp-json\/wp\/v2\/types\/product"}],"wp:featuredmedia":[{"embeddable":true,"href":"https:\/\/www.stvvalves.com\/fr\/wp-json\/wp\/v2\/media\/7923"}],"wp:attachment":[{"href":"https:\/\/www.stvvalves.com\/fr\/wp-json\/wp\/v2\/media?parent=7922"}],"wp:term":[{"taxonomy":"product_brand","embeddable":true,"href":"https:\/\/www.stvvalves.com\/fr\/wp-json\/wp\/v2\/product_brand?post=7922"},{"taxonomy":"product_cat","embeddable":true,"href":"https:\/\/www.stvvalves.com\/fr\/wp-json\/wp\/v2\/product_cat?post=7922"},{"taxonomy":"product_tag","embeddable":true,"href":"https:\/\/www.stvvalves.com\/fr\/wp-json\/wp\/v2\/product_tag?post=7922"}],"curies":[{"name":"wp","href":"https:\/\/api.w.org\/{rel}","templated":true}]}}