{"id":7938,"date":"2025-02-27T14:57:07","date_gmt":"2025-02-27T06:57:07","guid":{"rendered":"https:\/\/www.stvvalves.com\/?post_type=product&#038;p=7938"},"modified":"2025-02-27T15:02:19","modified_gmt":"2025-02-27T07:02:19","slug":"api-600-wedge-gate-valve-astm-a352-lcb-4-inch-300-lb","status":"publish","type":"product","link":"https:\/\/www.stvvalves.com\/fr\/products\/api-600-wedge-gate-valve-astm-a352-lcb-4-inch-300-lb\/","title":{"rendered":"API 600 Wedge Gate Valve , ASTM A352 LCB, 4 Inch, 300 LB"},"content":{"rendered":"<p>Design and Manufacture\uff1a API600,ASME B16.34,API 6D<\/p>\n<p>Inspection et test\u00a0: API598, API600 ou API 6D<\/p>\n<p>Dimension de la bride d&#039;extr\u00e9mit\u00e9\u00a0: ASME B16.5 (pour NPS \u2264 24, ASME B 16.47 s\u00e9rie B, API 605, ASME B16.47 s\u00e9rie A, MSS SP-44 (pour NPS &gt; 24)<\/p>\n<p>Dimension d&#039;extr\u00e9mit\u00e9 BW \uff1a ASME B16.25<\/p>\n<p>Face \u00e0 face et bout \u00e0 bout \uff1a ASME B16.10<\/p>\n<p>Indices de pression et de temp\u00e9rature\u00a0:\u00a0ASME B16.34<\/p>\n<p>Dimension d&#039;\u00e9paisseur de paroi\u00a0: API 600,BS 1868<\/p>\n<p>Gamme de produits<\/p>\n<p>Body material: WCB, LCB, LCC, CF8, CF8M, CF3, CF3M, , LCB, WC6, WC9, C12, C5<\/p>\n<p>Diam\u00e8tre nominal\u00a0: 1\/2\u2033~48\u2033 (DN15~DN1200)<\/p>\n<p>Connexion d&#039;extr\u00e9mit\u00e9\u00a0: RF, RTJ, BW<\/p>\n<p>Plage de pression\u00a0: Classe 150 ~ 2\u00a0500 (PN16 ~ PN420)<\/p>\n<p>Temp\u00e9rature de fonctionnement\u00a0:\u00a0-196 \u2103 ~ + 560 \u2103<\/p>\n<p>&nbsp;<\/p>\n<table width=\"751\">\n<tbody>\n<tr>\n<td>Nom du produit\u00a0:<\/td>\n<td>API 600 Wedge Gate Valve , ASTM A352 LCB, 4 Inch, 300 LB<\/td>\n<\/tr>\n<tr>\n<td>1.Mat\u00e9riel:<\/td>\n<td>LCB<\/td>\n<\/tr>\n<tr>\n<td>2. Taille\u00a0:<\/td>\n<td>4<\/td>\n<\/tr>\n<tr>\n<td>3.Port\u00a0:<\/td>\n<td>COMPLET<\/td>\n<\/tr>\n<tr>\n<td>4. Temp\u00e9rature de fonctionnement\u00a0:<\/td>\n<td>-29 \u00b0C-343 \u00b0C<\/td>\n<\/tr>\n<tr>\n<td>5.Fin de connexion\u00a0:<\/td>\n<td>RF<\/td>\n<\/tr>\n<tr>\n<td>6. Pression de travail\u00a0:<\/td>\n<td>150LB<\/td>\n<\/tr>\n<tr>\n<td>7. Support appropri\u00e9\u00a0:<\/td>\n<td>Eau, gaz naturel, p\u00e9trole et certains liquides corrosifs<\/td>\n<\/tr>\n<tr>\n<td>8.Exploit\u00e9\u00a0:<\/td>\n<td>\/<\/td>\n<\/tr>\n<tr>\n<td>9. Inspection et tests<\/td>\n<td>Selon API 598<\/td>\n<\/tr>\n<tr>\n<td>Certificat:<\/td>\n<td>OIN, CE\/API 6D<\/td>\n<\/tr>\n<tr>\n<td><strong>Exp\u00e9dition<\/strong><\/td>\n<td><\/td>\n<\/tr>\n<tr>\n<td>D\u00e9lai de livraison<\/td>\n<td>30 jours<\/td>\n<\/tr>\n<tr>\n<td>Emballer<\/td>\n<td>Caisse en contreplaqu\u00e9 d&#039;exportation standard<\/td>\n<\/tr>\n<tr>\n<td>Port d&#039;exp\u00e9dition<\/td>\n<td>Ningbo\/Shanghai, Chine<\/td>\n<\/tr>\n<tr>\n<td>Conditions d&#039;exp\u00e9dition<\/td>\n<td>Exw, FOB, CFR, CIF, etc.<\/td>\n<\/tr>\n<tr>\n<td>Modalit\u00e9s de paiement<\/td>\n<td>T\/T, Western Union, PayPal, etc.<\/td>\n<\/tr>\n<tr>\n<td><\/td>\n<td>Pr\u00e9paiement 30%, solde 70% pay\u00e9 avant l&#039;exp\u00e9dition<\/td>\n<\/tr>\n<tr>\n<td>Pays d&#039;origine<\/td>\n<td>Ville de Wenzhou, Chine<\/td>\n<\/tr>\n<tr>\n<td>Capacit\u00e9 de production<\/td>\n<td>6000 tonnes\/an<\/td>\n<\/tr>\n<tr>\n<td>MOQ<\/td>\n<td>10 pi\u00e8ces\/taille<\/td>\n<\/tr>\n<\/tbody>\n<\/table>","protected":false},"excerpt":{"rendered":"<p>STV Valve Technology Group Co., Ltd is China API 600 Wedge Gate Valve, ASTM A352 LCB Bolt Bonnet Gate Valve, Api600 A352 LCB Bolt Bonnet Gate Valve, 4 Inch A352 LCC Bolt Bonnet Gate Valve, Class 300 LB A352 LCB Bolt Bonnet Gate Valve, RF Flange A352 LCB Bolt Bonnet Gate Valve, API 598 A352 LCB Bolt Bonnet Gate Valve manufacturer with high quality and low price.<\/p>\n<p>&nbsp;<\/p>\n<p>&nbsp;<\/p>","protected":false},"featured_media":7939,"template":"","meta":[],"product_brand":[],"product_cat":[44,58],"product_tag":[2785,3306,3303,3302,3301,3304,3305],"class_list":{"0":"post-7938","1":"product","2":"type-product","3":"status-publish","4":"has-post-thumbnail","6":"product_cat-gate-valve","7":"product_cat-cast-steel-gate-valve","8":"product_tag-4-inch-a352-lcc-bolt-bonnet-gate-valve","9":"product_tag-api-598-a352-lcb-bolt-bonnet-gate-valve-manufacturer","10":"product_tag-api600-a352-lcb-bolt-bonnet-gate-valve","11":"product_tag-astm-a352-lcb-bolt-bonnet-gate-valve","12":"product_tag-china-api-600-wedge-gate-valve","13":"product_tag-class-300-lb-a352-lcb-bolt-bonnet-gate-valve","14":"product_tag-rf-flange-a352-lcb-bolt-bonnet-gate-valve","16":"first","17":"instock","18":"shipping-taxable","19":"product-type-simple"},"_links":{"self":[{"href":"https:\/\/www.stvvalves.com\/fr\/wp-json\/wp\/v2\/product\/7938","targetHints":{"allow":["GET"]}}],"collection":[{"href":"https:\/\/www.stvvalves.com\/fr\/wp-json\/wp\/v2\/product"}],"about":[{"href":"https:\/\/www.stvvalves.com\/fr\/wp-json\/wp\/v2\/types\/product"}],"wp:featuredmedia":[{"embeddable":true,"href":"https:\/\/www.stvvalves.com\/fr\/wp-json\/wp\/v2\/media\/7939"}],"wp:attachment":[{"href":"https:\/\/www.stvvalves.com\/fr\/wp-json\/wp\/v2\/media?parent=7938"}],"wp:term":[{"taxonomy":"product_brand","embeddable":true,"href":"https:\/\/www.stvvalves.com\/fr\/wp-json\/wp\/v2\/product_brand?post=7938"},{"taxonomy":"product_cat","embeddable":true,"href":"https:\/\/www.stvvalves.com\/fr\/wp-json\/wp\/v2\/product_cat?post=7938"},{"taxonomy":"product_tag","embeddable":true,"href":"https:\/\/www.stvvalves.com\/fr\/wp-json\/wp\/v2\/product_tag?post=7938"}],"curies":[{"name":"wp","href":"https:\/\/api.w.org\/{rel}","templated":true}]}}