{"id":7956,"date":"2025-03-03T13:18:59","date_gmt":"2025-03-03T05:18:59","guid":{"rendered":"https:\/\/www.stvvalves.com\/?post_type=product&#038;p=7956"},"modified":"2025-03-03T13:26:13","modified_gmt":"2025-03-03T05:26:13","slug":"wcb-y-type-strainer-dn80-pn16-rf-end","status":"publish","type":"product","link":"https:\/\/www.stvvalves.com\/fr\/products\/wcb-y-type-strainer-dn80-pn16-rf-end\/","title":{"rendered":"WCB Y Type Strainer,DN80,PN16,RF End"},"content":{"rendered":"<p>Product name: WCB Y Type Strainer,DN80,PN16,RF End<br \/>\nMod\u00e8le : DIN 3352.<br \/>\nMaterial: WCB.<br \/>\nTaille nominale : 3 pouces.<br \/>\nPression nominale : PN16.<br \/>\nConnexion finale\u00a0: RF.<br \/>\nFace \u00e0 face : EN558-1\/ligne 1.<br \/>\nTest et inspection : EN12266-1.<\/p>\n<p>Gamme de produits\u00a0:<br \/>\nBody material: GS-C25\u30011.7363\u30011.4308\u30011.4408\u30011.4306\u30011.4301\u3001WCB\u3001LCB\u3001WC6\u3001WC9\u3001CF8\u3001CF8M\u3001CF3\u3001CF3M.<br \/>\nDiam\u00e8tre normal : 1\/2 \u2013 48 pouces (DN15 \u2013 DN1200).<br \/>\nConnexion d&#039;extr\u00e9mit\u00e9\u00a0: BW, \u00e0 bride.<br \/>\nPlage de pression\u00a0: 150 \u2013 2\u00a0500 LB (PN16 \u2013 PN420).<br \/>\nTemp\u00e9rature de fonctionnement : -196\u2103 \u2013 +573\u2103.<\/p>\n<table>\n<tbody>\n<tr>\n<td width=\"200\"><strong>Nom du produit<\/strong><\/td>\n<td width=\"481\">WCB Y Type Strainer,DN80,PN16,RF End<\/td>\n<\/tr>\n<tr>\n<td width=\"200\">1. Mat\u00e9riel<\/td>\n<td width=\"481\">WCB<\/td>\n<\/tr>\n<tr>\n<td width=\"200\">2. Taille<\/td>\n<td width=\"481\">3&quot;<\/td>\n<\/tr>\n<tr>\n<td width=\"200\">4. Port<\/td>\n<td width=\"481\">Port complet<\/td>\n<\/tr>\n<tr>\n<td width=\"200\">5. Pression de travail<\/td>\n<td width=\"481\">PN16<\/td>\n<\/tr>\n<tr>\n<td width=\"200\">6. Fin de la connexion<\/td>\n<td width=\"481\">RF<\/td>\n<\/tr>\n<tr>\n<td width=\"200\">7. Temp\u00e9rature de travail.<\/td>\n<td width=\"481\">-29~425\u00baC,<\/td>\n<\/tr>\n<tr>\n<td width=\"200\">8. Support appropri\u00e9<\/td>\n<td width=\"481\">Eau, gaz naturel, p\u00e9trole et certains liquides corrosifs<\/td>\n<\/tr>\n<tr>\n<td width=\"200\">9. Exploit\u00e9<\/td>\n<td width=\"481\">\/<\/td>\n<\/tr>\n<tr>\n<td width=\"200\">10. Inspection et tests<\/td>\n<td width=\"481\">API598<\/td>\n<\/tr>\n<tr>\n<td width=\"200\"><strong>Exp\u00e9dition<\/strong><\/td>\n<td width=\"481\"><\/td>\n<\/tr>\n<tr>\n<td width=\"200\">D\u00e9lai de livraison<\/td>\n<td width=\"481\">30 jours<\/td>\n<\/tr>\n<tr>\n<td width=\"200\">Emballer<\/td>\n<td width=\"481\">Caisse en contreplaqu\u00e9 d&#039;exportation standard<\/td>\n<\/tr>\n<tr>\n<td width=\"200\">Port d&#039;exp\u00e9dition<\/td>\n<td width=\"481\">Ningbo\/Shanghai, Chine<\/td>\n<\/tr>\n<tr>\n<td width=\"200\">Conditions d&#039;exp\u00e9dition<\/td>\n<td width=\"481\">Exw, FOB, CFR, CIF, etc.<\/td>\n<\/tr>\n<tr>\n<td width=\"200\">Modalit\u00e9s de paiement<\/td>\n<td width=\"481\">T\/T, Western Union, PayPal, etc.<\/td>\n<\/tr>\n<tr>\n<td width=\"200\"><\/td>\n<td width=\"481\">Pr\u00e9paiement 30%, solde 70% pay\u00e9 avant l&#039;exp\u00e9dition<\/td>\n<\/tr>\n<tr>\n<td width=\"200\">Pays d&#039;origine<\/td>\n<td width=\"481\">Ville de Wenzhou, Chine<\/td>\n<\/tr>\n<tr>\n<td width=\"200\">Capacit\u00e9 de production<\/td>\n<td width=\"481\">6000 tonnes\/an<\/td>\n<\/tr>\n<tr>\n<td width=\"200\">MOQ<\/td>\n<td width=\"481\">1 pi\u00e8ces\/taille<\/td>\n<\/tr>\n<\/tbody>\n<\/table>\n<p>&nbsp;<\/p>","protected":false},"excerpt":{"rendered":"<p>STV Valve Technology Group C o., Ltd is a professional leader China WCB Y Type Strainer ,Flange Y Type Strainer,DN80 WCB Y Type Strainerr,ASME B16.34 Y Type Strainer,3 Inch Y Type Strainer. 40 MESH Y Type Strainer,SS304 Screen Y Type Strainer, RF Flanged\u00a0 End Y Type Strainer manufacturer with high quality and competitive price.<\/p>\n<p>&nbsp;<\/p>","protected":false},"featured_media":7957,"template":"","meta":[],"product_brand":[],"product_cat":[72,48],"product_tag":[3327,1551,3325,3326,940,3328,1548],"class_list":{"0":"post-7956","1":"product","2":"type-product","3":"status-publish","4":"has-post-thumbnail","6":"product_cat-cast-steel-y-type-strainer","7":"product_cat-y-strainer","8":"product_tag-3-inch-y-type-strainer-40-mesh-y-type-strainer","9":"product_tag-asme-b16-34-y-type-strainer","10":"product_tag-china-wcb-y-type-strainer","11":"product_tag-dn80-wcb-y-type-strainerr","12":"product_tag-flange-y-type-strainer","13":"product_tag-rf-flanged-end-y-type-strainer-manufacturer","14":"product_tag-ss304-screen-y-type-strainer","16":"first","17":"instock","18":"shipping-taxable","19":"product-type-simple"},"_links":{"self":[{"href":"https:\/\/www.stvvalves.com\/fr\/wp-json\/wp\/v2\/product\/7956","targetHints":{"allow":["GET"]}}],"collection":[{"href":"https:\/\/www.stvvalves.com\/fr\/wp-json\/wp\/v2\/product"}],"about":[{"href":"https:\/\/www.stvvalves.com\/fr\/wp-json\/wp\/v2\/types\/product"}],"wp:featuredmedia":[{"embeddable":true,"href":"https:\/\/www.stvvalves.com\/fr\/wp-json\/wp\/v2\/media\/7957"}],"wp:attachment":[{"href":"https:\/\/www.stvvalves.com\/fr\/wp-json\/wp\/v2\/media?parent=7956"}],"wp:term":[{"taxonomy":"product_brand","embeddable":true,"href":"https:\/\/www.stvvalves.com\/fr\/wp-json\/wp\/v2\/product_brand?post=7956"},{"taxonomy":"product_cat","embeddable":true,"href":"https:\/\/www.stvvalves.com\/fr\/wp-json\/wp\/v2\/product_cat?post=7956"},{"taxonomy":"product_tag","embeddable":true,"href":"https:\/\/www.stvvalves.com\/fr\/wp-json\/wp\/v2\/product_tag?post=7956"}],"curies":[{"name":"wp","href":"https:\/\/api.w.org\/{rel}","templated":true}]}}