{"id":7978,"date":"2025-03-04T20:54:15","date_gmt":"2025-03-04T12:54:15","guid":{"rendered":"https:\/\/www.stvvalves.com\/?post_type=product&#038;p=7978"},"modified":"2025-03-04T21:04:30","modified_gmt":"2025-03-04T13:04:30","slug":"hc276-flanged-globe-valve-dn50-pn160-rf-end","status":"publish","type":"product","link":"https:\/\/www.stvvalves.com\/fr\/products\/hc276-flanged-globe-valve-dn50-pn160-rf-end\/","title":{"rendered":"HC276 Flanged Globe Valve,DN50,PN160,RF End"},"content":{"rendered":"<div class=\"headline headline-md\"><\/div>\n<div>Gamme de produits<\/div>\n<div>Mat\u00e9riau du corps\u00a0: A105, LF2, F5, F11, F22, 304, 304L, 316, 316L, F51, F91, 20#, Inconel, etc.<br \/>\nDiam\u00e8tre normal\u00a0: 1\/2\u2033~2\u2033 (DN15~DN80).<br \/>\nConnexion d&#039;extr\u00e9mit\u00e9\u00a0: NPT, SW, soud\u00e9e bout \u00e0 bout, \u00e0 bride.<br \/>\nPlage de pression : 150 lb ~ 2 500 lb (PN10 ~ PN420).<br \/>\nFonctionnement\u00a0: volant, \u00e9lectrique, actionneur pneumatique<br \/>\nTemp\u00e9rature de fonctionnement : -196 \u2103 ~ +560 \u2103.<\/div>\n<div><\/div>\n<div>\n<table>\n<tbody>\n<tr>\n<td width=\"200\"><strong>Nom du produit<\/strong><\/td>\n<td width=\"481\">HC276 Flanged Globe Valve,DN50,PN160,RF End<\/td>\n<\/tr>\n<tr>\n<td width=\"200\">1. Mat\u00e9riel<\/td>\n<td width=\"481\">HC276<\/td>\n<\/tr>\n<tr>\n<td width=\"200\">2. Taille<\/td>\n<td width=\"481\">2&quot;<\/td>\n<\/tr>\n<tr>\n<td width=\"200\">4. Port<\/td>\n<td width=\"481\">Port r\u00e9ducteur<\/td>\n<\/tr>\n<tr>\n<td width=\"200\">5. Pression de travail<\/td>\n<td width=\"481\">PN160<\/td>\n<\/tr>\n<tr>\n<td width=\"200\">6. Fin de la connexion<\/td>\n<td width=\"481\">RF<\/td>\n<\/tr>\n<tr>\n<td width=\"200\">7. Temp\u00e9rature de travail.<\/td>\n<td width=\"481\">-29~425\u00baC,<\/td>\n<\/tr>\n<tr>\n<td width=\"200\">8. Support appropri\u00e9<\/td>\n<td width=\"481\">Eau, gaz naturel, p\u00e9trole et certains liquides corrosifs<\/td>\n<\/tr>\n<tr>\n<td width=\"200\">9. Exploit\u00e9<\/td>\n<td width=\"481\">Volant<\/td>\n<\/tr>\n<tr>\n<td width=\"200\">10. Inspection et tests<\/td>\n<td width=\"481\">Selon API598<\/td>\n<\/tr>\n<tr>\n<td width=\"200\"><strong>Exp\u00e9dition<\/strong><\/td>\n<td width=\"481\"><\/td>\n<\/tr>\n<tr>\n<td width=\"200\">D\u00e9lai de livraison<\/td>\n<td width=\"481\">30 jours<\/td>\n<\/tr>\n<tr>\n<td width=\"200\">Emballer<\/td>\n<td width=\"481\">Caisse en contreplaqu\u00e9 d&#039;exportation standard<\/td>\n<\/tr>\n<tr>\n<td width=\"200\">Port d&#039;exp\u00e9dition<\/td>\n<td width=\"481\">Ningbo\/Shanghai, Chine<\/td>\n<\/tr>\n<tr>\n<td width=\"200\">Conditions d&#039;exp\u00e9dition<\/td>\n<td width=\"481\">Exw, FOB, CFR, CIF, etc.<\/td>\n<\/tr>\n<tr>\n<td width=\"200\">Modalit\u00e9s de paiement<\/td>\n<td width=\"481\">T\/T, Western Union, PayPal, etc.<\/td>\n<\/tr>\n<tr>\n<td width=\"200\"><\/td>\n<td width=\"481\">Pr\u00e9paiement 30%, solde 70% pay\u00e9 avant l&#039;exp\u00e9dition<\/td>\n<\/tr>\n<tr>\n<td width=\"200\">Pays d&#039;origine<\/td>\n<td width=\"481\">Ville de Wenzhou, Chine<\/td>\n<\/tr>\n<tr>\n<td width=\"200\">Capacit\u00e9 de production<\/td>\n<td width=\"481\">6000 tonnes\/an<\/td>\n<\/tr>\n<tr>\n<td width=\"200\">MOQ<\/td>\n<td width=\"481\">1 pi\u00e8ces\/taille<\/td>\n<\/tr>\n<\/tbody>\n<\/table>\n<\/div>","protected":false},"excerpt":{"rendered":"<p>Model:STV-J41Y-PN160-DN50-HC276<\/p>\n<p>STV Valve Technology Group Co., Ltd is a professional leader China HC276 Flanged Globe Valve ,High Pressure HC276 Globe Valve ,Forged HC276 Globe Valve,API 602 HC276 Globe Valve, API 602 HC276 Forged Steel Globe Valve,PN160 HC276 Globe Valve,2 Inch HC276 manufacturer with high quality and competitive price.<\/p>\n<p>&nbsp;<\/p>","protected":false},"featured_media":7979,"template":"","meta":[],"product_brand":[],"product_cat":[64,45],"product_tag":[3336,3334,3333,3330,3332,3331,3335],"class_list":{"0":"post-7978","1":"product","2":"type-product","3":"status-publish","4":"has-post-thumbnail","6":"product_cat-foreged-steel-globe-valve","7":"product_cat-globe-valve","8":"product_tag-2-inch-hc276-manufacturer","9":"product_tag-api-602-hc276-forged-steel-globe-valve","10":"product_tag-api-602-hc276-globe-valve","11":"product_tag-china-hc276-flanged-globe-valve","12":"product_tag-forged-hc276-globe-valve","13":"product_tag-high-pressure-hc276-globe-valve","14":"product_tag-pn160-hc276-globe-valve","16":"first","17":"instock","18":"shipping-taxable","19":"product-type-simple"},"_links":{"self":[{"href":"https:\/\/www.stvvalves.com\/fr\/wp-json\/wp\/v2\/product\/7978","targetHints":{"allow":["GET"]}}],"collection":[{"href":"https:\/\/www.stvvalves.com\/fr\/wp-json\/wp\/v2\/product"}],"about":[{"href":"https:\/\/www.stvvalves.com\/fr\/wp-json\/wp\/v2\/types\/product"}],"wp:featuredmedia":[{"embeddable":true,"href":"https:\/\/www.stvvalves.com\/fr\/wp-json\/wp\/v2\/media\/7979"}],"wp:attachment":[{"href":"https:\/\/www.stvvalves.com\/fr\/wp-json\/wp\/v2\/media?parent=7978"}],"wp:term":[{"taxonomy":"product_brand","embeddable":true,"href":"https:\/\/www.stvvalves.com\/fr\/wp-json\/wp\/v2\/product_brand?post=7978"},{"taxonomy":"product_cat","embeddable":true,"href":"https:\/\/www.stvvalves.com\/fr\/wp-json\/wp\/v2\/product_cat?post=7978"},{"taxonomy":"product_tag","embeddable":true,"href":"https:\/\/www.stvvalves.com\/fr\/wp-json\/wp\/v2\/product_tag?post=7978"}],"curies":[{"name":"wp","href":"https:\/\/api.w.org\/{rel}","templated":true}]}}