{"id":8021,"date":"2025-04-26T19:11:22","date_gmt":"2025-04-26T11:11:22","guid":{"rendered":"https:\/\/www.stvvalves.com\/?post_type=product&#038;p=8021"},"modified":"2025-04-26T19:17:55","modified_gmt":"2025-04-26T11:17:55","slug":"bolt-bonnet-lift-check-valve-f304-dn25-pn100-rf-end","status":"publish","type":"product","link":"https:\/\/www.stvvalves.com\/fr\/products\/bolt-bonnet-lift-check-valve-f304-dn25-pn100-rf-end\/","title":{"rendered":"Bolt Bonnet Lift Check Valve,F304,DN25,PN100,RF End"},"content":{"rendered":"<p>Bolt Bonnet Lift Check Valve,F304,DN25,PN100,RF End<br \/>\nConception\u00a0: API 602<br \/>\nBody: F304<br \/>\nTaille nominale: 1 pouce<br \/>\nNominal Class: PN100<br \/>\nConnexion d&#039;extr\u00e9mit\u00e9\u00a0: RF<br \/>\nFace \u00e0 Face : Fabrication<br \/>\nTest and Inspection: EN12266-1.<br \/>\nDiam\u00e8tre nominal : 1\/4 pouce \u2013 4 pouces<br \/>\nTemp\u00e9rature de conception : -196 \u2103 \u2013 573 \u2103<br \/>\nPression de conception\u00a0: Classe 150 LB \u2013 Classe 2\u00a0500 LB<br \/>\nMaterial: ASTM A105, ASTM A182 F304, ASTM A182 F304L, ASTM A182 F316, ASTM A182 F316L, ASTM A350 LF2, ASTM A182 F11, ASTM A182 F22, ASTM A182 F5, ASTM A182 F51, ASTM A182 F321.<br \/>\nNorme de conception\u00a0: API 602, BS 5352<br \/>\nFace \u00e0 face\u00a0: norme de fabrication, ASME B16.10<br \/>\nExtr\u00e9mit\u00e9 de connexion\u00a0: NPT, SW, BW, \u00e0 bride<br \/>\nNorme d&#039;essai\u00a0: API 598, ISO 5208<br \/>\nOperation: X<br \/>\nApplication\u00a0: centrale \u00e9lectrique, p\u00e9trole, g\u00e9nie chimique<\/p>\n<table>\n<tbody>\n<tr>\n<td width=\"200\"><strong><b>Nom du produit<\/b><\/strong><\/td>\n<td width=\"481\">Bolt Bonnet Lift Check Valve,F304,DN25,PN100,RF End<\/td>\n<\/tr>\n<tr>\n<td width=\"200\">1. Mat\u00e9riel<\/td>\n<td width=\"481\">F304<\/td>\n<\/tr>\n<tr>\n<td width=\"200\">2. Taille<\/td>\n<td width=\"481\">1&quot;<\/td>\n<\/tr>\n<tr>\n<td width=\"200\">4. Port<\/td>\n<td width=\"481\">Port r\u00e9ducteur<\/td>\n<\/tr>\n<tr>\n<td width=\"200\">5. Pression de travail<\/td>\n<td width=\"481\">PN100<\/td>\n<\/tr>\n<tr>\n<td width=\"200\">6. Fin de la connexion<\/td>\n<td width=\"481\">Fin RF<\/td>\n<\/tr>\n<tr>\n<td width=\"200\">7. Temp\u00e9rature de travail.<\/td>\n<td width=\"481\">-29~425\u00baC,<\/td>\n<\/tr>\n<tr>\n<td width=\"200\">8. Support appropri\u00e9<\/td>\n<td width=\"481\">Eau, gaz naturel, p\u00e9trole et certains liquides corrosifs<\/td>\n<\/tr>\n<tr>\n<td width=\"200\">9. Exploit\u00e9<\/td>\n<td width=\"481\">X<\/td>\n<\/tr>\n<tr>\n<td width=\"200\">10. Inspection et tests<\/td>\n<td width=\"481\">SelonAPI 598<\/td>\n<\/tr>\n<tr>\n<td width=\"200\"><strong><b>Exp\u00e9dition<\/b><\/strong><\/td>\n<td width=\"481\"><\/td>\n<\/tr>\n<tr>\n<td width=\"200\">D\u00e9lai de livraison<\/td>\n<td width=\"481\">30 jours<\/td>\n<\/tr>\n<tr>\n<td width=\"200\">Emballer<\/td>\n<td width=\"481\">Caisse en contreplaqu\u00e9 d&#039;exportation standard<\/td>\n<\/tr>\n<tr>\n<td width=\"200\">Port d&#039;exp\u00e9dition<\/td>\n<td width=\"481\">Ningbo\/Shanghai, Chine<\/td>\n<\/tr>\n<tr>\n<td width=\"200\">Conditions d&#039;exp\u00e9dition<\/td>\n<td width=\"481\">Exw, FOB, CFR, CIF, etc.<\/td>\n<\/tr>\n<tr>\n<td width=\"200\">Modalit\u00e9s de paiement<\/td>\n<td width=\"481\">T\/T, Western Union, PayPal, etc.<\/td>\n<\/tr>\n<tr>\n<td width=\"200\"><\/td>\n<td width=\"481\">Pr\u00e9paiement 30%, solde 70% pay\u00e9 avant l&#039;exp\u00e9dition<\/td>\n<\/tr>\n<tr>\n<td width=\"200\">Pays d&#039;origine<\/td>\n<td width=\"481\">Ville de Wenzhou, Chine<\/td>\n<\/tr>\n<tr>\n<td width=\"200\">Capacit\u00e9 de production<\/td>\n<td width=\"481\">6000 tonnes\/an<\/td>\n<\/tr>\n<tr>\n<td width=\"200\">MOQ<\/td>\n<td width=\"481\">10 pi\u00e8ces\/taille<\/td>\n<\/tr>\n<\/tbody>\n<\/table>","protected":false},"excerpt":{"rendered":"<p>STV Valve Technology Group Co., Ltd is a professional leader China Bolt Bonnet Lift Check Valve Manufacture,F304 Bolt Bonnet Lift Check Valve , DN25 Bolt Bonnet Lift Check Valve Manufacture, PN100 Bolt Bonnet Lift Check Valve Manufacture, RF END Bolt Bonnet Lift Check Valve Manufacture,BW End\u00a0 Weld Bonnet Lift Check Valve Manufacture with high quality and competitive price.<\/p>\n<p>&nbsp;<\/p>","protected":false},"featured_media":8022,"template":"","meta":[],"product_brand":[],"product_cat":[46,66],"product_tag":[3403,3398,3400,3399,3401,3402],"class_list":{"0":"post-8021","1":"product","2":"type-product","3":"status-publish","4":"has-post-thumbnail","6":"product_cat-check-valves","7":"product_cat-swing-check-valve","8":"product_tag-bw-end-weld-bonnet-lift-check-valve-manufacture","9":"product_tag-china-bolt-bonnet-lift-check-valve-manufacture","10":"product_tag-dn25-bolt-bonnet-lift-check-valve-manufacture","11":"product_tag-f304-bolt-bonnet-lift-check-valve","12":"product_tag-pn100-bolt-bonnet-lift-check-valve-manufacture","13":"product_tag-rf-end-bolt-bonnet-lift-check-valve-manufacture","15":"first","16":"instock","17":"shipping-taxable","18":"product-type-simple"},"_links":{"self":[{"href":"https:\/\/www.stvvalves.com\/fr\/wp-json\/wp\/v2\/product\/8021","targetHints":{"allow":["GET"]}}],"collection":[{"href":"https:\/\/www.stvvalves.com\/fr\/wp-json\/wp\/v2\/product"}],"about":[{"href":"https:\/\/www.stvvalves.com\/fr\/wp-json\/wp\/v2\/types\/product"}],"wp:featuredmedia":[{"embeddable":true,"href":"https:\/\/www.stvvalves.com\/fr\/wp-json\/wp\/v2\/media\/8022"}],"wp:attachment":[{"href":"https:\/\/www.stvvalves.com\/fr\/wp-json\/wp\/v2\/media?parent=8021"}],"wp:term":[{"taxonomy":"product_brand","embeddable":true,"href":"https:\/\/www.stvvalves.com\/fr\/wp-json\/wp\/v2\/product_brand?post=8021"},{"taxonomy":"product_cat","embeddable":true,"href":"https:\/\/www.stvvalves.com\/fr\/wp-json\/wp\/v2\/product_cat?post=8021"},{"taxonomy":"product_tag","embeddable":true,"href":"https:\/\/www.stvvalves.com\/fr\/wp-json\/wp\/v2\/product_tag?post=8021"}],"curies":[{"name":"wp","href":"https:\/\/api.w.org\/{rel}","templated":true}]}}