{"id":8046,"date":"2025-05-20T20:29:34","date_gmt":"2025-05-20T12:29:34","guid":{"rendered":"https:\/\/www.stvvalves.com\/?post_type=product&#038;p=8046"},"modified":"2025-05-20T20:35:20","modified_gmt":"2025-05-20T12:35:20","slug":"din-3840-lift-check-valve-cast-seel-dn200-pn16-flange-end","status":"publish","type":"product","link":"https:\/\/www.stvvalves.com\/fr\/products\/din-3840-lift-check-valve-cast-seel-dn200-pn16-flange-end\/","title":{"rendered":"DIN 3840 lift Check Valve, Cast Seel,DN200 ,PN16,Flange End"},"content":{"rendered":"<p>Conception et fabrication\u00a0:\u00a0DIN 3840 \/ BS EN 1868<br \/>\nFace \u00e0 face\u00a0:\u00a0DIN 3202\/BS EN558-1<br \/>\nExtr\u00e9mit\u00e9s \u00e0 brides\u00a0: DIN 2543\/BS EN1092-1<br \/>\nInspection et test\u00a0:\u00a0DIN 3230\/BS EN12569<\/p>\n<p>Pression\u00a0:\u00a0PN10~PN160<br \/>\nTaille\u00a0: DN40 ~ DN900<br \/>\nMat\u00e9riel: GS-C25, 1.0619, 1.4803, 1.4408, WCB, LCB, CF8, CF8M, CF3, CF3M, CF8C, etc.<\/p>\n<table width=\"751\">\n<tbody>\n<tr>\n<td>Nom du produit\u00a0:<\/td>\n<td>DIN 3840 lift Check Valve, Cast Seel,DN200 ,PN16,Flange End<\/td>\n<\/tr>\n<tr>\n<td>1.Mat\u00e9riel:<\/td>\n<td>WCB<\/td>\n<\/tr>\n<tr>\n<td>2. Taille\u00a0:<\/td>\n<td>8\u2033<\/td>\n<\/tr>\n<tr>\n<td>3.Port\u00a0:<\/td>\n<td>COMPLET<\/td>\n<\/tr>\n<tr>\n<td>4. Temp\u00e9rature de fonctionnement\u00a0:<\/td>\n<td>-29 \u00b0C-425 \u00b0C<\/td>\n<\/tr>\n<tr>\n<td>5.Fin de connexion\u00a0:<\/td>\n<td>RF<\/td>\n<\/tr>\n<tr>\n<td>6. Pression de travail\u00a0:<\/td>\n<td>PN16<\/td>\n<\/tr>\n<tr>\n<td>7. Support appropri\u00e9\u00a0:<\/td>\n<td>Eau, gaz naturel, p\u00e9trole et certains liquides corrosifs<\/td>\n<\/tr>\n<tr>\n<td>8.Exploit\u00e9\u00a0:<\/td>\n<td>\/<\/td>\n<\/tr>\n<tr>\n<td>9. Inspection et tests<\/td>\n<td>Selon DIN 3230<\/td>\n<\/tr>\n<tr>\n<td>Certificat:<\/td>\n<td>OIN, CE\/API 6D<\/td>\n<\/tr>\n<tr>\n<td><strong>Exp\u00e9dition<\/strong><\/td>\n<td><\/td>\n<\/tr>\n<tr>\n<td>D\u00e9lai de livraison<\/td>\n<td>30 jours<\/td>\n<\/tr>\n<tr>\n<td>Emballer<\/td>\n<td>Caisse en contreplaqu\u00e9 d&#039;exportation standard<\/td>\n<\/tr>\n<tr>\n<td>Port d&#039;exp\u00e9dition<\/td>\n<td>Ningbo\/Shanghai, Chine<\/td>\n<\/tr>\n<tr>\n<td>Conditions d&#039;exp\u00e9dition<\/td>\n<td>Exw, FOB, CFR, CIF, etc.<\/td>\n<\/tr>\n<tr>\n<td>Modalit\u00e9s de paiement<\/td>\n<td>T\/T, Western Union, PayPal, etc.<\/td>\n<\/tr>\n<tr>\n<td><\/td>\n<td>Pr\u00e9paiement 30%, solde 70% pay\u00e9 avant l&#039;exp\u00e9dition<\/td>\n<\/tr>\n<tr>\n<td>Pays d&#039;origine<\/td>\n<td>Ville de Wenzhou, Chine<\/td>\n<\/tr>\n<tr>\n<td>Capacit\u00e9 de production<\/td>\n<td>6000 tonnes\/an<\/td>\n<\/tr>\n<tr>\n<td>MOQ<\/td>\n<td>10 pi\u00e8ces\/taille<\/td>\n<\/tr>\n<\/tbody>\n<\/table>\n<p>&nbsp;<\/p>","protected":false},"excerpt":{"rendered":"<div class=\"woocommerce-product-details__short-description\">\n<p>Model:H44Y-PN16-DN200-WCB<\/p>\n<p>STV Valve Technology Group Co., Ltd is a professional leader China DIN 3840 lift Check Valve,PN16 DIN 3840 lift Check Valve,A216 WCB DIN 3840 lift Check Valve,WCB Lift Check Valve,PN 16 DIN 3840 lift Check Valve,DN200 DIN 3840 lift Check Valve manufacturer with high quality and competitive price.<\/p>\n<\/div>","protected":false},"featured_media":8047,"template":"","meta":[],"product_brand":[],"product_cat":[83,46],"product_tag":[3454,3452,3456,3455,3453,1052],"class_list":{"0":"post-8046","1":"product","2":"type-product","3":"status-publish","4":"has-post-thumbnail","6":"product_cat-cast-steel-check-valve","7":"product_cat-check-valves","8":"product_tag-a216-wcb-din-3840-lift-check-valve","9":"product_tag-china-din-3840-lift-check-valve","10":"product_tag-dn200-din-3840-lift-check-valve-manufacturer","11":"product_tag-pn-16-din-3840-lift-check-valve","12":"product_tag-pn16-din-3840-lift-check-valve","13":"product_tag-wcb-lift-check-valve","15":"first","16":"instock","17":"shipping-taxable","18":"product-type-simple"},"_links":{"self":[{"href":"https:\/\/www.stvvalves.com\/fr\/wp-json\/wp\/v2\/product\/8046","targetHints":{"allow":["GET"]}}],"collection":[{"href":"https:\/\/www.stvvalves.com\/fr\/wp-json\/wp\/v2\/product"}],"about":[{"href":"https:\/\/www.stvvalves.com\/fr\/wp-json\/wp\/v2\/types\/product"}],"wp:featuredmedia":[{"embeddable":true,"href":"https:\/\/www.stvvalves.com\/fr\/wp-json\/wp\/v2\/media\/8047"}],"wp:attachment":[{"href":"https:\/\/www.stvvalves.com\/fr\/wp-json\/wp\/v2\/media?parent=8046"}],"wp:term":[{"taxonomy":"product_brand","embeddable":true,"href":"https:\/\/www.stvvalves.com\/fr\/wp-json\/wp\/v2\/product_brand?post=8046"},{"taxonomy":"product_cat","embeddable":true,"href":"https:\/\/www.stvvalves.com\/fr\/wp-json\/wp\/v2\/product_cat?post=8046"},{"taxonomy":"product_tag","embeddable":true,"href":"https:\/\/www.stvvalves.com\/fr\/wp-json\/wp\/v2\/product_tag?post=8046"}],"curies":[{"name":"wp","href":"https:\/\/api.w.org\/{rel}","templated":true}]}}