{"id":8154,"date":"2025-06-19T20:30:28","date_gmt":"2025-06-19T12:30:28","guid":{"rendered":"https:\/\/www.stvvalves.com\/?post_type=product&#038;p=8154"},"modified":"2025-06-20T09:03:22","modified_gmt":"2025-06-20T01:03:22","slug":"long-pattern-single-plate-check-valve-cf8m-body-150lb-6-inch","status":"publish","type":"product","link":"https:\/\/www.stvvalves.com\/fr\/products\/long-pattern-single-plate-check-valve-cf8m-body-150lb-6-inch\/","title":{"rendered":"Long pattern Single Plate Check valve,CF8M Body,150LB,6 Inch"},"content":{"rendered":"<p>Long pattern Single Plate Check valve,CF8M Body,150LB,6 Inch<\/p>\n<p>Long pattern Single Plate Check valve is declined against the outlet with small dropping angle to reduce the vibration meanwhile there is buffering device in the body which can buffer by the flow to prevent the pump from turning back and super-high water hammer pressure.<br \/>\nLa s\u00e9lection des diff\u00e9rents mat\u00e9riaux peut s&#039;appliquer au milieu impliquant l&#039;eau, la vapeur, les huiles, l&#039;acide nitrique, l&#039;ac\u00e9tide, le milieu oxydant fort et l&#039;ur\u00e9e, etc.<\/p>\n<p><strong>Caract\u00e9ristique structurelle<\/strong><\/p>\n<p>Fermeture rapide du disque de vanne, faible pression de coup de b\u00e9lier\u00a0;<br \/>\nApplicable et facilement install\u00e9 pour les pipelines verticaux ou horizontaux\u00a0;<br \/>\nPassage d&#039;\u00e9coulement fluide et petite r\u00e9sistance aux fluides\u00a0;<br \/>\nAction flexible et bonnes performances d\u2019\u00e9tanch\u00e9it\u00e9\u00a0;<br \/>\nCourse \u00e9troite de la valve et faible impact de fermeture\u00a0;<br \/>\nStructure int\u00e9gr\u00e9e, simple et compacte, en belle forme\u00a0;<br \/>\nLongue dur\u00e9e de vie et bonne fiabilit\u00e9.<br \/>\nStructure d\u00e9cal\u00e9e, avec une longueur face \u00e0 face optimale qui r\u00e9duit la r\u00e9sistance \u00e0 l&#039;\u00e9coulement et \u00e9limine les surpressions. \u00c0 utiliser pour se prot\u00e9ger du reflux moyen.<\/p>\n<p><strong>Sp\u00e9cification des param\u00e8tres principaux<\/strong><\/p>\n<p>Conception et fabrication\u00a0: API594<br \/>\nFace \u00e0 face et bout \u00e0 bout\u00a0:API594<br \/>\nInspection et test\u00a0: API598<\/p>\n<p><strong>Gamme de produits<\/strong><\/p>\n<p>Mat\u00e9riau du corps : acier au carbone, acier inoxydable, acier alli\u00e9, bronze<br \/>\nDiam\u00e8tre nominal\u00a0: 2\u2033~24\u2033 (DN50~DN600)<br \/>\nConnexion d&#039;extr\u00e9mit\u00e9\u00a0: plaquette<br \/>\nPlage de pression\u00a0: Classe 150 ~ 2\u00a0500 (PN16 ~ PN150)<br \/>\nTemp\u00e9rature de fonctionnement\u00a0:-196\u00baC~+560\u00baC<\/p>","protected":false},"excerpt":{"rendered":"<p>STV Valve Technology Group Co., Ltd is a professional leader China Long pattern Single Plate Check valve Supplier, CF8M Long pattern Single Plate Check valve, 150LB Long pattern Single Plate Check valve, 6 Inch Long pattern Single Plate Check valve, Metal Seat Tilting Disc Check Valve , Metal Seat Long pattern Single Plate Check valve.API 594 Long pattern Single Plate Check valve Manufacturer with high quality and competitive price.<\/p>","protected":false},"featured_media":8155,"template":"","meta":[],"product_brand":[],"product_cat":[46,84],"product_tag":[3522,3523,3521,3520,3524,2054],"class_list":{"0":"post-8154","1":"product","2":"type-product","3":"status-publish","4":"has-post-thumbnail","6":"product_cat-check-valves","7":"product_cat-wafer-check-valve","8":"product_tag-150lb-long-pattern-single-plate-check-valve","9":"product_tag-6-inch-long-pattern-single-plate-check-valve","10":"product_tag-cf8m-long-pattern-single-plate-check-valve","11":"product_tag-china-long-pattern-single-plate-check-valve-supplier","12":"product_tag-metal-seat-long-pattern-single-plate-check-valve-api-594-long-pattern-single-plate-check-valve-manufacturer","13":"product_tag-metal-seat-tilting-disc-check-valve","15":"first","16":"instock","17":"shipping-taxable","18":"product-type-simple"},"_links":{"self":[{"href":"https:\/\/www.stvvalves.com\/fr\/wp-json\/wp\/v2\/product\/8154","targetHints":{"allow":["GET"]}}],"collection":[{"href":"https:\/\/www.stvvalves.com\/fr\/wp-json\/wp\/v2\/product"}],"about":[{"href":"https:\/\/www.stvvalves.com\/fr\/wp-json\/wp\/v2\/types\/product"}],"wp:featuredmedia":[{"embeddable":true,"href":"https:\/\/www.stvvalves.com\/fr\/wp-json\/wp\/v2\/media\/8155"}],"wp:attachment":[{"href":"https:\/\/www.stvvalves.com\/fr\/wp-json\/wp\/v2\/media?parent=8154"}],"wp:term":[{"taxonomy":"product_brand","embeddable":true,"href":"https:\/\/www.stvvalves.com\/fr\/wp-json\/wp\/v2\/product_brand?post=8154"},{"taxonomy":"product_cat","embeddable":true,"href":"https:\/\/www.stvvalves.com\/fr\/wp-json\/wp\/v2\/product_cat?post=8154"},{"taxonomy":"product_tag","embeddable":true,"href":"https:\/\/www.stvvalves.com\/fr\/wp-json\/wp\/v2\/product_tag?post=8154"}],"curies":[{"name":"wp","href":"https:\/\/api.w.org\/{rel}","templated":true}]}}