{"id":8264,"date":"2025-08-10T20:40:11","date_gmt":"2025-08-10T12:40:11","guid":{"rendered":"https:\/\/www.stvvalves.com\/?post_type=product&#038;p=8264"},"modified":"2025-08-10T20:52:28","modified_gmt":"2025-08-10T12:52:28","slug":"2pc-floating-ball-valve-wcb-6-inch-worm-gear-box-r","status":"publish","type":"product","link":"https:\/\/www.stvvalves.com\/fr\/products\/2pc-floating-ball-valve-wcb-6-inch-worm-gear-box-r\/","title":{"rendered":"2PC Floating Ball Valve ,WCB,6 Inch,Worm Gear Box,RF End"},"content":{"rendered":"<p>Product name: 2PC Floating Ball Valve ,WCB,6 Inch,Worm Gear Box,RF End<br \/>\nDesign: API 608.<br \/>\nMat\u00e9riel\u00a0: WCB<br \/>\nTaille nominale : 6 pouces.<br \/>\nPression nominale : 150LB.<br \/>\nConnexion finale\u00a0: RF.<\/p>\n<p>Conception et fabrication\u00a0: API 6D, ASME B16.34 (BS5351), API 608, MSS-SP-72<\/p>\n<p>Dimension face \u00e0 face \uff1a ASME B16.10, API 6D<\/p>\n<p>Dimension de connexion \u00e0 bride \uff1a ASME B 16.5<\/p>\n<p>Dimension de connexion BW \uff1a ASME B16.25<\/p>\n<p>Test et inspection\u00a0: API 598, API 6D<\/p>\n<p>Conception ignifuge\u00a0: API 607\/6FA<\/p>\n<p>Conception antistatique et tige anti-\u00e9ruption<\/p>\n<p>Gamme de produits<\/p>\n<p>Mat\u00e9riau du corps : acier au carbone, acier inoxydable, acier alli\u00e9<\/p>\n<p>Conception \u00e0 passage int\u00e9gral et \u00e0 passage r\u00e9duit<\/p>\n<p>Nominal diameter:1\/2\u2033~10\u2033\uff08DN15~DN250\uff09<\/p>\n<p>Connexion d&#039;extr\u00e9mit\u00e9\u00a0: RF, RTJ, BW<\/p>\n<p>Plage de pression\u00a0: Classe 150 ~ 600 (PN16 ~ PN100)<\/p>\n<p>Temp\u00e9rature de fonctionnement\u00a0: -46 \u2103 ~ + 200 \u2103<\/p>\n<p>Fonctionnement : Poign\u00e9e, Engrenage, Actionneur \u00e9lectrique, etc.<\/p>\n<p><strong>Pi\u00e8ces et mat\u00e9riaux\u00a0:<\/strong><\/p>\n<p>Corps\u00a0: Titane TA1, TA2, TA10, TC4, GR2, GR3, GR5, acier inoxydable duplex, acier inoxydable super duplex, alliage<\/p>\n<p>20, CN7M, Hastelloy, acier au carbone, WC6, WC9, C5, C12, LCB, CF3M<\/p>\n<p>Bonnet, portail\u00a0: acier inoxydable duplex, acier inoxydable super duplex, alliage 20, CN7M, Hastelloy, acier au carbone, WC6,<\/p>\n<p>WC9, C5, C12, LCB, CF3M, Titane TA1, TA2, TA10, TC4, GR2, GR3, GR5<\/p>\n<p>Garniture\u00a0:\u00a0Incoloy 800, Incoloy 800H, Incoloy 825, SS304, SS316, SS304L, SS316L, 13%Cr.Steel, Stellite, Hastelloy,<\/p>\n<p>Alliage 20, acier inoxydable duplex, acier inoxydable super duplex<\/p>\n<p>Garniture de presse-\u00e9toupe\u00a0: graphite, PTFE<\/p>\n<p>End Connections: Flanged, Socket weld, Butt weld<\/p>\n<p>Op\u00e9rations\u00a0: Actionnement par volant, actionnement \u00e9lectrique, actionnement pneumatique<\/p>\n<table>\n<tbody>\n<tr>\n<td width=\"200\"><strong>Nom du produit<\/strong><\/td>\n<td width=\"481\">2PC Floating Ball Valve ,WCB,6 Inch,Worm Gear Box,RF End<\/td>\n<\/tr>\n<tr>\n<td width=\"200\">1. Mat\u00e9riel<\/td>\n<td width=\"481\">WCB<\/td>\n<\/tr>\n<tr>\n<td width=\"200\">2. Taille<\/td>\n<td width=\"481\">6&quot;<\/td>\n<\/tr>\n<tr>\n<td width=\"200\">4. Port<\/td>\n<td width=\"481\">Port complet<\/td>\n<\/tr>\n<tr>\n<td width=\"200\">5. Pression de travail<\/td>\n<td width=\"481\">PN100<\/td>\n<\/tr>\n<tr>\n<td width=\"200\">6. Fin de la connexion<\/td>\n<td width=\"481\">RF<\/td>\n<\/tr>\n<tr>\n<td width=\"200\">7. Temp\u00e9rature de travail.<\/td>\n<td width=\"481\">-29~200\u00baC,<\/td>\n<\/tr>\n<tr>\n<td width=\"200\">8. Support appropri\u00e9<\/td>\n<td width=\"481\">Eau, gaz naturel, p\u00e9trole et certains liquides corrosifs<\/td>\n<\/tr>\n<tr>\n<td width=\"200\">9. Exploit\u00e9<\/td>\n<td width=\"481\">\/<\/td>\n<\/tr>\n<tr>\n<td width=\"200\">10. Inspection et tests<\/td>\n<td width=\"481\">Selon API598<\/td>\n<\/tr>\n<tr>\n<td width=\"200\"><strong>Exp\u00e9dition<\/strong><\/td>\n<td width=\"481\"><\/td>\n<\/tr>\n<tr>\n<td width=\"200\">D\u00e9lai de livraison<\/td>\n<td width=\"481\">30 jours<\/td>\n<\/tr>\n<tr>\n<td width=\"200\">Emballer<\/td>\n<td width=\"481\">Caisse en contreplaqu\u00e9 d&#039;exportation standard<\/td>\n<\/tr>\n<tr>\n<td width=\"200\">Port d&#039;exp\u00e9dition<\/td>\n<td width=\"481\">Ningbo\/Shanghai, Chine<\/td>\n<\/tr>\n<tr>\n<td width=\"200\">Conditions d&#039;exp\u00e9dition<\/td>\n<td width=\"481\">Exw, FOB, CFR, CIF, etc.<\/td>\n<\/tr>\n<tr>\n<td width=\"200\">Modalit\u00e9s de paiement<\/td>\n<td width=\"481\">T\/T, Western Union, PayPal, etc.<\/td>\n<\/tr>\n<tr>\n<td width=\"200\"><\/td>\n<td width=\"481\">Pr\u00e9paiement 30%, solde 70% pay\u00e9 avant l&#039;exp\u00e9dition<\/td>\n<\/tr>\n<tr>\n<td width=\"200\">Pays d&#039;origine<\/td>\n<td width=\"481\">Ville de Wenzhou, Chine<\/td>\n<\/tr>\n<tr>\n<td width=\"200\">Capacit\u00e9 de production<\/td>\n<td width=\"481\">6000 tonnes\/an<\/td>\n<\/tr>\n<tr>\n<td width=\"200\">MOQ<\/td>\n<td width=\"481\">1 pi\u00e8ces\/taille<\/td>\n<\/tr>\n<\/tbody>\n<\/table>","protected":false},"excerpt":{"rendered":"<p>STV Valve Technology Group Co., Ltd is a professional leader 2PC Floating Ball Valve Manufacture, API6D 2PC Floating Ball Valve , 2PC Floating Ball Valve ,WCB 2PC Floating Ball Valve,6 Inch 2PC Floating Ball Valve,Worm Gear Box 2PC Floating Ball Valve,RF End 2PC Floating Ball Valve Supplier.<\/p>\n<p>&nbsp;<\/p>","protected":false},"featured_media":8265,"template":"","meta":[],"product_brand":[],"product_cat":[43,78,53],"product_tag":[3595,3593,3597,3594,3599,3596,3598],"class_list":{"0":"post-8264","1":"product","2":"type-product","3":"status-publish","4":"has-post-thumbnail","6":"product_cat-ball-valve","7":"product_cat-floating-ball-valve","8":"product_cat-stainless-steel-ball-valve","9":"product_tag-2pc-floating-ball-valve","10":"product_tag-2pc-floating-ball-valve-manufacture","11":"product_tag-6-inch-2pc-floating-ball-valve","12":"product_tag-api6d-2pc-floating-ball-valve","13":"product_tag-rf-end-2pc-floating-ball-valve-supplier","14":"product_tag-wcb-2pc-floating-ball-valve","15":"product_tag-worm-gear-box-2pc-floating-ball-valve","17":"first","18":"instock","19":"shipping-taxable","20":"product-type-simple"},"_links":{"self":[{"href":"https:\/\/www.stvvalves.com\/fr\/wp-json\/wp\/v2\/product\/8264","targetHints":{"allow":["GET"]}}],"collection":[{"href":"https:\/\/www.stvvalves.com\/fr\/wp-json\/wp\/v2\/product"}],"about":[{"href":"https:\/\/www.stvvalves.com\/fr\/wp-json\/wp\/v2\/types\/product"}],"wp:featuredmedia":[{"embeddable":true,"href":"https:\/\/www.stvvalves.com\/fr\/wp-json\/wp\/v2\/media\/8265"}],"wp:attachment":[{"href":"https:\/\/www.stvvalves.com\/fr\/wp-json\/wp\/v2\/media?parent=8264"}],"wp:term":[{"taxonomy":"product_brand","embeddable":true,"href":"https:\/\/www.stvvalves.com\/fr\/wp-json\/wp\/v2\/product_brand?post=8264"},{"taxonomy":"product_cat","embeddable":true,"href":"https:\/\/www.stvvalves.com\/fr\/wp-json\/wp\/v2\/product_cat?post=8264"},{"taxonomy":"product_tag","embeddable":true,"href":"https:\/\/www.stvvalves.com\/fr\/wp-json\/wp\/v2\/product_tag?post=8264"}],"curies":[{"name":"wp","href":"https:\/\/api.w.org\/{rel}","templated":true}]}}