{"id":8274,"date":"2025-08-10T21:33:25","date_gmt":"2025-08-10T13:33:25","guid":{"rendered":"https:\/\/www.stvvalves.com\/?post_type=product&#038;p=8274"},"modified":"2025-08-10T21:46:01","modified_gmt":"2025-08-10T13:46:01","slug":"310s-ball-valve-din-3352-pn10-dn80-rf-end","status":"publish","type":"product","link":"https:\/\/www.stvvalves.com\/fr\/products\/310s-ball-valve-din-3352-pn10-dn80-rf-end\/","title":{"rendered":"310S Ball Valve,DIN 3352,PN10,DN80,RF end"},"content":{"rendered":"<p>Product name: 310S Ball Valve,DIN 3352,PN10,DN80,RF end<br \/>\nMod\u00e8le : DIN 3352.<br \/>\nMat\u00e9riel: 310S<br \/>\nTaille nominale : 3 pouces.<br \/>\nPression nominale : PN16.<br \/>\nConnexion finale\u00a0: RF.<br \/>\nFace \u00e0 face : DIN 3202.<br \/>\nTest and inspection:DIN 3230.<\/p>\n<p>Connexions\u00a0: \u00e0 brides, filet\u00e9es, soud\u00e9es par embo\u00eetement, soud\u00e9es bout \u00e0 bout<\/p>\n<p>Pression nominale\u00a0: PN 1,0 \u00e0 25 Mpa, classe 150 \u00e0 2\u00a0500<\/p>\n<p>Taille : DN15 \u00e0 200 mm, NPS 1\/4\u2033 \u00e0 20\u2033<\/p>\n<p>Temp\u00e9rature : -198\u00b0c \u00e0 +450\u00b0c<\/p>\n<p>Conception et fabrication\u00a0: ANSI B16.34, API 600, API 6D, API 603, BS 1414, BS 5352, DIN 3352<\/p>\n<p>Face \u00e0 face (bout \u00e0 bout) : ANSI B16.10, API 6D, ASME B16.10, EN 558, DIN 3202<\/p>\n<p>Connexion \u00e0 bride : 2\u2033 \u00e0 24\u2033, ANSI B16.5, 26\u2033 \u00e0 36\u2033, MSS-SP-44 \u00e0 API605<\/p>\n<p>Test et inspection\u00a0: API 598, API 6D, DIN 3230<\/p>\n<p>Extr\u00e9mit\u00e9 soud\u00e9e bout \u00e0 bout\u00a0: ANSI B16.5<\/p>\n<p>Mat\u00e9riel: CF8, CF3, CF8M, CF3M, CG8M, CG3M, CF8C, CK20<br \/>\n304,304L,316,316L,316Ti,317,317L,310,310S,<br \/>\nF304, F304, F316, F316L, F316Ti, F317, F317L, F310, F310S<br \/>\nNorme de conception et de production : DIN3352, EN558<br \/>\nDistance entre brides : DIN3202-F5\/F7<br \/>\nConnect\u00e9 conform\u00e9ment \u00e0 la norme : DIN2543-2547, EN1092<br \/>\nNorme d&#039;essai\u00a0: API598, ISO5208<br \/>\nFluide : la vanne est adapt\u00e9e \u00e0 plusieurs fluides dont l&#039;eau, la vapeur, le p\u00e9trole, le gaz, les produits p\u00e9troliers, l&#039;acide nitrique, l&#039;acide ac\u00e9tique, etc.<br \/>\nTemp\u00e9rature de fonctionnement : de -46\u00baC ou -50\u00baC (constructions en acier inoxydable) et -29\u00baC ou -46\u00baC (constructions en acier au carbone) jusqu&#039;\u00e0 600\u2103<\/p>\n<p>Op\u00e9rations\u00a0: Actionnement par volant, actionnement \u00e9lectrique, actionnement pneumatique<\/p>\n<table>\n<tbody>\n<tr>\n<td width=\"200\"><strong>Nom du produit<\/strong><\/td>\n<td width=\"481\">310S Ball Valve,DIN 3352,PN10,DN80,RF end<\/td>\n<\/tr>\n<tr>\n<td width=\"200\">1. Mat\u00e9riel<\/td>\n<td width=\"481\">310S<\/td>\n<\/tr>\n<tr>\n<td width=\"200\">2. Taille<\/td>\n<td width=\"481\">3&quot;<\/td>\n<\/tr>\n<tr>\n<td width=\"200\">4. Port<\/td>\n<td width=\"481\">Port complet<\/td>\n<\/tr>\n<tr>\n<td width=\"200\">5. Pression de travail<\/td>\n<td width=\"481\">PN10<\/td>\n<\/tr>\n<tr>\n<td width=\"200\">6. Fin de la connexion<\/td>\n<td width=\"481\">RF<\/td>\n<\/tr>\n<tr>\n<td width=\"200\">7. Temp\u00e9rature de travail.<\/td>\n<td width=\"481\">-29~200\u00baC,<\/td>\n<\/tr>\n<tr>\n<td width=\"200\">8. Support appropri\u00e9<\/td>\n<td width=\"481\">Eau, gaz naturel, p\u00e9trole et certains liquides corrosifs<\/td>\n<\/tr>\n<tr>\n<td width=\"200\">9. Exploit\u00e9<\/td>\n<td width=\"481\">\/<\/td>\n<\/tr>\n<tr>\n<td width=\"200\">10. Inspection et tests<\/td>\n<td width=\"481\">Selon API598<\/td>\n<\/tr>\n<tr>\n<td width=\"200\"><strong>Exp\u00e9dition<\/strong><\/td>\n<td width=\"481\"><\/td>\n<\/tr>\n<tr>\n<td width=\"200\">D\u00e9lai de livraison<\/td>\n<td width=\"481\">30 jours<\/td>\n<\/tr>\n<tr>\n<td width=\"200\">Emballer<\/td>\n<td width=\"481\">Caisse en contreplaqu\u00e9 d&#039;exportation standard<\/td>\n<\/tr>\n<tr>\n<td width=\"200\">Port d&#039;exp\u00e9dition<\/td>\n<td width=\"481\">Ningbo\/Shanghai, Chine<\/td>\n<\/tr>\n<tr>\n<td width=\"200\">Conditions d&#039;exp\u00e9dition<\/td>\n<td width=\"481\">Exw, FOB, CFR, CIF, etc.<\/td>\n<\/tr>\n<tr>\n<td width=\"200\">Modalit\u00e9s de paiement<\/td>\n<td width=\"481\">T\/T, Western Union, PayPal, etc.<\/td>\n<\/tr>\n<tr>\n<td width=\"200\"><\/td>\n<td width=\"481\">Pr\u00e9paiement 30%, solde 70% pay\u00e9 avant l&#039;exp\u00e9dition<\/td>\n<\/tr>\n<tr>\n<td width=\"200\">Pays d&#039;origine<\/td>\n<td width=\"481\">Ville de Wenzhou, Chine<\/td>\n<\/tr>\n<tr>\n<td width=\"200\">Capacit\u00e9 de production<\/td>\n<td width=\"481\">6000 tonnes\/an<\/td>\n<\/tr>\n<tr>\n<td width=\"200\">MOQ<\/td>\n<td width=\"481\">1 pi\u00e8ces\/taille<\/td>\n<\/tr>\n<\/tbody>\n<\/table>","protected":false},"excerpt":{"rendered":"<p>STV Valve Technology Group Co., Ltd is a professional leader China 310S Ball Valve, 310S Ball Valve,DN80 310S Ball Valve,Flange End 310S Ball Valve ,PN10 310S Ball Valve,DIN 3352 310S Ball Valve,RF END 310S Ball Valve Manufacturer with high quality and competitive price.<\/p>\n<p>&nbsp;<\/p>\n<p>&nbsp;<\/p>","protected":false},"featured_media":8275,"template":"","meta":[],"product_brand":[],"product_cat":[43,53],"product_tag":[1635,1634,3619,3616,3617,3618,3620],"class_list":{"0":"post-8274","1":"product","2":"type-product","3":"status-publish","4":"has-post-thumbnail","6":"product_cat-ball-valve","7":"product_cat-stainless-steel-ball-valve","8":"product_tag-310s-ball-valve","9":"product_tag-china-310s-ball-valve","10":"product_tag-din-3352-310s-ball-valve","11":"product_tag-dn80-310s-ball-valve","12":"product_tag-flange-end-310s-ball-valve","13":"product_tag-pn10-310s-ball-valve","14":"product_tag-rf-end-310s-ball-valve-manufacturer","16":"first","17":"instock","18":"shipping-taxable","19":"product-type-simple"},"_links":{"self":[{"href":"https:\/\/www.stvvalves.com\/fr\/wp-json\/wp\/v2\/product\/8274","targetHints":{"allow":["GET"]}}],"collection":[{"href":"https:\/\/www.stvvalves.com\/fr\/wp-json\/wp\/v2\/product"}],"about":[{"href":"https:\/\/www.stvvalves.com\/fr\/wp-json\/wp\/v2\/types\/product"}],"wp:featuredmedia":[{"embeddable":true,"href":"https:\/\/www.stvvalves.com\/fr\/wp-json\/wp\/v2\/media\/8275"}],"wp:attachment":[{"href":"https:\/\/www.stvvalves.com\/fr\/wp-json\/wp\/v2\/media?parent=8274"}],"wp:term":[{"taxonomy":"product_brand","embeddable":true,"href":"https:\/\/www.stvvalves.com\/fr\/wp-json\/wp\/v2\/product_brand?post=8274"},{"taxonomy":"product_cat","embeddable":true,"href":"https:\/\/www.stvvalves.com\/fr\/wp-json\/wp\/v2\/product_cat?post=8274"},{"taxonomy":"product_tag","embeddable":true,"href":"https:\/\/www.stvvalves.com\/fr\/wp-json\/wp\/v2\/product_tag?post=8274"}],"curies":[{"name":"wp","href":"https:\/\/api.w.org\/{rel}","templated":true}]}}