{"id":8276,"date":"2025-08-10T21:51:12","date_gmt":"2025-08-10T13:51:12","guid":{"rendered":"https:\/\/www.stvvalves.com\/?post_type=product&#038;p=8276"},"modified":"2025-08-10T21:59:49","modified_gmt":"2025-08-10T13:59:49","slug":"threaded-ball-valve-3pc-2000-wog-dn15-npt-end","status":"publish","type":"product","link":"https:\/\/www.stvvalves.com\/fr\/products\/threaded-ball-valve-3pc-2000-wog-dn15-npt-end\/","title":{"rendered":"Threaded Ball Valve,3PC,2000 WOG,DN15,NPT End"},"content":{"rendered":"<p>Principales caract\u00e9ristiques:<br \/>\nConnexions d&#039;extr\u00e9mit\u00e9 viss\u00e9es BSP ou NPT<br \/>\n2205<br \/>\nSi\u00e8ge en PTFE<br \/>\nTailles : 1\/4\u2033 \u00e0 4\u2033<br \/>\nPlage de temp\u00e9rature : -20 \u00b0C \u00e0 +180 \u00b0C<br \/>\nPression de fonctionnement\u00a0:\u00a01000 WOG<br \/>\nMouvement : rotation \u00e0 90\u00b0<\/p>\n<table>\n<tbody>\n<tr>\n<td width=\"200\"><strong>Nom du produit<\/strong><\/td>\n<td width=\"481\">\u00a0Threaded Ball Valve,3PC,2000 WOG,DN15,NPT End<\/td>\n<\/tr>\n<tr>\n<td width=\"200\">1. Mat\u00e9riel<\/td>\n<td width=\"481\">316<\/td>\n<\/tr>\n<tr>\n<td width=\"200\">2. Taille<\/td>\n<td width=\"481\">1\/2\u201d<\/td>\n<\/tr>\n<tr>\n<td width=\"200\">4. Port<\/td>\n<td width=\"481\">Port complet<\/td>\n<\/tr>\n<tr>\n<td width=\"200\">5. Pression de travail<\/td>\n<td width=\"481\">2000WOG<\/td>\n<\/tr>\n<tr>\n<td width=\"200\">6. Fin de la connexion<\/td>\n<td width=\"481\">TNP<\/td>\n<\/tr>\n<tr>\n<td width=\"200\">7. Temp\u00e9rature de travail.<\/td>\n<td width=\"481\">-29~120\u00baC,<\/td>\n<\/tr>\n<tr>\n<td width=\"200\">8. Support appropri\u00e9<\/td>\n<td width=\"481\">Eau, gaz naturel, p\u00e9trole et certains liquides corrosifs<\/td>\n<\/tr>\n<tr>\n<td width=\"200\">9. Exploit\u00e9<\/td>\n<td width=\"481\">Volant<\/td>\n<\/tr>\n<tr>\n<td width=\"200\">10. Inspection et tests<\/td>\n<td width=\"481\">Selon API598<\/td>\n<\/tr>\n<tr>\n<td width=\"200\"><strong>Exp\u00e9dition<\/strong><\/td>\n<td width=\"481\"><\/td>\n<\/tr>\n<tr>\n<td width=\"200\">D\u00e9lai de livraison<\/td>\n<td width=\"481\">30 jours<\/td>\n<\/tr>\n<tr>\n<td width=\"200\">Emballer<\/td>\n<td width=\"481\">Caisse en contreplaqu\u00e9 d&#039;exportation standard<\/td>\n<\/tr>\n<tr>\n<td width=\"200\">Port d&#039;exp\u00e9dition<\/td>\n<td width=\"481\">Ningbo\/Shanghai, Chine<\/td>\n<\/tr>\n<tr>\n<td width=\"200\">Conditions d&#039;exp\u00e9dition<\/td>\n<td width=\"481\">Exw, FOB, CFR, CIF, etc.<\/td>\n<\/tr>\n<tr>\n<td width=\"200\">Modalit\u00e9s de paiement<\/td>\n<td width=\"481\">T\/T, Western Union, PayPal, etc.<\/td>\n<\/tr>\n<tr>\n<td width=\"200\"><\/td>\n<td width=\"481\">Pr\u00e9paiement 30%, solde 70% pay\u00e9 avant l&#039;exp\u00e9dition<\/td>\n<\/tr>\n<tr>\n<td width=\"200\">Pays d&#039;origine<\/td>\n<td width=\"481\">Ville de Wenzhou, Chine<\/td>\n<\/tr>\n<tr>\n<td width=\"200\">Capacit\u00e9 de production<\/td>\n<td width=\"481\">6000 tonnes\/an<\/td>\n<\/tr>\n<tr>\n<td width=\"200\">MOQ<\/td>\n<td width=\"481\">1 pi\u00e8ces\/taille<\/td>\n<\/tr>\n<\/tbody>\n<\/table>","protected":false},"excerpt":{"rendered":"<p>Model:Q11F-2000WOG-1\/2\u2033<\/p>\n<p>Comprend une tige anti-\u00e9ruption, une poign\u00e9e isol\u00e9e et une poign\u00e9e \u00e0 levier verrouillable.<\/p>\n<p>STV Valve Technology Group Co., Ltd is a professional leader China Threaded Ball Valve Ball Valve , 3pc Threaded Ball Valve, NPT Threaded Ball Valve, DN15 Threaded Ball Valve,2000WOG Threaded Ball Valve,NPT End Threaded Ball Valve,Threaded Ball Vave Manufacturer with high quality and competitive price. Threaded Ball Valve,3PC,2000 WOG,DN15,NPT End<\/p>","protected":false},"featured_media":8277,"template":"","meta":[],"product_brand":[],"product_cat":[43,79],"product_tag":[3625,3622,3621,3624,3626,3623,3627],"class_list":{"0":"post-8276","1":"product","2":"type-product","3":"status-publish","4":"has-post-thumbnail","6":"product_cat-ball-valve","7":"product_cat-threaded-ball-valve","8":"product_tag-2000wog-threaded-ball-valve","9":"product_tag-3pc-threaded-ball-valve","10":"product_tag-china-threaded-ball-valve-ball-valve","11":"product_tag-dn15-threaded-ball-valve","12":"product_tag-npt-end-threaded-ball-valve","13":"product_tag-npt-threaded-ball-valve","14":"product_tag-threaded-ball-vave-manufacturer","16":"first","17":"instock","18":"shipping-taxable","19":"product-type-simple"},"_links":{"self":[{"href":"https:\/\/www.stvvalves.com\/fr\/wp-json\/wp\/v2\/product\/8276","targetHints":{"allow":["GET"]}}],"collection":[{"href":"https:\/\/www.stvvalves.com\/fr\/wp-json\/wp\/v2\/product"}],"about":[{"href":"https:\/\/www.stvvalves.com\/fr\/wp-json\/wp\/v2\/types\/product"}],"wp:featuredmedia":[{"embeddable":true,"href":"https:\/\/www.stvvalves.com\/fr\/wp-json\/wp\/v2\/media\/8277"}],"wp:attachment":[{"href":"https:\/\/www.stvvalves.com\/fr\/wp-json\/wp\/v2\/media?parent=8276"}],"wp:term":[{"taxonomy":"product_brand","embeddable":true,"href":"https:\/\/www.stvvalves.com\/fr\/wp-json\/wp\/v2\/product_brand?post=8276"},{"taxonomy":"product_cat","embeddable":true,"href":"https:\/\/www.stvvalves.com\/fr\/wp-json\/wp\/v2\/product_cat?post=8276"},{"taxonomy":"product_tag","embeddable":true,"href":"https:\/\/www.stvvalves.com\/fr\/wp-json\/wp\/v2\/product_tag?post=8276"}],"curies":[{"name":"wp","href":"https:\/\/api.w.org\/{rel}","templated":true}]}}