{"id":8309,"date":"2025-08-15T11:39:35","date_gmt":"2025-08-15T03:39:35","guid":{"rendered":"https:\/\/www.stvvalves.com\/?post_type=product&#038;p=8309"},"modified":"2025-08-15T11:39:37","modified_gmt":"2025-08-15T03:39:37","slug":"high-performance-butterfly-valve-cf8m-api609-dn350-wafer-type","status":"publish","type":"product","link":"https:\/\/www.stvvalves.com\/fr\/products\/high-performance-butterfly-valve-cf8m-api609-dn350-wafer-type\/","title":{"rendered":"High Performance Butterfly Valve,CF8M,API609,DN350,Wafer Type"},"content":{"rendered":"<p>Conception et fabrication\u00a0:\u00a0API 609<\/p>\n<p>Dimension face \u00e0 face\u00a0: API609, ISO5752, ASME B16.10<\/p>\n<p>Dimension de connexion de bride\uff1aASME B16.5,ASME B16.47<\/p>\n<p>Test et inspection\u00a0:\u00a0API 598<\/p>\n<p>Pression et temp\u00e9rature nominale\u00a0: API 609, ASME B16.34<br \/>\nGamme de produits<\/p>\n<p>Mat\u00e9riau du corps\u00a0:\u00a0WCB, WC6, WC9, CF8, CF8M, CF3, CF3M, CN7M, LC1<br \/>\nLC2, LC3, LCB, LCC, Monel, alliages 20#, 4A, 5A, C95800, C95500,<\/p>\n<p>Diam\u00e8tre nominal\u00a0: 2\u2033\uff5e120\u2033\uff08DN50~DN3000\uff09<\/p>\n<p>Connexion d&#039;extr\u00e9mit\u00e9\u00a0:\u00a0Double bride, plaquette, cosse, etc.<\/p>\n<p>Plage de pression\u00a0: Classe 150 ~ 600 (PN16 ~ PN100)<\/p>\n<p>Temp\u00e9rature de fonctionnement : -46 \u2103 ~ +550 \u2103<\/p>\n<p>Fonctionnement : Poign\u00e9e, Engrenage, Actionneur \u00e9lectrique, etc.<\/p>\n<p>Structure de joint, \u00e9tanch\u00e9it\u00e9 douce,<br \/>\nConducteur de bouchon<br \/>\nSupport de montage ISO 5211<br \/>\nConnexion, bride, plaquette cosse-plaquette<br \/>\nFonctionnement, type, manuel, engrenage \u00e0 vis sans fin, \u00e9lectrique,<br \/>\nPneumatique, Hydraulique<br \/>\nStructure excentrique, centr\u00e9e<\/p>","protected":false},"excerpt":{"rendered":"<p>STV Valve Technology Group Co., Ltd is a professional leader China High Performance Butterfly Valve ,CF8M High Performance Butterfly Valve\uff0cflanged High Performance Butterfly Valve,API 609 High Performance Butterfly Valve,Wafer type High Performance Butterfly Valve,Lug Type High Performance Butterfly Valve,14 inch High Performance Butterfly Valve,6 inch High Performance Butterfly Valve,10 inch High Performance Butterfly Valve,8 inch High Performance Butterfly Valve,2 inch High Performance Butterfly Valve Manufacture with high quality and competitive price.<\/p>","protected":false},"featured_media":8310,"template":"","meta":[],"product_brand":[],"product_cat":[965,971],"product_tag":[3650,3648,3652,3649,3651,3645,3644,3643,3647,3646],"class_list":{"0":"post-8309","1":"product","2":"type-product","3":"status-publish","4":"has-post-thumbnail","6":"product_cat-butterfly-valve","7":"product_cat-wafer-butterfly-valve","8":"product_tag-10-inch-high-performance-butterfly-valve","9":"product_tag-14-inch-high-performance-butterfly-valve","10":"product_tag-2-inch-high-performance-butterfly-valve-manufacture","11":"product_tag-6-inch-high-performance-butterfly-valve","12":"product_tag-8-inch-high-performance-butterfly-valve","13":"product_tag-api-609-high-performance-butterfly-valve","14":"product_tag-cf8m-high-performance-butterfly-valveflanged-high-performance-butterfly-valve","15":"product_tag-china-high-performance-butterfly-valve","16":"product_tag-lug-type-high-performance-butterfly-valve","17":"product_tag-wafer-type-high-performance-butterfly-valve","19":"first","20":"instock","21":"shipping-taxable","22":"product-type-simple"},"_links":{"self":[{"href":"https:\/\/www.stvvalves.com\/fr\/wp-json\/wp\/v2\/product\/8309","targetHints":{"allow":["GET"]}}],"collection":[{"href":"https:\/\/www.stvvalves.com\/fr\/wp-json\/wp\/v2\/product"}],"about":[{"href":"https:\/\/www.stvvalves.com\/fr\/wp-json\/wp\/v2\/types\/product"}],"wp:featuredmedia":[{"embeddable":true,"href":"https:\/\/www.stvvalves.com\/fr\/wp-json\/wp\/v2\/media\/8310"}],"wp:attachment":[{"href":"https:\/\/www.stvvalves.com\/fr\/wp-json\/wp\/v2\/media?parent=8309"}],"wp:term":[{"taxonomy":"product_brand","embeddable":true,"href":"https:\/\/www.stvvalves.com\/fr\/wp-json\/wp\/v2\/product_brand?post=8309"},{"taxonomy":"product_cat","embeddable":true,"href":"https:\/\/www.stvvalves.com\/fr\/wp-json\/wp\/v2\/product_cat?post=8309"},{"taxonomy":"product_tag","embeddable":true,"href":"https:\/\/www.stvvalves.com\/fr\/wp-json\/wp\/v2\/product_tag?post=8309"}],"curies":[{"name":"wp","href":"https:\/\/api.w.org\/{rel}","templated":true}]}}