{"id":8584,"date":"2025-12-08T16:41:48","date_gmt":"2025-12-08T08:41:48","guid":{"rendered":"https:\/\/www.stvvalves.com\/?post_type=product&#038;p=8584"},"modified":"2025-12-08T16:49:26","modified_gmt":"2025-12-08T08:49:26","slug":"forged-astm-a182-f51-globe-valve-1-1-2-inch-800-lb-api-602-sw","status":"publish","type":"product","link":"https:\/\/www.stvvalves.com\/fr\/products\/forged-astm-a182-f51-globe-valve-1-1-2-inch-800-lb-api-602-sw\/","title":{"rendered":"Forged ASTM A182 F51 Globe Valve, 11\/2 Inch, 800 LB, API 602, SW"},"content":{"rendered":"<p>Conception et fabrication conformes \u00e0 BS 5352, ANSI B16.34<\/p>\n<p>Les extr\u00e9mit\u00e9s de connexion sont conformes \u00e0\u00a0:<\/p>\n<p>1. Les extr\u00e9mit\u00e9s soud\u00e9es sont conformes \u00e0 la norme ANSI B16.11.<\/p>\n<p>2. Les extr\u00e9mit\u00e9s des vis sont conformes \u00e0 ANSI B1.20.1<\/p>\n<p>3..Les extr\u00e9mit\u00e9s soud\u00e9es bout \u00e0 bout sont conformes \u00e0 la norme ANSI B16.25<\/p>\n<p>Test et inspection conformes \u00e0 :API 598<\/p>\n<p>1) Informations sur le produit : les vannes fournies sont principalement utilis\u00e9es pour l&#039;eau, l&#039;air, le p\u00e9trole, le gaz.<br \/>\n2) Type de connexion\u00a0: type \u00e0 bride, type de soudage par douille, type de soudage bout \u00e0 bout, type \u00e0 vis<br \/>\n3) Mat\u00e9riel\u00a0:<br \/>\na) Carrosserie : A105, LCB, F11, F22, F304, F316, F304L, F316L<br \/>\nb) Disque : A105, LCB, F11, F22, F304, F316, F304L, F316L<br \/>\nc) Tige : F6a, F11, F22, F304, F316, F304L, F316L<br \/>\nd) Capot : A105, LCB, F11, F22, F304, F316, F304L, F316L<br \/>\n4) Taille : 15-50 mm\/1\/2\u2033 \u2013 2\u2033<br \/>\n5) Cat\u00e9gorie de pression : PN16~PN100, 150Lb~2500Lb<br \/>\n6) Rev\u00eatement\u00a0:\u00a0Rev\u00eatement selon l&#039;exigence des clients<br \/>\n7) Paquet : Caisses en bois<\/p>\n<p>Caract\u00e9ristiques:<br \/>\nA compact but extremely sturdy design for high pressure-temperature service.<br \/>\n\u00b7Bolted or Welded Bonnet.<br \/>\n\u00b7Flanged, Threaded or Socket Weld Ends.<br \/>\n\u00b7Forged Carbon, Stainless or Alloy Steel Materials.<br \/>\n\u00b7Available in all trim configurations.<br \/>\n\u00b7Full Port option available for classes 150 &#8211; 2500.<\/p>\n<table>\n<tbody>\n<tr>\n<td width=\"200\"><strong>Nom du produit<\/strong><\/td>\n<td width=\"481\">Forged ASTM A182 F51 Globe Valve, 11\/2 Inch, 800 LB, API 602, SW<\/td>\n<\/tr>\n<tr>\n<td width=\"200\">1. Mat\u00e9riel<\/td>\n<td width=\"481\">F51<\/td>\n<\/tr>\n<tr>\n<td width=\"200\">2. Taille<\/td>\n<td width=\"481\">11\/2\u201d<\/td>\n<\/tr>\n<tr>\n<td width=\"200\">4. Port<\/td>\n<td width=\"481\">Port r\u00e9ducteur<\/td>\n<\/tr>\n<tr>\n<td width=\"200\">5. Pression de travail<\/td>\n<td width=\"481\">800 livres<\/td>\n<\/tr>\n<tr>\n<td width=\"200\">6. Fin de la connexion<\/td>\n<td width=\"481\">Logiciel<\/td>\n<\/tr>\n<tr>\n<td width=\"200\">7. Temp\u00e9rature de travail.<\/td>\n<td width=\"481\">-29~425\u00baC,<\/td>\n<\/tr>\n<tr>\n<td width=\"200\">8. Support appropri\u00e9<\/td>\n<td width=\"481\">Eau, gaz naturel, p\u00e9trole et certains liquides corrosifs<\/td>\n<\/tr>\n<tr>\n<td width=\"200\">9. Exploit\u00e9<\/td>\n<td width=\"481\">Volant<\/td>\n<\/tr>\n<tr>\n<td width=\"200\">10. Inspection et tests<\/td>\n<td width=\"481\">Selon API598<\/td>\n<\/tr>\n<tr>\n<td width=\"200\"><strong>Exp\u00e9dition<\/strong><\/td>\n<td width=\"481\"><\/td>\n<\/tr>\n<tr>\n<td width=\"200\">D\u00e9lai de livraison<\/td>\n<td width=\"481\">30 jours<\/td>\n<\/tr>\n<tr>\n<td width=\"200\">Emballer<\/td>\n<td width=\"481\">Caisse en contreplaqu\u00e9 d&#039;exportation standard<\/td>\n<\/tr>\n<tr>\n<td width=\"200\">Port d&#039;exp\u00e9dition<\/td>\n<td width=\"481\">Ningbo\/Shanghai, Chine<\/td>\n<\/tr>\n<tr>\n<td width=\"200\">Conditions d&#039;exp\u00e9dition<\/td>\n<td width=\"481\">Exw, FOB, CFR, CIF, etc.<\/td>\n<\/tr>\n<tr>\n<td width=\"200\">Modalit\u00e9s de paiement<\/td>\n<td width=\"481\">T\/T, Western Union, PayPal, etc.<\/td>\n<\/tr>\n<tr>\n<td width=\"200\"><\/td>\n<td width=\"481\">Pr\u00e9paiement 30%, solde 70% pay\u00e9 avant l&#039;exp\u00e9dition<\/td>\n<\/tr>\n<tr>\n<td width=\"200\">Pays d&#039;origine<\/td>\n<td width=\"481\">Ville de Wenzhou, Chine<\/td>\n<\/tr>\n<tr>\n<td width=\"200\">Capacit\u00e9 de production<\/td>\n<td width=\"481\">6000 tonnes\/an<\/td>\n<\/tr>\n<tr>\n<td width=\"200\">MOQ<\/td>\n<td width=\"481\">1 pi\u00e8ces\/taille<\/td>\n<\/tr>\n<\/tbody>\n<\/table>","protected":false},"excerpt":{"rendered":"<h1 class=\"product_title entry-title\">Forged ASTM A182 F51 Globe Valve, 11\/2 Inch, 800 LB, API 602, SW<\/h1>\n<div class=\"woocommerce-product-details__short-description\">\n<p>Model:STV-J61Y-800LB-DN40-F51.<\/p>\n<p>STV Valve Technology Group Co., Ltd is a professional leader China API 602 800LB Globe Valve,Bolt Bonnet Globe valve,11\/2 Inch Bolt Bonnet Globe valve,Forged steel Bonnet Globe valve,f51 Bolt Bonnet Globe valve,SW End Bolt Bonnet Globe valve Manufacturer with high quality and competitive price.<\/p>\n<p>Veuillez contacter notre sales@stvvalve.com pour d&#039;autres mat\u00e9riaux et d\u00e9tails.<\/p>\n<\/div>","protected":false},"featured_media":8585,"template":"","meta":[],"product_brand":[],"product_cat":[64,45],"product_tag":[3791,1110,3790,3792,3384,3386],"class_list":{"0":"post-8584","1":"product","2":"type-product","3":"status-publish","4":"has-post-thumbnail","6":"product_cat-foreged-steel-globe-valve","7":"product_cat-globe-valve","8":"product_tag-11-2-inch-bolt-bonnet-globe-valve","9":"product_tag-bolt-bonnet-globe-valve","10":"product_tag-china-api-602-800lb-globe-valve","11":"product_tag-f51-bolt-bonnet-globe-valve","12":"product_tag-forged-steel-bonnet-globe-valve","13":"product_tag-sw-end-bolt-bonnet-globe-valve-manufacturer","15":"first","16":"instock","17":"shipping-taxable","18":"product-type-simple"},"_links":{"self":[{"href":"https:\/\/www.stvvalves.com\/fr\/wp-json\/wp\/v2\/product\/8584","targetHints":{"allow":["GET"]}}],"collection":[{"href":"https:\/\/www.stvvalves.com\/fr\/wp-json\/wp\/v2\/product"}],"about":[{"href":"https:\/\/www.stvvalves.com\/fr\/wp-json\/wp\/v2\/types\/product"}],"wp:featuredmedia":[{"embeddable":true,"href":"https:\/\/www.stvvalves.com\/fr\/wp-json\/wp\/v2\/media\/8585"}],"wp:attachment":[{"href":"https:\/\/www.stvvalves.com\/fr\/wp-json\/wp\/v2\/media?parent=8584"}],"wp:term":[{"taxonomy":"product_brand","embeddable":true,"href":"https:\/\/www.stvvalves.com\/fr\/wp-json\/wp\/v2\/product_brand?post=8584"},{"taxonomy":"product_cat","embeddable":true,"href":"https:\/\/www.stvvalves.com\/fr\/wp-json\/wp\/v2\/product_cat?post=8584"},{"taxonomy":"product_tag","embeddable":true,"href":"https:\/\/www.stvvalves.com\/fr\/wp-json\/wp\/v2\/product_tag?post=8584"}],"curies":[{"name":"wp","href":"https:\/\/api.w.org\/{rel}","templated":true}]}}