{"id":8586,"date":"2025-12-11T09:54:35","date_gmt":"2025-12-11T01:54:35","guid":{"rendered":"https:\/\/www.stvvalves.com\/?post_type=product&#038;p=8586"},"modified":"2025-12-11T10:26:04","modified_gmt":"2025-12-11T02:26:04","slug":"astm-b148-c95800-gate-valve-8-inch-300-lb-ff-end","status":"publish","type":"product","link":"https:\/\/www.stvvalves.com\/fr\/products\/astm-b148-c95800-gate-valve-8-inch-300-lb-ff-end\/","title":{"rendered":"ASTM B148 C95800 Gate Valve,8 Inch,300 LB, FF End"},"content":{"rendered":"<p><strong>Application:<\/strong><\/p>\n<p>Design&amp;Manucture: API6D\/ASME B16.34<\/p>\n<p>Face to Face Dimensions B16.10<\/p>\n<p>End Flange Dimensions B16.5<\/p>\n<p>Butt Welded Dimensions B16.25<\/p>\n<p>Test&amp;Inespection: API598<\/p>\n<p>&nbsp;<\/p>\n<p><strong>Sp\u00e9cification:<\/strong><\/p>\n<p>Size:2-32&#8243;<\/p>\n<p>Pression\u00a0:\u00a0150-300\u00a0lb<\/p>\n<p>Material:C95800,C95400,C83600<\/p>\n<p>Temperature:-29\u00b0C+260\u00b0C<\/p>\n<p>Service:Sea Water<\/p>\n<p>&nbsp;<\/p>\n<p>Gate Valve full port design OS&amp;Y ,Outside screw and yoke,bolted bonnet.<\/p>\n<p>Flexiable wedge, Fully guided<\/p>\n<p>Choice of solid or split wedge<\/p>\n<p>Renewable seat rings<\/p>\n<p>Forged T-head stem<\/p>\n<p>Rising stem and non-rising handwheel<\/p>\n<p>Flanged or Butt welding ends<\/p>\n<p>Available with BG operator.<\/p>\n<p>ASTM B148 C95800 Corrosion resisting, High Strength, Abrasive resistance.<\/p>\n<p>&nbsp;<\/p>\n<p>&nbsp;<\/p>\n<table width=\"751\">\n<tbody>\n<tr>\n<td>Nom du produit\u00a0:<\/td>\n<td>ASTM B148 C95800 Gate Valve,8 Inch,300 LB, FF End<\/td>\n<\/tr>\n<tr>\n<td>1.Mat\u00e9riel:<\/td>\n<td>C95800<\/td>\n<\/tr>\n<tr>\n<td>2. Taille\u00a0:<\/td>\n<td>8\u2033<\/td>\n<\/tr>\n<tr>\n<td>3.Port\u00a0:<\/td>\n<td>COMPLET<\/td>\n<\/tr>\n<tr>\n<td>4. Temp\u00e9rature de fonctionnement\u00a0:<\/td>\n<td>-29 \u00b0C-260 \u00b0C<\/td>\n<\/tr>\n<tr>\n<td>5.Fin de connexion\u00a0:<\/td>\n<td>FR<\/td>\n<\/tr>\n<tr>\n<td>6. Pression de travail\u00a0:<\/td>\n<td>300LB<\/td>\n<\/tr>\n<tr>\n<td>7. Support appropri\u00e9\u00a0:<\/td>\n<td>Eau, gaz naturel, p\u00e9trole et certains liquides corrosifs<\/td>\n<\/tr>\n<tr>\n<td>8.Exploit\u00e9\u00a0:<\/td>\n<td>\/<\/td>\n<\/tr>\n<tr>\n<td>9. Inspection et tests<\/td>\n<td>Selon API 598<\/td>\n<\/tr>\n<tr>\n<td>Certificat:<\/td>\n<td>OIN, CE\/API 6D<\/td>\n<\/tr>\n<tr>\n<td><strong>Exp\u00e9dition<\/strong><\/td>\n<td><\/td>\n<\/tr>\n<tr>\n<td>D\u00e9lai de livraison<\/td>\n<td>30 jours<\/td>\n<\/tr>\n<tr>\n<td>Emballer<\/td>\n<td>Caisse en contreplaqu\u00e9 d&#039;exportation standard<\/td>\n<\/tr>\n<tr>\n<td>Port d&#039;exp\u00e9dition<\/td>\n<td>Ningbo\/Shanghai, Chine<\/td>\n<\/tr>\n<tr>\n<td>Conditions d&#039;exp\u00e9dition<\/td>\n<td>Exw, FOB, CFR, CIF, etc.<\/td>\n<\/tr>\n<tr>\n<td>Modalit\u00e9s de paiement<\/td>\n<td>T\/T, Western Union, PayPal, etc.<\/td>\n<\/tr>\n<tr>\n<td><\/td>\n<td>Pr\u00e9paiement 30%, solde 70% pay\u00e9 avant l&#039;exp\u00e9dition<\/td>\n<\/tr>\n<tr>\n<td>Pays d&#039;origine<\/td>\n<td>Ville de Wenzhou, Chine<\/td>\n<\/tr>\n<tr>\n<td>Capacit\u00e9 de production<\/td>\n<td>6000 tonnes\/an<\/td>\n<\/tr>\n<tr>\n<td>MOQ<\/td>\n<td>10 pi\u00e8ces\/taille<\/td>\n<\/tr>\n<\/tbody>\n<\/table>","protected":false},"excerpt":{"rendered":"<p>STV Valve Technology Group Co., Ltd is China 300LB C95800 Gate Valve Manufacture,China 300LB C95800 Gate Valve Supplier, China 300LB C95800 Gate Valve Facotry. 8 Inch ASTM B148 C95800 Gate Valve,300LB C95800 Gate Valve in China.<\/p>\n<p>&nbsp;<\/p>","protected":false},"featured_media":8587,"template":"","meta":[],"product_brand":[],"product_cat":[44,58],"product_tag":[3795,3796,3797,3793,3794],"class_list":{"0":"post-8586","1":"product","2":"type-product","3":"status-publish","4":"has-post-thumbnail","6":"product_cat-gate-valve","7":"product_cat-cast-steel-gate-valve","8":"product_tag-300lb-c95800-gate-valve-in-china","9":"product_tag-8-inch-astm-b148-c95800-gate-valve","10":"product_tag-china-300lb-c95800-gate-valve-facotry","11":"product_tag-china-300lb-c95800-gate-valve-manufacture","12":"product_tag-china-300lb-c95800-gate-valve-supplier","14":"first","15":"instock","16":"shipping-taxable","17":"product-type-simple"},"_links":{"self":[{"href":"https:\/\/www.stvvalves.com\/fr\/wp-json\/wp\/v2\/product\/8586","targetHints":{"allow":["GET"]}}],"collection":[{"href":"https:\/\/www.stvvalves.com\/fr\/wp-json\/wp\/v2\/product"}],"about":[{"href":"https:\/\/www.stvvalves.com\/fr\/wp-json\/wp\/v2\/types\/product"}],"wp:featuredmedia":[{"embeddable":true,"href":"https:\/\/www.stvvalves.com\/fr\/wp-json\/wp\/v2\/media\/8587"}],"wp:attachment":[{"href":"https:\/\/www.stvvalves.com\/fr\/wp-json\/wp\/v2\/media?parent=8586"}],"wp:term":[{"taxonomy":"product_brand","embeddable":true,"href":"https:\/\/www.stvvalves.com\/fr\/wp-json\/wp\/v2\/product_brand?post=8586"},{"taxonomy":"product_cat","embeddable":true,"href":"https:\/\/www.stvvalves.com\/fr\/wp-json\/wp\/v2\/product_cat?post=8586"},{"taxonomy":"product_tag","embeddable":true,"href":"https:\/\/www.stvvalves.com\/fr\/wp-json\/wp\/v2\/product_tag?post=8586"}],"curies":[{"name":"wp","href":"https:\/\/api.w.org\/{rel}","templated":true}]}}