{"id":8609,"date":"2025-12-13T13:50:27","date_gmt":"2025-12-13T05:50:27","guid":{"rendered":"https:\/\/www.stvvalves.com\/?post_type=product&#038;p=8609"},"modified":"2025-12-13T13:58:12","modified_gmt":"2025-12-13T05:58:12","slug":"pressure-seal-gate-valve-2500lb-wc9-18-inch-bw-end","status":"publish","type":"product","link":"https:\/\/www.stvvalves.com\/fr\/products\/pressure-seal-gate-valve-2500lb-wc9-18-inch-bw-end\/","title":{"rendered":"Pressure Seal Gate Valve, 2500LB, WC9,18 Inch, BW End"},"content":{"rendered":"<p>Conception et fabrication\u00a0: Vanne \u00e0 vanne en acier moul\u00e9 selon API 600 (ISO 10434) \u3001 API 6D\u00a0; Vanne \u00e0 vanne en acier inoxydable moul\u00e9 selon API 603 \u3001 API 600<\/p>\n<p>Inspection et test\u00a0: API598, API600 ou API 6D<\/p>\n<p>Dimension de la bride d&#039;extr\u00e9mit\u00e9\u00a0: ASME B16.5 (pour NPS \u2264 24, ASME B 16.47 s\u00e9rie B, API 605, ASME B16.47 s\u00e9rie A, MSS SP-44 (pour NPS &gt; 24)<\/p>\n<p>Dimension d&#039;extr\u00e9mit\u00e9 BW \uff1a ASME B16.25<\/p>\n<p>Face \u00e0 face et bout \u00e0 bout \uff1a ASME B16.10<\/p>\n<p>Indices de pression et de temp\u00e9rature\u00a0:\u00a0ASME B16.34<\/p>\n<p>Gamme de produits<\/p>\n<p>Body material:<\/p>\n<p>ASTM A216 WCB, A217 WC6,A351 CF8,A351 CF8M,<\/p>\n<p>A351 CF3,A351 CF3M,A351 CN7M etc.<\/p>\n<p>Diam\u00e8tre nominal\u00a0: 2\u2033~36\u2033 (DN50~DN900)<\/p>\n<p>Connexion d&#039;extr\u00e9mit\u00e9\u00a0: RF, RTJ, BW<\/p>\n<p>Plage de pression\u00a0: Classe 150 ~ 900 (PN16 ~ PN150)<\/p>\n<p>Working temperature: -29\u2103~+560\u2103<\/p>\n<p>Operation: Hand wheel\u00a0 , Gear\u00a0 ,Electric\u00a0 Actuator ,etc.<\/p>\n<p>&nbsp;<\/p>\n<table>\n<tbody>\n<tr>\n<td width=\"200\"><strong>Nom du produit<\/strong><\/td>\n<td width=\"481\">\u00a0Pressure Seal Gate Valve, 2500LB, WC9,18 Inch, BW End<\/td>\n<\/tr>\n<tr>\n<td width=\"200\">1. Mat\u00e9riel<\/td>\n<td width=\"481\">WCB<\/td>\n<\/tr>\n<tr>\n<td width=\"200\">2. Taille<\/td>\n<td width=\"481\">18&quot;<\/td>\n<\/tr>\n<tr>\n<td width=\"200\">4. Port<\/td>\n<td width=\"481\">Port complet<\/td>\n<\/tr>\n<tr>\n<td width=\"200\">5. Pression de travail<\/td>\n<td width=\"481\">2500 lb<\/td>\n<\/tr>\n<tr>\n<td width=\"200\">6. Fin de la connexion<\/td>\n<td width=\"481\">PC<\/td>\n<\/tr>\n<tr>\n<td width=\"200\">7. Temp\u00e9rature de travail.<\/td>\n<td width=\"481\">-29~590\u00baC,<\/td>\n<\/tr>\n<tr>\n<td width=\"200\">8. Support appropri\u00e9<\/td>\n<td width=\"481\">Eau, gaz naturel, p\u00e9trole et certains liquides corrosifs<\/td>\n<\/tr>\n<tr>\n<td width=\"200\">9. Exploit\u00e9<\/td>\n<td width=\"481\">Bo\u00eete de vitesses<\/td>\n<\/tr>\n<tr>\n<td width=\"200\">10. Inspection et tests<\/td>\n<td width=\"481\">Selon API598<\/td>\n<\/tr>\n<tr>\n<td width=\"200\"><strong>Exp\u00e9dition<\/strong><\/td>\n<td width=\"481\"><\/td>\n<\/tr>\n<tr>\n<td width=\"200\">D\u00e9lai de livraison<\/td>\n<td width=\"481\">30 jours<\/td>\n<\/tr>\n<tr>\n<td width=\"200\">Emballer<\/td>\n<td width=\"481\">Caisse en contreplaqu\u00e9 d&#039;exportation standard<\/td>\n<\/tr>\n<tr>\n<td width=\"200\">Port d&#039;exp\u00e9dition<\/td>\n<td width=\"481\">Ningbo\/Shanghai, Chine<\/td>\n<\/tr>\n<tr>\n<td width=\"200\">Conditions d&#039;exp\u00e9dition<\/td>\n<td width=\"481\">Exw, FOB, CFR, CIF, etc.<\/td>\n<\/tr>\n<tr>\n<td width=\"200\">Modalit\u00e9s de paiement<\/td>\n<td width=\"481\">T\/T, Western Union, PayPal, etc.<\/td>\n<\/tr>\n<tr>\n<td width=\"200\"><\/td>\n<td width=\"481\">Pr\u00e9paiement 30%, solde 70% pay\u00e9 avant l&#039;exp\u00e9dition<\/td>\n<\/tr>\n<tr>\n<td width=\"200\">Pays d&#039;origine<\/td>\n<td width=\"481\">Ville de Wenzhou, Chine<\/td>\n<\/tr>\n<tr>\n<td width=\"200\">Capacit\u00e9 de production<\/td>\n<td width=\"481\">6000 tonnes\/an<\/td>\n<\/tr>\n<tr>\n<td width=\"200\">MOQ<\/td>\n<td width=\"481\">1 pi\u00e8ces\/taille<\/td>\n<\/tr>\n<\/tbody>\n<\/table>","protected":false},"excerpt":{"rendered":"<p>STV Valve Technology Group Co., Ltd is a professional leader China Pressure Seal Gate Valve, 2500LB Pressure Seal Gate Valve, WC9 Pressure Seal Gate Valve,18 Inch Pressure Seal Gate Valve, BW End Pressure Seal Gate Valve, Pressure\u00a0Seal Gate Valve Manufacturer with high quality and competitive price.<\/p>","protected":false},"featured_media":8610,"template":"","meta":[],"product_brand":[],"product_cat":[58,44],"product_tag":[2595,3822,3824,350,2746,3823],"class_list":{"0":"post-8609","1":"product","2":"type-product","3":"status-publish","4":"has-post-thumbnail","6":"product_cat-cast-steel-gate-valve","7":"product_cat-gate-valve","8":"product_tag-18-inch-pressure-seal-gate-valve","9":"product_tag-2500lb-pressure-seal-gate-valve","10":"product_tag-bw-end-pressure-seal-gate-valve","11":"product_tag-china-pressure-seal-gate-valve","12":"product_tag-pressure-seal-gate-valve-manufacturer","13":"product_tag-wc9-pressure-seal-gate-valve","15":"first","16":"instock","17":"shipping-taxable","18":"product-type-simple"},"_links":{"self":[{"href":"https:\/\/www.stvvalves.com\/fr\/wp-json\/wp\/v2\/product\/8609","targetHints":{"allow":["GET"]}}],"collection":[{"href":"https:\/\/www.stvvalves.com\/fr\/wp-json\/wp\/v2\/product"}],"about":[{"href":"https:\/\/www.stvvalves.com\/fr\/wp-json\/wp\/v2\/types\/product"}],"wp:featuredmedia":[{"embeddable":true,"href":"https:\/\/www.stvvalves.com\/fr\/wp-json\/wp\/v2\/media\/8610"}],"wp:attachment":[{"href":"https:\/\/www.stvvalves.com\/fr\/wp-json\/wp\/v2\/media?parent=8609"}],"wp:term":[{"taxonomy":"product_brand","embeddable":true,"href":"https:\/\/www.stvvalves.com\/fr\/wp-json\/wp\/v2\/product_brand?post=8609"},{"taxonomy":"product_cat","embeddable":true,"href":"https:\/\/www.stvvalves.com\/fr\/wp-json\/wp\/v2\/product_cat?post=8609"},{"taxonomy":"product_tag","embeddable":true,"href":"https:\/\/www.stvvalves.com\/fr\/wp-json\/wp\/v2\/product_tag?post=8609"}],"curies":[{"name":"wp","href":"https:\/\/api.w.org\/{rel}","templated":true}]}}