{"id":8735,"date":"2025-12-30T23:05:18","date_gmt":"2025-12-30T15:05:18","guid":{"rendered":"https:\/\/www.stvvalves.com\/?post_type=product&#038;p=8735"},"modified":"2025-12-30T23:12:12","modified_gmt":"2025-12-30T15:12:12","slug":"300lb-u-type-strainer-wcb-6-inch-flange-end","status":"publish","type":"product","link":"https:\/\/www.stvvalves.com\/fr\/products\/300lb-u-type-strainer-wcb-6-inch-flange-end\/","title":{"rendered":"300LB U Type Strainer, WCB,6 Inch,Flange End"},"content":{"rendered":"<p>Product name: 300LB U Type Strainer, WCB,6 Inch,Flange End<br \/>\nConception\u00a0:\u00a0ASME B16.34.<br \/>\nMat\u00e9riau : ASTM A216 WCB.<br \/>\nTaille nominale : 6 pouces.<br \/>\nPression nominale : Classe 300 LB.<br \/>\nConnexion finale\u00a0: RF.<br \/>\nFace \u00e0 face : ASME B16.10.<br \/>\nTest et inspection\u00a0: API 598.<\/p>\n<p>Gamme de produits\u00a0:<br \/>\nMat\u00e9riau du corps : acier au carbone, acier inoxydable, acier alli\u00e9.<br \/>\nDiam\u00e8tre normal : 1\u2033 \u2013 8 pouces (DN25 \u2013 DN200).<br \/>\nConnexion d&#039;extr\u00e9mit\u00e9\u00a0: BW, \u00e0 bride.<br \/>\nPlage de pression : 150 \u2013 300 LB (PN16 \u2013 PN40).<br \/>\nTemp\u00e9rature de fonctionnement : -196\u2103 \u2013 +573\u2103.<\/p>\n<table>\n<tbody>\n<tr>\n<td width=\"200\"><strong>Nom du produit<\/strong><\/td>\n<td width=\"481\">300LB U Type Strainer, WCB,6 Inch,Flange End<\/td>\n<\/tr>\n<tr>\n<td width=\"200\">1. Mat\u00e9riel<\/td>\n<td width=\"481\">WCB<\/td>\n<\/tr>\n<tr>\n<td width=\"200\">2. Taille<\/td>\n<td width=\"481\">6&quot;<\/td>\n<\/tr>\n<tr>\n<td width=\"200\">4. Port<\/td>\n<td width=\"481\">Port complet<\/td>\n<\/tr>\n<tr>\n<td width=\"200\">5. Pression de travail<\/td>\n<td width=\"481\">300LB<\/td>\n<\/tr>\n<tr>\n<td width=\"200\">6. Fin de la connexion<\/td>\n<td width=\"481\">RF<\/td>\n<\/tr>\n<tr>\n<td width=\"200\">7. Temp\u00e9rature de travail.<\/td>\n<td width=\"481\">-29~425\u00baC,<\/td>\n<\/tr>\n<tr>\n<td width=\"200\">8. Support appropri\u00e9<\/td>\n<td width=\"481\">Eau, gaz naturel, p\u00e9trole et certains liquides corrosifs<\/td>\n<\/tr>\n<tr>\n<td width=\"200\">9. Exploit\u00e9<\/td>\n<td width=\"481\">\/<\/td>\n<\/tr>\n<tr>\n<td width=\"200\">10. Inspection et tests<\/td>\n<td width=\"481\">API598<\/td>\n<\/tr>\n<tr>\n<td width=\"200\"><strong>Exp\u00e9dition<\/strong><\/td>\n<td width=\"481\"><\/td>\n<\/tr>\n<tr>\n<td width=\"200\">D\u00e9lai de livraison<\/td>\n<td width=\"481\">30 jours<\/td>\n<\/tr>\n<tr>\n<td width=\"200\">Emballer<\/td>\n<td width=\"481\">Caisse en contreplaqu\u00e9 d&#039;exportation standard<\/td>\n<\/tr>\n<tr>\n<td width=\"200\">Port d&#039;exp\u00e9dition<\/td>\n<td width=\"481\">Ningbo\/Shanghai, Chine<\/td>\n<\/tr>\n<tr>\n<td width=\"200\">Conditions d&#039;exp\u00e9dition<\/td>\n<td width=\"481\">Exw, FOB, CFR, CIF, etc.<\/td>\n<\/tr>\n<tr>\n<td width=\"200\">Modalit\u00e9s de paiement<\/td>\n<td width=\"481\">T\/T, Western Union, PayPal, etc.<\/td>\n<\/tr>\n<tr>\n<td width=\"200\"><\/td>\n<td width=\"481\">Pr\u00e9paiement 30%, solde 70% pay\u00e9 avant l&#039;exp\u00e9dition<\/td>\n<\/tr>\n<tr>\n<td width=\"200\">Pays d&#039;origine<\/td>\n<td width=\"481\">Ville de Wenzhou, Chine<\/td>\n<\/tr>\n<tr>\n<td width=\"200\">Capacit\u00e9 de production<\/td>\n<td width=\"481\">6000 tonnes\/an<\/td>\n<\/tr>\n<tr>\n<td width=\"200\">MOQ<\/td>\n<td width=\"481\">1 pi\u00e8ces\/taille<\/td>\n<\/tr>\n<\/tbody>\n<\/table>","protected":false},"excerpt":{"rendered":"<p>STV Valve Technology Group C o., Ltd is a professional leader China 300LB U Type Strainer ,Flange \u00a0U Type Strainer,ASTM A216 WCB 300LB U Type Strainer,ASME B16.34\u00a0 300LB U Type Strainer,6 Inch\u00a0 U Type Strainer. 40 MESH U Type Strainer,SS304 Screen U Type Strainer manufacturer with high quality and competitive price.<\/p>","protected":false},"featured_media":8736,"template":"","meta":[],"product_brand":[],"product_cat":[48,72],"product_tag":[3896,3895,3894,3892,3893,3897],"class_list":{"0":"post-8735","1":"product","2":"type-product","3":"status-publish","4":"has-post-thumbnail","6":"product_cat-y-strainer","7":"product_cat-cast-steel-y-type-strainer","8":"product_tag-6-inch-u-type-strainer-40-mesh-u-type-strainer","9":"product_tag-asme-b16-34-300lb-u-type-strainer","10":"product_tag-astm-a216-wcb-300lb-u-type-strainer","11":"product_tag-china-300lb-u-type-strainer","12":"product_tag-flange-u-type-strainer","13":"product_tag-ss304-screen-u-type-strainer-manufacturer","15":"first","16":"instock","17":"shipping-taxable","18":"product-type-simple"},"_links":{"self":[{"href":"https:\/\/www.stvvalves.com\/fr\/wp-json\/wp\/v2\/product\/8735","targetHints":{"allow":["GET"]}}],"collection":[{"href":"https:\/\/www.stvvalves.com\/fr\/wp-json\/wp\/v2\/product"}],"about":[{"href":"https:\/\/www.stvvalves.com\/fr\/wp-json\/wp\/v2\/types\/product"}],"wp:featuredmedia":[{"embeddable":true,"href":"https:\/\/www.stvvalves.com\/fr\/wp-json\/wp\/v2\/media\/8736"}],"wp:attachment":[{"href":"https:\/\/www.stvvalves.com\/fr\/wp-json\/wp\/v2\/media?parent=8735"}],"wp:term":[{"taxonomy":"product_brand","embeddable":true,"href":"https:\/\/www.stvvalves.com\/fr\/wp-json\/wp\/v2\/product_brand?post=8735"},{"taxonomy":"product_cat","embeddable":true,"href":"https:\/\/www.stvvalves.com\/fr\/wp-json\/wp\/v2\/product_cat?post=8735"},{"taxonomy":"product_tag","embeddable":true,"href":"https:\/\/www.stvvalves.com\/fr\/wp-json\/wp\/v2\/product_tag?post=8735"}],"curies":[{"name":"wp","href":"https:\/\/api.w.org\/{rel}","templated":true}]}}