{"id":8757,"date":"2025-12-31T19:57:48","date_gmt":"2025-12-31T11:57:48","guid":{"rendered":"https:\/\/www.stvvalves.com\/?post_type=product&#038;p=8757"},"modified":"2025-12-31T20:02:15","modified_gmt":"2025-12-31T12:02:15","slug":"2pc-flange-ball-valve-dn50-150lb-304-body-rf-end","status":"publish","type":"product","link":"https:\/\/www.stvvalves.com\/fr\/products\/2pc-flange-ball-valve-dn50-150lb-304-body-rf-end\/","title":{"rendered":"2PC Flange Ball Valve,DN50,150LB,304 Body,RF END"},"content":{"rendered":"<p>Disponible en acier inoxydable ou en acier au carbone<br \/>\nLe corps et la fin sont un argument d&#039;investissement<br \/>\nGarniture de tige auto-ajustable<br \/>\nConception de tige anti-\u00e9ruption<br \/>\nDouble 100 air test\u00e9 sous l&#039;eau \u00e0 100 psi<br \/>\nPression de service ANSI 150<br \/>\nPlage de temp\u00e9rature : -29\u00b0C \u00e0 +120\u00b0C<br \/>\nSupport de montage ISO 5211<br \/>\nType d&#039;embout : extr\u00e9mit\u00e9 \u00e0 bride (ANSI 150)<br \/>\nDimension de la bride\u00a0: ANSI face \u00e0 face<br \/>\nB16.10\u00a0; raccord \u00e0 bride ANSI B16.50<\/p>\n<p>Sp\u00e9cifications techniques:<\/p>\n<p>Norme de conception et de fabrication\u00a0: API 6D, API 608<\/p>\n<p>Norme de pression et de temp\u00e9rature\u00a0: ASME B16.34<\/p>\n<p>Norme de dimension face \u00e0 face\u00a0: ASME B16.10<\/p>\n<p>Norme de bride\u00a0: ASME B16.5, ASME B16.47<\/p>\n<p>Norme de test et d&#039;inspection\u00a0: API 598, API 6D<\/p>\n<p>&nbsp;<\/p>\n<table>\n<tbody>\n<tr>\n<td width=\"200\"><strong>Nom du produit<\/strong><\/td>\n<td width=\"481\">2PC Flange Ball Valve,DN50,150LB,304 Body,RF END<\/td>\n<\/tr>\n<tr>\n<td width=\"200\">1. Mat\u00e9riel<\/td>\n<td width=\"481\">CF8<\/td>\n<\/tr>\n<tr>\n<td width=\"200\">2. Taille<\/td>\n<td width=\"481\">2&quot;<\/td>\n<\/tr>\n<tr>\n<td width=\"200\">4. Port<\/td>\n<td width=\"481\">Port complet<\/td>\n<\/tr>\n<tr>\n<td width=\"200\">5. Pression de travail<\/td>\n<td width=\"481\">150 livres<\/td>\n<\/tr>\n<tr>\n<td width=\"200\">6. Fin de la connexion<\/td>\n<td width=\"481\">RF<\/td>\n<\/tr>\n<tr>\n<td width=\"200\">7. Temp\u00e9rature de travail.<\/td>\n<td width=\"481\">-29~180\u00baC,<\/td>\n<\/tr>\n<tr>\n<td width=\"200\">8. Support appropri\u00e9<\/td>\n<td width=\"481\">Eau, gaz naturel, p\u00e9trole et certains liquides corrosifs<\/td>\n<\/tr>\n<tr>\n<td width=\"200\">9. Exploit\u00e9<\/td>\n<td width=\"481\">Volant<\/td>\n<\/tr>\n<tr>\n<td width=\"200\">10. Inspection et tests<\/td>\n<td width=\"481\">Selon API598<\/td>\n<\/tr>\n<tr>\n<td width=\"200\"><strong>Exp\u00e9dition<\/strong><\/td>\n<td width=\"481\"><\/td>\n<\/tr>\n<tr>\n<td width=\"200\">D\u00e9lai de livraison<\/td>\n<td width=\"481\">30 jours<\/td>\n<\/tr>\n<tr>\n<td width=\"200\">Emballer<\/td>\n<td width=\"481\">Caisse en contreplaqu\u00e9 d&#039;exportation standard<\/td>\n<\/tr>\n<tr>\n<td width=\"200\">Port d&#039;exp\u00e9dition<\/td>\n<td width=\"481\">Ningbo\/Shanghai, Chine<\/td>\n<\/tr>\n<tr>\n<td width=\"200\">Conditions d&#039;exp\u00e9dition<\/td>\n<td width=\"481\">Exw, FOB, CFR, CIF, etc.<\/td>\n<\/tr>\n<tr>\n<td width=\"200\">Modalit\u00e9s de paiement<\/td>\n<td width=\"481\">T\/T, Western Union, PayPal, etc.<\/td>\n<\/tr>\n<tr>\n<td width=\"200\"><\/td>\n<td width=\"481\">Pr\u00e9paiement 30%, solde 70% pay\u00e9 avant l&#039;exp\u00e9dition<\/td>\n<\/tr>\n<tr>\n<td width=\"200\">Pays d&#039;origine<\/td>\n<td width=\"481\">Ville de Wenzhou, Chine<\/td>\n<\/tr>\n<tr>\n<td width=\"200\">Capacit\u00e9 de production<\/td>\n<td width=\"481\">6000 tonnes\/an<\/td>\n<\/tr>\n<tr>\n<td width=\"200\">MOQ<\/td>\n<td width=\"481\">1 pi\u00e8ces\/taille<\/td>\n<\/tr>\n<\/tbody>\n<\/table>","protected":false},"excerpt":{"rendered":"<p>Mod\u00e8le\u00a0: Q41F-150LB-WCB<\/p>\n<p>Carbon Steel Flange Ball Valve is\u00a0 full bore 2 piece Ball Valve.150 lB Flange ,it is a\u00a0 304 body and stainless steel 316\/304 ball, with TFM seats for High Temperatures.<\/p>\n<p>La vanne est conforme au support de montage direct ISO 5211 pour un actionnement facile et est fournie avec une poign\u00e9e \u00e0 levier verrouillable con\u00e7ue.<\/p>\n<p>La vanne offre un fonctionnement s\u00fbr dans de nombreuses applications industrielles et chimiques et est id\u00e9ale \u00e0 la fois pour une isolation manuelle et facile \u00e0 actionner avec des caract\u00e9ristiques de couple faibles associ\u00e9es \u00e0 des d\u00e9bits \u00e9lev\u00e9s.<\/p>\n<p>STV Valve Technology Group Co., Ltd is a professional leader China 2pc Flange Ball Valve,Carbon Steel Split Body Ball Valve,Flanged Ball Valves,Flanged 304 Ball Valve With Locking Device,Flanged Full Port 304 Ball Valve,China 304 Ball Valve, ANSI 150 Ball Valve, Fire Safe Ball Valve Manufacturer with high quality and competitive price.<\/p>\n<p>Veuillez contacter notre sales@stvvalve.com pour d&#039;autres mat\u00e9riaux et d\u00e9tails.<\/p>\n<p>Feuille de dates\u00a0:\u00a0<a href=\"https:\/\/www.stvvalves.com\/wp-content\/uploads\/2018\/12\/carbon-steel-flange-ball-valve-dn50-150lb-304-trim-rf-end-drawing.pdf\">Robinet \u00e0 bille \u00e0 bride en acier au carbone, DN50, 150LB, garniture 304, extr\u00e9mit\u00e9 RF<\/a><\/p>","protected":false},"featured_media":8758,"template":"","meta":[],"product_brand":[],"product_cat":[43,54,80,78],"product_tag":[3938,410,3934,3937,3939,3935,401,3936,407,411],"class_list":{"0":"post-8757","1":"product","2":"type-product","3":"status-publish","4":"has-post-thumbnail","6":"product_cat-ball-valve","7":"product_cat-cast-steel-ball-valve","8":"product_cat-flange-ball-valve","9":"product_cat-floating-ball-valve","10":"product_tag-ansi-150-ball-valve","11":"product_tag-carbon-steel-split-body-ball-valve","12":"product_tag-china-2pc-flange-ball-valve","13":"product_tag-china-304-ball-valve","14":"product_tag-fire-safe-ball-valve-manufacturer","15":"product_tag-flanged-304-ball-valve-with-locking-device","16":"product_tag-flanged-ball-valves","17":"product_tag-flanged-full-port-304-ball-valve","18":"product_tag-flanged-standard-bore-ball-valves","19":"product_tag-full-port-flanged-ball-valves","21":"first","22":"instock","23":"shipping-taxable","24":"product-type-simple"},"_links":{"self":[{"href":"https:\/\/www.stvvalves.com\/fr\/wp-json\/wp\/v2\/product\/8757","targetHints":{"allow":["GET"]}}],"collection":[{"href":"https:\/\/www.stvvalves.com\/fr\/wp-json\/wp\/v2\/product"}],"about":[{"href":"https:\/\/www.stvvalves.com\/fr\/wp-json\/wp\/v2\/types\/product"}],"wp:featuredmedia":[{"embeddable":true,"href":"https:\/\/www.stvvalves.com\/fr\/wp-json\/wp\/v2\/media\/8758"}],"wp:attachment":[{"href":"https:\/\/www.stvvalves.com\/fr\/wp-json\/wp\/v2\/media?parent=8757"}],"wp:term":[{"taxonomy":"product_brand","embeddable":true,"href":"https:\/\/www.stvvalves.com\/fr\/wp-json\/wp\/v2\/product_brand?post=8757"},{"taxonomy":"product_cat","embeddable":true,"href":"https:\/\/www.stvvalves.com\/fr\/wp-json\/wp\/v2\/product_cat?post=8757"},{"taxonomy":"product_tag","embeddable":true,"href":"https:\/\/www.stvvalves.com\/fr\/wp-json\/wp\/v2\/product_tag?post=8757"}],"curies":[{"name":"wp","href":"https:\/\/api.w.org\/{rel}","templated":true}]}}