{"id":8792,"date":"2026-01-06T20:09:09","date_gmt":"2026-01-06T12:09:09","guid":{"rendered":"https:\/\/www.stvvalves.com\/?post_type=product&#038;p=8792"},"modified":"2026-01-06T20:20:21","modified_gmt":"2026-01-06T12:20:21","slug":"astm-a182-a105-dbb-ball-valve-8-inch-600-lb-api-6d-rf","status":"publish","type":"product","link":"https:\/\/www.stvvalves.com\/fr\/products\/astm-a182-a105-dbb-ball-valve-8-inch-600-lb-api-6d-rf\/","title":{"rendered":"ASTM A182 A105 DBB Ball Valve, 8 Inch, 600 LB, API 6D, RF"},"content":{"rendered":"<p>Product Item: ASTM A182 A105 DBB Ball Valve, 8 Inch, 600 LB, API 6D, RF<br \/>\nDesign Standard: API 6D<br \/>\nStructure: Three pieces body, Side Entry, Bolted Bonnet, DPE Seats, Double Ball, Compact body<br \/>\nNominal size: 6 Inch<br \/>\nNominal class: 600 LB<br \/>\nBore Type: Full Bore<br \/>\nConnexion d&#039;extr\u00e9mit\u00e9\u00a0: RF<br \/>\nOperation: Gear<br \/>\nBody Material: ASTM A182 LF2<br \/>\nTrim Material: ASTM A182 F6A, PEEK, Lip Seal PTFE+UNS R30003<br \/>\nFace-to-face: Manufacturer Standard<br \/>\nTest and inspection: API 598, API 6D<br \/>\nKey Features: Double Ball, Double-Isolation and Bleed(DIB), Anti-static Device, Fire Safe, Anti-Blowout Stem, Emergency sealant injection, O-ring \/ Lip seal<br \/>\nconfiguration available, Low fugitive emission stem packing available<\/p>\n<p><strong>Gamme de produits<\/strong><br \/>\nBody material: Carbon Steel, Stainless Steel, Alloy Steel<br \/>\nNormal diameter: 1\/2 &#8211; 24 Inch (DN15 &#8211; DN600)<br \/>\nPressure range: 150 &#8211; 2500 LB<br \/>\nEnd connection: RF, RTJ, BW, HUB<br \/>\nWorking temperature: -46\u2103 &#8211; +150\u2103<br \/>\nOperation: Manual(lever, gear), Pneumatic Actuator, Motor Actuator<\/p>\n<table>\n<tbody>\n<tr>\n<td width=\"200\"><strong>Nom du produit<\/strong><\/td>\n<td width=\"481\">ASTM A182 A105 DBB Ball Valve, 8 Inch, 600 LB, API 6D, RF<\/td>\n<\/tr>\n<tr>\n<td width=\"200\">1. Mat\u00e9riel<\/td>\n<td width=\"481\">A105<\/td>\n<\/tr>\n<tr>\n<td width=\"200\">2. Taille<\/td>\n<td width=\"481\">8&quot;<\/td>\n<\/tr>\n<tr>\n<td width=\"200\">4. Port<\/td>\n<td width=\"481\">Port complet<\/td>\n<\/tr>\n<tr>\n<td width=\"200\">5. Pression de travail<\/td>\n<td width=\"481\">600LB<\/td>\n<\/tr>\n<tr>\n<td width=\"200\">6. Fin de la connexion<\/td>\n<td width=\"481\">RF<\/td>\n<\/tr>\n<tr>\n<td width=\"200\">7. Temp\u00e9rature de travail.<\/td>\n<td width=\"481\">-29~120\u00baC,<\/td>\n<\/tr>\n<tr>\n<td width=\"200\">8. Support appropri\u00e9<\/td>\n<td width=\"481\">Eau, gaz naturel, p\u00e9trole et certains liquides corrosifs<\/td>\n<\/tr>\n<tr>\n<td width=\"200\">9. Exploit\u00e9<\/td>\n<td width=\"481\">GEAR BOX<\/td>\n<\/tr>\n<tr>\n<td width=\"200\">10. Inspection et tests<\/td>\n<td width=\"481\">Selon API 598<\/td>\n<\/tr>\n<tr>\n<td width=\"200\"><strong>Exp\u00e9dition<\/strong><\/td>\n<td width=\"481\"><\/td>\n<\/tr>\n<tr>\n<td width=\"200\">D\u00e9lai de livraison<\/td>\n<td width=\"481\">30 jours<\/td>\n<\/tr>\n<tr>\n<td width=\"200\">Emballer<\/td>\n<td width=\"481\">Caisse en contreplaqu\u00e9 d&#039;exportation standard<\/td>\n<\/tr>\n<tr>\n<td width=\"200\">Port d&#039;exp\u00e9dition<\/td>\n<td width=\"481\">Ningbo\/Shanghai, Chine<\/td>\n<\/tr>\n<tr>\n<td width=\"200\">Conditions d&#039;exp\u00e9dition<\/td>\n<td width=\"481\">Exw, FOB, CFR, CIF, etc.<\/td>\n<\/tr>\n<tr>\n<td width=\"200\">Modalit\u00e9s de paiement<\/td>\n<td width=\"481\">T\/T, Western Union, PayPal, etc.<\/td>\n<\/tr>\n<tr>\n<td width=\"200\"><\/td>\n<td width=\"481\">Pr\u00e9paiement 30%, solde 70% pay\u00e9 avant l&#039;exp\u00e9dition<\/td>\n<\/tr>\n<tr>\n<td width=\"200\">Pays d&#039;origine<\/td>\n<td width=\"481\">Ville de Wenzhou, Chine<\/td>\n<\/tr>\n<tr>\n<td width=\"200\">Capacit\u00e9 de production<\/td>\n<td width=\"481\">6000 tonnes\/an<\/td>\n<\/tr>\n<tr>\n<td width=\"200\">MOQ<\/td>\n<td width=\"481\">1 pi\u00e8ces\/taille<\/td>\n<\/tr>\n<\/tbody>\n<\/table>","protected":false},"excerpt":{"rendered":"<p>Model:STV-Q34FF-600LB-DN200-A105<\/p>\n<p>STV Valve Technology Group Co., Ltd is a professional leader China \u00a0Double Block and Bleed Ball Valve,Forged DBB Ball Valve , Double Block ball valve,High pressure DBB Ball Valve,3PC DBB Ball Valve, 3 pc ball valves,600lb DBB Ball Valve,8 Inch DBB Ball Valve, DBB Ball Valve manufacturer with high quality and competitive price.<\/p>\n<p>&nbsp;<\/p>","protected":false},"featured_media":8793,"template":"","meta":[],"product_brand":[],"product_cat":[43,56,55],"product_tag":[894,3988,3989,3990,3984,3991,3986,3985,3987],"class_list":{"0":"post-8792","1":"product","2":"type-product","3":"status-publish","4":"has-post-thumbnail","6":"product_cat-ball-valve","7":"product_cat-trunnion-ball-valve","8":"product_cat-forged-steel-ball-valve","9":"product_tag-3-pc-ball-valves","10":"product_tag-3pc-dbb-ball-valve","11":"product_tag-600lb-dbb-ball-valve","12":"product_tag-8-inch-dbb-ball-valve","13":"product_tag-china-double-block-and-bleed-ball-valve","14":"product_tag-dbb-ball-valve-manufacturer","15":"product_tag-double-block-ball-valve","16":"product_tag-forged-dbb-ball-valve","17":"product_tag-high-pressure-dbb-ball-valve","19":"first","20":"instock","21":"shipping-taxable","22":"product-type-simple"},"_links":{"self":[{"href":"https:\/\/www.stvvalves.com\/fr\/wp-json\/wp\/v2\/product\/8792","targetHints":{"allow":["GET"]}}],"collection":[{"href":"https:\/\/www.stvvalves.com\/fr\/wp-json\/wp\/v2\/product"}],"about":[{"href":"https:\/\/www.stvvalves.com\/fr\/wp-json\/wp\/v2\/types\/product"}],"wp:featuredmedia":[{"embeddable":true,"href":"https:\/\/www.stvvalves.com\/fr\/wp-json\/wp\/v2\/media\/8793"}],"wp:attachment":[{"href":"https:\/\/www.stvvalves.com\/fr\/wp-json\/wp\/v2\/media?parent=8792"}],"wp:term":[{"taxonomy":"product_brand","embeddable":true,"href":"https:\/\/www.stvvalves.com\/fr\/wp-json\/wp\/v2\/product_brand?post=8792"},{"taxonomy":"product_cat","embeddable":true,"href":"https:\/\/www.stvvalves.com\/fr\/wp-json\/wp\/v2\/product_cat?post=8792"},{"taxonomy":"product_tag","embeddable":true,"href":"https:\/\/www.stvvalves.com\/fr\/wp-json\/wp\/v2\/product_tag?post=8792"}],"curies":[{"name":"wp","href":"https:\/\/api.w.org\/{rel}","templated":true}]}}