{"id":8843,"date":"2026-01-17T21:12:57","date_gmt":"2026-01-17T13:12:57","guid":{"rendered":"https:\/\/www.stvvalves.com\/?post_type=product&#038;p=8843"},"modified":"2026-01-17T21:17:40","modified_gmt":"2026-01-17T13:17:40","slug":"bs1873-globe-valve-6-inch-5-trim-600lb-rtj-end","status":"publish","type":"product","link":"https:\/\/www.stvvalves.com\/fr\/products\/bs1873-globe-valve-6-inch-5-trim-600lb-rtj-end\/","title":{"rendered":"BS1873 Globe Valve,6 Inch,5 Trim,600LB,RTJ End"},"content":{"rendered":"<h1>Vanne \u00e0 soupape en acier moul\u00e9 de 600 lb, 6 pouces, 5 garnitures, extr\u00e9mit\u00e9 \u00e0 bride<\/h1>\n<p>Connections: Flanged, Threaded, Socket welded, Butt Weld<\/p>\n<p>Pression nominale\u00a0: PN 1,0 \u00e0 25 Mpa, classe 150 \u00e0 2\u00a0500<\/p>\n<p>Taille : DN15 \u00e0 200 mm, NPS 1\/4\u2033 \u00e0 20\u2033<\/p>\n<p>Temp\u00e9rature : -198\u00b0c \u00e0 +450\u00b0c<\/p>\n<p>Design and Manufacture: ANSI B16.34, API 600, API 6D, API 603, BS1873, BS 5352, DIN 3352<\/p>\n<p>Face \u00e0 face (bout \u00e0 bout) : ANSI B16.10, API 6D, ASME B16.10, EN 558, DIN 3202<\/p>\n<p>Connexion \u00e0 bride : 2\u2033 \u00e0 24\u2033, ANSI B16.5, 26\u2033 \u00e0 36\u2033, MSS-SP-44 \u00e0 API605<\/p>\n<p>Test et inspection\u00a0: API 598, API 6D, DIN 3230<\/p>\n<p>Extr\u00e9mit\u00e9 soud\u00e9e bout \u00e0 bout\u00a0: ANSI B16.5<\/p>\n<p><strong>Pi\u00e8ces et mat\u00e9riaux\u00a0:<\/strong><\/p>\n<p>Corps\u00a0: Titane TA1, TA2, TA10, TC4, GR2, GR3, GR5, acier inoxydable duplex, acier inoxydable super duplex, alliage<\/p>\n<p>20, CN7M, Hastelloy, acier au carbone, WC6, WC9, C5, C12, LCB, CF3M<\/p>\n<p>Bonnet, portail\u00a0: acier inoxydable duplex, acier inoxydable super duplex, alliage 20, CN7M, Hastelloy, acier au carbone, WC6,<\/p>\n<p>WC9, C5, C12, LCB, CF3M, Titane TA1, TA2, TA10, TC4, GR2, GR3, GR5<\/p>\n<p>Garniture\u00a0:\u00a0Incoloy 800, Incoloy 800H, Incoloy 825, SS304, SS316, SS304L, SS316L, 13%Cr.Steel, Stellite, Hastelloy,<\/p>\n<p>Alliage 20, acier inoxydable duplex, acier inoxydable super duplex<\/p>\n<p>Garniture de presse-\u00e9toupe\u00a0: graphite, PTFE<\/p>\n<p>Connexions d&#039;extr\u00e9mit\u00e9\u00a0: \u00e0 bride, \u00e0 douille, \u00e0 souder bout \u00e0 bout<\/p>\n<p>Op\u00e9rations\u00a0: Actionnement par volant, actionnement \u00e9lectrique, actionnement pneumatique<\/p>\n<table>\n<tbody>\n<tr>\n<td width=\"200\"><strong>Nom du produit<\/strong><\/td>\n<td width=\"481\">BS1873 Globe Valve,6 Inch,5 Trim,600LB,RTJ End<\/td>\n<\/tr>\n<tr>\n<td width=\"200\">1. Mat\u00e9riel<\/td>\n<td width=\"481\">WCB<\/td>\n<\/tr>\n<tr>\n<td width=\"200\">2. Taille<\/td>\n<td width=\"481\">6&quot;<\/td>\n<\/tr>\n<tr>\n<td width=\"200\">4. Port<\/td>\n<td width=\"481\">Port complet<\/td>\n<\/tr>\n<tr>\n<td width=\"200\">5. Pression de travail<\/td>\n<td width=\"481\">600 livres<\/td>\n<\/tr>\n<tr>\n<td width=\"200\">6. Fin de la connexion<\/td>\n<td width=\"481\">RTJ<\/td>\n<\/tr>\n<tr>\n<td width=\"200\">7. Temp\u00e9rature de travail.<\/td>\n<td width=\"481\">-29~425\u00baC,<\/td>\n<\/tr>\n<tr>\n<td width=\"200\">8. Support appropri\u00e9<\/td>\n<td width=\"481\">Eau, gaz naturel, p\u00e9trole et certains liquides corrosifs<\/td>\n<\/tr>\n<tr>\n<td width=\"200\">9. Exploit\u00e9<\/td>\n<td width=\"481\">\/<\/td>\n<\/tr>\n<tr>\n<td width=\"200\">10. Inspection et tests<\/td>\n<td width=\"481\">Selon API598<\/td>\n<\/tr>\n<tr>\n<td width=\"200\"><strong>Exp\u00e9dition<\/strong><\/td>\n<td width=\"481\"><\/td>\n<\/tr>\n<tr>\n<td width=\"200\">D\u00e9lai de livraison<\/td>\n<td width=\"481\">30 jours<\/td>\n<\/tr>\n<tr>\n<td width=\"200\">Emballer<\/td>\n<td width=\"481\">Caisse en contreplaqu\u00e9 d&#039;exportation standard<\/td>\n<\/tr>\n<tr>\n<td width=\"200\">Port d&#039;exp\u00e9dition<\/td>\n<td width=\"481\">Ningbo\/Shanghai, Chine<\/td>\n<\/tr>\n<tr>\n<td width=\"200\">Conditions d&#039;exp\u00e9dition<\/td>\n<td width=\"481\">Exw, FOB, CFR, CIF, etc.<\/td>\n<\/tr>\n<tr>\n<td width=\"200\">Modalit\u00e9s de paiement<\/td>\n<td width=\"481\">T\/T, Western Union, PayPal, etc.<\/td>\n<\/tr>\n<tr>\n<td width=\"200\"><\/td>\n<td width=\"481\">Pr\u00e9paiement 30%, solde 70% pay\u00e9 avant l&#039;exp\u00e9dition<\/td>\n<\/tr>\n<tr>\n<td width=\"200\">Pays d&#039;origine<\/td>\n<td width=\"481\">Ville de Wenzhou, Chine<\/td>\n<\/tr>\n<tr>\n<td width=\"200\">Capacit\u00e9 de production<\/td>\n<td width=\"481\">6000 tonnes\/an<\/td>\n<\/tr>\n<tr>\n<td width=\"200\">MOQ<\/td>\n<td width=\"481\">1 pi\u00e8ces\/taille<\/td>\n<\/tr>\n<\/tbody>\n<\/table>","protected":false},"excerpt":{"rendered":"<p>STV Valve Technology Group Co., Ltd is a professional leader China BS1873 Globe Valve Factory, Bolted Bonnet Globe Valves,6 Inch Globe Valves,Flanged RF Ends Globe Valves,WCB globe valve,BS 1873 Globe Valves,600 LB Globe Valves, API 598 Globe Valves,API 600 Globe Valves,cast steel globe valve,5 trim Globe valve,carbon steel globe valve Manufacturer with high quality and competitive price.<\/p>\n<p>&nbsp;<\/p>","protected":false},"featured_media":8844,"template":"","meta":[],"product_brand":[],"product_cat":[63,45],"product_tag":[1681,1679,1680,1090,1091,946,1083,1678,323,4058,1088,367],"class_list":{"0":"post-8843","1":"product","2":"type-product","3":"status-publish","4":"has-post-thumbnail","6":"product_cat-cast-steel-globe-valve","7":"product_cat-globe-valve","8":"product_tag-5-trim-globe-valve","9":"product_tag-6-inch-globe-valves","10":"product_tag-600-lb-globe-valves","11":"product_tag-api-598-globe-valves","12":"product_tag-api-600-globe-valves","13":"product_tag-bolted-bonnet-globe-valves","14":"product_tag-bs-1873-globe-valves","15":"product_tag-carbon-steel-globe-valve-manufacturer","16":"product_tag-cast-steel-globe-valve","17":"product_tag-china-bs1873-globe-valve-factory","18":"product_tag-flanged-rf-ends-globe-valves","19":"product_tag-wcb-globe-valve","21":"first","22":"instock","23":"shipping-taxable","24":"product-type-simple"},"_links":{"self":[{"href":"https:\/\/www.stvvalves.com\/fr\/wp-json\/wp\/v2\/product\/8843","targetHints":{"allow":["GET"]}}],"collection":[{"href":"https:\/\/www.stvvalves.com\/fr\/wp-json\/wp\/v2\/product"}],"about":[{"href":"https:\/\/www.stvvalves.com\/fr\/wp-json\/wp\/v2\/types\/product"}],"wp:featuredmedia":[{"embeddable":true,"href":"https:\/\/www.stvvalves.com\/fr\/wp-json\/wp\/v2\/media\/8844"}],"wp:attachment":[{"href":"https:\/\/www.stvvalves.com\/fr\/wp-json\/wp\/v2\/media?parent=8843"}],"wp:term":[{"taxonomy":"product_brand","embeddable":true,"href":"https:\/\/www.stvvalves.com\/fr\/wp-json\/wp\/v2\/product_brand?post=8843"},{"taxonomy":"product_cat","embeddable":true,"href":"https:\/\/www.stvvalves.com\/fr\/wp-json\/wp\/v2\/product_cat?post=8843"},{"taxonomy":"product_tag","embeddable":true,"href":"https:\/\/www.stvvalves.com\/fr\/wp-json\/wp\/v2\/product_tag?post=8843"}],"curies":[{"name":"wp","href":"https:\/\/api.w.org\/{rel}","templated":true}]}}