{"id":8846,"date":"2026-01-17T21:25:43","date_gmt":"2026-01-17T13:25:43","guid":{"rendered":"https:\/\/www.stvvalves.com\/?post_type=product&#038;p=8846"},"modified":"2026-01-17T21:29:45","modified_gmt":"2026-01-17T13:29:45","slug":"bellow-sealed-globe-valve-din-3356-gs-c25-dn100-pn16-rf","status":"publish","type":"product","link":"https:\/\/www.stvvalves.com\/fr\/products\/bellow-sealed-globe-valve-din-3356-gs-c25-dn100-pn16-rf\/","title":{"rendered":"Bellow Sealed Globe Valve,DIN 3356 ,GS-C25,DN100,PN16,RF"},"content":{"rendered":"<h1>Vanne \u00e0 soupape scell\u00e9e \u00e0 soufflet DIN 3356, GS-C25, DN100, PN40, RF<\/h1>\n<p>Sp\u00e9cifications techniques<\/p>\n<p>Norme de conception : DIN 3356<\/p>\n<p>Dimension face \u00e0 face : DIN 3202<\/p>\n<p>Extr\u00e9mit\u00e9s de bride : DIN 2543-2545<\/p>\n<p>Test et contr\u00f4le\u00a0: DIN 3230<\/p>\n<p>Application : syst\u00e8me d&#039;huile chaude, syst\u00e8me de vapeur, syst\u00e8me d&#039;eau chaude et froide, etc.<\/p>\n<p>Milieu\u00a0: Vapeur, gaz, eau chaude, huile thermique, ammoniac, etc.<br \/>\nMat\u00e9riaux : GG25(EN-GJL-250),GGG40,1.0619+N(GS-C25),1.4308(CF8), 1.4408(CF8M)<br \/>\nMat\u00e9riaux des soufflets\u00a0: SS304, SS316, SS316L, SS 310S, Hastelly C<br \/>\nGamme de tailles : DN15-DN400<br \/>\nPression : PN16-PN40<br \/>\nTemp\u00e9rature : \u2264600 \u2103<\/p>\n<table>\n<tbody>\n<tr>\n<td width=\"200\"><strong>Nom du produit<\/strong><\/td>\n<td width=\"481\">Bellow Sealed Globe Valve,DIN 3356 ,GS-C25,DN100,PN16,RF<\/td>\n<\/tr>\n<tr>\n<td width=\"200\">1. Mat\u00e9riel<\/td>\n<td width=\"481\">GS-C25<\/td>\n<\/tr>\n<tr>\n<td width=\"200\">2. Taille<\/td>\n<td width=\"481\">4&quot;<\/td>\n<\/tr>\n<tr>\n<td width=\"200\">4. Port<\/td>\n<td width=\"481\">Port complet<\/td>\n<\/tr>\n<tr>\n<td width=\"200\">5. Pression de travail<\/td>\n<td width=\"481\">PN16<\/td>\n<\/tr>\n<tr>\n<td width=\"200\">6. Fin de la connexion<\/td>\n<td width=\"481\">RF<\/td>\n<\/tr>\n<tr>\n<td width=\"200\">7. Temp\u00e9rature de travail.<\/td>\n<td width=\"481\">-29~425\u00baC,<\/td>\n<\/tr>\n<tr>\n<td width=\"200\">8. Support appropri\u00e9<\/td>\n<td width=\"481\">Eau, gaz naturel, p\u00e9trole et certains liquides corrosifs<\/td>\n<\/tr>\n<tr>\n<td width=\"200\">9. Exploit\u00e9<\/td>\n<td width=\"481\">Volant<\/td>\n<\/tr>\n<tr>\n<td width=\"200\">10. Inspection et tests<\/td>\n<td width=\"481\">Selon DIN 3230<\/td>\n<\/tr>\n<tr>\n<td width=\"200\"><strong>Exp\u00e9dition<\/strong><\/td>\n<td width=\"481\"><\/td>\n<\/tr>\n<tr>\n<td width=\"200\">D\u00e9lai de livraison<\/td>\n<td width=\"481\">30 jours<\/td>\n<\/tr>\n<tr>\n<td width=\"200\">Emballer<\/td>\n<td width=\"481\">Caisse en contreplaqu\u00e9 d&#039;exportation standard<\/td>\n<\/tr>\n<tr>\n<td width=\"200\">Port d&#039;exp\u00e9dition<\/td>\n<td width=\"481\">Ningbo\/Shanghai, Chine<\/td>\n<\/tr>\n<tr>\n<td width=\"200\">Conditions d&#039;exp\u00e9dition<\/td>\n<td width=\"481\">Exw, FOB, CFR, CIF, etc.<\/td>\n<\/tr>\n<tr>\n<td width=\"200\">Modalit\u00e9s de paiement<\/td>\n<td width=\"481\">T\/T, Western Union, PayPal, etc.<\/td>\n<\/tr>\n<tr>\n<td width=\"200\"><\/td>\n<td width=\"481\">Pr\u00e9paiement 30%, solde 70% pay\u00e9 avant l&#039;exp\u00e9dition<\/td>\n<\/tr>\n<tr>\n<td width=\"200\">Pays d&#039;origine<\/td>\n<td width=\"481\">Ville de Wenzhou, Chine<\/td>\n<\/tr>\n<tr>\n<td width=\"200\">Capacit\u00e9 de production<\/td>\n<td width=\"481\">6000 tonnes\/an<\/td>\n<\/tr>\n<tr>\n<td width=\"200\">MOQ<\/td>\n<td width=\"481\">1 pi\u00e8ces\/taille<\/td>\n<\/tr>\n<\/tbody>\n<\/table>","protected":false},"excerpt":{"rendered":"<p>STV Valve Technology Group Co., Ltd is a professional leader China DIN 3356 Bellow Sealed Globe Valve,Cast Steel Bellow Sealed\u00a0 Globe Valve,DN100 Bellow Sealed\u00a0 Globe Valve,PN16 Bellow Seal Globe Valve,RF Bellow Sealed\u00a0 Globe Valve,Flange Bellow Sealed Globe Valve Manufacturer with high quality and competitive price.<\/p>\n<p>&nbsp;<\/p>","protected":false},"featured_media":8847,"template":"","meta":[],"product_brand":[],"product_cat":[65,45],"product_tag":[4060,323,4059,1687,4061,1688,4064,1690,4062,1689,4063,1074],"class_list":{"0":"post-8846","1":"product","2":"type-product","3":"status-publish","4":"has-post-thumbnail","6":"product_cat-bellow-seal-globe-valve","7":"product_cat-globe-valve","8":"product_tag-cast-steel-bellow-sealed-globe-valve","9":"product_tag-cast-steel-globe-valve","10":"product_tag-china-din-3356-bellow-sealed-globe-valve","11":"product_tag-din-3356-globe-valve","12":"product_tag-dn100-bellow-sealed-globe-valve","13":"product_tag-dn100-globe-valve","14":"product_tag-flange-bellow-sealed-globe-valve-manufacturer","15":"product_tag-flange-globe-valve","16":"product_tag-pn16-bellow-seal-globe-valve","17":"product_tag-pn40-globe-valve","18":"product_tag-rf-bellow-sealed-globe-valve","19":"product_tag-rf-globe-valve","21":"first","22":"instock","23":"shipping-taxable","24":"product-type-simple"},"_links":{"self":[{"href":"https:\/\/www.stvvalves.com\/fr\/wp-json\/wp\/v2\/product\/8846","targetHints":{"allow":["GET"]}}],"collection":[{"href":"https:\/\/www.stvvalves.com\/fr\/wp-json\/wp\/v2\/product"}],"about":[{"href":"https:\/\/www.stvvalves.com\/fr\/wp-json\/wp\/v2\/types\/product"}],"wp:featuredmedia":[{"embeddable":true,"href":"https:\/\/www.stvvalves.com\/fr\/wp-json\/wp\/v2\/media\/8847"}],"wp:attachment":[{"href":"https:\/\/www.stvvalves.com\/fr\/wp-json\/wp\/v2\/media?parent=8846"}],"wp:term":[{"taxonomy":"product_brand","embeddable":true,"href":"https:\/\/www.stvvalves.com\/fr\/wp-json\/wp\/v2\/product_brand?post=8846"},{"taxonomy":"product_cat","embeddable":true,"href":"https:\/\/www.stvvalves.com\/fr\/wp-json\/wp\/v2\/product_cat?post=8846"},{"taxonomy":"product_tag","embeddable":true,"href":"https:\/\/www.stvvalves.com\/fr\/wp-json\/wp\/v2\/product_tag?post=8846"}],"curies":[{"name":"wp","href":"https:\/\/api.w.org\/{rel}","templated":true}]}}