{"id":5836,"date":"2021-04-28T05:01:51","date_gmt":"2021-04-28T05:01:51","guid":{"rendered":"https:\/\/www.stvvalves.com\/?page_id=5836"},"modified":"2024-12-25T10:17:16","modified_gmt":"2024-12-25T02:17:16","slug":"industrial-valves-and-pipe","status":"publish","type":"page","link":"https:\/\/www.stvvalves.com\/it\/industrial-valves-and-pipe\/","title":{"rendered":"Valvole e tubi industriali"},"content":{"rendered":"<div class=\"flex_column av_one_full  flex_column_div av-zero-column-padding first\" style='border-radius:0px; '><p><div style='padding-bottom:10px;' class='av-special-heading av-special-heading-h2'><div id=\"ez-toc-container\" class=\"ez-toc-v2_0_82_2 counter-hierarchy ez-toc-counter ez-toc-grey ez-toc-container-direction\">\n<div class=\"ez-toc-title-container\">\n<p class=\"ez-toc-title\" style=\"cursor:inherit\">Table of Contents<\/p>\n<span class=\"ez-toc-title-toggle\"><a href=\"#\" class=\"ez-toc-pull-right ez-toc-btn ez-toc-btn-xs ez-toc-btn-default ez-toc-toggle\" aria-label=\"Toggle Table of Content\"><span class=\"ez-toc-js-icon-con\"><span class=\"\"><span class=\"eztoc-hide\" style=\"display:none;\">Toggle<\/span><span class=\"ez-toc-icon-toggle-span\"><svg style=\"fill: #999;color:#999\" xmlns=\"http:\/\/www.w3.org\/2000\/svg\" class=\"list-377408\" width=\"20px\" height=\"20px\" viewbox=\"0 0 24 24\" fill=\"none\"><path d=\"M6 6H4v2h2V6zm14 0H8v2h12V6zM4 11h2v2H4v-2zm16 0H8v2h12v-2zM4 16h2v2H4v-2zm16 0H8v2h12v-2z\" fill=\"currentColor\"><\/path><\/svg><svg style=\"fill: #999;color:#999\" class=\"arrow-unsorted-368013\" xmlns=\"http:\/\/www.w3.org\/2000\/svg\" width=\"10px\" height=\"10px\" viewbox=\"0 0 24 24\" version=\"1.2\" baseprofile=\"tiny\"><path d=\"M18.2 9.3l-6.2-6.3-6.2 6.3c-.2.2-.3.4-.3.7s.1.5.3.7c.2.2.4.3.7.3h11c.3 0 .5-.1.7-.3.2-.2.3-.5.3-.7s-.1-.5-.3-.7zM5.8 14.7l6.2 6.3 6.2-6.3c.2-.2.3-.5.3-.7s-.1-.5-.3-.7c-.2-.2-.4-.3-.7-.3h-11c-.3 0-.5.1-.7.3-.2.2-.3.5-.3.7s.1.5.3.7z\"\/><\/svg><\/span><\/span><\/span><\/a><\/span><\/div>\n<nav><ul class='ez-toc-list ez-toc-list-level-1' ><li class='ez-toc-page-1 ez-toc-heading-level-2'><a class=\"ez-toc-link ez-toc-heading-1\" href=\"https:\/\/www.stvvalves.com\/it\/industrial-valves-and-pipe\/#Industrial_Control_Valves_List\" >Elenco delle valvole di controllo industriali<\/a><ul class='ez-toc-list-level-3' ><li class='ez-toc-heading-level-3'><a class=\"ez-toc-link ez-toc-heading-2\" href=\"https:\/\/www.stvvalves.com\/it\/industrial-valves-and-pipe\/#Industrial_Ball_Valves\" >Valvole a sfera industriali<\/a><\/li><li class='ez-toc-page-1 ez-toc-heading-level-3'><a class=\"ez-toc-link ez-toc-heading-3\" href=\"https:\/\/www.stvvalves.com\/it\/industrial-valves-and-pipe\/#Industrial_Gate_Valves\" >Valvole a saracinesca industriali<\/a><\/li><li class='ez-toc-page-1 ez-toc-heading-level-3'><a class=\"ez-toc-link ez-toc-heading-4\" href=\"https:\/\/www.stvvalves.com\/it\/industrial-valves-and-pipe\/#Y_Strainer\" >Filtro a Y<\/a><\/li><li class='ez-toc-page-1 ez-toc-heading-level-3'><a class=\"ez-toc-link ez-toc-heading-5\" href=\"https:\/\/www.stvvalves.com\/it\/industrial-valves-and-pipe\/#Industrial_Check_Valve\" >Valvola di ritegno industriale<\/a><\/li><li class='ez-toc-page-1 ez-toc-heading-level-3'><a class=\"ez-toc-link ez-toc-heading-6\" href=\"https:\/\/www.stvvalves.com\/it\/industrial-valves-and-pipe\/#Industrial_Globe_Valve\" >Valvola a globo industriale<\/a><\/li><li class='ez-toc-page-1 ez-toc-heading-level-3'><a class=\"ez-toc-link ez-toc-heading-7\" href=\"https:\/\/www.stvvalves.com\/it\/industrial-valves-and-pipe\/#Industrial_Butterfly_Valve\" >Valvola a farfalla industriale<\/a><\/li><li class='ez-toc-page-1 ez-toc-heading-level-3'><a class=\"ez-toc-link ez-toc-heading-8\" href=\"https:\/\/www.stvvalves.com\/it\/industrial-valves-and-pipe\/#Pipe_Fitting\" >Raccordo<\/a><\/li><li class='ez-toc-page-1 ez-toc-heading-level-3'><a class=\"ez-toc-link ez-toc-heading-9\" href=\"https:\/\/www.stvvalves.com\/it\/industrial-valves-and-pipe\/#Contact_Us\" >Contattaci<\/a><\/li><\/ul><\/li><\/ul><\/nav><\/div>\n<h2 class='av-special-heading-tag'  ><span class=\"ez-toc-section\" id=\"Industrial_Control_Valves_List\"><\/span>Elenco delle valvole di controllo industriali<span class=\"ez-toc-section-end\"><\/span><\/h2><div class='special-heading-border'><div class='special-heading-inner-border' ><\/div><\/div><\/div><br \/>\n<section class=\"av_textblock_section\" ><div class='avia_textblock'  ><p>Essendo uno dei principali produttori di valvole industriali in Cina, forniamo varie valvole in Europa, Sud America, Asia e in tutto il mondo. Grazie ai nostri eccezionali tubi e valvole industriali, abbiamo stabilito con orgoglio un rapporto solido e a lungo termine con il nostro partner commerciale. Il nostro ampio prodotto copre l&#039;utilizzo principale in questo mercato. Forniamo anche la possibilit\u00e0 di ordinare prodotti speciali su misura.<\/p>\n<div class='avia-button-wrap avia-button-center'><a href='https:\/\/www.stvvalves.com\/it\/contact-us\/' class='avia-button   avia-icon_select-no avia-color-theme-color avia-size-large avia-position-center'   ><span class='avia_iconbox_title' >Contattaci<\/span><\/a><\/div>\n<\/div><\/section><\/p><\/div>\n<div class=\"flex_column av_one_third  flex_column_div av-zero-column-padding first\" style='border-width:1px; border-color:#07385e; border-style:solid; border-radius:0px; '><div class='avia-image-container  av-styling-    avia-align-center'  ><div class='avia-image-container-inner'><a href='https:\/\/www.stvvalves.com\/it\/wholesale\/ball-valve\/' class='avia_image'  ><img class='avia_image' src='https:\/\/www.stvvalves.com\/wp-content\/uploads\/2021\/04\/Ball-valve.jpg' alt='Industrial ball valve' title='Valvola a sfera'  \/><\/a><\/div><\/div><\/div>\n<div class=\"flex_column av_two_third  flex_column_div av-zero-column-padding\" style='border-radius:0px; '><p><div style='padding-bottom:10px;' class='av-special-heading av-special-heading-h3'><h3 class='av-special-heading-tag'  ><span class=\"ez-toc-section\" id=\"Industrial_Ball_Valves\"><\/span>Valvole a sfera industriali<span class=\"ez-toc-section-end\"><\/span><\/h3><div class='special-heading-border'><div class='special-heading-inner-border' ><\/div><\/div><\/div><br \/>\n<section class=\"av_textblock_section\" ><div class='avia_textblock'  ><p>Una valvola a sfera industriale \u00e8 una valvola con una sfera sferica all&#039;interno del corpo valvola. La sfera ha un foro al centro in modo che, quando \u00e8 in linea con entrambe le estremit\u00e0 della valvola, si verifichi il flusso. Quando la valvola \u00e8 chiusa, il foro \u00e8 perpendicolare alle estremit\u00e0 della valvola e il flusso \u00e8 bloccato.<\/p>\n<p>Le valvole a sfera sono ampiamente utilizzate nelle applicazioni industriali grazie alla loro versatilit\u00e0, facilit\u00e0 di riparazione e funzionamento rapido.<\/p>\n<div class='avia-button-wrap avia-button-center'><a href='https:\/\/www.stvvalves.com\/it\/wholesale\/ball-valve\/' class='avia-button   avia-icon_select-no avia-color-custom avia-size-medium avia-position-center'  style='background-color:#07385e; border-color:#07385e; color:#ffffff; ' ><span class='avia_iconbox_title' >Altre valvole a sfera industriali<\/span><\/a><\/div>\n<\/div><\/section><\/p><\/div>\n<div  class='hr hr-default'><span class='hr-inner' ><span class='hr-inner-style'><\/span><\/span><\/div>\n<div class=\"flex_column av_one_third  flex_column_div av-zero-column-padding first\" style='border-width:1px; border-color:#07385e; border-style:solid; border-radius:0px; '><div class='avia-image-container  av-styling-    avia-align-center'  ><div class='avia-image-container-inner'><a href='https:\/\/www.stvvalves.com\/it\/wholesale\/gate-valve\/' class='avia_image'  ><img class='avia_image' src='https:\/\/www.stvvalves.com\/wp-content\/uploads\/2021\/04\/Gate-valve-2.jpg' alt='Industrial Gate valve' title='Valvola a saracinesca'  \/><\/a><\/div><\/div><\/div>\n<div class=\"flex_column av_two_third  flex_column_div av-zero-column-padding\" style='border-radius:0px; '><p><div style='padding-bottom:10px;' class='av-special-heading av-special-heading-h3'><h3 class='av-special-heading-tag'  ><span class=\"ez-toc-section\" id=\"Industrial_Gate_Valves\"><\/span>Valvole a saracinesca industriali<span class=\"ez-toc-section-end\"><\/span><\/h3><div class='special-heading-border'><div class='special-heading-inner-border' ><\/div><\/div><\/div><br \/>\n<section class=\"av_textblock_section\" ><div class='avia_textblock'  ><p>Le valvole a saracinesca industriale, comunemente utilizzate negli impianti di processo e nei sistemi idrici, sono valvole a movimento lineare utilizzate per avviare o arrestare il flusso di fluidi o gas. Durante il funzionamento, le valvole a saracinesca sono completamente aperte o completamente chiuse. Consentono una caduta di pressione minima mentre il fluido passa attraverso la valvola. Ci\u00f2 \u00e8 dovuto al fatto che la valvola a saracinesca viene rimossa dal flusso quando \u00e8 completamente aperta, senza creare resistenza.<\/p>\n<p>Le valvole a saracinesca, sebbene non progettate per la strozzatura o il funzionamento troppo frequente, sono generalmente ideali per servizi che richiedono applicazioni a flusso pieno o senza flusso.<\/p>\n<div class='avia-button-wrap avia-button-center'><a href='https:\/\/www.stvvalves.com\/it\/wholesale\/gate-valve\/' class='avia-button   avia-icon_select-no avia-color-custom avia-size-medium avia-position-center'  style='background-color:#07385e; border-color:#07385e; color:#ffffff; ' ><span class='avia_iconbox_title' >Altre valvole a saracinesca industriali<\/span><\/a><\/div>\n<\/div><\/section><\/p><\/div>\n<div  class='hr hr-default'><span class='hr-inner' ><span class='hr-inner-style'><\/span><\/span><\/div>\n<div class=\"flex_column av_one_third  flex_column_div av-zero-column-padding first\" style='border-width:1px; border-color:#07385e; border-style:solid; border-radius:0px; '><div class='avia-image-container  av-styling-circle    avia-align-center'  ><div class='avia-image-container-inner'><a href='https:\/\/www.stvvalves.com\/it\/wholesale\/y-strainer\/' class='avia_image'  ><img class='avia_image' src='https:\/\/www.stvvalves.com\/wp-content\/uploads\/2021\/05\/cast-steel-Y-type-strainer-300x300.jpg' alt='cast steel Y type strainer supplier' title='filtro di tipo Y in acciaio fuso'  \/><\/a><\/div><\/div><\/div><div class=\"flex_column av_two_third  flex_column_div av-zero-column-padding\" style='border-radius:0px; '><p><div style='padding-bottom:10px;' class='av-special-heading av-special-heading-h3'><h3 class='av-special-heading-tag'  ><span class=\"ez-toc-section\" id=\"Y_Strainer\"><\/span>Filtro a Y<span class=\"ez-toc-section-end\"><\/span><\/h3><div class='special-heading-border'><div class='special-heading-inner-border' ><\/div><\/div><\/div><br \/>\n<section class=\"av_textblock_section\" ><div class='avia_textblock'  ><p>Lo scopo di queste valvole \u00e8 impedire alle particelle di passare attraverso una tubazione e danneggiare le apparecchiature sensibili. Lo fanno impiegando un elemento filtrante a rete perforata.<\/p>\n<p>L&#039;uso di un filtro a Y comporta una caduta di pressione minima.<\/p>\n<div class='avia-button-wrap avia-button-center'><a href='https:\/\/www.stvvalves.com\/it\/wholesale\/y-strainer\/' class='avia-button   avia-icon_select-no avia-color-custom avia-size-medium avia-position-center'  style='background-color:#07385e; border-color:#07385e; color:#ffffff; ' ><span class='avia_iconbox_title' >Altri filtri a Y<\/span><\/a><\/div>\n<\/div><\/section><\/p><\/div><\/p>\n<div  class='hr hr-default'><span class='hr-inner' ><span class='hr-inner-style'><\/span><\/span><\/div>\n<div class=\"flex_column av_one_third  flex_column_div av-zero-column-padding first\" style='border-width:1px; border-color:#07385e; border-style:solid; border-radius:0px; '><div class='avia-image-container  av-styling-    avia-align-center'  ><div class='avia-image-container-inner'><a href='https:\/\/www.stvvalves.com\/it\/wholesale\/check-valves\/' class='avia_image'  ><img class='avia_image' src='https:\/\/www.stvvalves.com\/wp-content\/uploads\/2021\/04\/Check-Valve-1.jpg' alt='600lb Industrial Check Valve' title='Valvola di ritegno'  \/><\/a><\/div><\/div><\/div>\n<div class=\"flex_column av_two_third  flex_column_div av-zero-column-padding\" style='border-radius:0px; '><p><div style='padding-bottom:10px;' class='av-special-heading av-special-heading-h3'><h3 class='av-special-heading-tag'  ><span class=\"ez-toc-section\" id=\"Industrial_Check_Valve\"><\/span>Valvola di ritegno industriale<span class=\"ez-toc-section-end\"><\/span><\/h3><div class='special-heading-border'><div class='special-heading-inner-border' ><\/div><\/div><\/div><br \/>\n<section class=\"av_textblock_section\" ><div class='avia_textblock'  ><p>La valvola di ritegno industriale, nota anche come valvola di non ritorno, viene utilizzata nei sistemi di tubazioni per limitare e arrestare il riflusso. Il fluido che passa attraverso una tubazione crea pressione e velocit\u00e0 del flusso che aprono la valvola. D\u2019altro canto, l\u2019inversione del flusso causer\u00e0 la chiusura della valvola. Sono disponibili diversi tipi di valvole a seconda dei requisiti del sistema.<\/p>\n<div class='avia-button-wrap avia-button-center'><a href='https:\/\/www.stvvalves.com\/it\/wholesale\/check-valves\/' class='avia-button   avia-icon_select-no avia-color-custom avia-size-medium avia-position-center'  style='background-color:#07385e; border-color:#07385e; color:#ffffff; ' ><span class='avia_iconbox_title' >Altre valvole di ritegno industriali<\/span><\/a><\/div>\n<\/div><\/section><\/p><\/div>\n<div  class='hr hr-default'><span class='hr-inner' ><span class='hr-inner-style'><\/span><\/span><\/div>\n<div class=\"flex_column av_one_third  flex_column_div av-zero-column-padding first\" style='border-width:1px; border-color:#07385e; border-style:solid; border-radius:0px; '><div class='avia-image-container  av-styling-    avia-align-center'  ><div class='avia-image-container-inner'><a href='https:\/\/www.stvvalves.com\/it\/wholesale\/globe-valve\/' class='avia_image'  ><img class='avia_image' src='https:\/\/www.stvvalves.com\/wp-content\/uploads\/2021\/04\/globe-valve.jpg' alt='Industrial globe valve' title='valvola a globo'  \/><\/a><\/div><\/div><\/div>\n<div class=\"flex_column av_two_third  flex_column_div av-zero-column-padding\" style='border-radius:0px; '><p><div style='padding-bottom:10px;' class='av-special-heading av-special-heading-h3'><h3 class='av-special-heading-tag'  ><span class=\"ez-toc-section\" id=\"Industrial_Globe_Valve\"><\/span>Valvola a globo industriale<span class=\"ez-toc-section-end\"><\/span><\/h3><div class='special-heading-border'><div class='special-heading-inner-border' ><\/div><\/div><\/div><br \/>\n<section class=\"av_textblock_section\" ><div class='avia_textblock'  ><p>Queste valvole a globo industriali vengono utilizzate per arrestare, avviare e controllare il flusso di fluido. A differenza della sede perpendicolare nelle valvole a saracinesca, la sede della valvola a globo \u00e8 parallela alla linea di flusso. Tutti i contatti tra sede e disco terminano quando inizia il flusso. Ci\u00f2 fornisce alla valvola un&#039;efficace capacit\u00e0 di strozzamento per la regolazione del flusso. Queste valvole a movimento lineare vengono utilizzate per arrestare, avviare e controllare il flusso del fluido. A differenza della sede perpendicolare nelle valvole a saracinesca, la sede della valvola a globo \u00e8 parallela alla linea di flusso. Tutti i contatti tra sede e disco terminano quando inizia il flusso. Ci\u00f2 fornisce alla valvola un&#039;efficace capacit\u00e0 di strozzamento per la regolazione del flusso.<\/p>\n<div class='avia-button-wrap avia-button-center'><a href='https:\/\/www.stvvalves.com\/it\/wholesale\/globe-valve\/' class='avia-button   avia-icon_select-no avia-color-custom avia-size-medium avia-position-center'  style='background-color:#07385e; border-color:#07385e; color:#ffffff; ' ><span class='avia_iconbox_title' >Altre valvole a globo industriali<\/span><\/a><\/div>\n<\/div><\/section><\/p><\/div>\n<div  class='hr hr-default'><span class='hr-inner' ><span class='hr-inner-style'><\/span><\/span><\/div>\n<div class=\"flex_column av_one_third  flex_column_div av-zero-column-padding first\" style='border-width:1px; border-color:#07385e; border-style:solid; border-radius:0px; '><div class='avia-image-container  av-styling-    avia-align-center'  ><div class='avia-image-container-inner'><a href='https:\/\/www.stvvalves.com\/it\/wholesale\/butterfly-valve\/' class='avia_image'  ><img class='avia_image' src='https:\/\/www.stvvalves.com\/wp-content\/uploads\/2021\/04\/Butterful-Valve.jpg' alt='China Industrial Butterfly Valve' title='Valvola a farfalla'  \/><\/a><\/div><\/div><\/div>\n<div class=\"flex_column av_two_third  flex_column_div av-zero-column-padding\" style='border-radius:0px; '><p><div style='padding-bottom:10px;' class='av-special-heading av-special-heading-h3'><h3 class='av-special-heading-tag'  ><span class=\"ez-toc-section\" id=\"Industrial_Butterfly_Valve\"><\/span>Valvola a farfalla industriale<span class=\"ez-toc-section-end\"><\/span><\/h3><div class='special-heading-border'><div class='special-heading-inner-border' ><\/div><\/div><\/div><br \/>\n<section class=\"av_textblock_section\" ><div class='avia_textblock'  ><p>Queste valvole a farfalla industriali prendono il nome dall&#039;azione ad ala dei loro dischi, che funziona ad angolo retto rispetto al flusso. I principali vantaggi di una valvola a farfalla sono il basso costo, il funzionamento rapido, la facilit\u00e0 di installazione e il peso leggero rispetto alle dimensioni.<\/p>\n<p>Queste valvole possono essere utilizzate in posizioni completamente aperte o completamente chiuse. Possono anche essere utilizzati come soluzione economica per controllare il flusso di liquidi o gas. Tuttavia, non sono considerate valvole di controllo precise.<\/p>\n<div class='avia-button-wrap avia-button-center'><a href='https:\/\/www.stvvalves.com\/it\/wholesale\/butterfly-valve\/' class='avia-button   avia-icon_select-no avia-color-custom avia-size-medium avia-position-center'  style='background-color:#07385e; border-color:#07385e; color:#ffffff; ' ><span class='avia_iconbox_title' >Altre valvole a farfalla industriali<\/span><\/a><\/div>\n<\/div><\/section><\/p><\/div>\n<div  class='hr hr-default'><span class='hr-inner' ><span class='hr-inner-style'><\/span><\/span><\/div>\n<div class=\"flex_column av_one_third  flex_column_div av-zero-column-padding first\" style='border-width:1px; border-color:#07385e; border-style:solid; border-radius:0px; '><div class='avia-image-container  av-styling-    avia-align-center'  ><div class='avia-image-container-inner'><a href='https:\/\/www.stvvalves.com\/it\/wholesale\/pipe-fitting\/' class='avia_image'  ><img class='avia_image' src='https:\/\/www.stvvalves.com\/wp-content\/uploads\/2021\/04\/PIPE-FITING.jpg' alt='Pipe Fitting' title='RACCORDO TUBO'  \/><\/a><\/div><\/div><\/div>\n<div class=\"flex_column av_two_third  flex_column_div av-zero-column-padding\" style='border-radius:0px; '><p><div style='padding-bottom:10px;' class='av-special-heading av-special-heading-h3'><h3 class='av-special-heading-tag'  ><span class=\"ez-toc-section\" id=\"Pipe_Fitting\"><\/span>Raccordo<span class=\"ez-toc-section-end\"><\/span><\/h3><div class='special-heading-border'><div class='special-heading-inner-border' ><\/div><\/div><\/div><br \/>\n<section class=\"av_textblock_section\" ><div class='avia_textblock'  ><p>I raccordi per tubi sono componenti delle tubazioni che aiutano a modificare la direzione del flusso come gomiti e raccordi a T. Modifica le dimensioni del tubo come riduttori, riduzioni a T. Collega diversi componenti come i giunti e arresta i flussi come i tappi.<\/p>\n<div class='avia-button-wrap avia-button-center'><a href='https:\/\/www.stvvalves.com\/it\/wholesale\/pipe-fitting\/' class='avia-button   avia-icon_select-no avia-color-custom avia-size-medium avia-position-center'  style='background-color:#07385e; border-color:#07385e; color:#ffffff; ' ><span class='avia_iconbox_title' >Altri raccordi per tubi<\/span><\/a><\/div>\n<\/div><\/section><\/p><\/div>\n<div  class='hr hr-default'><span class='hr-inner' ><span class='hr-inner-style'><\/span><\/span><\/div>\n<div class=\"flex_column av_one_half  flex_column_div av-zero-column-padding first\" style='border-radius:0px; '><p><div style='padding-bottom:10px;' class='av-special-heading av-special-heading-h3'><h3 class='av-special-heading-tag'  ><span class=\"ez-toc-section\" id=\"Contact_Us\"><\/span>Contattaci<span class=\"ez-toc-section-end\"><\/span><\/h3><div class='special-heading-border'><div class='special-heading-inner-border' ><\/div><\/div><\/div><br \/>\n<section class=\"av_textblock_section\" ><div class='avia_textblock'  ><p>STV \u00e8 uno dei principali produttori cinesi di valvole industriali con sede nel parco industriale high-tech di Yongqiang, citt\u00e0 di Wenzhou, provincia di Zhejiang, come azienda specializzata in valvole industriali e attrezzature per raccordi per tubi.<\/p>\n<p>Stai cercando produttori di valvole deviatrici industriali in Cina? Non esitate a contattarci se avete domande sulle valvole industriali o richiedete un preventivo. I nostri esperti di valvole ti forniranno un feedback entro 24 ore e forniranno una soluzione di valvole personalizzata.<\/p>\n<p><strong>Signor Jalen Lee<\/strong><\/p>\n<p>Aggiungi: 88#, Jifeng Road, citt\u00e0 di Wenzhou, provincia di Zhejiang, 325025<\/p>\n<p>E-mail: <a href=\"mailto:sales@stvvalves.com\">sales@stvvalves.com<\/a><\/p>\n<p>Telefono 1:\u00a0<a href=\"tel:0086-0577-85987444\">+86-0577-85987444<\/a><\/p>\n<p>Telefono 2:\u00a0<a href=\"tel:008615157766245\">+8615157766245<\/a><\/p>\n<\/div><\/section><\/p><\/div>\n<div class=\"flex_column av_one_half  flex_column_div av-zero-column-padding\" style='border-radius:0px; '><section class=\"av_textblock_section\" ><div class='avia_textblock'  >\n<div class=\"wpcf7 no-js\" id=\"wpcf7-f3466-o1\" lang=\"en-US\" dir=\"ltr\" data-wpcf7-id=\"3466\">\n<div class=\"screen-reader-response\"><p role=\"status\" aria-live=\"polite\" aria-atomic=\"true\"><\/p> <ul><\/ul><\/div>\n<form action=\"\/it\/wp-json\/wp\/v2\/pages\/5836#wpcf7-f3466-o1\" method=\"post\" class=\"wpcf7-form init\" aria-label=\"Modulo di Contatto\" novalidate=\"novalidate\" data-status=\"init\" data-trp-original-action=\"\/it\/wp-json\/wp\/v2\/pages\/5836#wpcf7-f3466-o1\">\n<fieldset class=\"hidden-fields-container\"><input type=\"hidden\" name=\"_wpcf7\" value=\"3466\" \/><input type=\"hidden\" name=\"_wpcf7_version\" value=\"6.1.5\" \/><input type=\"hidden\" name=\"_wpcf7_locale\" value=\"en_US\" \/><input type=\"hidden\" name=\"_wpcf7_unit_tag\" value=\"wpcf7-f3466-o1\" \/><input type=\"hidden\" name=\"_wpcf7_container_post\" value=\"0\" \/><input type=\"hidden\" name=\"_wpcf7_posted_data_hash\" value=\"\" \/>\n<\/fieldset>\n<p>Il tuo telefono<br \/>\n<span class=\"wpcf7-form-control-wrap\" data-name=\"your-name\"><input size=\"40\" maxlength=\"400\" class=\"wpcf7-form-control wpcf7-text wpcf7-validates-as-required text_input\" aria-required=\"true\" aria-invalid=\"false\" value=\"\" type=\"text\" name=\"your-name\" \/><\/span><br \/>\nLa tua email<br \/>\n<span class=\"wpcf7-form-control-wrap\" data-name=\"your-email\"><input size=\"40\" maxlength=\"400\" class=\"wpcf7-form-control wpcf7-email wpcf7-validates-as-required wpcf7-text wpcf7-validates-as-email text_input\" aria-required=\"true\" aria-invalid=\"false\" value=\"\" type=\"email\" name=\"your-email\" \/><\/span><br \/>\nIl tuo messaggio<br \/>\n<span class=\"wpcf7-form-control-wrap\" data-name=\"your-message\"><textarea cols=\"40\" rows=\"10\" maxlength=\"2000\" class=\"wpcf7-form-control wpcf7-textarea wpcf7-validates-as-required text_area\" aria-required=\"true\" aria-invalid=\"false\" name=\"your-message\"><\/textarea><\/span><br \/>\n<input class=\"wpcf7-form-control wpcf7-submit has-spinner\" type=\"submit\" value=\"Inviare\" \/>\n<\/p><div class=\"wpcf7-response-output\" aria-hidden=\"true\"><\/div>\n<input type=\"hidden\" name=\"trp-form-language\" value=\"it\"\/><\/form>\n<\/div>\n\n<\/div><\/section><\/div>","protected":false},"excerpt":{"rendered":"","protected":false},"author":290641,"featured_media":0,"parent":0,"menu_order":0,"comment_status":"closed","ping_status":"closed","template":"","meta":{"footnotes":""},"class_list":["post-5836","page","type-page","status-publish","hentry"],"_links":{"self":[{"href":"https:\/\/www.stvvalves.com\/it\/wp-json\/wp\/v2\/pages\/5836","targetHints":{"allow":["GET"]}}],"collection":[{"href":"https:\/\/www.stvvalves.com\/it\/wp-json\/wp\/v2\/pages"}],"about":[{"href":"https:\/\/www.stvvalves.com\/it\/wp-json\/wp\/v2\/types\/page"}],"author":[{"embeddable":true,"href":"https:\/\/www.stvvalves.com\/it\/wp-json\/wp\/v2\/users\/290641"}],"replies":[{"embeddable":true,"href":"https:\/\/www.stvvalves.com\/it\/wp-json\/wp\/v2\/comments?post=5836"}],"version-history":[{"count":38,"href":"https:\/\/www.stvvalves.com\/it\/wp-json\/wp\/v2\/pages\/5836\/revisions"}],"predecessor-version":[{"id":6412,"href":"https:\/\/www.stvvalves.com\/it\/wp-json\/wp\/v2\/pages\/5836\/revisions\/6412"}],"wp:attachment":[{"href":"https:\/\/www.stvvalves.com\/it\/wp-json\/wp\/v2\/media?parent=5836"}],"curies":[{"name":"wp","href":"https:\/\/api.w.org\/{rel}","templated":true}]}}