{"id":3684,"date":"2018-10-15T08:34:24","date_gmt":"2018-10-15T08:34:24","guid":{"rendered":"https:\/\/www.stvvalves.com\/?post_type=product&#038;p=3684"},"modified":"2025-05-20T20:46:02","modified_gmt":"2025-05-20T12:46:02","slug":"knife-gate-valve-lug-type-150-lb-ss304-body-and-trim","status":"publish","type":"product","link":"https:\/\/www.stvvalves.com\/it\/products\/knife-gate-valve-lug-type-150-lb-ss304-body-and-trim\/","title":{"rendered":"Valvola a saracinesca a coltello, tipo con aletta, 150 LB, corpo e rivestimento SS304"},"content":{"rendered":"<p><strong>Descrizione del progetto:<\/strong><\/p>\n<p><span style=\"color: #000000;\">-Tipo di valvola: valvola a saracinesca a coltello.<\/span><br \/>\n<span style=\"color: #000000;\">-Dimensioni valvola: 2\u201d-48\u201d<\/span><br \/>\n<span style=\"color: #000000;\">-Valore di pressione: Classe 150<br \/>\n<\/span><span style=\"color: #000000;\">\u2013 Vite e giogo esterni<\/span><br \/>\n<span style=\"color: #000000;\">\u2013 Coperchio imbullonato e guarnizione di pressione<\/span><br \/>\n<span style=\"color: #000000;\">\u2013 Cuneo flessibile e solido, completamente guidato<\/span><br \/>\n<span style=\"color: #000000;\">\u2013 Saldatura di anelli di sedi o anelli di sedi rinnovabili<\/span><br \/>\n<span style=\"color: #000000;\">\u2013 Gambo ascendente e gambo non ascendente<\/span><br \/>\n<span style=\"color: #000000;\">\u2013 Disponibile con operatore ad ingranaggi<\/span><br \/>\n<span style=\"color: #000000;\">\u2013 Estremit\u00e0 flangiate ed estremit\u00e0 saldate<\/span><br \/>\n<span style=\"color: #000000;\">\u2013 Design a bassa coppia, stelo con superficie liscia.<\/span><br \/>\n<span style=\"color: #000000;\">Standard:<\/span><\/p>\n<p><span style=\"color: #000000;\"><img loading=\"lazy\" decoding=\"async\" class=\"alignnone wp-image-3743\" src=\"https:\/\/www.stvvalves.com\/wp-content\/uploads\/2018\/10\/KNIFE-GATE-VALVE-DRAWING-300x287.jpg\" alt=\"\" width=\"337\" height=\"322\" srcset=\"https:\/\/www.stvvalves.com\/wp-content\/uploads\/2018\/10\/KNIFE-GATE-VALVE-DRAWING-300x287.jpg 300w, https:\/\/www.stvvalves.com\/wp-content\/uploads\/2018\/10\/KNIFE-GATE-VALVE-DRAWING.jpg 521w\" sizes=\"auto, (max-width: 337px) 100vw, 337px\" \/><\/span><\/p>\n<table border=\"1\" cellspacing=\"0\" cellpadding=\"0\">\n<tbody>\n<tr>\n<td><span style=\"color: #000000;\">Norma di progettazione<\/span><\/td>\n<td><span style=\"color: #000000;\">MSS SP-81<\/span><\/td>\n<\/tr>\n<tr>\n<td><span style=\"color: #000000;\">Faccia a faccia<\/span><\/td>\n<td><span style=\"color: #000000;\">MSS SP-81<\/span><\/td>\n<\/tr>\n<tr>\n<td><span style=\"color: #000000;\">Dimensione delle estremit\u00e0 della flangia<\/span><\/td>\n<td><span style=\"color: #000000;\">ASME B16.5\/ASMEB16.47<\/span><\/td>\n<\/tr>\n<tr>\n<td><span style=\"color: #000000;\">Ispezione e prova<\/span><\/td>\n<td><span style=\"color: #000000;\">MSS SP-81<\/span><\/td>\n<\/tr>\n<tr>\n<td colspan=\"2\"><span style=\"color: #000000;\">Disponibili con attuatori a leva, a catena, ad ingranaggi, elettrici, pneumatici e idraulici.<\/span><\/td>\n<\/tr>\n<\/tbody>\n<\/table>\n<p><span style=\"color: #000000;\">Elenco parti e materiali<\/span><\/p>\n<table border=\"1\" width=\"688\" cellspacing=\"0\" cellpadding=\"0\">\n<tbody>\n<tr>\n<td colspan=\"2\"><span style=\"color: #000000;\">Nome della parte<\/span><\/td>\n<td colspan=\"3\"><span style=\"color: #000000;\">Acciaio al carbonio secondo ASTM<\/span><\/td>\n<td colspan=\"4\"><span style=\"color: #000000;\">Acciaio legato secondo ASTM<\/span><\/td>\n<td colspan=\"4\"><span style=\"color: #000000;\">Acciaio inossidabile secondo ASTM<\/span><\/td>\n<\/tr>\n<tr>\n<td><span style=\"color: #000000;\">1\u00a0<\/span><\/td>\n<td><span style=\"color: #000000;\">Corpo<\/span><\/td>\n<td colspan=\"2\"><span style=\"color: #000000;\">A216 WCB<\/span><\/td>\n<td><span style=\"color: #000000;\">A352LCB<\/span><\/td>\n<td><span style=\"color: #000000;\">A217 WC1<\/span><\/td>\n<td><span style=\"color: #000000;\">A217 WC6<\/span><\/td>\n<td><span style=\"color: #000000;\">A217WC9<\/span><\/td>\n<td><span style=\"color: #000000;\">A217C5<\/span><\/td>\n<td><span style=\"color: #000000;\">A351 CF8<\/span><\/td>\n<td><span style=\"color: #000000;\">A351 CF8M<\/span><\/td>\n<td><span style=\"color: #000000;\">A351 CF3<\/span><\/td>\n<td><span style=\"color: #000000;\">A351 CF3M<\/span><\/td>\n<\/tr>\n<tr>\n<td><span style=\"color: #000000;\">2<\/span><\/td>\n<td><span style=\"color: #000000;\">Posto a sedere<\/span><\/td>\n<td colspan=\"11\"><span style=\"color: #000000;\">PTFE o NBR<\/span><\/td>\n<\/tr>\n<tr>\n<td><span style=\"color: #000000;\">\u00a03<\/span><\/td>\n<td><span style=\"color: #000000;\">Coltello<\/span><\/td>\n<td colspan=\"2\"><span style=\"color: #000000;\">A216 WCB<\/span><\/td>\n<td><span style=\"color: #000000;\">A352LCB<\/span><\/td>\n<td><span style=\"color: #000000;\">A217 WC1<\/span><\/td>\n<td><span style=\"color: #000000;\">A217 WC6<\/span><\/td>\n<td><span style=\"color: #000000;\">A217WC9<\/span><\/td>\n<td><span style=\"color: #000000;\">A217C5<\/span><\/td>\n<td><span style=\"color: #000000;\">A351 CF8<\/span><\/td>\n<td><span style=\"color: #000000;\">A351 CF8M<\/span><\/td>\n<td><span style=\"color: #000000;\">A351 CF3<\/span><\/td>\n<td><span style=\"color: #000000;\">A351 CF3M<\/span><\/td>\n<\/tr>\n<tr>\n<td><span style=\"color: #000000;\">\u00a04<\/span><\/td>\n<td><span style=\"color: #000000;\">Imballaggio<\/span><\/td>\n<td colspan=\"11\"><span style=\"color: #000000;\">Grafite flessibile + SS, PTFE<\/span><\/td>\n<\/tr>\n<tr>\n<td><span style=\"color: #000000;\">\u00a05<\/span><\/td>\n<td><span style=\"color: #000000;\">Flangia di imballaggio<\/span><\/td>\n<td><span style=\"color: #000000;\">A182 F6a<\/span><\/td>\n<td colspan=\"2\"><span style=\"color: #000000;\">A182 F6a<\/span><\/td>\n<td><span style=\"color: #000000;\">A182 F6a<\/span><\/td>\n<td><span style=\"color: #000000;\">A182 F6a<\/span><\/td>\n<td><span style=\"color: #000000;\">A182 F6a<\/span><\/td>\n<td><span style=\"color: #000000;\">A182 F6a<\/span><\/td>\n<td><span style=\"color: #000000;\">A182 F304<\/span><\/td>\n<td><span style=\"color: #000000;\">A182 F316<\/span><\/td>\n<td><span style=\"color: #000000;\">A182 F304L<\/span><\/td>\n<td><span style=\"color: #000000;\">A182 F316L<\/span><\/td>\n<\/tr>\n<tr>\n<td><span style=\"color: #000000;\">\u00a06<\/span><\/td>\n<td><span style=\"color: #000000;\">Stelo<\/span><\/td>\n<td><span style=\"color: #000000;\">A182 F6a<\/span><\/td>\n<td colspan=\"2\"><span style=\"color: #000000;\">A182 F6a<\/span><\/td>\n<td><span style=\"color: #000000;\">A182 F6a<\/span><\/td>\n<td><span style=\"color: #000000;\">A182 F6a<\/span><\/td>\n<td><span style=\"color: #000000;\">A182 F6a<\/span><\/td>\n<td><span style=\"color: #000000;\">A182 F6a<\/span><\/td>\n<td><span style=\"color: #000000;\">A182 F304<\/span><\/td>\n<td><span style=\"color: #000000;\">A182 F316<\/span><\/td>\n<td><span style=\"color: #000000;\">A182 F304L<\/span><\/td>\n<td><span style=\"color: #000000;\">A182 F316L<\/span><\/td>\n<\/tr>\n<tr>\n<td><span style=\"color: #000000;\">\u00a0<\/span><br \/>\n<span style=\"color: #000000;\">7<\/span><\/td>\n<td><span style=\"color: #000000;\">Giogo<\/span><\/td>\n<td><span style=\"color: #000000;\">A216 WCB<\/span><\/td>\n<td colspan=\"2\"><span style=\"color: #000000;\">A352LCB<\/span><\/td>\n<td><span style=\"color: #000000;\">A217 WC1<\/span><\/td>\n<td><span style=\"color: #000000;\">A217 WC6<\/span><\/td>\n<td><span style=\"color: #000000;\">A217WC9<\/span><\/td>\n<td><span style=\"color: #000000;\">A217C5<\/span><\/td>\n<td><span style=\"color: #000000;\">A351 CF8<\/span><\/td>\n<td><span style=\"color: #000000;\">A351 CF8M<\/span><\/td>\n<td><span style=\"color: #000000;\">A351 CF3<\/span><\/td>\n<td><span style=\"color: #000000;\">A351 CF3M<\/span><\/td>\n<\/tr>\n<tr>\n<td><span style=\"color: #000000;\">\u00a08<\/span><\/td>\n<td><span style=\"color: #000000;\">Dado dello stelo<\/span><\/td>\n<td colspan=\"11\"><span style=\"color: #000000;\">Lega di rame o A439 D2<\/span><\/td>\n<\/tr>\n<tr>\n<td><span style=\"color: #000000;\">\u00a09<\/span><\/td>\n<td><span style=\"color: #000000;\">Noce<\/span><\/td>\n<td><span style=\"color: #000000;\">A194 2H<\/span><\/td>\n<td colspan=\"2\"><span style=\"color: #000000;\">A1944<\/span><\/td>\n<td><span style=\"color: #000000;\">A194 2H<\/span><\/td>\n<td><span style=\"color: #000000;\">A1944<\/span><\/td>\n<td><span style=\"color: #000000;\">A1944<\/span><\/td>\n<td><span style=\"color: #000000;\">A1944<\/span><\/td>\n<td><span style=\"color: #000000;\">A1948<\/span><\/td>\n<td><span style=\"color: #000000;\">A1948<\/span><\/td>\n<td><span style=\"color: #000000;\">A1948<\/span><\/td>\n<td><span style=\"color: #000000;\">A1948<\/span><\/td>\n<\/tr>\n<tr>\n<td><span style=\"color: #000000;\">\u00a010<\/span><\/td>\n<td><span style=\"color: #000000;\">Volantino<\/span><\/td>\n<td colspan=\"11\"><span style=\"color: #000000;\">Ferro duttile o acciaio al carbonio<\/span><\/td>\n<\/tr>\n<tr>\n<td><span style=\"color: #000000;\">11\u00a0<\/span><\/td>\n<td><span style=\"color: #000000;\">Bullone<\/span><\/td>\n<td><span style=\"color: #000000;\">A193B7<\/span><\/td>\n<td colspan=\"2\"><span style=\"color: #000000;\">A320 L7<\/span><\/td>\n<td><span style=\"color: #000000;\">A193B7<\/span><\/td>\n<td><span style=\"color: #000000;\">A193 B16<\/span><\/td>\n<td><span style=\"color: #000000;\">A193 B16<\/span><\/td>\n<td><span style=\"color: #000000;\">A193 B16<\/span><\/td>\n<td><span style=\"color: #000000;\">A193B8<\/span><\/td>\n<td><span style=\"color: #000000;\">A193B8<\/span><\/td>\n<td><span style=\"color: #000000;\">A193B8<\/span><\/td>\n<td><span style=\"color: #000000;\">A193B8<\/span><\/td>\n<\/tr>\n<tr>\n<td><span style=\"color: #000000;\">\u00a012<\/span><\/td>\n<td><span style=\"color: #000000;\">Noce<\/span><\/td>\n<td><span style=\"color: #000000;\">A194 2H<\/span><\/td>\n<td colspan=\"2\"><span style=\"color: #000000;\">A1944<\/span><\/td>\n<td><span style=\"color: #000000;\">A194 2H<\/span><\/td>\n<td><span style=\"color: #000000;\">A1944<\/span><\/td>\n<td><span style=\"color: #000000;\">A1944<\/span><\/td>\n<td><span style=\"color: #000000;\">A1944<\/span><\/td>\n<td><span style=\"color: #000000;\">A1948<\/span><\/td>\n<td><span style=\"color: #000000;\">A1948<\/span><\/td>\n<td><span style=\"color: #000000;\">A1948<\/span><\/td>\n<td><span style=\"color: #000000;\">A1948<\/span><\/td>\n<\/tr>\n<\/tbody>\n<\/table>","protected":false},"excerpt":{"rendered":"<p>Standard applicabili della valvola a saracinesca a coltello con aletta: valvola a saracinesca a coltello, valvole in acciaio MSS SP-81, ASME B16.34 faccia a faccia MSS SP-81, cuneo resiliente, lega, acciaio inossidabile, acciaio al carbonio, estremit\u00e0 wafer, estremit\u00e0 a capocorda, estremit\u00e0 flangiate, 2 \u2013 48 pollici, Classe 150 LB o come richiesto dal cliente.<\/p>","protected":false},"featured_media":3748,"template":"","meta":[],"product_brand":[],"product_cat":[44,62],"product_tag":[145,148,149,147,150,146],"class_list":{"0":"post-3684","1":"product","2":"type-product","3":"status-publish","4":"has-post-thumbnail","6":"product_cat-gate-valve","7":"product_cat-knife-gate-valve","8":"product_tag-150lb-knife-gate-valve","9":"product_tag-ansi-knife-gate-valve","10":"product_tag-jis-10k-knife-gate-valve","11":"product_tag-lug-knife-gate-valve","12":"product_tag-pn16-knife-gate-valve","13":"product_tag-wafer-knife-gate-valve","15":"first","16":"instock","17":"downloadable","18":"shipping-taxable","19":"product-type-simple"},"_links":{"self":[{"href":"https:\/\/www.stvvalves.com\/it\/wp-json\/wp\/v2\/product\/3684","targetHints":{"allow":["GET"]}}],"collection":[{"href":"https:\/\/www.stvvalves.com\/it\/wp-json\/wp\/v2\/product"}],"about":[{"href":"https:\/\/www.stvvalves.com\/it\/wp-json\/wp\/v2\/types\/product"}],"wp:featuredmedia":[{"embeddable":true,"href":"https:\/\/www.stvvalves.com\/it\/wp-json\/wp\/v2\/media\/3748"}],"wp:attachment":[{"href":"https:\/\/www.stvvalves.com\/it\/wp-json\/wp\/v2\/media?parent=3684"}],"wp:term":[{"taxonomy":"product_brand","embeddable":true,"href":"https:\/\/www.stvvalves.com\/it\/wp-json\/wp\/v2\/product_brand?post=3684"},{"taxonomy":"product_cat","embeddable":true,"href":"https:\/\/www.stvvalves.com\/it\/wp-json\/wp\/v2\/product_cat?post=3684"},{"taxonomy":"product_tag","embeddable":true,"href":"https:\/\/www.stvvalves.com\/it\/wp-json\/wp\/v2\/product_tag?post=3684"}],"curies":[{"name":"wp","href":"https:\/\/api.w.org\/{rel}","templated":true}]}}