{"id":3909,"date":"2018-11-24T15:45:23","date_gmt":"2018-11-24T15:45:23","guid":{"rendered":"https:\/\/www.stvvalves.com\/?post_type=product&#038;p=3909"},"modified":"2025-02-17T18:17:50","modified_gmt":"2025-02-17T10:17:50","slug":"forged-steel-gate-valve-class-800","status":"publish","type":"product","link":"https:\/\/www.stvvalves.com\/it\/products\/forged-steel-gate-valve-class-800\/","title":{"rendered":"Valvola a saracinesca in acciaio forgiato Classe 800"},"content":{"rendered":"<p>Caratteristiche del progetto<br \/>\n1. Porta piena o porta convenzionale<br \/>\n2. Vite e giogo esterni (OS&amp;Y)<br \/>\n3. Premistoppa autoallineante in due pezzi<br \/>\n4. Cofano imbullonato con guarnizione a spirale, cofano saldato filettato e con guarnizione o coperchio filettato e con guarnizione a pressione<br \/>\n5. Sedile posteriore integrale<br \/>\n6.Disponibile in ANSI 150-2500LB, dimensioni: da 1\/2\u2033 a 2\u2033.<br \/>\n7. Materiali: A105N, LF2, F304, F316, F11, F22, F5, F91, acciaio legato ecc.<br \/>\n8. Intervallo di temperatura: da 0\u00b0C a 600\u00b0C.<br \/>\n9.Porta: porta riduttrice e porta completa.<br \/>\n10.Fine connessione\uff1bNPT,BW,SW,RF,RTJ.<\/p>\n<table>\n<tbody>\n<tr>\n<td width=\"200\"><strong><b>nome del prodotto<\/b><\/strong><\/td>\n<td width=\"481\">Valvola a saracinesca in acciaio forgiato Classe 800<\/td>\n<\/tr>\n<tr>\n<td width=\"200\">1. Materiale<\/td>\n<td width=\"481\">A105N<\/td>\n<\/tr>\n<tr>\n<td width=\"200\">2. Dimensioni<\/td>\n<td width=\"481\">2\u201d<\/td>\n<\/tr>\n<tr>\n<td width=\"200\">4. Porto<\/td>\n<td width=\"481\">Porta del riduttore<\/td>\n<\/tr>\n<tr>\n<td width=\"200\">5. Pressione di esercizio<\/td>\n<td width=\"481\">800 libbre<\/td>\n<\/tr>\n<tr>\n<td width=\"200\">6. La connessione termina<\/td>\n<td width=\"481\">Estremit\u00e0 saldata a presa<\/td>\n<\/tr>\n<tr>\n<td width=\"200\">7. Temp. di lavoro.<\/td>\n<td width=\"481\">-29~425\u00baC,<\/td>\n<\/tr>\n<tr>\n<td width=\"200\">8. Mezzo adatto<\/td>\n<td width=\"481\">Acqua, gas naturale, petrolio e alcuni liquidi corrosivi<\/td>\n<\/tr>\n<tr>\n<td width=\"200\">9. Operato<\/td>\n<td width=\"481\">Volantino<\/td>\n<\/tr>\n<tr>\n<td width=\"200\">10. Ispezione e test<\/td>\n<td width=\"481\">Secondo API 598<\/td>\n<\/tr>\n<tr>\n<td width=\"200\"><strong><b>Spedizione<\/b><\/strong><\/td>\n<td width=\"481\">&nbsp;<\/td>\n<\/tr>\n<tr>\n<td width=\"200\">Tempi di consegna<\/td>\n<td width=\"481\">30 giorni<\/td>\n<\/tr>\n<tr>\n<td width=\"200\">Pacchetto<\/td>\n<td width=\"481\">Custodia in compensato per esportazione standard<\/td>\n<\/tr>\n<tr>\n<td width=\"200\">Porto di spedizione<\/td>\n<td width=\"481\">Ningbo\/Shanghai, Cina<\/td>\n<\/tr>\n<tr>\n<td width=\"200\">Termini di spedizione<\/td>\n<td width=\"481\">Exw, FOB, CFR, CIF, ecc.<\/td>\n<\/tr>\n<tr>\n<td width=\"200\">Termini di pagamento<\/td>\n<td width=\"481\">T\/T, Western Union, PayPal, ecc.<\/td>\n<\/tr>\n<tr>\n<td width=\"200\">&nbsp;<\/td>\n<td width=\"481\">Pagamento anticipato 30%, saldo 70% pagato prima della spedizione<\/td>\n<\/tr>\n<tr>\n<td width=\"200\">Paese di origine<\/td>\n<td width=\"481\">Citt\u00e0 di Wenzhou, Cina<\/td>\n<\/tr>\n<tr>\n<td width=\"200\">Capacit\u00e0 produttiva<\/td>\n<td width=\"481\">6000 ton\/anno<\/td>\n<\/tr>\n<tr>\n<td width=\"200\">MOQ<\/td>\n<td width=\"481\">10 pezzi\/taglia<\/td>\n<\/tr>\n<\/tbody>\n<\/table>","protected":false},"excerpt":{"rendered":"<p>Modello:Z11H-800LB<br \/>\nLa valvola a saracinesca in acciaio forgiato Classe 800 \u00e8 adatta per le applicazioni di processo pi\u00f9 esigenti. Quando \u00e8 aperto, il fluido scorre con una quantit\u00e0 minima di turbolenza e caduta di pressione attraverso la valvola e le industrie in cui \u00e8 richiesto l&#039;isolamento di fluidi e liquidi viscosi.<\/p>\n<p>La valvola \u00e8 progettata secondo API 602 e ha una vite esterna e un tuorlo con stelo ascendente. Il volantino aziona la valvola a saracinesca solo per entrambe le applicazioni di isolamento.<\/p>\n<p>Perch\u00e9 utilizzare le valvole a saracinesca: queste valvole forniscono una chiusura a tenuta positiva in posizione orizzontale o verticale per i fluidi di processo nelle tubazioni. Offrono anche un minimo controllo e vengono utilizzati per regolare vapore, gas o liquidi. Facile da usare e la scelta preferita dagli ingegneri rispetto alle valvole a sfera per isolare le stazioni di cattura.<\/p>\n<p>Applicazioni tipiche:<\/p>\n<p>Sala delle turbine<br \/>\nIsolamento<br \/>\nLinee di condensa<br \/>\nPrima delle costose attrezzature per impianti<br \/>\nLinee per bruciatori a gasolio<br \/>\nIndustrie tipiche:<\/p>\n<p>Linea del carburante dell&#039;impianto caldaia<br \/>\nImpianti di riciclaggio<br \/>\nIndustria chimica<br \/>\nImpianto a vapore<br \/>\nOspedali, scuole e HVAC<\/p>\n<p>Foglio degli appuntamenti:<br \/>\n<a href=\"https:\/\/www.stvvalves.com\/wp-content\/uploads\/2018\/11\/Forged-Steel-Gate-Valve-Class-800-Drawing.pdf\">Valvola a saracinesca in acciaio forgiato Classe 800<\/a><\/p>\n<p>&nbsp;<\/p>","protected":false},"featured_media":3911,"template":"","meta":[],"product_brand":[],"product_cat":[59,44],"product_tag":[196,194,195],"class_list":{"0":"post-3909","1":"product","2":"type-product","3":"status-publish","4":"has-post-thumbnail","6":"product_cat-forged-steel-gate-valve","7":"product_cat-gate-valve","8":"product_tag-bolt-bonnet-gate-valve","9":"product_tag-forged-steel-gate-valve","10":"product_tag-high-pressure-gate-valve","12":"first","13":"instock","14":"shipping-taxable","15":"product-type-simple"},"_links":{"self":[{"href":"https:\/\/www.stvvalves.com\/it\/wp-json\/wp\/v2\/product\/3909","targetHints":{"allow":["GET"]}}],"collection":[{"href":"https:\/\/www.stvvalves.com\/it\/wp-json\/wp\/v2\/product"}],"about":[{"href":"https:\/\/www.stvvalves.com\/it\/wp-json\/wp\/v2\/types\/product"}],"wp:featuredmedia":[{"embeddable":true,"href":"https:\/\/www.stvvalves.com\/it\/wp-json\/wp\/v2\/media\/3911"}],"wp:attachment":[{"href":"https:\/\/www.stvvalves.com\/it\/wp-json\/wp\/v2\/media?parent=3909"}],"wp:term":[{"taxonomy":"product_brand","embeddable":true,"href":"https:\/\/www.stvvalves.com\/it\/wp-json\/wp\/v2\/product_brand?post=3909"},{"taxonomy":"product_cat","embeddable":true,"href":"https:\/\/www.stvvalves.com\/it\/wp-json\/wp\/v2\/product_cat?post=3909"},{"taxonomy":"product_tag","embeddable":true,"href":"https:\/\/www.stvvalves.com\/it\/wp-json\/wp\/v2\/product_tag?post=3909"}],"curies":[{"name":"wp","href":"https:\/\/api.w.org\/{rel}","templated":true}]}}