{"id":4061,"date":"2018-11-29T06:03:40","date_gmt":"2018-11-29T06:03:40","guid":{"rendered":"https:\/\/www.stvvalves.com\/?post_type=product&#038;p=4061"},"modified":"2025-02-17T18:18:44","modified_gmt":"2025-02-17T10:18:44","slug":"stainless-steel-flange-foot-valve","status":"publish","type":"product","link":"https:\/\/www.stvvalves.com\/it\/products\/stainless-steel-flange-foot-valve\/","title":{"rendered":"Valvola di fondo flangiata in acciaio inossidabile"},"content":{"rendered":"<p><img loading=\"lazy\" decoding=\"async\" class=\"alignnone size-full wp-image-4062\" src=\"https:\/\/www.stvvalves.com\/wp-content\/uploads\/2018\/11\/stainless-steel-flange-foot-valve-drawing.jpg\" alt=\"\" width=\"1653\" height=\"2338\" srcset=\"https:\/\/www.stvvalves.com\/wp-content\/uploads\/2018\/11\/stainless-steel-flange-foot-valve-drawing.jpg 1653w, https:\/\/www.stvvalves.com\/wp-content\/uploads\/2018\/11\/stainless-steel-flange-foot-valve-drawing-600x849.jpg 600w, https:\/\/www.stvvalves.com\/wp-content\/uploads\/2018\/11\/stainless-steel-flange-foot-valve-drawing-212x300.jpg 212w, https:\/\/www.stvvalves.com\/wp-content\/uploads\/2018\/11\/stainless-steel-flange-foot-valve-drawing-768x1086.jpg 768w, https:\/\/www.stvvalves.com\/wp-content\/uploads\/2018\/11\/stainless-steel-flange-foot-valve-drawing-728x1030.jpg 728w, https:\/\/www.stvvalves.com\/wp-content\/uploads\/2018\/11\/stainless-steel-flange-foot-valve-drawing-1061x1500.jpg 1061w, https:\/\/www.stvvalves.com\/wp-content\/uploads\/2018\/11\/stainless-steel-flange-foot-valve-drawing-498x705.jpg 498w\" sizes=\"auto, (max-width: 1653px) 100vw, 1653px\" \/><\/p>","protected":false},"excerpt":{"rendered":"<p>La valvola di fondo flangiata in acciaio inossidabile \u00e8 un tipo di valvola a risparmio energetico, solitamente installata sul fondo del tubo di aspirazione della pompa, per impedire che il fluido nel tubo ritorni alla fonte d&#039;acqua. Ci sono molti fori di ingresso e nervature di rinforzo nel coperchio della valvola, quindi il tubo non si ostruir\u00e0 facilmente.<\/p>\n<p>La valvola di fondo \u00e8 costituita da coperchio, disco, boccola, anello di tenuta, ecc. L&#039;acqua entra nel corpo della valvola attraverso il coperchio. Sotto l&#039;influenza della pressione del flusso, il disco verr\u00e0 aperto. Quando si ferma, la pressione nel tubo di uscita chiuder\u00e0 immediatamente il disco, l&#039;acqua non ritorner\u00e0 alla fonte d&#039;acqua. Effettua le funzioni di pompaggio regolare e risparmia la perdita d&#039;acqua.<\/p>\n<p>Dettagli del prodotto:<\/p>\n<p>1. Standard di progettazione: API, ANSI, DIN, JIS, BS, GOST, GB, ecc;<br \/>\n2.Diametro nominale: 1\/2\u201d \u2013 48\u201d(DN15-DN1200);<br \/>\n3.Pressione nominale: Classe150 \u2013 Classe2500 (PN6-PN420);<br \/>\n4. Materiale principale: WCB, WC6, LCB, LC1, C5, CF8, CF8M, CF3, CF3M, CF8C, CN7M, Hastelloy C, ecc.<br \/>\n5. Possiamo anche lanciare e produrre le valvole in base alle esigenze speciali dei clienti.<\/p>\n<p>STV Valve Technology Group Co., Ltd \u00e8 un produttore leader in Cina di valvole di fondo, valvole di fondo a molla in acciaio inossidabile, valvole di fondo in acciaio inossidabile, valvole di fondo per pompe dell&#039;acqua in acciaio inossidabile con flangia con alta qualit\u00e0 e prezzo competitivo.<\/p>\n<p>Si prega di contattare il nostro sales@stvvalve.com per altri materiali e dettagli.<\/p>\n<p>Foglio degli appuntamenti:<br \/>\n<a href=\"https:\/\/www.stvvalves.com\/wp-content\/uploads\/2018\/11\/stainless-steel-flange-foot-valve-drawing.pdf\">Valvola di fondo flangiata in acciaio inossidabile<\/a><\/p>","protected":false},"featured_media":4064,"template":"","meta":[],"product_brand":[],"product_cat":[46,67],"product_tag":[241,242,244,243],"class_list":{"0":"post-4061","1":"product","2":"type-product","3":"status-publish","4":"has-post-thumbnail","6":"product_cat-check-valves","7":"product_cat-stainless-steel-check-valve","8":"product_tag-foot-valve","9":"product_tag-spring-stainless-steel-foot-valve","10":"product_tag-stainless-steel-foot-valve","11":"product_tag-stainless-steel-water-pump-foot-valve-with-flange-end","13":"first","14":"instock","15":"shipping-taxable","16":"product-type-simple"},"_links":{"self":[{"href":"https:\/\/www.stvvalves.com\/it\/wp-json\/wp\/v2\/product\/4061","targetHints":{"allow":["GET"]}}],"collection":[{"href":"https:\/\/www.stvvalves.com\/it\/wp-json\/wp\/v2\/product"}],"about":[{"href":"https:\/\/www.stvvalves.com\/it\/wp-json\/wp\/v2\/types\/product"}],"wp:featuredmedia":[{"embeddable":true,"href":"https:\/\/www.stvvalves.com\/it\/wp-json\/wp\/v2\/media\/4064"}],"wp:attachment":[{"href":"https:\/\/www.stvvalves.com\/it\/wp-json\/wp\/v2\/media?parent=4061"}],"wp:term":[{"taxonomy":"product_brand","embeddable":true,"href":"https:\/\/www.stvvalves.com\/it\/wp-json\/wp\/v2\/product_brand?post=4061"},{"taxonomy":"product_cat","embeddable":true,"href":"https:\/\/www.stvvalves.com\/it\/wp-json\/wp\/v2\/product_cat?post=4061"},{"taxonomy":"product_tag","embeddable":true,"href":"https:\/\/www.stvvalves.com\/it\/wp-json\/wp\/v2\/product_tag?post=4061"}],"curies":[{"name":"wp","href":"https:\/\/api.w.org\/{rel}","templated":true}]}}