{"id":4147,"date":"2018-12-04T05:44:29","date_gmt":"2018-12-04T05:44:29","guid":{"rendered":"https:\/\/www.stvvalves.com\/?post_type=product&#038;p=4147"},"modified":"2025-02-18T14:16:47","modified_gmt":"2025-02-18T06:16:47","slug":"screw-end-stainless-steel-foot-valve","status":"publish","type":"product","link":"https:\/\/www.stvvalves.com\/it\/products\/screw-end-stainless-steel-foot-valve\/","title":{"rendered":"Valvola di fondo in acciaio inossidabile con estremit\u00e0 a vite"},"content":{"rendered":"<p><img loading=\"lazy\" decoding=\"async\" class=\"alignnone size-full wp-image-4148\" src=\"https:\/\/www.stvvalves.com\/wp-content\/uploads\/2018\/12\/Screwed-Stainless-Steel-Foot-Valve-drawing.jpg\" alt=\"\" width=\"1653\" height=\"2338\" srcset=\"https:\/\/www.stvvalves.com\/wp-content\/uploads\/2018\/12\/Screwed-Stainless-Steel-Foot-Valve-drawing.jpg 1653w, https:\/\/www.stvvalves.com\/wp-content\/uploads\/2018\/12\/Screwed-Stainless-Steel-Foot-Valve-drawing-600x849.jpg 600w, https:\/\/www.stvvalves.com\/wp-content\/uploads\/2018\/12\/Screwed-Stainless-Steel-Foot-Valve-drawing-212x300.jpg 212w, https:\/\/www.stvvalves.com\/wp-content\/uploads\/2018\/12\/Screwed-Stainless-Steel-Foot-Valve-drawing-768x1086.jpg 768w, https:\/\/www.stvvalves.com\/wp-content\/uploads\/2018\/12\/Screwed-Stainless-Steel-Foot-Valve-drawing-728x1030.jpg 728w, https:\/\/www.stvvalves.com\/wp-content\/uploads\/2018\/12\/Screwed-Stainless-Steel-Foot-Valve-drawing-1061x1500.jpg 1061w, https:\/\/www.stvvalves.com\/wp-content\/uploads\/2018\/12\/Screwed-Stainless-Steel-Foot-Valve-drawing-498x705.jpg 498w\" sizes=\"auto, (max-width: 1653px) 100vw, 1653px\" \/><\/p>","protected":false},"excerpt":{"rendered":"<p>Valvola di fondo in acciaio inossidabile con estremit\u00e0 a vite<\/p>\n<p>La valvola di fondo \u00e8 un tipo speciale di valvola di ritegno dotata di un filtro incorporato. \u00c8 installata sul lato di aspirazione di un tubo di aspirazione e di una pompa. Il suo scopo \u00e8 prevenire la perdita di adescamento quando la fonte di liquido (pozzo umido) \u00e8 inferiore rispetto alla pompa. Prime \u00e8 progettato come la carica di liquido necessaria per iniziare l&#039;azione di pompaggio e l&#039;adescamento \u00e8 il processo di riempimento della pompa e del tubo di aspirazione con liquido. La parte della valvola di ritegno della valvola di fondo si apre quando la pompa inizia per consentire l&#039;ingresso del liquido il tubo di aspirazione e la pompa. Quando la pompa si arresta, le valvole di ritegno si chiudono e impediscono lo svuotamento del liquido. Pertanto la valvola di fondo elimina la necessit\u00e0 di adescare la pompa ogni volta che viene avviata. Il componente del filtro della valvola di fondo aiuta a rimuovere i detriti indesiderati dal liquido che potrebbe causare danni alla pompa.<br \/>\nLe nostre valvole di fondo impediscono lo svuotamento della colonna della pompa allo spegnimento della pompa. Silenziosa durante il funzionamento e normalmente chiusa, la valvola \u00e8 dotata di un disco guidato al centro con sede in Buna-N per garantire una tenuta antigoccia.<\/p>\n<p>Caratteristica fondamentale:<\/p>\n<p>\u2022 Il sedile resiliente fornisce una chiusura positiva<br \/>\n\u2022 Area a flusso totale<br \/>\n\u2022 Costruzione robusta per materiali standard di lunga durata<br \/>\n\u2022 Corpo in acciaio inox. \u2022 Disco e anello di sede<br \/>\n\u2022 Molla e schermo di ingresso in acciaio inossidabile<br \/>\n\u2022 Sedile resiliente Buna-N<br \/>\n\u2022BSPT,BSPP,NPT-F<\/p>\n<p>STV Valve Technology Group Co., Ltd \u00e8 un leader professionale in Cina Valvola di ritegno valvola di fondo avvitata, valvola di fondo, valvola di fondo in acciaio inossidabile con estremit\u00e0 a vite, valvola di fondo in acciaio inossidabile con estremit\u00e0 flangiata e estremit\u00e0 a vite, produttore di valvole di fondo filettate in Cina con alta qualit\u00e0 e prezzo competitivo .<\/p>\n<p>Si prega di contattare il nostro sales@stvvalve.com per altri materiali e dettagli.<\/p>\n<p>Foglio degli appuntamenti:<br \/>\n<a href=\"https:\/\/www.stvvalves.com\/wp-content\/uploads\/2018\/12\/Screwed-Stainless-Steel-Foot-Valve-drawing.pdf\">Valvola di fondo in acciaio inossidabile con estremit\u00e0 a vite<\/a><\/p>\n<p>&nbsp;<\/p>","protected":false},"featured_media":4149,"template":"","meta":[],"product_brand":[],"product_cat":[46,67],"product_tag":[312,241,310,244,311,313],"class_list":{"0":"post-4147","1":"product","2":"type-product","3":"status-publish","4":"has-post-thumbnail","6":"product_cat-check-valves","7":"product_cat-stainless-steel-check-valve","8":"product_tag-check-valve-screwed-foot-valve","9":"product_tag-foot-valve","10":"product_tag-screw-end-stainless-steel-foot-valve","11":"product_tag-stainless-steel-foot-valve","12":"product_tag-stainless-steel-foot-valve-flanged-end-screw-end","13":"product_tag-threaded-foot-valves","15":"first","16":"instock","17":"shipping-taxable","18":"product-type-simple"},"_links":{"self":[{"href":"https:\/\/www.stvvalves.com\/it\/wp-json\/wp\/v2\/product\/4147","targetHints":{"allow":["GET"]}}],"collection":[{"href":"https:\/\/www.stvvalves.com\/it\/wp-json\/wp\/v2\/product"}],"about":[{"href":"https:\/\/www.stvvalves.com\/it\/wp-json\/wp\/v2\/types\/product"}],"wp:featuredmedia":[{"embeddable":true,"href":"https:\/\/www.stvvalves.com\/it\/wp-json\/wp\/v2\/media\/4149"}],"wp:attachment":[{"href":"https:\/\/www.stvvalves.com\/it\/wp-json\/wp\/v2\/media?parent=4147"}],"wp:term":[{"taxonomy":"product_brand","embeddable":true,"href":"https:\/\/www.stvvalves.com\/it\/wp-json\/wp\/v2\/product_brand?post=4147"},{"taxonomy":"product_cat","embeddable":true,"href":"https:\/\/www.stvvalves.com\/it\/wp-json\/wp\/v2\/product_cat?post=4147"},{"taxonomy":"product_tag","embeddable":true,"href":"https:\/\/www.stvvalves.com\/it\/wp-json\/wp\/v2\/product_tag?post=4147"}],"curies":[{"name":"wp","href":"https:\/\/api.w.org\/{rel}","templated":true}]}}