{"id":4191,"date":"2018-12-07T06:48:38","date_gmt":"2018-12-07T06:48:38","guid":{"rendered":"https:\/\/www.stvvalves.com\/?post_type=product&#038;p=4191"},"modified":"2025-02-17T18:19:31","modified_gmt":"2025-02-17T10:19:31","slug":"2500lb-wc9-y-type-globe-valve","status":"publish","type":"product","link":"https:\/\/www.stvvalves.com\/it\/products\/2500lb-wc9-y-type-globe-valve\/","title":{"rendered":"Valvola a globo tipo Y WC9 da 2500 libbre"},"content":{"rendered":"<h2>Descrizione<\/h2>\n<p>Standard di implementazione della valvola a globo tipo Y 2500LB WC9:<\/p>\n<p>Progettazione e produzione: ANSI B16.34 E101<\/p>\n<p>Lunghezza struttura: ANSI B16.10 E101<\/p>\n<p>Valutazione della temperatura e della pressione: ANSI B16.34 E101<\/p>\n<p>Esperimento e test: E101 API598<\/p>\n<p>Materiale:A216 WCB, WCC, A217 WC6, WC9, C5, C12A, A352 LCB, LCC<br \/>\nA351 CF8, CF8M, CF3M, CF8C, CN3MN, CK3MCUN, CN7M,<br \/>\nA890 4A(CD3MN), 5A(CE3MN), 6A(CD3MWCuN),<br \/>\nASTM B148 C95800, C95500<\/p>\n<p>Pressione: classe 150 \uff5e 2500<\/p>\n<table>\n<tbody>\n<tr>\n<td width=\"200\"><strong>nome del prodotto<\/strong><\/td>\n<td width=\"481\">Valvola a globo tipo Y WC9 da 2500 libbre<\/td>\n<\/tr>\n<tr>\n<td width=\"200\">1. Materiale<\/td>\n<td width=\"481\">WC9<\/td>\n<\/tr>\n<tr>\n<td width=\"200\">2. Dimensioni<\/td>\n<td width=\"481\">12&quot;<\/td>\n<\/tr>\n<tr>\n<td width=\"200\">4. Porto<\/td>\n<td width=\"481\">Porto pieno<\/td>\n<\/tr>\n<tr>\n<td width=\"200\">5. Pressione di esercizio<\/td>\n<td width=\"481\">2500 libbre<\/td>\n<\/tr>\n<tr>\n<td width=\"200\">6. La connessione termina<\/td>\n<td width=\"481\">BW<\/td>\n<\/tr>\n<tr>\n<td width=\"200\">7. Temp. di lavoro.<\/td>\n<td width=\"481\">-29~560\u00baC,<\/td>\n<\/tr>\n<tr>\n<td width=\"200\">8. Mezzo adatto<\/td>\n<td width=\"481\">Acqua, gas naturale, petrolio e alcuni liquidi corrosivi<\/td>\n<\/tr>\n<tr>\n<td width=\"200\">9. Operato<\/td>\n<td width=\"481\">Volantino<\/td>\n<\/tr>\n<tr>\n<td width=\"200\">10. Ispezione e test<\/td>\n<td width=\"481\">Secondo API598<\/td>\n<\/tr>\n<tr>\n<td width=\"200\"><strong>Spedizione<\/strong><\/td>\n<td width=\"481\"><\/td>\n<\/tr>\n<tr>\n<td width=\"200\">Tempi di consegna<\/td>\n<td width=\"481\">30 giorni<\/td>\n<\/tr>\n<tr>\n<td width=\"200\">Pacchetto<\/td>\n<td width=\"481\">Custodia in compensato per esportazione standard<\/td>\n<\/tr>\n<tr>\n<td width=\"200\">Porto di spedizione<\/td>\n<td width=\"481\">Ningbo\/Shanghai, Cina<\/td>\n<\/tr>\n<tr>\n<td width=\"200\">Termini di spedizione<\/td>\n<td width=\"481\">Exw, FOB, CFR, CIF, ecc.<\/td>\n<\/tr>\n<tr>\n<td width=\"200\">Termini di pagamento<\/td>\n<td width=\"481\">T\/T, Western Union, PayPal, ecc.<\/td>\n<\/tr>\n<tr>\n<td width=\"200\"><\/td>\n<td width=\"481\">Pagamento anticipato 30%, saldo 70% pagato prima della spedizione<\/td>\n<\/tr>\n<tr>\n<td width=\"200\">Paese di origine<\/td>\n<td width=\"481\">Citt\u00e0 di Wenzhou, Cina<\/td>\n<\/tr>\n<tr>\n<td width=\"200\">Capacit\u00e0 produttiva<\/td>\n<td width=\"481\">6000 ton\/anno<\/td>\n<\/tr>\n<tr>\n<td width=\"200\">MOQ<\/td>\n<td width=\"481\">1 pezzo\/taglia<\/td>\n<\/tr>\n<\/tbody>\n<\/table>","protected":false},"excerpt":{"rendered":"<p>Modello:Y565Y-2500LB-WC9-DN300<\/p>\n<p>Le parti di apertura e chiusura della valvola a globo ad alta temperatura e alta pressione sono valvole a forma di tappo, superficie di tenuta piatta o conica, l&#039;aletta della valvola lungo la linea centrale del fluido per il movimento lineare. Il movimento della forma dello stelo \u00e8 del tipo ad asta di sollevamento (sollevamento dello stelo, il volantino non \u00e8 su e gi\u00f9), ma anche il sollevamento della barra rotante (rotazione del volantino e dello stelo della valvola, il dado si trova nella corpo valvola).<\/p>\n<p>Caratteristiche della struttura:<\/p>\n<p>1 valvola nella cavit\u00e0 con la pressione della struttura a tenuta stagna, migliore \u00e8 la prestazione di tenuta.<\/p>\n<p>2. La superficie di tenuta dell&#039;aletta della valvola e della sede della valvola della saldatura a spruzzo in lega a base di cobalto stellite diventa resistente all&#039;usura, resiste alle alte temperature, alla corrosione, ai graffi, per essere brava.<\/p>\n<p>3 progettazione di scorrimento ad alta temperatura.<\/p>\n<p>4 lo stelo della valvola adotta l&#039;intera struttura di forgiatura, ha una buona resistenza alla corrosione e ai graffi grazie al trattamento di tempra, rinvenimento e nitrurazione superficiale.<\/p>\n<p>La profondit\u00e0 di riempimento del coperchio delle 5 valvole \u00e8 ragionevole, riempitiva e inibisce la corrosione, sigillante e affidabile.<\/p>\n<p>Caratteristiche principali:<\/p>\n<p>1, la valvola e il collegamento della tubazione utilizzando la struttura saldata.<\/p>\n<p>2, la superficie di tenuta non \u00e8 facile da indossare, abrasione, buone prestazioni di tenuta, lunga durata.<\/p>\n<p>3, la struttura \u00e8 compatta, l&#039;apertura e la chiusura sono buone, l&#039;altezza \u00e8 ridotta, la manutenzione \u00e8 conveniente.<\/p>\n<p>Utilizzo:<\/p>\n<p>Adatto per acqua, vapore, oleodotto, ha le caratteristiche di resistenza alle alte temperature, resistenza alle alte pressioni. Adatto per condotte di acqua, vapore, olio e vapore surriscaldato di acqua, vapore, olio e vapore surriscaldato in centrali termoelettriche, petrolchimiche, metallurgiche e altre alte temperature e alta pressione.<\/p>\n<p>Principali caratteristiche e usi<\/p>\n<p>1, la valvola e il collegamento della tubazione utilizzando la struttura saldata.<\/p>\n<p>2, la superficie di tenuta non \u00e8 facile da indossare, abrasione, buone prestazioni di tenuta, lunga durata.<\/p>\n<p>3, la struttura \u00e8 compatta, l&#039;apertura e la chiusura di buona, alto livello di manutenzione piccola e conveniente.<\/p>\n<p>4, adatto per acqua, vapore, oleodotto, con caratteristiche di resistenza alle alte temperature e alle alte pressioni.<\/p>\n<p>Caratteristiche principali:<\/p>\n<p>1, condizioni tecniche di accettazione della produzione secondo le disposizioni di E101.<\/p>\n<p>2, la lunghezza della struttura della valvola secondo le disposizioni di B16.10 E101 o ANSI.<\/p>\n<p>3, la scanalatura di saldatura del corpo valvola secondo le disposizioni ANSI B16.25 o in base alle dimensioni dell&#039;utente.<\/p>\n<p>Si prega di contattare il nostro sales@stvvalve.com per altri materiali e maggiori dettagli.<\/p>\n<p>Foglio degli appuntamenti:<br \/>\n<a href=\"https:\/\/www.stvvalves.com\/wp-content\/uploads\/2018\/12\/2500lb-wc9-y-type-globe-valve-drawing.pdf\">Valvola a globo tipo Y WC9 da 2500 libbre<\/a><\/p>","protected":false},"featured_media":4192,"template":"","meta":[],"product_brand":[],"product_cat":[63,45],"product_tag":[340,341,345,344,343,342],"class_list":{"0":"post-4191","1":"product","2":"type-product","3":"status-publish","4":"has-post-thumbnail","6":"product_cat-cast-steel-globe-valve","7":"product_cat-globe-valve","8":"product_tag-2500lb-bw-high-pressure-y-type-globe-valve","9":"product_tag-2500lb-y-pattern-globe-valve","10":"product_tag-globe-valves","11":"product_tag-pressure-seal-y-pattern-globe-valves","12":"product_tag-pressure-seal-y-pattern-globe-valve-1500lb2500lb","13":"product_tag-y-type-globe-valves","15":"first","16":"instock","17":"shipping-taxable","18":"product-type-simple"},"_links":{"self":[{"href":"https:\/\/www.stvvalves.com\/it\/wp-json\/wp\/v2\/product\/4191","targetHints":{"allow":["GET"]}}],"collection":[{"href":"https:\/\/www.stvvalves.com\/it\/wp-json\/wp\/v2\/product"}],"about":[{"href":"https:\/\/www.stvvalves.com\/it\/wp-json\/wp\/v2\/types\/product"}],"wp:featuredmedia":[{"embeddable":true,"href":"https:\/\/www.stvvalves.com\/it\/wp-json\/wp\/v2\/media\/4192"}],"wp:attachment":[{"href":"https:\/\/www.stvvalves.com\/it\/wp-json\/wp\/v2\/media?parent=4191"}],"wp:term":[{"taxonomy":"product_brand","embeddable":true,"href":"https:\/\/www.stvvalves.com\/it\/wp-json\/wp\/v2\/product_brand?post=4191"},{"taxonomy":"product_cat","embeddable":true,"href":"https:\/\/www.stvvalves.com\/it\/wp-json\/wp\/v2\/product_cat?post=4191"},{"taxonomy":"product_tag","embeddable":true,"href":"https:\/\/www.stvvalves.com\/it\/wp-json\/wp\/v2\/product_tag?post=4191"}],"curies":[{"name":"wp","href":"https:\/\/api.w.org\/{rel}","templated":true}]}}