{"id":4211,"date":"2018-12-11T12:50:56","date_gmt":"2018-12-11T12:50:56","guid":{"rendered":"https:\/\/www.stvvalves.com\/?post_type=product&#038;p=4211"},"modified":"2026-01-07T09:13:42","modified_gmt":"2026-01-07T01:13:42","slug":"ansi-bellow-seal-wcb-globe-valve-150lb-21-2-rf-end","status":"publish","type":"product","link":"https:\/\/www.stvvalves.com\/it\/products\/ansi-bellow-seal-wcb-globe-valve-150lb-21-2-rf-end\/","title":{"rendered":"ANSI Bellow Seal WCB Globe Valve,150LB,21\/2&#8243;,RF End"},"content":{"rendered":"<h2>ANSI Bellow Seal WCB Globe Valve,150LB,21\/2&#8243;,RF End<\/h2>\n<p>1. Questo prodotto ha una struttura logica, una tenuta affidabile, prestazioni eccellenti e un design gradevole.<br \/>\n2. La superficie della guarnizione \u00e8 saldata con lega dura di Co, che \u00e8 resistente all&#039;attrito, alla corrosione, ha una buona resistenza all&#039;attrito e una lunga durata.<br \/>\n3. Lo stelo \u00e8 raffreddato e temperato e la sua superficie \u00e8 trattata con azoto, quindi ha una buona resistenza alla corrosione e all&#039;attrito.<br \/>\n4. Ha una doppia capacit\u00e0 di tenuta, quindi \u00e8 pi\u00f9 affidabile.<br \/>\n5. Lo stelo pu\u00f2 mostrare la posizione di portanza, quindi \u00e8 pi\u00f9 chiaro.<br \/>\n6. Il materiale della parte, la flangia e la dimensione dell&#039;estremit\u00e0 della saldatura di testa possono essere selezionati in base alle condizioni operative attuali e ai requisiti degli utenti, in modo da soddisfare i requisiti di varia ingegneria.<br \/>\nFormazione strutturale: BB-BG-OS&amp;Y<br \/>\n7, materiali: WCB, WC6, SS304, SS316<br \/>\n8, materiali a soffietto: SS304, SS316,SS316L,SS310, Hastelly C.<br \/>\n9, gamma di dimensioni: 2\u2033-16\u2033<br \/>\n10, pressione: 150LB-900LB<br \/>\n11. Modalit\u00e0 di guida: azionamento manuale, azionamento elettrico<\/p>\n<p>Globe valve with bellow seal acc. to ANSI is applicable to the cutting and connection of pipelines medium that are used in various industries such as peroleum, chemical industry,pharmacy,chemical fertilizer,electric power industry etc under nominal pressure of CLASS150-900LBS and working tem\u00acperature of-29~350&#8217;C.<\/p>\n<p>Structural Features<br \/>\n1 .This product has logical structure,reliable seal, excellent performance and nice design.<br \/>\n2.The seal surface is build-up welding with Co hard alloy, which is attrition-resistant, corrosion-resistant, has good friction resistant and long life.<br \/>\n3.The stem is quenched and tempered, and its surface is treated by nitriding treatment, thus it has good corrosion resistant and friction resistant.<br \/>\n4.It has double seal capability, thus is more reliable.<br \/>\n5.The stem may show the position of lift, thus it is clearer.<br \/>\n6.The part material, flange and butt weld end dimension may be selected according to current operating condition and users&#8217; requirement, so that meet the requirements of various engineering.<\/p>\n<p>Technical Specificastion<br \/>\nStructural formation\uff1a BB-BG-OS &amp; Y<br \/>\nDriving maner\uff1a Hand-operated, Electric-actuated<br \/>\nDesign standard\uff1a AMSE B16.10\u3001BS1873<br \/>\nFace to face\uff1a ASME B16.10<br \/>\nFlange ends : ASME B16.5<br \/>\nTest &amp; inspection\uff1a API598<br \/>\n<img decoding=\"async\" src=\"https:\/\/www.lonzevalve.com\/zyupload\/201910\/15\/1-201910151537083676.jpg\" alt=\"\" \/><\/p>\n<table>\n<tbody>\n<tr>\n<td width=\"200\"><strong>nome del prodotto<\/strong><\/td>\n<td width=\"481\">ANSI Bellow Seal WCB Globe Valve,150LB,21\/2&#8243;,RF End<\/td>\n<\/tr>\n<tr>\n<td width=\"200\">1. Materiale<\/td>\n<td width=\"481\">WCB<\/td>\n<\/tr>\n<tr>\n<td width=\"200\">2. Dimensioni<\/td>\n<td width=\"481\">2\u201d<\/td>\n<\/tr>\n<tr>\n<td width=\"200\">4. Porto<\/td>\n<td width=\"481\">Porto pieno<\/td>\n<\/tr>\n<tr>\n<td width=\"200\">5. Pressione di esercizio<\/td>\n<td width=\"481\">150 libbre<\/td>\n<\/tr>\n<tr>\n<td width=\"200\">6. La connessione termina<\/td>\n<td width=\"481\">RF<\/td>\n<\/tr>\n<tr>\n<td width=\"200\">7. Temp. di lavoro.<\/td>\n<td width=\"481\">-29~425\u00baC,<\/td>\n<\/tr>\n<tr>\n<td width=\"200\">8. Mezzo adatto<\/td>\n<td width=\"481\">Acqua, gas naturale, petrolio e alcuni liquidi corrosivi<\/td>\n<\/tr>\n<tr>\n<td width=\"200\">9. Operato<\/td>\n<td width=\"481\">Volantino<\/td>\n<\/tr>\n<tr>\n<td width=\"200\">10. Ispezione e test<\/td>\n<td width=\"481\">Secondo API598<\/td>\n<\/tr>\n<tr>\n<td width=\"200\"><strong>Spedizione<\/strong><\/td>\n<td width=\"481\"><\/td>\n<\/tr>\n<tr>\n<td width=\"200\">Tempi di consegna<\/td>\n<td width=\"481\">30 giorni<\/td>\n<\/tr>\n<tr>\n<td width=\"200\">Pacchetto<\/td>\n<td width=\"481\">Custodia in compensato per esportazione standard<\/td>\n<\/tr>\n<tr>\n<td width=\"200\">Porto di spedizione<\/td>\n<td width=\"481\">Ningbo\/Shanghai, Cina<\/td>\n<\/tr>\n<tr>\n<td width=\"200\">Termini di spedizione<\/td>\n<td width=\"481\">Exw, FOB, CFR, CIF, ecc.<\/td>\n<\/tr>\n<tr>\n<td width=\"200\">Termini di pagamento<\/td>\n<td width=\"481\">T\/T, Western Union, PayPal, ecc.<\/td>\n<\/tr>\n<tr>\n<td width=\"200\"><\/td>\n<td width=\"481\">Pagamento anticipato 30%, saldo 70% pagato prima della spedizione<\/td>\n<\/tr>\n<tr>\n<td width=\"200\">Paese di origine<\/td>\n<td width=\"481\">Citt\u00e0 di Wenzhou, Cina<\/td>\n<\/tr>\n<tr>\n<td width=\"200\">Capacit\u00e0 produttiva<\/td>\n<td width=\"481\">6000 ton\/anno<\/td>\n<\/tr>\n<tr>\n<td width=\"200\">MOQ<\/td>\n<td width=\"481\">1 pezzo\/taglia<\/td>\n<\/tr>\n<\/tbody>\n<\/table>","protected":false},"excerpt":{"rendered":"<p>Model:WJ41Y-150LB-21\/2&#8243;<\/p>\n<p>La valvola a globo a soffietto ANSI 150LB utilizza il soffietto come elemento di tenuta dello stelo della valvola, che pu\u00f2 impedire la perdita dello stelo della valvola per evitare la perdita del mezzo. Nessuna perdita di fluido aumenta l&#039;efficienza energetica, aumenta la sicurezza delle apparecchiature di produzione, riduce i costi di manutenzione e mantiene i costi di manutenzione. Fornisce inoltre un ambiente di lavoro pulito e sicuro. \u00c8 particolarmente adatto per condotte di vapore, sostanze infiammabili, esplosive, olio per il trasferimento di calore, elevata purezza, sostanze tossiche e altri. La valvola di intercettazione viene utilizzata per la pressione nominale 150LB-300LB e la flangia di collegamento \u00e8 ANSI B16.5. Ad alte temperature, lo stelo non entra in contatto con il fluido, garantendo zero perdite dello stelo. Allo stesso tempo, assicurati sufficiente resistenza e tenacit\u00e0, puoi cambiare decine di migliaia di volte. Il volantino \u00e8 progettato ergonomicamente per una maggiore durata e un facile utilizzo.<\/p>\n<p>Caratteristica fondamentale:<\/p>\n<p>1.Elemento di tenuta a soffietto. La parte fondamentale delle valvole a globo sigillate a soffietto \u00e8 il soffietto mentale. \u00c8 il collegamento tra coperchio e stelo con saldatura a rulli automatica. Il soffietto mentale pu\u00f2 mantenere la parte dello stelo senza perdite.<br \/>\n2. Approfitta del design aerodinamico e della forma ottimizzata, il disco ha una tenuta affidabile e una maggiore durata.<br \/>\n3. Design a doppia tenuta (soffietto + imballaggio). Il soffietto e la baderna possono proteggere dalle perdite e fornire un&#039;eccellente tenuta.<br \/>\n4.Ingrassatore. Pu\u00f2 lubrificare direttamente lo stelo, il dado e il manicotto.<br \/>\n5, l&#039;indicazione della posizione di sollevamento dello stelo, pi\u00f9 intuitiva;<br \/>\n6, le dimensioni del materiale delle parti, della flangia e del numero di saldatura di testa possono essere ragionevolmente abbinate in base alle condizioni di lavoro effettive o alle esigenze dell&#039;utente per soddisfare le varie esigenze ingegneristiche<br \/>\n7, materiali: WCB, WC6, SS304, SS316<br \/>\n8, materiali a soffietto: SS304, SS316,SS316L,SS310, Hastelly C.<br \/>\n9, gamma di dimensioni: 2\u2033-16\u2033<br \/>\n10, pressione: 150LB-900LB<br \/>\nSpecifica tecnica<br \/>\nNorma di progettazione: ASME B16.34<br \/>\nDimensione da scartamento: ASME B16.10<br \/>\nEstremit\u00e0 flangiate: ASME B16.5<br \/>\nTest e ispezione: API 598<br \/>\nSpecifica delle prestazioni<\/p>\n<p>STV Valve Technology Group Co., Ltd \u00e8 un leader professionale Cina Valvola a globo con soffietto ANSI, Valvola a globo con tenuta a soffietto standard ANSI, Valvola a globo con tenuta a soffietto ANSI 150LB, Valvola a globo con tenuta a soffietto in acciaio fuso ANSI Cina, Valvola a globo con tenuta a soffietto flangiata, Valvola a globo Wcb ,Produttore di valvole a globo con tenuta a soffietto con alta qualit\u00e0 e prezzo competitivo.<\/p>\n<p>Si prega di contattare il nostro sales@stvvalve.com per altri materiali e dettagli.<\/p>\n<h1>ANSI Bellow Seal WCB Globe Valve<\/h1>","protected":false},"featured_media":8802,"template":"","meta":[],"product_brand":[],"product_cat":[65,45],"product_tag":[370,365,371,369,368,366,367],"class_list":{"0":"post-4211","1":"product","2":"type-product","3":"status-publish","4":"has-post-thumbnail","6":"product_cat-bellow-seal-globe-valve","7":"product_cat-globe-valve","8":"product_tag-ansi-bellows-globe-valve","9":"product_tag-ansi-standard-bellows-seal-globe-valve","10":"product_tag-bellow-seal-globe-valve","11":"product_tag-bellows-seal-globe-valve-ansi-150lb","12":"product_tag-china-ansi-cast-steel-bellow-seal-globe-valve","13":"product_tag-flanged-bellow-seal-globe-valve","14":"product_tag-wcb-globe-valve","16":"first","17":"instock","18":"shipping-taxable","19":"product-type-simple"},"_links":{"self":[{"href":"https:\/\/www.stvvalves.com\/it\/wp-json\/wp\/v2\/product\/4211","targetHints":{"allow":["GET"]}}],"collection":[{"href":"https:\/\/www.stvvalves.com\/it\/wp-json\/wp\/v2\/product"}],"about":[{"href":"https:\/\/www.stvvalves.com\/it\/wp-json\/wp\/v2\/types\/product"}],"wp:featuredmedia":[{"embeddable":true,"href":"https:\/\/www.stvvalves.com\/it\/wp-json\/wp\/v2\/media\/8802"}],"wp:attachment":[{"href":"https:\/\/www.stvvalves.com\/it\/wp-json\/wp\/v2\/media?parent=4211"}],"wp:term":[{"taxonomy":"product_brand","embeddable":true,"href":"https:\/\/www.stvvalves.com\/it\/wp-json\/wp\/v2\/product_brand?post=4211"},{"taxonomy":"product_cat","embeddable":true,"href":"https:\/\/www.stvvalves.com\/it\/wp-json\/wp\/v2\/product_cat?post=4211"},{"taxonomy":"product_tag","embeddable":true,"href":"https:\/\/www.stvvalves.com\/it\/wp-json\/wp\/v2\/product_tag?post=4211"}],"curies":[{"name":"wp","href":"https:\/\/api.w.org\/{rel}","templated":true}]}}