{"id":4215,"date":"2018-12-11T16:02:56","date_gmt":"2018-12-11T16:02:56","guid":{"rendered":"https:\/\/www.stvvalves.com\/?post_type=product&#038;p=4215"},"modified":"2026-01-07T09:23:37","modified_gmt":"2026-01-07T01:23:37","slug":"din-pn16-cast-steel-bellow-globe-valve","status":"publish","type":"product","link":"https:\/\/www.stvvalves.com\/it\/products\/din-pn16-cast-steel-bellow-globe-valve\/","title":{"rendered":"Valvola a globo a soffietto in acciaio fuso DIN PN16"},"content":{"rendered":"<p>Specifica tecnica<\/p>\n<p>Norma di progettazione: DIN 3356<\/p>\n<p>Scartamento: DIN 3202<\/p>\n<p>Estremit\u00e0 flangia: DIN 2543-2545<\/p>\n<p>Test e ispezione: DIN 3230<\/p>\n<p>Applicazione: sistema di olio caldo, sistema di vapore, sistema di acqua calda e fredda, ecc.<\/p>\n<p>Mezzo: vapore, gas, acqua calda, olio termico, ammoniaca ecc.<br \/>\nMateriali : GG25(EN-GJL-250),GGG40,1.0619+N(GS-C25),1.4308(CF8), 1.4408(CF8M)<br \/>\nMateriali del soffietto: SS304, SS316, SS316L,SS 310S, Hastelly C<br \/>\nGamma di dimensioni: DN15-DN400<br \/>\nPressione: PN16-PN40<br \/>\nTemperatura: \u2264600 \u2103<\/p>\n<table>\n<tbody>\n<tr>\n<td width=\"200\"><strong>nome del prodotto<\/strong><\/td>\n<td width=\"481\">Valvola a globo a soffietto in acciaio fuso DIN PN16<\/td>\n<\/tr>\n<tr>\n<td width=\"200\">1. Materiale<\/td>\n<td width=\"481\">WCB<\/td>\n<\/tr>\n<tr>\n<td width=\"200\">2. Dimensioni<\/td>\n<td width=\"481\">2\u201d<\/td>\n<\/tr>\n<tr>\n<td width=\"200\">4. Porto<\/td>\n<td width=\"481\">Porto pieno<\/td>\n<\/tr>\n<tr>\n<td width=\"200\">5. Pressione di esercizio<\/td>\n<td width=\"481\">PN16<\/td>\n<\/tr>\n<tr>\n<td width=\"200\">6. La connessione termina<\/td>\n<td width=\"481\">RF<\/td>\n<\/tr>\n<tr>\n<td width=\"200\">7. Temp. di lavoro.<\/td>\n<td width=\"481\">-29~425\u00baC,<\/td>\n<\/tr>\n<tr>\n<td width=\"200\">8. Mezzo adatto<\/td>\n<td width=\"481\">Acqua, gas naturale, petrolio e alcuni liquidi corrosivi<\/td>\n<\/tr>\n<tr>\n<td width=\"200\">9. Operato<\/td>\n<td width=\"481\">Volantino<\/td>\n<\/tr>\n<tr>\n<td width=\"200\">10. Ispezione e test<\/td>\n<td width=\"481\">Secondo DIN 3230<\/td>\n<\/tr>\n<tr>\n<td width=\"200\"><strong>Spedizione<\/strong><\/td>\n<td width=\"481\"><\/td>\n<\/tr>\n<tr>\n<td width=\"200\">Tempi di consegna<\/td>\n<td width=\"481\">30 giorni<\/td>\n<\/tr>\n<tr>\n<td width=\"200\">Pacchetto<\/td>\n<td width=\"481\">Custodia in compensato per esportazione standard<\/td>\n<\/tr>\n<tr>\n<td width=\"200\">Porto di spedizione<\/td>\n<td width=\"481\">Ningbo\/Shanghai, Cina<\/td>\n<\/tr>\n<tr>\n<td width=\"200\">Termini di spedizione<\/td>\n<td width=\"481\">Exw, FOB, CFR, CIF, ecc.<\/td>\n<\/tr>\n<tr>\n<td width=\"200\">Termini di pagamento<\/td>\n<td width=\"481\">T\/T, Western Union, PayPal, ecc.<\/td>\n<\/tr>\n<tr>\n<td width=\"200\"><\/td>\n<td width=\"481\">Pagamento anticipato 30%, saldo 70% pagato prima della spedizione<\/td>\n<\/tr>\n<tr>\n<td width=\"200\">Paese di origine<\/td>\n<td width=\"481\">Citt\u00e0 di Wenzhou, Cina<\/td>\n<\/tr>\n<tr>\n<td width=\"200\">Capacit\u00e0 produttiva<\/td>\n<td width=\"481\">6000 ton\/anno<\/td>\n<\/tr>\n<tr>\n<td width=\"200\">MOQ<\/td>\n<td width=\"481\">1 pezzo\/taglia<\/td>\n<\/tr>\n<\/tbody>\n<\/table>","protected":false},"excerpt":{"rendered":"<p>Modello:WJ41H-WCB-PN16<br \/>\nLa valvola a globo a soffietto in acciaio fuso \u00e8 adatta per pressioni medie PN1,6 ~ 16MPa, temperatura di esercizio -29 ~ 350 \u00b0C fluidi infiammabili, esplosivi, altamente tossici, tossici, olio per il trasferimento di calore ad alta temperatura, ammoniaca liquida e altri mezzi.<br \/>\nAmpiamente utilizzato in: prodotti petrolchimici, fibre tessili chimiche, carta plastica, acciaio elettrico, stampa e tintura di gomma, gas naturale e altri sistemi di gas, le prestazioni sono sicure e affidabili, ampiamente utilizzate nei fluidi industriali come il glicole etilenico. I metodi di guida sono manuale, trasmissione ad ingranaggi, elettrica, pneumatica e cos\u00ec via.<\/p>\n<p>&nbsp;<\/p>\n<p>Caratteristica fondamentale:<\/p>\n<p>1.Elemento di tenuta a soffietto. La parte fondamentale delle valvole a globo con tenuta a soffietto \u00e8 il soffietto metallico. \u00c8 il collegamento tra coperchio e stelo con saldatura a rulli automatica. Il soffietto metallico pu\u00f2 evitare perdite dalla parte dello stelo.<\/p>\n<p>2. Approfitta del design aerodinamico e della forma ottimizzata, il disco ha una tenuta affidabile e una maggiore durata.<\/p>\n<p>3. Design a doppia tenuta (soffietto + imballaggio). Il soffietto e la baderna possono proteggere dalle perdite e fornire un&#039;eccellente tenuta.<\/p>\n<p>4.Ingrassatore. Pu\u00f2 lubrificare direttamente lo stelo, il dado e il manicotto.<\/p>\n<p>5. Volantino ergonomico. Fornisce una maggiore durata e un funzionamento pi\u00f9 semplice.<\/p>\n<p>&nbsp;<\/p>\n<p>STV Valve Technology Group Co., Ltd \u00e8 un leader professionale in Cina: valvole a globo con tenuta a soffietto, valvole a globo con tenuta a soffietto in acciaio fuso, valvole a globo con tenuta a soffietto in acciaio fuso flangiate PN 16, valvola a globo con tenuta a soffietto DIN, produttore di valvole a globo con tenuta a soffietto WCB di alta qualit\u00e0 e prezzo competitivo.<\/p>\n<p>Si prega di contattare il nostro sales@stvvalve.com per altri materiali e dettagli.<\/p>\n<p>Foglio degli appuntamenti:<br \/>\n<a href=\"https:\/\/www.stvvalves.com\/wp-content\/uploads\/2018\/12\/din-pn16-cast-steel-bellow-globe-valve-drawing.pdf\">Valvola a globo a soffietto in acciaio fuso DIN PN16<\/a><\/p>","protected":false},"featured_media":4216,"template":"","meta":[],"product_brand":[],"product_cat":[65,45],"product_tag":[371,374,373,372,375],"class_list":{"0":"post-4215","1":"product","2":"type-product","3":"status-publish","4":"has-post-thumbnail","6":"product_cat-bellow-seal-globe-valve","7":"product_cat-globe-valve","8":"product_tag-bellow-seal-globe-valve","9":"product_tag-cast-steel-bellow-sealed-globe-valves","10":"product_tag-cast-steel-bellow-sealed-globe-valves-flanged-pn-16","11":"product_tag-din-bellow-seal-globe-valve","12":"product_tag-wcb-bellow-seal-globe-valve","14":"first","15":"instock","16":"shipping-taxable","17":"product-type-simple"},"_links":{"self":[{"href":"https:\/\/www.stvvalves.com\/it\/wp-json\/wp\/v2\/product\/4215","targetHints":{"allow":["GET"]}}],"collection":[{"href":"https:\/\/www.stvvalves.com\/it\/wp-json\/wp\/v2\/product"}],"about":[{"href":"https:\/\/www.stvvalves.com\/it\/wp-json\/wp\/v2\/types\/product"}],"wp:featuredmedia":[{"embeddable":true,"href":"https:\/\/www.stvvalves.com\/it\/wp-json\/wp\/v2\/media\/4216"}],"wp:attachment":[{"href":"https:\/\/www.stvvalves.com\/it\/wp-json\/wp\/v2\/media?parent=4215"}],"wp:term":[{"taxonomy":"product_brand","embeddable":true,"href":"https:\/\/www.stvvalves.com\/it\/wp-json\/wp\/v2\/product_brand?post=4215"},{"taxonomy":"product_cat","embeddable":true,"href":"https:\/\/www.stvvalves.com\/it\/wp-json\/wp\/v2\/product_cat?post=4215"},{"taxonomy":"product_tag","embeddable":true,"href":"https:\/\/www.stvvalves.com\/it\/wp-json\/wp\/v2\/product_tag?post=4215"}],"curies":[{"name":"wp","href":"https:\/\/api.w.org\/{rel}","templated":true}]}}