{"id":4230,"date":"2018-12-12T15:30:22","date_gmt":"2018-12-12T15:30:22","guid":{"rendered":"https:\/\/www.stvvalves.com\/?post_type=product&#038;p=4230"},"modified":"2025-02-17T18:19:24","modified_gmt":"2025-02-17T10:19:24","slug":"3-way-sanitary-ball-valve-aisi-316l","status":"publish","type":"product","link":"https:\/\/www.stvvalves.com\/it\/products\/3-way-sanitary-ball-valve-aisi-316l\/","title":{"rendered":"Valvola a sfera sanitaria a 3 vie AISI 316L"},"content":{"rendered":"<p><img loading=\"lazy\" decoding=\"async\" class=\"alignnone size-full wp-image-4231\" src=\"https:\/\/www.stvvalves.com\/wp-content\/uploads\/2018\/12\/3-way-sanitary-ball-valve-aisi-316l-drawing.jpg\" alt=\"\" width=\"2200\" height=\"1700\" srcset=\"https:\/\/www.stvvalves.com\/wp-content\/uploads\/2018\/12\/3-way-sanitary-ball-valve-aisi-316l-drawing.jpg 2200w, https:\/\/www.stvvalves.com\/wp-content\/uploads\/2018\/12\/3-way-sanitary-ball-valve-aisi-316l-drawing-600x464.jpg 600w, https:\/\/www.stvvalves.com\/wp-content\/uploads\/2018\/12\/3-way-sanitary-ball-valve-aisi-316l-drawing-300x232.jpg 300w, https:\/\/www.stvvalves.com\/wp-content\/uploads\/2018\/12\/3-way-sanitary-ball-valve-aisi-316l-drawing-768x593.jpg 768w, https:\/\/www.stvvalves.com\/wp-content\/uploads\/2018\/12\/3-way-sanitary-ball-valve-aisi-316l-drawing-1030x796.jpg 1030w, https:\/\/www.stvvalves.com\/wp-content\/uploads\/2018\/12\/3-way-sanitary-ball-valve-aisi-316l-drawing-1500x1159.jpg 1500w, https:\/\/www.stvvalves.com\/wp-content\/uploads\/2018\/12\/3-way-sanitary-ball-valve-aisi-316l-drawing-705x545.jpg 705w\" sizes=\"auto, (max-width: 2200px) 100vw, 2200px\" \/><\/p>","protected":false},"excerpt":{"rendered":"<p>Modello: Q15F-1000WOG<\/p>\n<p>Le valvole a sfera sanitarie a 3 vie sono dotate di serie di una sede completamente incapsulata o riempita con cavit\u00e0: questa non \u00e8 un&#039;opzione poich\u00e9 la sede in Teflon completamente incapsulata riduce il rischio di contaminazione per processi o prodotti critici. Le valvole a sfera a 3 vie non richiedono attrezzi speciali sul campo per intervenire sulla valvola, il che \u00e8 un vantaggio in termini di facilit\u00e0 di manutenzione e bassi costi di installazione. Abbiamo ogni valvola tappata e imballata in modo da non avere ammaccature sulle estremit\u00e0 e incidiamo in modo permanente la dimensione, la lega e il numero di calore per una tracciabilit\u00e0 completa.<br \/>\nLe valvole a sfera sanitarie a 3 vie in acciaio inossidabile sono utilizzate in un&#039;ampia variet\u00e0 di applicazioni ad alta pressione. Un flusso pieno e senza restrizioni non consente restrizioni al prodotto attraverso la valvola, consentendo una facile deviazione. Offriamo valvole a sfera a tre vie realizzate in acciaio inossidabile T316L (CF3M) con sedi in PTFE facilmente rimovibili. Il morsetto e le estremit\u00e0 a saldare sono standard. Altri collegamenti sono disponibili su richiesta. Le valvole a sfera soddisfano i requisiti 3A. La porta L \u00e8 standard, ma la porta T \u00e8 disponibile su richiesta. Disponiamo di un ampio inventario di valvole a sfera sanitarie a 3 vie in acciaio inossidabile di alta qualit\u00e0.<\/p>\n<p>Caratteristica fondamentale:<\/p>\n<p>Disponibile nelle misure 1\/2\u2033 \u2013 4\u2033<br \/>\nCorpo e tappi terminali in fusione a cera persa di qualit\u00e0<br \/>\nDisponibili in acciaio inox AISI 304, AISI 316L<br \/>\nBase di montaggio diretto ISO 5211<br \/>\nGuarnizione dello stelo regolabile<br \/>\nDesign dello stelo a prova di esplosione<br \/>\nDisponibile con attacco L\/ T\/ X\/ I<br \/>\n100% testato in aria sott&#039;acqua a 80-100 psi<br \/>\nIntervallo di temperatura da -29 \u00b0C a 120 \u00b0C<br \/>\nTipo di estremit\u00e0: morsetto a T, saldatura del tubo, saldatura del tubo esteso<\/p>\n<p>Si prega di contattare le nostre vendite per altri materiali e dettagli.<\/p>\n<p>Foglio degli appuntamenti:<br \/>\n<a href=\"https:\/\/www.stvvalves.com\/wp-content\/uploads\/2018\/12\/3-way-sanitary-ball-valve-aisi-316l.jpg\">Valvola a sfera sanitaria a 3 vie AISI 316L<\/a><\/p>","protected":false},"featured_media":4233,"template":"","meta":[],"product_brand":[],"product_cat":[966,969],"product_tag":[397,394,390,396,392,393,391,395],"class_list":{"0":"post-4230","1":"product","2":"type-product","3":"status-publish","4":"has-post-thumbnail","6":"product_cat-pipe-fitting","7":"product_cat-sanitary-pipe-fitting-and-valves","8":"product_tag-3-way-ball-valves","9":"product_tag-3-way-multi-port-sanitary-stainless-steel-ball-valve","10":"product_tag-3-way-sanitary-ball-valves","11":"product_tag-3-way-sanitary-tri-clamp-valve","12":"product_tag-316l-stainless","13":"product_tag-sanitary-3-4-way-ball-valve","14":"product_tag-sanitary-3-way-ball-valve","15":"product_tag-t-port-three-way-sanitary-ball-valve","17":"first","18":"instock","19":"shipping-taxable","20":"product-type-simple"},"_links":{"self":[{"href":"https:\/\/www.stvvalves.com\/it\/wp-json\/wp\/v2\/product\/4230","targetHints":{"allow":["GET"]}}],"collection":[{"href":"https:\/\/www.stvvalves.com\/it\/wp-json\/wp\/v2\/product"}],"about":[{"href":"https:\/\/www.stvvalves.com\/it\/wp-json\/wp\/v2\/types\/product"}],"wp:featuredmedia":[{"embeddable":true,"href":"https:\/\/www.stvvalves.com\/it\/wp-json\/wp\/v2\/media\/4233"}],"wp:attachment":[{"href":"https:\/\/www.stvvalves.com\/it\/wp-json\/wp\/v2\/media?parent=4230"}],"wp:term":[{"taxonomy":"product_brand","embeddable":true,"href":"https:\/\/www.stvvalves.com\/it\/wp-json\/wp\/v2\/product_brand?post=4230"},{"taxonomy":"product_cat","embeddable":true,"href":"https:\/\/www.stvvalves.com\/it\/wp-json\/wp\/v2\/product_cat?post=4230"},{"taxonomy":"product_tag","embeddable":true,"href":"https:\/\/www.stvvalves.com\/it\/wp-json\/wp\/v2\/product_tag?post=4230"}],"curies":[{"name":"wp","href":"https:\/\/api.w.org\/{rel}","templated":true}]}}