{"id":4245,"date":"2018-12-17T14:51:05","date_gmt":"2018-12-17T14:51:05","guid":{"rendered":"https:\/\/www.stvvalves.com\/?post_type=product&#038;p=4245"},"modified":"2025-03-04T20:50:15","modified_gmt":"2025-03-04T12:50:15","slug":"ansi-150lb-3-way-ball-valve-flange-end-t-port-with-iso-direct-mounting-pad","status":"publish","type":"product","link":"https:\/\/www.stvvalves.com\/it\/products\/ansi-150lb-3-way-ball-valve-flange-end-t-port-with-iso-direct-mounting-pad\/","title":{"rendered":"Valvola a sfera a 3 vie ANSI 150LB, estremit\u00e0 flangiata, porta a T, con cuscinetto di montaggio diretto ISO"},"content":{"rendered":"<p>Costruzione del corpo imbullonata<br \/>\nCorpo in microfusione<br \/>\n1\/2\u2033 \u2013 4\u2033; staffa e accoppiatore 6\u2033)<br \/>\nBaderna in PTFE regolabile e caricata dal vivo<br \/>\nProgettato e costruito per prestazioni superiori<br \/>\nPressione nominale per ANSI 150<br \/>\nOpzioni porta L e porta T<br \/>\nChiusura positiva su una qualsiasi delle tre porte<br \/>\nBase di montaggio diretta ISO 5211 integrata per una facile automazione<br \/>\nLo stelo a prova di esplosione aggiunge sicurezza e affidabilit\u00e0<br \/>\nCostruzione completa in acciaio inossidabile 316<\/p>\n<p>&nbsp;<\/p>\n<table>\n<tbody>\n<tr>\n<td width=\"200\"><strong>nome del prodotto<\/strong><\/td>\n<td width=\"481\">Valvola a sfera a 3 vie ANSI 150LB, estremit\u00e0 flangiata, porta a T, con cuscinetto di montaggio diretto ISO<\/td>\n<\/tr>\n<tr>\n<td width=\"200\">1. Materiale<\/td>\n<td width=\"481\">WCB<\/td>\n<\/tr>\n<tr>\n<td width=\"200\">2. Taglia3<\/td>\n<td width=\"481\">&quot;<\/td>\n<\/tr>\n<tr>\n<td width=\"200\">4. Porto<\/td>\n<td width=\"481\">Porto pieno<\/td>\n<\/tr>\n<tr>\n<td width=\"200\">5. Pressione di esercizio<\/td>\n<td width=\"481\">150 libbre<\/td>\n<\/tr>\n<tr>\n<td width=\"200\">6. La connessione termina<\/td>\n<td width=\"481\">RF<\/td>\n<\/tr>\n<tr>\n<td width=\"200\">7. Temp. di lavoro.<\/td>\n<td width=\"481\">-29~180\u00baC,<\/td>\n<\/tr>\n<tr>\n<td width=\"200\">8. Mezzo adatto<\/td>\n<td width=\"481\">Acqua, gas naturale, petrolio e alcuni liquidi corrosivi<\/td>\n<\/tr>\n<tr>\n<td width=\"200\">9. Operato<\/td>\n<td width=\"481\">Volantino<\/td>\n<\/tr>\n<tr>\n<td width=\"200\">10. Ispezione e test<\/td>\n<td width=\"481\">Secondo API598<\/td>\n<\/tr>\n<tr>\n<td width=\"200\"><strong>Spedizione<\/strong><\/td>\n<td width=\"481\"><\/td>\n<\/tr>\n<tr>\n<td width=\"200\">Tempi di consegna<\/td>\n<td width=\"481\">30 giorni<\/td>\n<\/tr>\n<tr>\n<td width=\"200\">Pacchetto<\/td>\n<td width=\"481\">Custodia in compensato per esportazione standard<\/td>\n<\/tr>\n<tr>\n<td width=\"200\">Porto di spedizione<\/td>\n<td width=\"481\">Ningbo\/Shanghai, Cina<\/td>\n<\/tr>\n<tr>\n<td width=\"200\">Termini di spedizione<\/td>\n<td width=\"481\">Exw, FOB, CFR, CIF, ecc.<\/td>\n<\/tr>\n<tr>\n<td width=\"200\">Termini di pagamento<\/td>\n<td width=\"481\">T\/T, Western Union, PayPal, ecc.<\/td>\n<\/tr>\n<tr>\n<td width=\"200\"><\/td>\n<td width=\"481\">Pagamento anticipato 30%, saldo 70% pagato prima della spedizione<\/td>\n<\/tr>\n<tr>\n<td width=\"200\">Paese di origine<\/td>\n<td width=\"481\">Citt\u00e0 di Wenzhou, Cina<\/td>\n<\/tr>\n<tr>\n<td width=\"200\">Capacit\u00e0 produttiva<\/td>\n<td width=\"481\">6000 ton\/anno<\/td>\n<\/tr>\n<tr>\n<td width=\"200\">MOQ<\/td>\n<td width=\"481\">1 pezzo\/taglia<\/td>\n<\/tr>\n<\/tbody>\n<\/table>","protected":false},"excerpt":{"rendered":"<p>Modello:Q45F-150LB-3\u2033<\/p>\n<p>La valvola a sfera a tre vie \u00e8 un tipo relativamente nuovo di valvola a sfera. Ha una struttura compatta, un bell&#039;aspetto e buone prestazioni di tenuta. Non solo pu\u00f2 cambiare la direzione del flusso del mezzo, ma anche collegare i tre canali tra loro e pu\u00f2 anche chiudere qualsiasi canale per crearne un altro. I due canali sono collegati per controllare in modo flessibile la confluenza o la separazione del mezzo nella tubazione. Presenta alcuni vantaggi unici dovuti alla sua struttura, come l&#039;assenza di attrito dell&#039;interruttore, la guarnizione non \u00e8 facile da indossare e la coppia di apertura e chiusura \u00e8 ridotta. Ci\u00f2 riduce le dimensioni degli attuatori forniti. Con gli attuatori elettrici multigiro, il fluido pu\u00f2 essere regolato e chiuso ermeticamente. \u00c8 ampiamente utilizzato nei settori petrolifero, chimico, dell&#039;approvvigionamento idrico e del drenaggio urbano e in altre condizioni che richiedono un taglio rigoroso.<\/p>\n<p>STV Valve Technology Group Co., Ltd \u00e8 un leader professionale in Cina Valvola a sfera flangiata ANSI da 150 libbre, valvola a sfera a 3 vie, valvola a sfera a 3 vie porta in acciaio inossidabile 316 L, valvola a sfera a 3 vie porta in acciaio inossidabile 316 L, valvola a sfera a 3 vie Acciaio inossidabile flangiato ANSI 150 lb a passaggio totale, valvola a sfera a 3 vie Cina cuscinetto di montaggio ISO-diretto ANSI 150 lb, valvola a sfera flangiata a passaggio totale, valvole a sfera flangiate a tre vie, Cina Produttore di valvole a sfera ignifughe flangiate ANSI 150 WCB con alta qualit\u00e0 e competitivit\u00e0 prezzo.<\/p>\n<div class=\"woocommerce-product-details__short-description\">\n<p>Si prega di contattare il nostro sales@stvvalve.com per altri materiali e dettagli.<\/p>\n<p>Foglio degli appuntamenti: <a href=\"https:\/\/www.stvvalves.com\/wp-content\/uploads\/2018\/12\/ansi-150LB-3-way-ball-valve-flange-end-t-port-with-iso-direct-mounting-pad-drawing.pdf\">Valvola a sfera a 3 vie ANSI150LB, estremit\u00e0 flangiata, porta a T, con cuscinetto di montaggio diretto ISO<\/a><\/p>\n<\/div>\n<form class=\"cart\" action=\"https:\/\/www.stvvalves.com\/it\/product\/carbon-steel-flange-ball-valve-dn50-150lb-304-trim-rf-end\/\" enctype=\"multipart\/form-data\" method=\"post\" data-trp-original-action=\"https:\/\/www.stvvalves.com\/product\/carbon-steel-flange-ball-valve-dn50-150lb-304-trim-rf-end\/\">\n<div class=\"wcpa_form_outer\"><\/div>\n<div class=\"quantity\"><\/div>\n<div class=\"addquotelistlink\">\n<div class=\"quotelistadd_prodpage\"><\/div>\n<\/div>\n<input type=\"hidden\" name=\"trp-form-language\" value=\"it\"\/><\/form>","protected":false},"featured_media":4248,"template":"","meta":[],"product_brand":[],"product_cat":[43,54,80,78,53],"product_tag":[414,171,417,415,413,419,416,418,405],"class_list":{"0":"post-4245","1":"product","2":"type-product","3":"status-publish","4":"has-post-thumbnail","6":"product_cat-ball-valve","7":"product_cat-cast-steel-ball-valve","8":"product_cat-flange-ball-valve","9":"product_cat-floating-ball-valve","10":"product_cat-stainless-steel-ball-valve","11":"product_tag-150-lb-ansi-flange-ball-valve","12":"product_tag-3-way-ball-valve","13":"product_tag-3-way-ball-valve-stainless-steel-316-l-port","14":"product_tag-316-stainless-steel-ansi-150-flanged-fire-safe-ball-valve-lever","15":"product_tag-ball-valve-3-way-flanged-ansi-150lb-full-bore-stainless-steel","16":"product_tag-china-3-way-ball-valve-iso-direct-mounting-pad-ansi-150lb","17":"product_tag-flange-full-port-ball-valve","18":"product_tag-three-way-flanged-ball-valves","19":"product_tag-wcb-ansi-150-flanged-fire-safe-ball-valve","21":"first","22":"instock","23":"shipping-taxable","24":"product-type-simple"},"_links":{"self":[{"href":"https:\/\/www.stvvalves.com\/it\/wp-json\/wp\/v2\/product\/4245","targetHints":{"allow":["GET"]}}],"collection":[{"href":"https:\/\/www.stvvalves.com\/it\/wp-json\/wp\/v2\/product"}],"about":[{"href":"https:\/\/www.stvvalves.com\/it\/wp-json\/wp\/v2\/types\/product"}],"wp:featuredmedia":[{"embeddable":true,"href":"https:\/\/www.stvvalves.com\/it\/wp-json\/wp\/v2\/media\/4248"}],"wp:attachment":[{"href":"https:\/\/www.stvvalves.com\/it\/wp-json\/wp\/v2\/media?parent=4245"}],"wp:term":[{"taxonomy":"product_brand","embeddable":true,"href":"https:\/\/www.stvvalves.com\/it\/wp-json\/wp\/v2\/product_brand?post=4245"},{"taxonomy":"product_cat","embeddable":true,"href":"https:\/\/www.stvvalves.com\/it\/wp-json\/wp\/v2\/product_cat?post=4245"},{"taxonomy":"product_tag","embeddable":true,"href":"https:\/\/www.stvvalves.com\/it\/wp-json\/wp\/v2\/product_tag?post=4245"}],"curies":[{"name":"wp","href":"https:\/\/api.w.org\/{rel}","templated":true}]}}