{"id":4250,"date":"2018-12-17T15:36:00","date_gmt":"2018-12-17T15:36:00","guid":{"rendered":"https:\/\/www.stvvalves.com\/?post_type=product&#038;p=4250"},"modified":"2025-02-17T18:19:17","modified_gmt":"2025-02-17T10:19:17","slug":"globe-valve-class-2500lb-f22-body-304-trim-flange-end","status":"publish","type":"product","link":"https:\/\/www.stvvalves.com\/it\/products\/globe-valve-class-2500lb-f22-body-304-trim-flange-end\/","title":{"rendered":"Valvola a globo classe 2500LB, corpo F22, trim 304, estremit\u00e0 flangiata"},"content":{"rendered":"<p>Specifica dei parametri principali:<br \/>\nProgettazione e produzione sono conformi a BS 5352, ANSI B16.34<\/p>\n<p>Le estremit\u00e0 della connessione sono conformi a:<\/p>\n<p>1. Le estremit\u00e0 saldate con presa sono conformi ad ANSI B16.11<\/p>\n<p>2. Le estremit\u00e0 delle viti sono conformi ad ANSI B1.20.1<\/p>\n<p>3. Le estremit\u00e0 saldate di testa sono conformi ad ANSI B16.25<\/p>\n<p>4. Le estremit\u00e0 flangiate sono conformi ad ANSI B16.5, JB79<\/p>\n<p>Test e ispezione conformi a: API 598<\/p>\n<p>Caratteristiche della struttura: cofano imbullonato, cofano saldato, cofano con tenuta a pressione, vite esterna e giogo<\/p>\n<p>Gamma di prodotti<\/p>\n<p>Materiale del corpo: acciaio al carbonio, acciaio inossidabile, acciaio legato<\/p>\n<p>Diametro nominale: 1\/2\u2033~2\u2033\uff08DN15~DN50\uff09<\/p>\n<p>Connessione finale: THR,SW, BW,RF,RTJ<\/p>\n<p>Intervallo di pressione: Classe 150~2500\uff08PN16~PN420\uff09<\/p>\n<p>Temperatura di funzionamento: -196\u2103~+560\u2103<\/p>\n<p>Funzionamento: volantino<\/p>\n<p><img loading=\"lazy\" decoding=\"async\" class=\"alignnone size-full wp-image-4251\" src=\"https:\/\/www.stvvalves.com\/wp-content\/uploads\/2018\/12\/globe-valve-class-2500lb-f22-body-304-trim-flange-end-DRAWING.jpg\" alt=\"\" width=\"2338\" height=\"1653\" srcset=\"https:\/\/www.stvvalves.com\/wp-content\/uploads\/2018\/12\/globe-valve-class-2500lb-f22-body-304-trim-flange-end-DRAWING.jpg 2338w, https:\/\/www.stvvalves.com\/wp-content\/uploads\/2018\/12\/globe-valve-class-2500lb-f22-body-304-trim-flange-end-DRAWING-600x424.jpg 600w, https:\/\/www.stvvalves.com\/wp-content\/uploads\/2018\/12\/globe-valve-class-2500lb-f22-body-304-trim-flange-end-DRAWING-300x212.jpg 300w, https:\/\/www.stvvalves.com\/wp-content\/uploads\/2018\/12\/globe-valve-class-2500lb-f22-body-304-trim-flange-end-DRAWING-768x543.jpg 768w, https:\/\/www.stvvalves.com\/wp-content\/uploads\/2018\/12\/globe-valve-class-2500lb-f22-body-304-trim-flange-end-DRAWING-1030x728.jpg 1030w, https:\/\/www.stvvalves.com\/wp-content\/uploads\/2018\/12\/globe-valve-class-2500lb-f22-body-304-trim-flange-end-DRAWING-1500x1061.jpg 1500w, https:\/\/www.stvvalves.com\/wp-content\/uploads\/2018\/12\/globe-valve-class-2500lb-f22-body-304-trim-flange-end-DRAWING-260x185.jpg 260w, https:\/\/www.stvvalves.com\/wp-content\/uploads\/2018\/12\/globe-valve-class-2500lb-f22-body-304-trim-flange-end-DRAWING-705x498.jpg 705w\" sizes=\"auto, (max-width: 2338px) 100vw, 2338px\" \/><\/p>","protected":false},"excerpt":{"rendered":"<p>Modello:j41y-2500lb-F22<\/p>\n<p>Caratteristiche della struttura del prodotto:<br \/>\n1. Il prodotto \u00e8 progettato e realizzato secondo gli standard ANSIB16.34 ed E101 e pu\u00f2 essere utilizzato con apparecchiature importate.<br \/>\n2. La cavit\u00e0 della valvola adotta una struttura di tenuta autoserrante a pressione e maggiore \u00e8 la pressione della cavit\u00e0 interna, migliori sono le prestazioni di tenuta. Le estremit\u00e0 del tubo di derivazione sono 4. La densit\u00e0 del disco della valvola e della sede della valvola<br \/>\nIl coperchio \u00e8 realizzato in lega dura a base di cobalto stellite e la superficie di tenuta \u00e8 6. La profondit\u00e0 del premistoppa del cofano \u00e8 ragionevole e il riempitivo viene aggiunto con inibizione della corrosione.<br \/>\nL&#039;agente \u00e8 affidabile nella sigillatura e l&#039;interruttore \u00e8 stabile.<br \/>\n7. La valvola ha una struttura di tenuta superiore per garantire che la valvola non fuoriesca dallo stelo della valvola quando viene aperta.<br \/>\n8. L&#039;apertura e la chiusura della valvola di intercettazione elettrica sono controllate da un dispositivo elettrico e il dispositivo elettrico \u00e8 rispettivamente dotato di un motore speciale, un riduttore di velocit\u00e0 e un meccanismo di controllo della coppia.<br \/>\nMeccanismo di comando in loco, manuale, meccanismo di commutazione elettrico. Oltre alle operazioni locali, \u00e8 possibile anche il funzionamento remoto.<\/p>\n<p>STV Valve Technology Group Co., Ltd \u00e8 un leader professionale in Cina: valvola a globo da 2500 libbre, valvola a globo API 602, valvola a globo in acciaio forgiato, valvola in acciaio forgiato, valvola a globo con tenuta a pressione, valvola a globo F22, produttore di valvole a globo con flangia di saldatura di alta qualit\u00e0 e competitivo prezzo.<\/p>\n<p>Si prega di contattare il nostro sales@stvvalve.com per altri materiali e dettagli.<\/p>\n<p>Foglio degli appuntamenti:<a href=\"https:\/\/www.stvvalves.com\/wp-content\/uploads\/2018\/12\/globe-valve-class-2500lb-f22-body-304-trim-flange-end-DRAWING.jpg\">Valvola a globo classe 2500LB, corpo F22, trim 304, estremit\u00e0 flangiata<\/a><\/p>","protected":false},"featured_media":4252,"template":"","meta":[],"product_brand":[],"product_cat":[64,45],"product_tag":[210,212,591,197,420,321,1017],"class_list":{"0":"post-4250","1":"product","2":"type-product","3":"status-publish","4":"has-post-thumbnail","6":"product_cat-foreged-steel-globe-valve","7":"product_cat-globe-valve","8":"product_tag-2500lb-globe-valve","9":"product_tag-api-602-globe-valve","10":"product_tag-f22-globe-valve","11":"product_tag-forged-steel-globe-valve","12":"product_tag-forged-steel-valve","13":"product_tag-pressure-seal-globe-valve","14":"product_tag-welding-flange-globe-valve","16":"first","17":"instock","18":"shipping-taxable","19":"product-type-simple"},"_links":{"self":[{"href":"https:\/\/www.stvvalves.com\/it\/wp-json\/wp\/v2\/product\/4250","targetHints":{"allow":["GET"]}}],"collection":[{"href":"https:\/\/www.stvvalves.com\/it\/wp-json\/wp\/v2\/product"}],"about":[{"href":"https:\/\/www.stvvalves.com\/it\/wp-json\/wp\/v2\/types\/product"}],"wp:featuredmedia":[{"embeddable":true,"href":"https:\/\/www.stvvalves.com\/it\/wp-json\/wp\/v2\/media\/4252"}],"wp:attachment":[{"href":"https:\/\/www.stvvalves.com\/it\/wp-json\/wp\/v2\/media?parent=4250"}],"wp:term":[{"taxonomy":"product_brand","embeddable":true,"href":"https:\/\/www.stvvalves.com\/it\/wp-json\/wp\/v2\/product_brand?post=4250"},{"taxonomy":"product_cat","embeddable":true,"href":"https:\/\/www.stvvalves.com\/it\/wp-json\/wp\/v2\/product_cat?post=4250"},{"taxonomy":"product_tag","embeddable":true,"href":"https:\/\/www.stvvalves.com\/it\/wp-json\/wp\/v2\/product_tag?post=4250"}],"curies":[{"name":"wp","href":"https:\/\/api.w.org\/{rel}","templated":true}]}}