{"id":4263,"date":"2018-12-19T15:14:04","date_gmt":"2018-12-19T15:14:04","guid":{"rendered":"https:\/\/www.stvvalves.com\/?post_type=product&#038;p=4263"},"modified":"2025-02-27T15:09:05","modified_gmt":"2025-02-27T07:09:05","slug":"1500lb-pressure-seal-gate-valve-wc6-body-dn250-flange-end","status":"publish","type":"product","link":"https:\/\/www.stvvalves.com\/it\/products\/1500lb-pressure-seal-gate-valve-wc6-body-dn250-flange-end\/","title":{"rendered":"Valvola a saracinesca con tenuta a pressione 1500LB, corpo WC6, DN250, estremit\u00e0 flangiata"},"content":{"rendered":"<p>Progettazione e produzione: valvola a saracinesca in acciaio fuso secondo API 600 (16.34)<\/p>\n<p>Ispezione e test: API598,API600 o API 6D<br \/>\nASME B16.5(per NPS\u226424,ASME B 16.47 serie B,API 605,ASME B16.47 serie A,MSS SP-44(per NPS&gt;24)<\/p>\n<p>Dimensione finale BW: ASME B16.25<\/p>\n<p>Faccia a faccia e da un capo all&#039;altro: ASME B16.10<\/p>\n<p>Valori nominali pressione-temperatura: ASME B16.34<\/p>\n<p>Gamma di prodotti<\/p>\n<p>Materiale del corpo: acciaio al carbonio, acciaio inossidabile, acciaio legato<\/p>\n<p>Diametro nominale: 2\u2033~36\u2033(DN50~DN900)<\/p>\n<p>Connessione finale: RF, RTJ, BW<\/p>\n<p>Intervallo di pressione: Classe 150~2500 (PN16~PN420)<\/p>\n<p>Temperatura di lavoro: -29\u2103~+560\u2103<\/p>\n<p>Funzionamento: volantino, ingranaggio, attuatore elettrico, ecc.<\/p>\n<p>&nbsp;<\/p>\n<table>\n<tbody>\n<tr>\n<td width=\"200\"><strong>nome del prodotto<\/strong><\/td>\n<td width=\"481\">Valvola a saracinesca con tenuta a pressione 1500LB, corpo WC6, DN250, estremit\u00e0 flangiata<\/td>\n<\/tr>\n<tr>\n<td width=\"200\">1. Materiale<\/td>\n<td width=\"481\">WC6<\/td>\n<\/tr>\n<tr>\n<td width=\"200\">2. Dimensioni<\/td>\n<td width=\"481\">10&quot;<\/td>\n<\/tr>\n<tr>\n<td width=\"200\">4. Porto<\/td>\n<td width=\"481\">Porto pieno<\/td>\n<\/tr>\n<tr>\n<td width=\"200\">5. Pressione di esercizio<\/td>\n<td width=\"481\">1500 libbre<\/td>\n<\/tr>\n<tr>\n<td width=\"200\">6. La connessione termina<\/td>\n<td width=\"481\">RF<\/td>\n<\/tr>\n<tr>\n<td width=\"200\">7. Temp. di lavoro.<\/td>\n<td width=\"481\">-29~520\u00baC,<\/td>\n<\/tr>\n<tr>\n<td width=\"200\">8. Mezzo adatto<\/td>\n<td width=\"481\">Acqua, gas naturale, petrolio e alcuni liquidi corrosivi<\/td>\n<\/tr>\n<tr>\n<td width=\"200\">9. Operato<\/td>\n<td width=\"481\">Riduttore<\/td>\n<\/tr>\n<tr>\n<td width=\"200\">10. Ispezione e test<\/td>\n<td width=\"481\">Secondo API598<\/td>\n<\/tr>\n<tr>\n<td width=\"200\"><strong>Spedizione<\/strong><\/td>\n<td width=\"481\"><\/td>\n<\/tr>\n<tr>\n<td width=\"200\">Tempi di consegna<\/td>\n<td width=\"481\">30 giorni<\/td>\n<\/tr>\n<tr>\n<td width=\"200\">Pacchetto<\/td>\n<td width=\"481\">Custodia in compensato per esportazione standard<\/td>\n<\/tr>\n<tr>\n<td width=\"200\">Porto di spedizione<\/td>\n<td width=\"481\">Ningbo\/Shanghai, Cina<\/td>\n<\/tr>\n<tr>\n<td width=\"200\">Termini di spedizione<\/td>\n<td width=\"481\">Exw, FOB, CFR, CIF, ecc.<\/td>\n<\/tr>\n<tr>\n<td width=\"200\">Termini di pagamento<\/td>\n<td width=\"481\">T\/T, Western Union, PayPal, ecc.<\/td>\n<\/tr>\n<tr>\n<td width=\"200\"><\/td>\n<td width=\"481\">Pagamento anticipato 30%, saldo 70% pagato prima della spedizione<\/td>\n<\/tr>\n<tr>\n<td width=\"200\">Paese di origine<\/td>\n<td width=\"481\">Citt\u00e0 di Wenzhou, Cina<\/td>\n<\/tr>\n<tr>\n<td width=\"200\">Capacit\u00e0 produttiva<\/td>\n<td width=\"481\">6000 ton\/anno<\/td>\n<\/tr>\n<tr>\n<td width=\"200\">MOQ<\/td>\n<td width=\"481\">1 pezzo\/taglia<\/td>\n<\/tr>\n<\/tbody>\n<\/table>","protected":false},"excerpt":{"rendered":"<p>Modello:Z541Y-1500LB-10\u2033-WC6<\/p>\n<p>La valvola a saracinesca con tenuta a pressione da 1500 LB viene utilizzata principalmente nella conduttura della stazione dei vigili del fuoco in una variet\u00e0 di sistemi, mezzi di tubazioni tagliati o collegati. Mezzo applicabile: acqua, vapore e altri mezzi non corrosivi. Rispetto alle valvole delle centrali elettriche e ad altri prodotti valvolari \u00e8 caratterizzato da alta temperatura e alta pressione, l&#039;esclusivo design autosigillante, maggiore \u00e8 la pressione, una tenuta pi\u00f9 affidabile. A causa delle particolari propriet\u00e0 delle caratteristiche tecniche, le condizioni di formazione dei prodotti non possono essere sostituite da altre caratteristiche del prodotto.<\/p>\n<p>Rispetto alle valvole della centrale elettrica e ad altri prodotti valvolari \u00e8 caratterizzato da alta temperatura e alta pressione, se non altro dalla pressione bassa rispetto alla valvola comune, semplice dalla temperatura inferiore a quella della valvola comune. A causa delle particolari propriet\u00e0 delle caratteristiche tecniche, le condizioni di formazione dei prodotti non possono essere sostituite da altre caratteristiche del prodotto.<\/p>\n<p>STV Valve Technology Group Co., Ltd \u00e8 un leader professionale in Cina Valvola a saracinesca con tenuta a pressione in acciaio fuso da 1500 libbre, VALVOLA A saracinesca in acciaio fuso da 1500 libbre, Valvola a saracinesca in acciaio fuso da 1500 libbre Guarnizione a pressione, Valvola a saracinesca flangiata, Valvola a saracinesca ad alta pressione, Produttore di valvole a saracinesca con tenuta a pressione con alta qualit\u00e0 e prezzo competitivo.<\/p>\n<p>Si prega di contattare il nostro sales@stvvalve.com per altri materiali e dettagli.<\/p>\n<p>Foglio degli appuntamenti:<a href=\"https:\/\/www.stvvalves.com\/wp-content\/uploads\/2018\/12\/1500lb-pressure-seal-gate-valve-wc6-body-dn250-flange-end-drawing.pdf\">Valvola a saracinesca con tenuta a pressione 1500LB, corpo WC6, DN250, estremit\u00e0 flangiata<\/a><\/p>","protected":false},"featured_media":4264,"template":"","meta":[],"product_brand":[],"product_cat":[58,44],"product_tag":[435,437,436,224,195,352],"class_list":{"0":"post-4263","1":"product","2":"type-product","3":"status-publish","4":"has-post-thumbnail","6":"product_cat-cast-steel-gate-valve","7":"product_cat-gate-valve","8":"product_tag-1500lb-cast-steel-pressure-seal-gate-valve","9":"product_tag-cast-steel-gate-valve-1500lb","10":"product_tag-cast-steel-gate-valve-pressure-seal-1500-lb","11":"product_tag-flange-gate-valve","12":"product_tag-high-pressure-gate-valve","13":"product_tag-pressure-seal-gate-valve","15":"first","16":"instock","17":"featured","18":"shipping-taxable","19":"product-type-simple"},"_links":{"self":[{"href":"https:\/\/www.stvvalves.com\/it\/wp-json\/wp\/v2\/product\/4263","targetHints":{"allow":["GET"]}}],"collection":[{"href":"https:\/\/www.stvvalves.com\/it\/wp-json\/wp\/v2\/product"}],"about":[{"href":"https:\/\/www.stvvalves.com\/it\/wp-json\/wp\/v2\/types\/product"}],"wp:featuredmedia":[{"embeddable":true,"href":"https:\/\/www.stvvalves.com\/it\/wp-json\/wp\/v2\/media\/4264"}],"wp:attachment":[{"href":"https:\/\/www.stvvalves.com\/it\/wp-json\/wp\/v2\/media?parent=4263"}],"wp:term":[{"taxonomy":"product_brand","embeddable":true,"href":"https:\/\/www.stvvalves.com\/it\/wp-json\/wp\/v2\/product_brand?post=4263"},{"taxonomy":"product_cat","embeddable":true,"href":"https:\/\/www.stvvalves.com\/it\/wp-json\/wp\/v2\/product_cat?post=4263"},{"taxonomy":"product_tag","embeddable":true,"href":"https:\/\/www.stvvalves.com\/it\/wp-json\/wp\/v2\/product_tag?post=4263"}],"curies":[{"name":"wp","href":"https:\/\/api.w.org\/{rel}","templated":true}]}}