{"id":4272,"date":"2018-12-27T08:07:50","date_gmt":"2018-12-27T08:07:50","guid":{"rendered":"https:\/\/www.stvvalves.com\/?post_type=product&#038;p=4272"},"modified":"2025-02-17T18:19:12","modified_gmt":"2025-02-17T10:19:12","slug":"api-602-y-pattern-globe-valve-a105n-1-inch-2500-lb-sw-end","status":"publish","type":"product","link":"https:\/\/www.stvvalves.com\/it\/products\/api-602-y-pattern-globe-valve-a105n-1-inch-2500-lb-sw-end\/","title":{"rendered":"Valvola a globo API 602 con modello a Y, A105N, 1 pollice, 2500 LB, estremit\u00e0 SW"},"content":{"rendered":"<p>Specifica dei parametri principali<\/p>\n<p>Progettazione e produzione sono conformi a BS 5352, ANSI B16.34<\/p>\n<p>Le estremit\u00e0 della connessione sono conformi a:<\/p>\n<p>1. Le estremit\u00e0 saldate con presa sono conformi ad ANSI B16.11<\/p>\n<p>2. Le estremit\u00e0 delle viti sono conformi ad ANSI B1.20.1<\/p>\n<p>3. Le estremit\u00e0 saldate di testa sono conformi alla norma ANSI B16.25<\/p>\n<p>Test e ispezione conformi a: API 598<\/p>\n<p>Caratteristiche della struttura: cofano imbullonato, cofano saldato, cofano con tenuta a pressione, vite esterna e giogo<\/p>\n<p>Gamma di prodotti<\/p>\n<p>Materiale del corpo: acciaio al carbonio, acciaio inossidabile, acciaio legato<\/p>\n<p>Diametro nominale: 1\/2\u2033~2\u2033\uff08DN15~DN50\uff09<\/p>\n<p>Connessione finale: BW,RF,RTJ<\/p>\n<p>Intervallo di pressione: Classe 150~2500\uff08PN16~PN420\uff09<\/p>\n<p>Temperatura di funzionamento: -196\u2103~+560\u2103<\/p>\n<p>Funzionamento: volantino<\/p>\n<p><img loading=\"lazy\" decoding=\"async\" class=\"alignnone size-full wp-image-4275\" src=\"https:\/\/www.stvvalves.com\/wp-content\/uploads\/2018\/12\/api-602-y-pattern-globe-valve-a105n-1-inch-2500-lb-sw-end-DRAWING.jpg\" alt=\"\" width=\"2339\" height=\"1654\" srcset=\"https:\/\/www.stvvalves.com\/wp-content\/uploads\/2018\/12\/api-602-y-pattern-globe-valve-a105n-1-inch-2500-lb-sw-end-DRAWING.jpg 2339w, https:\/\/www.stvvalves.com\/wp-content\/uploads\/2018\/12\/api-602-y-pattern-globe-valve-a105n-1-inch-2500-lb-sw-end-DRAWING-600x424.jpg 600w, https:\/\/www.stvvalves.com\/wp-content\/uploads\/2018\/12\/api-602-y-pattern-globe-valve-a105n-1-inch-2500-lb-sw-end-DRAWING-300x212.jpg 300w, https:\/\/www.stvvalves.com\/wp-content\/uploads\/2018\/12\/api-602-y-pattern-globe-valve-a105n-1-inch-2500-lb-sw-end-DRAWING-768x543.jpg 768w, https:\/\/www.stvvalves.com\/wp-content\/uploads\/2018\/12\/api-602-y-pattern-globe-valve-a105n-1-inch-2500-lb-sw-end-DRAWING-1030x728.jpg 1030w, https:\/\/www.stvvalves.com\/wp-content\/uploads\/2018\/12\/api-602-y-pattern-globe-valve-a105n-1-inch-2500-lb-sw-end-DRAWING-1500x1061.jpg 1500w, https:\/\/www.stvvalves.com\/wp-content\/uploads\/2018\/12\/api-602-y-pattern-globe-valve-a105n-1-inch-2500-lb-sw-end-DRAWING-260x185.jpg 260w, https:\/\/www.stvvalves.com\/wp-content\/uploads\/2018\/12\/api-602-y-pattern-globe-valve-a105n-1-inch-2500-lb-sw-end-DRAWING-705x499.jpg 705w\" sizes=\"auto, (max-width: 2339px) 100vw, 2339px\" \/><\/p>","protected":false},"excerpt":{"rendered":"<p>Modello:PJ65Y-2500LB-A105N<\/p>\n<p>La nostra valvola a globo API 602 con modello a Y \u00e8 adatta principalmente per vari tubi di sistema di centrali termiche, tagliando o collegando il mezzo della tubazione. Mezzo applicabile. Le valvole rispetto ai mezzi non corrosivi come i vapori di acciaio forgiato sono caratterizzate da alta temperatura, alta temperatura e alta pressione rispetto ad altri prodotti. L&#039;esclusiva pressione di progettazione autosigillante \u00e8 pi\u00f9 elevata e la tenuta \u00e8 sempre maggiore. A causa delle caratteristiche tecniche delle prestazioni, le condizioni speciali delle condizioni di lavoro fanno s\u00ec che il prodotto costituisca anche una caratteristica che non pu\u00f2 essere sostituita da altri prodotti.<\/p>\n<p>Esistono tre tipi di design del giunto del corpo della valvola a globo in acciaio forgiato a Y con saldatura a presa.<br \/>\n1. Tipo di coperchio con bullone. Il corpo valvola progettato secondo questa forma di connessione \u00e8 collegato al coperchio della valvola tramite bulloni.<br \/>\nL&#039;utilizzo di una guarnizione avvolta presenta il vantaggio di facilitare la manutenzione durante l&#039;utilizzo;<br \/>\n2. Tipo di cofano per saldatura. Il corpo della valvola e il coperchio della valvola sono tutti saldati e sigillati in base alla valvola progettata in questo modulo di connessione.<br \/>\nIl vantaggio \u00e8 l&#039;assenza di perdite esterne;<br \/>\n3. Tipo di coperchio con tenuta a pressione. Il corpo della valvola progettato secondo questa forma di connessione \u00e8 collegato al coperchio della valvola e alla chiocciola.<br \/>\nLa pressione interna \u00e8 sigillata dall&#039;anello di tenuta e il vantaggio \u00e8 che maggiore \u00e8 la pressione interna, migliore \u00e8 la prestazione di tenuta.<br \/>\nPuoi scegliere la nostra valvola in acciaio forgiato in base alla situazione reale.<\/p>\n<p>Si prega di contattare il nostro sales@stvvalve.com per altri materiali e maggiori dettagli.<\/p>\n<p>Foglio degli appuntamenti:<a href=\"http:\/\/api-602-y-pattern-globe-valve-a105n-1-inch-2500-lb-sw-end-DRAWING\">Valvola a globo API 602 con modello a Y, A105N, 1 pollice, 2500 LB, estremit\u00e0 SW<\/a><\/p>","protected":false},"featured_media":4273,"template":"","meta":[],"product_brand":[],"product_cat":[64,45],"product_tag":[448,450,452,451,449],"class_list":{"0":"post-4272","1":"product","2":"type-product","3":"status-publish","4":"has-post-thumbnail","6":"product_cat-foreged-steel-globe-valve","7":"product_cat-globe-valve","8":"product_tag-api-602-forged-valves","9":"product_tag-china-api-602-y-type-globe-valve","10":"product_tag-forged-steel-y-globe-valve","11":"product_tag-sw-forged-y-globe-valve","12":"product_tag-y-pattern-globe-valves","14":"first","15":"instock","16":"shipping-taxable","17":"product-type-simple"},"_links":{"self":[{"href":"https:\/\/www.stvvalves.com\/it\/wp-json\/wp\/v2\/product\/4272","targetHints":{"allow":["GET"]}}],"collection":[{"href":"https:\/\/www.stvvalves.com\/it\/wp-json\/wp\/v2\/product"}],"about":[{"href":"https:\/\/www.stvvalves.com\/it\/wp-json\/wp\/v2\/types\/product"}],"wp:featuredmedia":[{"embeddable":true,"href":"https:\/\/www.stvvalves.com\/it\/wp-json\/wp\/v2\/media\/4273"}],"wp:attachment":[{"href":"https:\/\/www.stvvalves.com\/it\/wp-json\/wp\/v2\/media?parent=4272"}],"wp:term":[{"taxonomy":"product_brand","embeddable":true,"href":"https:\/\/www.stvvalves.com\/it\/wp-json\/wp\/v2\/product_brand?post=4272"},{"taxonomy":"product_cat","embeddable":true,"href":"https:\/\/www.stvvalves.com\/it\/wp-json\/wp\/v2\/product_cat?post=4272"},{"taxonomy":"product_tag","embeddable":true,"href":"https:\/\/www.stvvalves.com\/it\/wp-json\/wp\/v2\/product_tag?post=4272"}],"curies":[{"name":"wp","href":"https:\/\/api.w.org\/{rel}","templated":true}]}}