{"id":4278,"date":"2018-12-27T15:09:26","date_gmt":"2018-12-27T15:09:26","guid":{"rendered":"https:\/\/www.stvvalves.com\/?post_type=product&#038;p=4278"},"modified":"2025-02-17T18:19:11","modified_gmt":"2025-02-17T10:19:11","slug":"api-602-forged-steel-globe-valve-800lb-butt-weld-end-2","status":"publish","type":"product","link":"https:\/\/www.stvvalves.com\/it\/products\/api-602-forged-steel-globe-valve-800lb-butt-weld-end-2\/","title":{"rendered":"Valvola a globo in acciaio forgiato API 602, 800LB, estremit\u00e0 con saldatura di testa"},"content":{"rendered":"<p>Specifica dei parametri principali<\/p>\n<p>Progettazione e produzione sono conformi a BS 5352, ANSI B16.34<\/p>\n<p>Le estremit\u00e0 della connessione sono conformi a:<\/p>\n<p>1. Le estremit\u00e0 saldate con presa sono conformi ad ANSI B16.11<\/p>\n<p>2. Le estremit\u00e0 delle viti sono conformi ad ANSI B1.20.1<\/p>\n<p>3. Le estremit\u00e0 saldate di testa sono conformi alla norma ANSI B16.25<\/p>\n<p>Test e ispezione conformi a: API 598<\/p>\n<p>Caratteristiche della struttura: cofano imbullonato, cofano saldato, cofano con tenuta a pressione, vite esterna e giogo<\/p>\n<p>Gamma di prodotti<\/p>\n<p>Materiale del corpo: acciaio al carbonio, acciaio inossidabile, acciaio legato<\/p>\n<p>Diametro nominale: 1\/2\u2033~2\u2033\uff08DN15~DN50\uff09<\/p>\n<p>Connessione finale: BW,RF,RTJ<\/p>\n<p>Intervallo di pressione: Classe 150~2500\uff08PN16~PN420\uff09<\/p>\n<p>Temperatura di funzionamento: -196\u2103~+560\u2103<\/p>\n<p>Funzionamento: volantino<\/p>\n<p>&nbsp;<\/p>\n<p><img loading=\"lazy\" decoding=\"async\" class=\"alignnone size-full wp-image-4285\" src=\"https:\/\/www.stvvalves.com\/wp-content\/uploads\/2018\/12\/api-602-forged-steel-globe-valve-800lb-butt-weld-end-drawing.jpg\" alt=\"\" width=\"2339\" height=\"1653\" srcset=\"https:\/\/www.stvvalves.com\/wp-content\/uploads\/2018\/12\/api-602-forged-steel-globe-valve-800lb-butt-weld-end-drawing.jpg 2339w, https:\/\/www.stvvalves.com\/wp-content\/uploads\/2018\/12\/api-602-forged-steel-globe-valve-800lb-butt-weld-end-drawing-600x424.jpg 600w, https:\/\/www.stvvalves.com\/wp-content\/uploads\/2018\/12\/api-602-forged-steel-globe-valve-800lb-butt-weld-end-drawing-300x212.jpg 300w, https:\/\/www.stvvalves.com\/wp-content\/uploads\/2018\/12\/api-602-forged-steel-globe-valve-800lb-butt-weld-end-drawing-768x543.jpg 768w, https:\/\/www.stvvalves.com\/wp-content\/uploads\/2018\/12\/api-602-forged-steel-globe-valve-800lb-butt-weld-end-drawing-1030x728.jpg 1030w, https:\/\/www.stvvalves.com\/wp-content\/uploads\/2018\/12\/api-602-forged-steel-globe-valve-800lb-butt-weld-end-drawing-1500x1060.jpg 1500w, https:\/\/www.stvvalves.com\/wp-content\/uploads\/2018\/12\/api-602-forged-steel-globe-valve-800lb-butt-weld-end-drawing-260x185.jpg 260w, https:\/\/www.stvvalves.com\/wp-content\/uploads\/2018\/12\/api-602-forged-steel-globe-valve-800lb-butt-weld-end-drawing-705x498.jpg 705w\" sizes=\"auto, (max-width: 2339px) 100vw, 2339px\" \/><\/p>","protected":false},"excerpt":{"rendered":"<p>Valvola a globo in acciaio forgiato API 602 di alta qualit\u00e0 Fornitori, Azienda, Personalizzato, Marchi, Cina Grossisti valvola a globo in acciaio forgiato API 602, Prezzo, Produzione, Commercio all&#039;ingrosso, Promozioni valvola a globo in acciaio forgiato API 602, ognuno ha diverse preoccupazioni speciali al riguardo e ci\u00f2 che noi fare \u00e8 massimizzare i requisiti di prodotto di ciascun cliente, quindi la qualit\u00e0 della nostra valvola a globo in acciaio forgiato API 602 \u00e8 stata ben accolta da molti clienti e gode di una buona reputazione in molti paesi. STV Valve Technology Group Co., Ltd offre la valvola a globo in acciaio forgiato API 602 con design caratteristico, prestazioni pratiche e prezzo competitivo.<\/p>\n<p>Si prega di contattare il nostro sales@stvvalve.com per altri materiali e maggiori dettagli.<\/p>\n<p>Foglio degli appuntamenti:<a href=\"https:\/\/www.stvvalves.com\/wp-content\/uploads\/2018\/12\/api-602-forged-steel-globe-valve-800lb-butt-weld-end-drawing.pdf\">Valvola a globo in acciaio forgiato API 602, 800LB, estremit\u00e0 con saldatura di testa<\/a><\/p>","protected":false},"featured_media":4283,"template":"","meta":[],"product_brand":[],"product_cat":[64,45],"product_tag":[448,454,197,453],"class_list":{"0":"post-4278","1":"product","2":"type-product","3":"status-publish","4":"has-post-thumbnail","6":"product_cat-foreged-steel-globe-valve","7":"product_cat-globe-valve","8":"product_tag-api-602-forged-valves","9":"product_tag-china-forged-steel-globe-valve","10":"product_tag-forged-steel-globe-valve","11":"product_tag-forged-steel-globe-valves-ansi-class-800","13":"first","14":"instock","15":"shipping-taxable","16":"product-type-simple"},"_links":{"self":[{"href":"https:\/\/www.stvvalves.com\/it\/wp-json\/wp\/v2\/product\/4278","targetHints":{"allow":["GET"]}}],"collection":[{"href":"https:\/\/www.stvvalves.com\/it\/wp-json\/wp\/v2\/product"}],"about":[{"href":"https:\/\/www.stvvalves.com\/it\/wp-json\/wp\/v2\/types\/product"}],"wp:featuredmedia":[{"embeddable":true,"href":"https:\/\/www.stvvalves.com\/it\/wp-json\/wp\/v2\/media\/4283"}],"wp:attachment":[{"href":"https:\/\/www.stvvalves.com\/it\/wp-json\/wp\/v2\/media?parent=4278"}],"wp:term":[{"taxonomy":"product_brand","embeddable":true,"href":"https:\/\/www.stvvalves.com\/it\/wp-json\/wp\/v2\/product_brand?post=4278"},{"taxonomy":"product_cat","embeddable":true,"href":"https:\/\/www.stvvalves.com\/it\/wp-json\/wp\/v2\/product_cat?post=4278"},{"taxonomy":"product_tag","embeddable":true,"href":"https:\/\/www.stvvalves.com\/it\/wp-json\/wp\/v2\/product_tag?post=4278"}],"curies":[{"name":"wp","href":"https:\/\/api.w.org\/{rel}","templated":true}]}}