{"id":4287,"date":"2018-12-27T16:02:54","date_gmt":"2018-12-27T16:02:54","guid":{"rendered":"https:\/\/www.stvvalves.com\/?post_type=product&#038;p=4287"},"modified":"2025-02-17T18:19:10","modified_gmt":"2025-02-17T10:19:10","slug":"stainless-steel-y-type-flange-strainer-din-pn16-dn80","status":"publish","type":"product","link":"https:\/\/www.stvvalves.com\/it\/products\/stainless-steel-y-type-flange-strainer-din-pn16-dn80\/","title":{"rendered":"Filtro flangiato a Y in acciaio inossidabile, DIN PN16, DN80"},"content":{"rendered":"<p>Caratteristiche:<br \/>\nGamma di dimensioni: DN15-DN400<br \/>\nClasse: PN16-PN40<br \/>\nTemperatura: -29 \u2103-425 \u2103<br \/>\nMateriali: WCB, WC6,SS304,SS316,SS316L<br \/>\nMezzo: vapore, gas, acqua calda, fluidi termici, olio caldo, acqua di processo, impianti per vuoto, ammoniaca ecc. (altri mezzi di flusso su richiesta)<br \/>\nApplicazione: Industria, centrali elettriche, impianti di depurazione dei gas di scarico, tecnologia di processo, fornitura di gas, impianti di vapore, impianti di riciclaggio, impianti di vuoto, acqua calda, tecnologia di riscaldamento, teleriscaldamento, applicazioni di olio diatermico, costruzione di impianti generali, ecc. (altre applicazioni su richiesta )<\/p>\n<p>Standard<br \/>\nLo standard di progettazione e produzione \u00e8 conforme alla norma DIN EN13709:2003<br \/>\nLo standard di faccia a faccia \u00e8 conforme a DIN3202 \/ EN 558-1:1995<br \/>\nLo standard della flangia \u00e8 conforme a DIN2543-2545 \/EN 1092-1:2002<br \/>\nIl test \u00e8 conforme alla norma DIN 3230 \/ EN 12266:2003<\/p>\n<p>&nbsp;<\/p>\n<table>\n<tbody>\n<tr>\n<td width=\"200\"><strong>nome del prodotto<\/strong><\/td>\n<td width=\"481\">Filtro flangiato a Y in acciaio inossidabile, DIN PN16, DN80<\/td>\n<\/tr>\n<tr>\n<td width=\"200\">1. Materiale<\/td>\n<td width=\"481\">304<\/td>\n<\/tr>\n<tr>\n<td width=\"200\">2. Dimensioni<\/td>\n<td width=\"481\">3&quot;<\/td>\n<\/tr>\n<tr>\n<td width=\"200\">4. Porto<\/td>\n<td width=\"481\">Porto pieno<\/td>\n<\/tr>\n<tr>\n<td width=\"200\">5. Pressione di esercizio<\/td>\n<td width=\"481\">150 libbre<\/td>\n<\/tr>\n<tr>\n<td width=\"200\">6. La connessione termina<\/td>\n<td width=\"481\">RF<\/td>\n<\/tr>\n<tr>\n<td width=\"200\">7. Temp. di lavoro.<\/td>\n<td width=\"481\">-29~300\u00baC,<\/td>\n<\/tr>\n<tr>\n<td width=\"200\">8. Mezzo adatto<\/td>\n<td width=\"481\">Acqua, gas naturale, petrolio e alcuni liquidi corrosivi<\/td>\n<\/tr>\n<tr>\n<td width=\"200\">9. Operato<\/td>\n<td width=\"481\">\/<\/td>\n<\/tr>\n<tr>\n<td width=\"200\">10. Ispezione e test<\/td>\n<td width=\"481\">Secondo API598<\/td>\n<\/tr>\n<tr>\n<td width=\"200\"><strong>Spedizione<\/strong><\/td>\n<td width=\"481\"><\/td>\n<\/tr>\n<tr>\n<td width=\"200\">Tempi di consegna<\/td>\n<td width=\"481\">30 giorni<\/td>\n<\/tr>\n<tr>\n<td width=\"200\">Pacchetto<\/td>\n<td width=\"481\">Custodia in compensato per esportazione standard<\/td>\n<\/tr>\n<tr>\n<td width=\"200\">Porto di spedizione<\/td>\n<td width=\"481\">Ningbo\/Shanghai, Cina<\/td>\n<\/tr>\n<tr>\n<td width=\"200\">Termini di spedizione<\/td>\n<td width=\"481\">Exw, FOB, CFR, CIF, ecc.<\/td>\n<\/tr>\n<tr>\n<td width=\"200\">Termini di pagamento<\/td>\n<td width=\"481\">T\/T, Western Union, PayPal, ecc.<\/td>\n<\/tr>\n<tr>\n<td width=\"200\"><\/td>\n<td width=\"481\">Pagamento anticipato 30%, saldo 70% pagato prima della spedizione<\/td>\n<\/tr>\n<tr>\n<td width=\"200\">Paese di origine<\/td>\n<td width=\"481\">Citt\u00e0 di Wenzhou, Cina<\/td>\n<\/tr>\n<tr>\n<td width=\"200\">Capacit\u00e0 produttiva<\/td>\n<td width=\"481\">6000 ton\/anno<\/td>\n<\/tr>\n<tr>\n<td width=\"200\">MOQ<\/td>\n<td width=\"481\">1 pezzo\/taglia<\/td>\n<\/tr>\n<\/tbody>\n<\/table>","protected":false},"excerpt":{"rendered":"<p>Modello:GL41H-PN16-DN80<br \/>\nIl nostro filtro con flangia a Y in acciaio inossidabile \u00e8 compatto, facile da pulire e dispone di un tappo di scarico rimovibile e di una rete in acciaio inossidabile. Fornisce una soluzione economica ed \u00e8 consigliato per applicazioni in cui \u00e8 necessario evitare danni alle valvole e ad altre apparecchiature meccaniche correlate.<br \/>\nI detriti delle tubazioni, inclusi sporco e incrostazioni, sono spesso causa di guasti, danni, perdite di energia e riduzione della produttivit\u00e0. I filtri flangiati di tipo Y in acciaio inossidabile vengono generalmente utilizzati in applicazioni in cui la quantit\u00e0 di solidi da rimuovere \u00e8 ridotta e dove sono frequenti le pulizie. non \u00e8 richiesto. Sono spesso installati in servizi gassosi come vapore, aria, azoto, gas naturale, ecc. STV Valve Technology Group Co., Ltd \u00e8 un leader professionale Cina Filtro a flangia di tipo Y in acciaio inossidabile, Filtro a flangia di tipo Y, Filtro a flangia, Y filtro di tipo, filtro di tipo WCB Y, produttore di filtri di tipo Y PN16 con alta qualit\u00e0 e prezzo basso.<\/p>\n<p>Si prega di contattare il nostro sales@stvvalve.com per altri materiali e maggiori dettagli.<\/p>\n<p>Foglio degli appuntamenti:<a href=\"https:\/\/www.stvvalves.com\/wp-content\/uploads\/2018\/12\/stainless-steel-y-type-flange-strainer-din-pn16-dn80-drawing.pdf\">Filtro flangiato a Y in acciaio inossidabile, DIN PN16, DN80<\/a><\/p>","protected":false},"featured_media":4288,"template":"","meta":[],"product_brand":[],"product_cat":[85,48],"product_tag":[458,455,459,461,456,457,460],"class_list":{"0":"post-4287","1":"product","2":"type-product","3":"status-publish","4":"has-post-thumbnail","6":"product_cat-stainless-steel-y-type-strainer","7":"product_cat-y-strainer","8":"product_tag-316-stainless-steel-ansi-150-flanged-y-strainer","9":"product_tag-flanged-y-type-strainer","10":"product_tag-stainless-steel-y-strainer-flanged-pn16","11":"product_tag-strainer-pn-100-y-type-with-flanged-end","12":"product_tag-strainers-y-type","13":"product_tag-y-type-flange-end-strainers","14":"product_tag-y-type-strainer-with-flanges-pn16","16":"first","17":"instock","18":"shipping-taxable","19":"product-type-simple"},"_links":{"self":[{"href":"https:\/\/www.stvvalves.com\/it\/wp-json\/wp\/v2\/product\/4287","targetHints":{"allow":["GET"]}}],"collection":[{"href":"https:\/\/www.stvvalves.com\/it\/wp-json\/wp\/v2\/product"}],"about":[{"href":"https:\/\/www.stvvalves.com\/it\/wp-json\/wp\/v2\/types\/product"}],"wp:featuredmedia":[{"embeddable":true,"href":"https:\/\/www.stvvalves.com\/it\/wp-json\/wp\/v2\/media\/4288"}],"wp:attachment":[{"href":"https:\/\/www.stvvalves.com\/it\/wp-json\/wp\/v2\/media?parent=4287"}],"wp:term":[{"taxonomy":"product_brand","embeddable":true,"href":"https:\/\/www.stvvalves.com\/it\/wp-json\/wp\/v2\/product_brand?post=4287"},{"taxonomy":"product_cat","embeddable":true,"href":"https:\/\/www.stvvalves.com\/it\/wp-json\/wp\/v2\/product_cat?post=4287"},{"taxonomy":"product_tag","embeddable":true,"href":"https:\/\/www.stvvalves.com\/it\/wp-json\/wp\/v2\/product_tag?post=4287"}],"curies":[{"name":"wp","href":"https:\/\/api.w.org\/{rel}","templated":true}]}}