{"id":4333,"date":"2019-01-01T13:20:02","date_gmt":"2019-01-01T13:20:02","guid":{"rendered":"https:\/\/www.stvvalves.com\/?post_type=product&#038;p=4333"},"modified":"2025-02-17T18:20:54","modified_gmt":"2025-02-17T10:20:54","slug":"900lb-full-port-swing-check-valve-seal-pressure-bonnet-flange-end","status":"publish","type":"product","link":"https:\/\/www.stvvalves.com\/it\/products\/900lb-full-port-swing-check-valve-seal-pressure-bonnet-flange-end\/","title":{"rendered":"Valvola di ritegno a battente a porta completa da 900 libbre, coperchio a pressione di tenuta, estremit\u00e0 flangiata"},"content":{"rendered":"<p><strong>Valvola di ritegno a battente<\/strong>, Classe Ansi 900Lbs, Api 6d, imbullonato, cofano con tenuta a pressione, flangiato, Rf, Rtj, estremit\u00e0 Bw, acciaio al carbonio, acciaio inossidabile, valvole di ritegno a battente in acciaio duplex, valvola di non ritorno, fornitore di valvole di ritegno a battente in acciaio fuso industriale, esportatore.<\/p>\n<p>Specifiche per\u00a0<strong>Valvola di ritegno a battente 900LBS (flangiata, estremit\u00e0 bianche)<\/strong><\/p>\n<p>1. Progettazione e produzione: API6D, ANSI B16.34, BS1868<br \/>\n2. Coperchio imbullonato, coperchio con tenuta a pressione, disco oscillante,<br \/>\n3. Intervallo di dimensioni: da 2 &quot;a 24&quot;.<br \/>\n4. Valori di pressione: ANSI 900 libbre<br \/>\n5. Connessioni terminali: flangiate, saldate di testa.<br \/>\n6. Materiali: WCB, LCB, CF8, CF8M, CF3, CF3M, WC6, WC9, C5, C12, 4A o equivalenti,<br \/>\n7. Vari materiali di rivestimento disponibili per adattarsi alle condizioni di servizio<br \/>\n8. NACE MR 0175 su richiesta<\/p>\n<table>\n<tbody>\n<tr>\n<td width=\"200\"><strong>nome del prodotto<\/strong><\/td>\n<td width=\"481\">Valvola di ritegno a battente a porta completa da 900 libbre, coperchio a pressione di tenuta, estremit\u00e0 flangiata<\/td>\n<\/tr>\n<tr>\n<td width=\"200\">1. Materiale<\/td>\n<td width=\"481\">WCB<\/td>\n<\/tr>\n<tr>\n<td width=\"200\">2. Dimensioni<\/td>\n<td width=\"481\">12&quot;<\/td>\n<\/tr>\n<tr>\n<td width=\"200\">4. Porto<\/td>\n<td width=\"481\">Porto pieno<\/td>\n<\/tr>\n<tr>\n<td width=\"200\">5. Pressione di esercizio<\/td>\n<td width=\"481\">900 libbre<\/td>\n<\/tr>\n<tr>\n<td width=\"200\">6. La connessione termina<\/td>\n<td width=\"481\">RF<\/td>\n<\/tr>\n<tr>\n<td width=\"200\">7. Temp. di lavoro.<\/td>\n<td width=\"481\">-29~425\u00baC,<\/td>\n<\/tr>\n<tr>\n<td width=\"200\">8. Mezzo adatto<\/td>\n<td width=\"481\">Acqua, gas naturale, petrolio e alcuni liquidi corrosivi<\/td>\n<\/tr>\n<tr>\n<td width=\"200\">9. Operato<\/td>\n<td width=\"481\">\/<\/td>\n<\/tr>\n<tr>\n<td width=\"200\">10. Ispezione e test<\/td>\n<td width=\"481\">Secondo API 598<\/td>\n<\/tr>\n<tr>\n<td width=\"200\"><strong>Spedizione<\/strong><\/td>\n<td width=\"481\"><\/td>\n<\/tr>\n<tr>\n<td width=\"200\">Tempi di consegna<\/td>\n<td width=\"481\">30 giorni<\/td>\n<\/tr>\n<tr>\n<td width=\"200\">Pacchetto<\/td>\n<td width=\"481\">Custodia in compensato per esportazione standard<\/td>\n<\/tr>\n<tr>\n<td width=\"200\">Porto di spedizione<\/td>\n<td width=\"481\">Ningbo\/Shanghai, Cina<\/td>\n<\/tr>\n<tr>\n<td width=\"200\">Termini di spedizione<\/td>\n<td width=\"481\">Exw, FOB, CFR, CIF, ecc.<\/td>\n<\/tr>\n<tr>\n<td width=\"200\">Termini di pagamento<\/td>\n<td width=\"481\">T\/T, Western Union, PayPal, ecc.<\/td>\n<\/tr>\n<tr>\n<td width=\"200\"><\/td>\n<td width=\"481\">Pagamento anticipato 30%, saldo 70% pagato prima della spedizione<\/td>\n<\/tr>\n<tr>\n<td width=\"200\">Paese di origine<\/td>\n<td width=\"481\">Citt\u00e0 di Wenzhou, Cina<\/td>\n<\/tr>\n<tr>\n<td width=\"200\">Capacit\u00e0 produttiva<\/td>\n<td width=\"481\">6000 ton\/anno<\/td>\n<\/tr>\n<tr>\n<td width=\"200\">MOQ<\/td>\n<td width=\"481\">10 pezzi\/taglia<\/td>\n<\/tr>\n<\/tbody>\n<\/table>","protected":false},"excerpt":{"rendered":"<p>Modello:H44Y-900LB-12\u2033-WCB<\/p>\n<p>Le nostre valvole di ritegno a battente a passaggio completo da 900 libbre sono progettate principalmente completamente aperte o completamente chiuse, con caratteristiche di coperchio con tenuta a pressione, sede rinnovabile o anello di sede saldato.<br \/>\nLa valvola di ritegno \u00e8 divisa in valvola di ritegno a sollevamento, valvola di ritegno a battente e valvola di ritegno a farfalla dalla struttura. La valvola di ritegno a sollevamento \u00e8 divisa in verticale e orizzontale. La valvola di ritegno a battente \u00e8 divisa in disco singolo, doppio disco, la valvola di ritegno a farfalla \u00e8 di tipo dritto. Le poche valvole di ritegno di cui sopra possono essere suddivise in connessione a vite, connessione a flangia e connessione a saldatura in base al modo di connessione.<\/p>\n<p>STV Valve Technology Group Co., Ltd \u00e8 valvola di ritegno a battente, valvola di ritegno a battente classe Ansi 900Lbs, valvola di ritegno a battente Api 6d, valvola di ritegno a battente industriale, valvola di ritegno a battente in acciaio al carbonio, valvole di ritegno a battente in acciaio inossidabile, valvola di ritegno a battente di non ritorno, A216 -Valvola di ritegno a battente WCB, valvola di ritegno a battente A351-CF8, valvola di ritegno a battente CF8M, valvola di ritegno a battente CF3M, valvola di ritegno a battente Nace Mr0175, valvola di ritegno a battente flangiata, valvola di ritegno a battente Bw, valvola di ritegno a battente ad alta pressione, valvola di ritegno a battente con tenuta a pressione , Produttore di controlli oscillanti in acciaio fuso autosigillante con alta qualit\u00e0 e prezzo basso. Per saperne di pi\u00f9 su questa valvola, non esitare a contattare il nostro sales@stvvalve.com<br \/>\nFoglio degli appuntamenti:<a href=\"https:\/\/www.stvvalves.com\/wp-content\/uploads\/2019\/01\/900lb-full-port-swing-check-valve-seal-pressure-bonnet-flange-end-drawing.pdf\">Valvola di ritegno a battente a porta completa da 900 libbre, coperchio a pressione di tenuta, estremit\u00e0 flangiata<\/a><\/p>","protected":false},"featured_media":4335,"template":"","meta":[],"product_brand":[],"product_cat":[83,46],"product_tag":[493,490,492,496,491,494,495],"class_list":{"0":"post-4333","1":"product","2":"type-product","3":"status-publish","4":"has-post-thumbnail","6":"product_cat-cast-steel-check-valve","7":"product_cat-check-valves","8":"product_tag-900-lb-cast-steel-swing-pressure-seal-check-valve","9":"product_tag-900lb-full-port-swing-check-valve","10":"product_tag-api-swing-check-valve","11":"product_tag-china-900lb-full-port-swing-check-valve","12":"product_tag-full-port-swing-check-valve","13":"product_tag-pressure-seal-swing-check-valve-900lb2500lb","14":"product_tag-swing-check-valve-class-900lb","16":"first","17":"instock","18":"shipping-taxable","19":"product-type-simple"},"_links":{"self":[{"href":"https:\/\/www.stvvalves.com\/it\/wp-json\/wp\/v2\/product\/4333","targetHints":{"allow":["GET"]}}],"collection":[{"href":"https:\/\/www.stvvalves.com\/it\/wp-json\/wp\/v2\/product"}],"about":[{"href":"https:\/\/www.stvvalves.com\/it\/wp-json\/wp\/v2\/types\/product"}],"wp:featuredmedia":[{"embeddable":true,"href":"https:\/\/www.stvvalves.com\/it\/wp-json\/wp\/v2\/media\/4335"}],"wp:attachment":[{"href":"https:\/\/www.stvvalves.com\/it\/wp-json\/wp\/v2\/media?parent=4333"}],"wp:term":[{"taxonomy":"product_brand","embeddable":true,"href":"https:\/\/www.stvvalves.com\/it\/wp-json\/wp\/v2\/product_brand?post=4333"},{"taxonomy":"product_cat","embeddable":true,"href":"https:\/\/www.stvvalves.com\/it\/wp-json\/wp\/v2\/product_cat?post=4333"},{"taxonomy":"product_tag","embeddable":true,"href":"https:\/\/www.stvvalves.com\/it\/wp-json\/wp\/v2\/product_tag?post=4333"}],"curies":[{"name":"wp","href":"https:\/\/api.w.org\/{rel}","templated":true}]}}