{"id":4362,"date":"2019-01-10T13:40:19","date_gmt":"2019-01-10T13:40:19","guid":{"rendered":"https:\/\/www.stvvalves.com\/?post_type=product&#038;p=4362"},"modified":"2024-12-25T14:58:32","modified_gmt":"2024-12-25T06:58:32","slug":"flange-stainless-steel-globe-valve-300lb-cf8-body-dn50","status":"publish","type":"product","link":"https:\/\/www.stvvalves.com\/it\/products\/flange-stainless-steel-globe-valve-300lb-cf8-body-dn50\/","title":{"rendered":"Valvola a globo flangiata in acciaio inossidabile, 300LB, corpo CF8, DN50"},"content":{"rendered":"<p>Progettazione e produzione: valvola a saracinesca in acciaio inossidabile conforme ad API 603, ASME B16.34<\/p>\n<p>Ispezione e test: API598,API600 o API 6D<\/p>\n<p>Dimensioni flangia terminale: ASME B16.5 (per NPS\u226424, ASME B 16.47 serie B, API 605, ASME B16.47 A Series, MSS SP-44 (per NPS&gt; 24)<\/p>\n<p>Dimensione finale BW: ASME B16.25<\/p>\n<p>Faccia a faccia e da un capo all&#039;altro: ASME B16.10<\/p>\n<p>Valori nominali pressione-temperatura: ASME B16.34<\/p>\n<p>Gamma di prodotti<\/p>\n<p>Materiale del corpo: acciaio al carbonio, acciaio inossidabile, acciaio legato<\/p>\n<p>Diametro nominale: 2\u2033~36\u2033(DN50~DN900)<\/p>\n<p>Connessione finale: RF, RTJ, BW<\/p>\n<p>Intervallo di pressione: Classe 150~900 (PN16~PN150)<\/p>\n<p>Temperatura di lavoro: -29\u2103~+560\u2103<\/p>\n<p>Funzionamento: volantino, ingranaggio, attuatore elettrico, ecc.<\/p>\n<p>Estremit\u00e0: flangiata RF\/ RTJ\/ FM\/ FF, saldatura di testa (BW)<\/p>\n<table>\n<tbody>\n<tr>\n<td width=\"200\"><strong>nome del prodotto<\/strong><\/td>\n<td width=\"481\">Valvola a globo flangiata in acciaio inossidabile, 300LB, corpo CF8, DN50<\/td>\n<\/tr>\n<tr>\n<td width=\"200\">1. Materiale<\/td>\n<td width=\"481\">CF8<\/td>\n<\/tr>\n<tr>\n<td width=\"200\">2. Dimensioni<\/td>\n<td width=\"481\">2\u201d<\/td>\n<\/tr>\n<tr>\n<td width=\"200\">4. Porto<\/td>\n<td width=\"481\">Porto pieno<\/td>\n<\/tr>\n<tr>\n<td width=\"200\">5. Pressione di esercizio<\/td>\n<td width=\"481\">300 libbre<\/td>\n<\/tr>\n<tr>\n<td width=\"200\">6. La connessione termina<\/td>\n<td width=\"481\">RF<\/td>\n<\/tr>\n<tr>\n<td width=\"200\">7. Temp. di lavoro.<\/td>\n<td width=\"481\">-29~425\u00baC,<\/td>\n<\/tr>\n<tr>\n<td width=\"200\">8. Mezzo adatto<\/td>\n<td width=\"481\">Acqua, gas naturale, petrolio e alcuni liquidi corrosivi<\/td>\n<\/tr>\n<tr>\n<td width=\"200\">9. Operato<\/td>\n<td width=\"481\">Volantino<\/td>\n<\/tr>\n<tr>\n<td width=\"200\">10. Ispezione e test<\/td>\n<td width=\"481\">Secondo API598<\/td>\n<\/tr>\n<tr>\n<td width=\"200\"><strong>Spedizione<\/strong><\/td>\n<td width=\"481\"><\/td>\n<\/tr>\n<tr>\n<td width=\"200\">Tempi di consegna<\/td>\n<td width=\"481\">30 giorni<\/td>\n<\/tr>\n<tr>\n<td width=\"200\">Pacchetto<\/td>\n<td width=\"481\">Custodia in compensato per esportazione standard<\/td>\n<\/tr>\n<tr>\n<td width=\"200\">Porto di spedizione<\/td>\n<td width=\"481\">Ningbo\/Shanghai, Cina<\/td>\n<\/tr>\n<tr>\n<td width=\"200\">Termini di spedizione<\/td>\n<td width=\"481\">Exw, FOB, CFR, CIF, ecc.<\/td>\n<\/tr>\n<tr>\n<td width=\"200\">Termini di pagamento<\/td>\n<td width=\"481\">T\/T, Western Union, PayPal, ecc.<\/td>\n<\/tr>\n<tr>\n<td width=\"200\"><\/td>\n<td width=\"481\">Pagamento anticipato 30%, saldo 70% pagato prima della spedizione<\/td>\n<\/tr>\n<tr>\n<td width=\"200\">Paese di origine<\/td>\n<td width=\"481\">Citt\u00e0 di Wenzhou, Cina<\/td>\n<\/tr>\n<tr>\n<td width=\"200\">Capacit\u00e0 produttiva<\/td>\n<td width=\"481\">6000 ton\/anno<\/td>\n<\/tr>\n<tr>\n<td width=\"200\">MOQ<\/td>\n<td width=\"481\">1 pezzo\/taglia<\/td>\n<\/tr>\n<\/tbody>\n<\/table>","protected":false},"excerpt":{"rendered":"<p>Modello:J41H-300LB-304-2\u2033<\/p>\n<p>Le nostre valvole a globo in acciaio inossidabile sono progettate in stretta conformit\u00e0 con lo standard ASME B16.34; la connessione tra il corpo valvola e il coperchio, il premistoppa, l&#039;installazione del dado dello stelo e la tenuta superiore sono tutti progettati in stretta conformit\u00e0 con API603. La selezione della valvola \u00e8 pienamente conforme ai requisiti API603. La lunghezza \u00e8 conforme a ASME B16.10; le dimensioni della connessione flangiata sono conformi ad ANSI \/ ASME B16.5a. L&#039;ispezione e i test delle valvole vengono eseguiti in stretta conformit\u00e0 con API598. Pertanto, la valvola \u00e8 ampiamente utilizzata nelle condotte petrolchimiche ed \u00e8 applicabile anche nei sistemi di energia elettrica, metallurgica, tessile e di altro tipo.<\/p>\n<p>Quando la valvola a globo in acciaio inossidabile \u00e8 aperta, l&#039;altezza di apertura dell&#039;aletta della valvola \u00e8 compresa tra 25 e 30 del diametro nominale e la portata ha raggiunto il massimo, indicando che la valvola ha raggiunto la posizione completamente aperta. Pertanto, la posizione completamente aperta della valvola di intercettazione dovrebbe essere determinata dalla corsa dell&#039;aletta della valvola.<\/p>\n<p>STV Valve Technology Group Co., Ltd \u00e8 un leader professionale Cina Valvola a globo in acciaio inossidabile, valvola a globo in acciaio inossidabile da 2 pollici 300#, valvola a globo in acciaio inossidabile 316, valvole a globo in acciaio inossidabile fuso, valvola a globo in acciaio inossidabile con cofano bullone, acciaio inossidabile B16.34 Produttore di valvole a globo con alta qualit\u00e0 e prezzo basso. Per saperne di pi\u00f9 su queste valvole, non esitare a contattare il nostro sales@stvvalve.com<br \/>\nFoglio degli appuntamenti:<a href=\"https:\/\/www.stvvalves.com\/wp-content\/uploads\/2019\/01\/flange-stainless-steel-globe-valve-300lb-cf8-body-dn50-drawing.pdf\">Valvola a globo flangiata in acciaio inossidabile, 300LB, corpo CF8, DN50<\/a><\/p>","protected":false},"featured_media":4363,"template":"","meta":[],"product_brand":[],"product_cat":[45,189],"product_tag":[524,525,528,527,526,192],"class_list":{"0":"post-4362","1":"product","2":"type-product","3":"status-publish","4":"has-post-thumbnail","6":"product_cat-globe-valve","7":"product_cat-stainless-steel-globe-valve","8":"product_tag-2-inch-stainless-steel-globe-valve-300","9":"product_tag-316-stainless-steel-globe-valve","10":"product_tag-b16-34-stainless-steel-globe-valves","11":"product_tag-bolt-bonnet-tainless-steel-globe-valve","12":"product_tag-cast-stainless-steel-globe-valves","13":"product_tag-stainless-steel-globe-valve","15":"first","16":"instock","17":"shipping-taxable","18":"product-type-simple"},"_links":{"self":[{"href":"https:\/\/www.stvvalves.com\/it\/wp-json\/wp\/v2\/product\/4362","targetHints":{"allow":["GET"]}}],"collection":[{"href":"https:\/\/www.stvvalves.com\/it\/wp-json\/wp\/v2\/product"}],"about":[{"href":"https:\/\/www.stvvalves.com\/it\/wp-json\/wp\/v2\/types\/product"}],"wp:featuredmedia":[{"embeddable":true,"href":"https:\/\/www.stvvalves.com\/it\/wp-json\/wp\/v2\/media\/4363"}],"wp:attachment":[{"href":"https:\/\/www.stvvalves.com\/it\/wp-json\/wp\/v2\/media?parent=4362"}],"wp:term":[{"taxonomy":"product_brand","embeddable":true,"href":"https:\/\/www.stvvalves.com\/it\/wp-json\/wp\/v2\/product_brand?post=4362"},{"taxonomy":"product_cat","embeddable":true,"href":"https:\/\/www.stvvalves.com\/it\/wp-json\/wp\/v2\/product_cat?post=4362"},{"taxonomy":"product_tag","embeddable":true,"href":"https:\/\/www.stvvalves.com\/it\/wp-json\/wp\/v2\/product_tag?post=4362"}],"curies":[{"name":"wp","href":"https:\/\/api.w.org\/{rel}","templated":true}]}}