{"id":4366,"date":"2019-01-10T14:30:45","date_gmt":"2019-01-10T14:30:45","guid":{"rendered":"https:\/\/www.stvvalves.com\/?post_type=product&#038;p=4366"},"modified":"2025-02-17T18:20:51","modified_gmt":"2025-02-17T10:20:51","slug":"300lb-cast-steel-floating-ball-valve-4-inch-rf-end","status":"publish","type":"product","link":"https:\/\/www.stvvalves.com\/it\/products\/300lb-cast-steel-floating-ball-valve-4-inch-rf-end\/","title":{"rendered":"300LB Cast Steel Floating Ball Valve,4 Inch,RF End"},"content":{"rendered":"<p>Progettazione e produzione: API 6D,ASME B16.34(BS5351),API 608,MSS-SP-72<\/p>\n<p>Dimensione faccia a faccia: ASME B16.10, API 6D<\/p>\n<p>Dimensioni connessione flangia: ASME B 16.5<\/p>\n<p>Dimensione connessione BW: ASME B16.25<\/p>\n<p>Test e ispezione: API 598, API 6D<\/p>\n<p>Design ignifugo:API 607\/6FA<\/p>\n<p>Design antistatico e stelo anti-esplosione<\/p>\n<p>Gamma di prodotti<\/p>\n<p>Materiale del corpo: acciaio al carbonio, acciaio inossidabile, acciaio legato<\/p>\n<p>Design a passaggio pieno e a passaggio ridotto<\/p>\n<p>Diametro nominale: 1\/2\u2033~10\u2033\uff08DN15~DN250\uff09<\/p>\n<p>Connessione finale: RF, RTJ, BW<\/p>\n<p>Intervallo di pressione: Classe 150~600\uff08PN16~PN100\uff09<\/p>\n<p>Temperatura di funzionamento: -46\u2103~+200\u2103<\/p>\n<p>Funzionamento: maniglia, ingranaggio, attuatore elettrico, ecc<\/p>\n<p>&nbsp;<\/p>\n<table>\n<tbody>\n<tr>\n<td width=\"200\"><strong>nome del prodotto<\/strong><\/td>\n<td width=\"481\">300LB Cast Steel Floating Ball Valve,4 Inch,RF End<\/td>\n<\/tr>\n<tr>\n<td width=\"200\">1. Materiale<\/td>\n<td width=\"481\">WCB<\/td>\n<\/tr>\n<tr>\n<td width=\"200\">2. Dimensioni<\/td>\n<td width=\"481\">4\u201d<\/td>\n<\/tr>\n<tr>\n<td width=\"200\">4. Porto<\/td>\n<td width=\"481\">Porto pieno<\/td>\n<\/tr>\n<tr>\n<td width=\"200\">5. Pressione di esercizio<\/td>\n<td width=\"481\">300 libbre<\/td>\n<\/tr>\n<tr>\n<td width=\"200\">6. La connessione termina<\/td>\n<td width=\"481\">RF<\/td>\n<\/tr>\n<tr>\n<td width=\"200\">7. Temp. di lavoro.<\/td>\n<td width=\"481\">-29~120\u00baC,<\/td>\n<\/tr>\n<tr>\n<td width=\"200\">8. Mezzo adatto<\/td>\n<td width=\"481\">Acqua, gas naturale, petrolio e alcuni liquidi corrosivi<\/td>\n<\/tr>\n<tr>\n<td width=\"200\">9. Operato<\/td>\n<td width=\"481\">Volantino<\/td>\n<\/tr>\n<tr>\n<td width=\"200\">10. Ispezione e test<\/td>\n<td width=\"481\">Secondo API598<\/td>\n<\/tr>\n<tr>\n<td width=\"200\"><strong>Spedizione<\/strong><\/td>\n<td width=\"481\"><\/td>\n<\/tr>\n<tr>\n<td width=\"200\">Tempi di consegna<\/td>\n<td width=\"481\">30 giorni<\/td>\n<\/tr>\n<tr>\n<td width=\"200\">Pacchetto<\/td>\n<td width=\"481\">Custodia in compensato per esportazione standard<\/td>\n<\/tr>\n<tr>\n<td width=\"200\">Porto di spedizione<\/td>\n<td width=\"481\">Ningbo\/Shanghai, Cina<\/td>\n<\/tr>\n<tr>\n<td width=\"200\">Termini di spedizione<\/td>\n<td width=\"481\">Exw, FOB, CFR, CIF, ecc.<\/td>\n<\/tr>\n<tr>\n<td width=\"200\">Termini di pagamento<\/td>\n<td width=\"481\">T\/T, Western Union, PayPal, ecc.<\/td>\n<\/tr>\n<tr>\n<td width=\"200\"><\/td>\n<td width=\"481\">Pagamento anticipato 30%, saldo 70% pagato prima della spedizione<\/td>\n<\/tr>\n<tr>\n<td width=\"200\">Paese di origine<\/td>\n<td width=\"481\">Citt\u00e0 di Wenzhou, Cina<\/td>\n<\/tr>\n<tr>\n<td width=\"200\">Capacit\u00e0 produttiva<\/td>\n<td width=\"481\">6000 ton\/anno<\/td>\n<\/tr>\n<tr>\n<td width=\"200\">MOQ<\/td>\n<td width=\"481\">1 pezzo\/taglia<\/td>\n<\/tr>\n<\/tbody>\n<\/table>","protected":false},"excerpt":{"rendered":"<p>Modello:Q41F-300LB-WCB-3\u2033<\/p>\n<p>La nostra valvola a sfera flottante in acciaio fuso da 300 libbre con valvola a sfera a passaggio totale in 2 pezzi ANSI 300#. Corpo in WCB e sfera in acciaio inox 316, con sedi in RPTFE per Alte Temperature.<br \/>\nPrincipio della valvola a sfera flottante in acciaio fuso: questo tipo di valvola a sfera ha una sfera flottante supportata da due sedi della valvola. Sotto l&#039;effetto della media pressione, la sfera stessa pu\u00f2 generare un certo spostamento tale da essere pressata sull&#039;anello di tenuta della sede in uscita, garantendo la tenuta in uscita.<br \/>\nla valvola a sfera flottante viene utilizzata principalmente in applicazioni a media o bassa pressione.<\/p>\n<p>STV Valve Technology Group Co., Ltd \u00e8 un leader professionale in Cina Valvola a sfera flottante in acciaio fuso da 300LB, Valvola a sfera flottante, Valvole a sfera flottanti a passaggio completo, Valvola a sfera flottante in acciaio fuso, Valvola a sfera in acciaio fuso API, Produttore di valvole a sfera con estremit\u00e0 flangiata con alta qualit\u00e0 e prezzo basso. Per saperne di pi\u00f9 su queste valvole, non esitare a contattare il nostro sales@stvvalve.com<br \/>\nFoglio degli appuntamenti:<a href=\"https:\/\/www.stvvalves.com\/wp-content\/uploads\/2019\/01\/300lb-cast-steel-floating-ball-valve.jpg\">Valvola a sfera galleggiante in acciaio fuso da 300 libbre<\/a>.<\/p>\n<p>&nbsp;<\/p>\n<p>&nbsp;<\/p>","protected":false},"featured_media":4367,"template":"","meta":[],"product_brand":[],"product_cat":[43,54,80,78],"product_tag":[531,530,532,125,529],"class_list":{"0":"post-4366","1":"product","2":"type-product","3":"status-publish","4":"has-post-thumbnail","6":"product_cat-ball-valve","7":"product_cat-cast-steel-ball-valve","8":"product_cat-flange-ball-valve","9":"product_cat-floating-ball-valve","10":"product_tag-api-cast-steel-ball-valve","11":"product_tag-cast-steel-floating-ball-valve","12":"product_tag-flange-end-ball-valve","13":"product_tag-floating-ball-valve","14":"product_tag-floating-ball-valves-full-port","16":"first","17":"instock","18":"shipping-taxable","19":"product-type-simple"},"_links":{"self":[{"href":"https:\/\/www.stvvalves.com\/it\/wp-json\/wp\/v2\/product\/4366","targetHints":{"allow":["GET"]}}],"collection":[{"href":"https:\/\/www.stvvalves.com\/it\/wp-json\/wp\/v2\/product"}],"about":[{"href":"https:\/\/www.stvvalves.com\/it\/wp-json\/wp\/v2\/types\/product"}],"wp:featuredmedia":[{"embeddable":true,"href":"https:\/\/www.stvvalves.com\/it\/wp-json\/wp\/v2\/media\/4367"}],"wp:attachment":[{"href":"https:\/\/www.stvvalves.com\/it\/wp-json\/wp\/v2\/media?parent=4366"}],"wp:term":[{"taxonomy":"product_brand","embeddable":true,"href":"https:\/\/www.stvvalves.com\/it\/wp-json\/wp\/v2\/product_brand?post=4366"},{"taxonomy":"product_cat","embeddable":true,"href":"https:\/\/www.stvvalves.com\/it\/wp-json\/wp\/v2\/product_cat?post=4366"},{"taxonomy":"product_tag","embeddable":true,"href":"https:\/\/www.stvvalves.com\/it\/wp-json\/wp\/v2\/product_tag?post=4366"}],"curies":[{"name":"wp","href":"https:\/\/api.w.org\/{rel}","templated":true}]}}