{"id":4413,"date":"2019-02-28T13:51:13","date_gmt":"2019-02-28T13:51:13","guid":{"rendered":"https:\/\/www.stvvalves.com\/?post_type=product&#038;p=4413"},"modified":"2025-02-17T18:20:44","modified_gmt":"2025-02-17T10:20:44","slug":"jis-10k-flange-y-strainer-dn80-cf8m-body-and-trim","status":"publish","type":"product","link":"https:\/\/www.stvvalves.com\/it\/products\/jis-10k-flange-y-strainer-dn80-cf8m-body-and-trim\/","title":{"rendered":"Filtro a Y con flangia JIS 10K, corpo e finiture DN80, CF8M"},"content":{"rendered":"<p>1. Dimensioni: 1\/2\u2033~32\u2033 (DN15~DN800)<\/p>\n<p>2.Pressione di esercizio: 150Lb~600Lb PN10-PN40<\/p>\n<p>3.Temperatura di funzionamento: -20\u00b0C~300\u00b0C<\/p>\n<p>4. Mezzo adatto: acqua<\/p>\n<p>5. Materiale di fusione: WCB, WCC, C6, C12, LCB, LCC, CF8, CF3, CF8M, CF3M<\/p>\n<p>6. Connessione finale: flangia, saldatura di testa<\/p>\n<p><strong>Specifica tecnica:<\/strong><\/p>\n<p>A. Standard di progettazione e produzione: ASME B16.34<\/p>\n<p>B. Faccia a faccia: standard del produttore o come richiesto dal cliente.<\/p>\n<p>C. Standard flangia: JIS B2220<\/p>\n<p>D: Standard di prova e ispezione: API 598<\/p>\n<p><img loading=\"lazy\" decoding=\"async\" class=\"alignnone size-full wp-image-4415\" src=\"https:\/\/www.stvvalves.com\/wp-content\/uploads\/2019\/02\/jis-10k-flange-y-strainer-dn80-cf8m-body-and-trim-drawing.jpg\" alt=\"\" width=\"2338\" height=\"1653\" srcset=\"https:\/\/www.stvvalves.com\/wp-content\/uploads\/2019\/02\/jis-10k-flange-y-strainer-dn80-cf8m-body-and-trim-drawing.jpg 2338w, https:\/\/www.stvvalves.com\/wp-content\/uploads\/2019\/02\/jis-10k-flange-y-strainer-dn80-cf8m-body-and-trim-drawing-600x424.jpg 600w, https:\/\/www.stvvalves.com\/wp-content\/uploads\/2019\/02\/jis-10k-flange-y-strainer-dn80-cf8m-body-and-trim-drawing-300x212.jpg 300w, https:\/\/www.stvvalves.com\/wp-content\/uploads\/2019\/02\/jis-10k-flange-y-strainer-dn80-cf8m-body-and-trim-drawing-768x543.jpg 768w, https:\/\/www.stvvalves.com\/wp-content\/uploads\/2019\/02\/jis-10k-flange-y-strainer-dn80-cf8m-body-and-trim-drawing-1030x728.jpg 1030w, https:\/\/www.stvvalves.com\/wp-content\/uploads\/2019\/02\/jis-10k-flange-y-strainer-dn80-cf8m-body-and-trim-drawing-1500x1061.jpg 1500w, https:\/\/www.stvvalves.com\/wp-content\/uploads\/2019\/02\/jis-10k-flange-y-strainer-dn80-cf8m-body-and-trim-drawing-260x185.jpg 260w, https:\/\/www.stvvalves.com\/wp-content\/uploads\/2019\/02\/jis-10k-flange-y-strainer-dn80-cf8m-body-and-trim-drawing-705x498.jpg 705w\" sizes=\"auto, (max-width: 2338px) 100vw, 2338px\" \/><\/p>","protected":false},"excerpt":{"rendered":"<p>Modello:GL41H-JIS10K-CF8M<\/p>\n<p>Il nostro filtro a Y con flangia JIS 10K \u00e8 un dispositivo di filtraggio indispensabile per il mezzo di trasporto. Il filtro di tipo Y viene solitamente installato all&#039;estremit\u00e0 di ingresso della valvola riduttrice di pressione, della valvola limitatrice di pressione, della valvola fissa del livello dell&#039;acqua o di altre apparecchiature per rimuovere le impurit\u00e0 nel mezzo. Per proteggere il normale utilizzo di valvole e apparecchiature. Il filtro a Y di tipo Y ha le caratteristiche di struttura avanzata, bassa resistenza e comodo scarico delle acque reflue. Il filtro di tipo Y \u00e8 adatto per acqua, petrolio e gas.<\/p>\n<p>STV Valve Technology Group Co., Ltd \u00e8 un leader professionale in Cina: filtro a Y con flangia JIS 10K, filtro di tipo flangiato a Y, filtro a Y con estremit\u00e0 flangiata in acciaio inossidabile JIS 10K, produttore di valvole con filtro in acciaio inossidabile con alta qualit\u00e0 e prezzo competitivo.<\/p>\n<p>Si prega di contattare il nostro sales@stvvalve.com per altri materiali e maggiori dettagli.<\/p>\n<p>Foglio degli appuntamenti:<a href=\"https:\/\/www.stvvalves.com\/wp-content\/uploads\/2019\/02\/jis-10k-flange-y-strainer-dn80-cf8m-body-and-trim-drawing.pdf\">Filtro a Y con flangia JIS 10K, corpo e finiture DN80, CF8M<\/a><\/p>","protected":false},"featured_media":4414,"template":"","meta":[],"product_brand":[],"product_cat":[85,48],"product_tag":[567,566,568,569,457],"class_list":{"0":"post-4413","1":"product","2":"type-product","3":"status-publish","4":"has-post-thumbnail","6":"product_cat-stainless-steel-y-type-strainer","7":"product_cat-y-strainer","8":"product_tag-jis-10k-flange-y-strainer","9":"product_tag-jis-10k-stainless-steel-flanged-end-y-strainer","10":"product_tag-jis10k-y-strainers","11":"product_tag-stainless-steel-strainer-valve","12":"product_tag-y-type-flange-end-strainers","14":"first","15":"instock","16":"shipping-taxable","17":"product-type-simple"},"_links":{"self":[{"href":"https:\/\/www.stvvalves.com\/it\/wp-json\/wp\/v2\/product\/4413","targetHints":{"allow":["GET"]}}],"collection":[{"href":"https:\/\/www.stvvalves.com\/it\/wp-json\/wp\/v2\/product"}],"about":[{"href":"https:\/\/www.stvvalves.com\/it\/wp-json\/wp\/v2\/types\/product"}],"wp:featuredmedia":[{"embeddable":true,"href":"https:\/\/www.stvvalves.com\/it\/wp-json\/wp\/v2\/media\/4414"}],"wp:attachment":[{"href":"https:\/\/www.stvvalves.com\/it\/wp-json\/wp\/v2\/media?parent=4413"}],"wp:term":[{"taxonomy":"product_brand","embeddable":true,"href":"https:\/\/www.stvvalves.com\/it\/wp-json\/wp\/v2\/product_brand?post=4413"},{"taxonomy":"product_cat","embeddable":true,"href":"https:\/\/www.stvvalves.com\/it\/wp-json\/wp\/v2\/product_cat?post=4413"},{"taxonomy":"product_tag","embeddable":true,"href":"https:\/\/www.stvvalves.com\/it\/wp-json\/wp\/v2\/product_tag?post=4413"}],"curies":[{"name":"wp","href":"https:\/\/api.w.org\/{rel}","templated":true}]}}