{"id":4437,"date":"2019-03-08T07:51:18","date_gmt":"2019-03-08T07:51:18","guid":{"rendered":"https:\/\/www.stvvalves.com\/?post_type=product&#038;p=4437"},"modified":"2025-02-17T18:20:11","modified_gmt":"2025-02-17T10:20:11","slug":"weld-bonnet-globe-valvea105napi6021500lb2-inch","status":"publish","type":"product","link":"https:\/\/www.stvvalves.com\/it\/products\/weld-bonnet-globe-valvea105napi6021500lb2-inch\/","title":{"rendered":"Valvola a globo con cofano saldato, A105N, API602,1500LB, 2 pollici"},"content":{"rendered":"<p>Standard applicabili alle valvole a globo:<\/p>\n<p>Progettazione e produzione secondo: BS 1868<\/p>\n<p>Faccia a faccia secondo: ASME B16.10<\/p>\n<p>Dimensioni flangia secondo: ASME B16.5<\/p>\n<p>Pressione e temperatura secondo: ASME B16.34<\/p>\n<p>Test e ispezione secondo: API 6D \/ API 598<\/p>\n<p>Ispezione visiva secondo: MSS SP-55<\/p>\n<p>Marcatura secondo: MSS SP-25<\/p>\n<p>Caratteristiche principali:<br \/>\nOperatore del volantino<br \/>\nCofano con guarnizione, cofano saldato, cofano con bullone.<br \/>\nSaldatura avvitata BSP, NPT o presa. Saldatura di testa<br \/>\nDimensioni da 1\/2\u2033 a 2\u2033<br \/>\nMateriale: A105\u3001LF2\u3001F5\u3001F11\u3001F22\u3001304\u3001316\u3001316L ecc.<br \/>\nIntervallo di temperatura: da -29\u00b0C a 560\u00b0C<br \/>\nPressione fino a 420 bar (150LB-2500LB)<\/p>\n<table>\n<tbody>\n<tr>\n<td width=\"200\"><strong>nome del prodotto<\/strong><\/td>\n<td width=\"481\">Valvola a globo con cofano saldato, A105N, API602,1500LB, 2 pollici<\/td>\n<\/tr>\n<tr>\n<td width=\"200\">1. Materiale<\/td>\n<td width=\"481\">A105N<\/td>\n<\/tr>\n<tr>\n<td width=\"200\">2. Dimensioni<\/td>\n<td width=\"481\">2\u201d<\/td>\n<\/tr>\n<tr>\n<td width=\"200\">4. Porto<\/td>\n<td width=\"481\">Porto pieno<\/td>\n<\/tr>\n<tr>\n<td width=\"200\">5. Pressione di esercizio<\/td>\n<td width=\"481\">1500 libbre<\/td>\n<\/tr>\n<tr>\n<td width=\"200\">6. La connessione termina<\/td>\n<td width=\"481\">BW<\/td>\n<\/tr>\n<tr>\n<td width=\"200\">7. Temp. di lavoro.<\/td>\n<td width=\"481\">-29~425\u00baC,<\/td>\n<\/tr>\n<tr>\n<td width=\"200\">8. Mezzo adatto<\/td>\n<td width=\"481\">Acqua, gas naturale, petrolio e alcuni liquidi corrosivi<\/td>\n<\/tr>\n<tr>\n<td width=\"200\">9. Operato<\/td>\n<td width=\"481\">Volantino<\/td>\n<\/tr>\n<tr>\n<td width=\"200\">10. Ispezione e test<\/td>\n<td width=\"481\">Secondo API598<\/td>\n<\/tr>\n<tr>\n<td width=\"200\"><strong>Spedizione<\/strong><\/td>\n<td width=\"481\"><\/td>\n<\/tr>\n<tr>\n<td width=\"200\">Tempi di consegna<\/td>\n<td width=\"481\">30 giorni<\/td>\n<\/tr>\n<tr>\n<td width=\"200\">Pacchetto<\/td>\n<td width=\"481\">Custodia in compensato per esportazione standard<\/td>\n<\/tr>\n<tr>\n<td width=\"200\">Porto di spedizione<\/td>\n<td width=\"481\">Ningbo\/Shanghai, Cina<\/td>\n<\/tr>\n<tr>\n<td width=\"200\">Termini di spedizione<\/td>\n<td width=\"481\">Exw, FOB, CFR, CIF, ecc.<\/td>\n<\/tr>\n<tr>\n<td width=\"200\">Termini di pagamento<\/td>\n<td width=\"481\">T\/T, Western Union, PayPal, ecc.<\/td>\n<\/tr>\n<tr>\n<td width=\"200\"><\/td>\n<td width=\"481\">Pagamento anticipato 30%, saldo 70% pagato prima della spedizione<\/td>\n<\/tr>\n<tr>\n<td width=\"200\">Paese di origine<\/td>\n<td width=\"481\">Citt\u00e0 di Wenzhou, Cina<\/td>\n<\/tr>\n<tr>\n<td width=\"200\">Capacit\u00e0 produttiva<\/td>\n<td width=\"481\">6000 ton\/anno<\/td>\n<\/tr>\n<tr>\n<td width=\"200\">MOQ<\/td>\n<td width=\"481\">1 pezzo\/taglia<\/td>\n<\/tr>\n<\/tbody>\n<\/table>\n<p>&nbsp;<\/p>","protected":false},"excerpt":{"rendered":"<p>Modello:J61Y-1500LB-A105N<\/p>\n<p>I vantaggi pi\u00f9 evidenti della valvola a globo in acciaio forgiato sono: Durante il processo di apertura e chiusura, l&#039;attrito tra l&#039;aletta della valvola e la superficie di tenuta del corpo della valvola \u00e8 inferiore a quello della valvola a saracinesca, quindi \u00e8 resistente all&#039;usura. L&#039;altezza di apertura \u00e8 generalmente solo 1\/4 del diametro del canale della sede e quindi molto pi\u00f9 piccola della valvola a saracinesca. Di solito c&#039;\u00e8 solo una superficie di tenuta sul corpo della valvola e sull&#039;aletta della valvola, quindi il processo di produzione \u00e8 migliore e facile da riparare. Temperatura applicabile: -196\u00b0C~700\u00b0C Modalit\u00e0 di guida: manuale, trasmissione ad ingranaggi conici, pneumatico, elettrico, idraulico, collegamento gas-liquido, collegamento elettroidraulico, materiale del corpo valvola: WCB, ZG1Cr18Ni9Ti, ZG1Cr18Ni12Mo2Ti, CF8(304), CF3 (304L), CF8M (316), CF3M (316L), Ti. Diversi materiali possono essere utilizzati per acqua, vapore, olio, acido nitrico, acido acetico, mezzo ossidante, urea e altri mezzi.<\/p>\n<p>STV Valve Technology Group Co., Ltd \u00e8 un leader professionale della Cina Weld Bonnet Globe Valve, valvola a globo in acciaio al carbonio forgiato, valvola a globo API 602, produttore di valvole gLOBE in acciaio forgiato API 602 con alta qualit\u00e0 e prezzo competitivo.<\/p>\n<p>Si prega di contattare il nostro sales@stvvalve.com per altri materiali e dettagli.<\/p>\n<p>Foglio degli appuntamenti:<br \/>\n<a href=\"https:\/\/www.stvvalves.com\/wp-content\/uploads\/2019\/03\/Weld-Bonnet-Globe-Valve-A105N-API-602-1500-LB-2-Inch-DRAWING.pdf\">Valvola a globo con cofano saldato, A105N, API602,1500LB, 2 pollici<\/a><\/p>","protected":false},"featured_media":4438,"template":"","meta":[],"product_brand":[],"product_cat":[64,45],"product_tag":[307,212,586,439,585],"class_list":{"0":"post-4437","1":"product","2":"type-product","3":"status-publish","4":"has-post-thumbnail","6":"product_cat-foreged-steel-globe-valve","7":"product_cat-globe-valve","8":"product_tag-api-602-forged-steel-gate-valve","9":"product_tag-api-602-globe-valve","10":"product_tag-api602-forged-steel-valve-globe-valve-w","11":"product_tag-forged-carbon-steel-globe-valve","12":"product_tag-welded-bonnet-globe-valve","14":"first","15":"instock","16":"shipping-taxable","17":"product-type-simple"},"_links":{"self":[{"href":"https:\/\/www.stvvalves.com\/it\/wp-json\/wp\/v2\/product\/4437","targetHints":{"allow":["GET"]}}],"collection":[{"href":"https:\/\/www.stvvalves.com\/it\/wp-json\/wp\/v2\/product"}],"about":[{"href":"https:\/\/www.stvvalves.com\/it\/wp-json\/wp\/v2\/types\/product"}],"wp:featuredmedia":[{"embeddable":true,"href":"https:\/\/www.stvvalves.com\/it\/wp-json\/wp\/v2\/media\/4438"}],"wp:attachment":[{"href":"https:\/\/www.stvvalves.com\/it\/wp-json\/wp\/v2\/media?parent=4437"}],"wp:term":[{"taxonomy":"product_brand","embeddable":true,"href":"https:\/\/www.stvvalves.com\/it\/wp-json\/wp\/v2\/product_brand?post=4437"},{"taxonomy":"product_cat","embeddable":true,"href":"https:\/\/www.stvvalves.com\/it\/wp-json\/wp\/v2\/product_cat?post=4437"},{"taxonomy":"product_tag","embeddable":true,"href":"https:\/\/www.stvvalves.com\/it\/wp-json\/wp\/v2\/product_tag?post=4437"}],"curies":[{"name":"wp","href":"https:\/\/api.w.org\/{rel}","templated":true}]}}