{"id":4448,"date":"2019-03-15T09:51:54","date_gmt":"2019-03-15T09:51:54","guid":{"rendered":"https:\/\/www.stvvalves.com\/?post_type=product&#038;p=4448"},"modified":"2025-02-17T18:20:09","modified_gmt":"2025-02-17T10:20:09","slug":"high-pressure-globe-valve-2500lb-f22-body-304-trim-sw-end","status":"publish","type":"product","link":"https:\/\/www.stvvalves.com\/it\/products\/high-pressure-globe-valve-2500lb-f22-body-304-trim-sw-end\/","title":{"rendered":"Valvola a globo ad alta pressione, 2500LB, corpo F22, trim 304, SW END"},"content":{"rendered":"<p>Progettazione e produzione secondo: API 602\/MSS SP-118<\/p>\n<p>Faccia a faccia secondo: ASME B16.10<\/p>\n<p>Dimensioni flangia secondo: ASME B16.5<\/p>\n<p>Pressione e temperatura secondo: ASME B16.34<\/p>\n<p>Test e ispezione secondo: API 6D \/ API 598<\/p>\n<p>Ispezione visiva secondo: MSS SP-55<\/p>\n<p>Marcatura secondo: MSS SP-25<\/p>\n<p>Caratteristiche principali:<br \/>\nOperatore del volantino<br \/>\nCofano con guarnizione, cofano saldato, cofano con bullone.<br \/>\nSaldatura avvitata BSP, NPT o presa. Saldatura di testa<br \/>\nDimensioni da 1\/2\u2033 a 2\u2033<br \/>\nMateriale: A105\u3001LF2\u3001F5\u3001F11\u3001F22\u3001304\u3001316\u3001316L ecc.<br \/>\nIntervallo di temperatura: da -29\u00b0C a 560\u00b0C<br \/>\nPressione fino a 420 bar (150LB-2500LB)<\/p>\n<table>\n<tbody>\n<tr>\n<td width=\"200\"><strong><b>nome del prodotto<\/b><\/strong><\/td>\n<td width=\"481\">Valvola a globo ad alta pressione, 2500LB, corpo F22, trim 304, SW END<\/td>\n<\/tr>\n<tr>\n<td width=\"200\">1. Materiale<\/td>\n<td width=\"481\">A105\u3001LF2\u3001F5\u3001F11\u3001F22\u3001304\u3001316\u3001316L ecc.<\/td>\n<\/tr>\n<tr>\n<td width=\"200\">2. Dimensioni<\/td>\n<td width=\"481\">1\/2&quot;~2&quot; (DN15~DN50)<\/td>\n<\/tr>\n<tr>\n<td width=\"200\">4. Porto<\/td>\n<td width=\"481\">Porta riduttore o porta piena<\/td>\n<\/tr>\n<tr>\n<td width=\"200\">5. Pressione di esercizio<\/td>\n<td width=\"481\">150 libbre ~ 2500 libbre<\/td>\n<\/tr>\n<tr>\n<td width=\"200\">6. La connessione termina<\/td>\n<td width=\"481\">Saldatura BSP, NPT o presa. Saldatura di testa<\/td>\n<\/tr>\n<tr>\n<td width=\"200\">7. Temp. di lavoro.<\/td>\n<td width=\"481\">-29~425\u00baC, o in base alle esigenze del cliente per i diversi settori.<\/td>\n<\/tr>\n<tr>\n<td width=\"200\">8. Mezzo adatto<\/td>\n<td width=\"481\">Acqua, gas naturale, petrolio e alcuni liquidi corrosivi<\/td>\n<\/tr>\n<tr>\n<td width=\"200\">9. Operato<\/td>\n<td width=\"481\">Volantino<\/td>\n<\/tr>\n<tr>\n<td width=\"200\">10. Ispezione e test<\/td>\n<td width=\"481\">Secondo API598<\/td>\n<\/tr>\n<tr>\n<td width=\"200\"><strong><b>Spedizione<\/b><\/strong><\/td>\n<td width=\"481\"><\/td>\n<\/tr>\n<tr>\n<td width=\"200\">Tempi di consegna<\/td>\n<td width=\"481\">15~20 giorni<\/td>\n<\/tr>\n<tr>\n<td width=\"200\">Pacchetto<\/td>\n<td width=\"481\">Custodia in compensato per esportazione standard<\/td>\n<\/tr>\n<tr>\n<td width=\"200\">Porto di spedizione<\/td>\n<td width=\"481\">Ningbo\/Shanghai, Cina<\/td>\n<\/tr>\n<tr>\n<td width=\"200\">Termini di spedizione<\/td>\n<td width=\"481\">Exw, FOB, CFR, CIF, ecc.<\/td>\n<\/tr>\n<tr>\n<td width=\"200\">Termini di pagamento<\/td>\n<td width=\"481\">T\/T, Western Union, PayPal, ecc.<\/td>\n<\/tr>\n<tr>\n<td width=\"200\"><\/td>\n<td width=\"481\">Pagamento anticipato 30%, saldo 70% pagato prima della spedizione<\/td>\n<\/tr>\n<tr>\n<td width=\"200\">Paese di origine<\/td>\n<td width=\"481\">Citt\u00e0 di Wenzhou, Cina<\/td>\n<\/tr>\n<tr>\n<td width=\"200\">Capacit\u00e0 produttiva<\/td>\n<td width=\"481\">6000 ton\/anno<\/td>\n<\/tr>\n<tr>\n<td width=\"200\">MOQ<\/td>\n<td width=\"481\">10 pezzi\/taglia<\/td>\n<\/tr>\n<\/tbody>\n<\/table>","protected":false},"excerpt":{"rendered":"<p>Modello:J61Y-2500LB-F22-03<\/p>\n<p>La nostra valvola a globo ad alta pressione \u00e8 una valvola a globo in acciaio forgiato autosigillante. Questa valvola progettata in questa forma di connessione ha una connessione filettata tra il corpo valvola e il coperchio della valvola. l&#039;anello autosigillante a pressione interna \u00e8 sigillato. maggiore \u00e8 la pressione interna, migliore \u00e8 la prestazione di tenuta.<\/p>\n<p>STV Valve Technology Group Co., Ltd \u00e8 un leader professionale in Cina Valvola a globo ad alta pressione, Valvola a globo in acciaio al carbonio forgiato, Valvola a globo API 602, Valvola a globo in acciaio forgiato API 602, Valvola a globo da 2500LB, Valvola a globo F22 produttore con alta qualit\u00e0 e prezzo competitivo .<\/p>\n<p>Si prega di contattare il nostro sales@stvvalve.com per altri materiali e dettagli.<\/p>\n<p>Foglio degli appuntamenti:<a href=\"https:\/\/www.stvvalves.com\/wp-content\/uploads\/2019\/03\/High-Pressure-Globe-Valve-2500LB-F22-Body-304-Trim-SW-END-drawing.pdf\">Valvola a globo ad alta pressione, 2500LB, corpo F22, trim 304, SW END<\/a><\/p>","protected":false},"featured_media":4452,"template":"","meta":[],"product_brand":[],"product_cat":[64,45],"product_tag":[210,592,591,590,589],"class_list":{"0":"post-4448","1":"product","2":"type-product","3":"status-publish","4":"has-post-thumbnail","6":"product_cat-foreged-steel-globe-valve","7":"product_cat-globe-valve","8":"product_tag-2500lb-globe-valve","9":"product_tag-dn20-globe-valve","10":"product_tag-f22-globe-valve","11":"product_tag-high-pressure-globe-valves","12":"product_tag-pressure-seal-globe-valves","14":"first","15":"instock","16":"shipping-taxable","17":"product-type-simple"},"_links":{"self":[{"href":"https:\/\/www.stvvalves.com\/it\/wp-json\/wp\/v2\/product\/4448","targetHints":{"allow":["GET"]}}],"collection":[{"href":"https:\/\/www.stvvalves.com\/it\/wp-json\/wp\/v2\/product"}],"about":[{"href":"https:\/\/www.stvvalves.com\/it\/wp-json\/wp\/v2\/types\/product"}],"wp:featuredmedia":[{"embeddable":true,"href":"https:\/\/www.stvvalves.com\/it\/wp-json\/wp\/v2\/media\/4452"}],"wp:attachment":[{"href":"https:\/\/www.stvvalves.com\/it\/wp-json\/wp\/v2\/media?parent=4448"}],"wp:term":[{"taxonomy":"product_brand","embeddable":true,"href":"https:\/\/www.stvvalves.com\/it\/wp-json\/wp\/v2\/product_brand?post=4448"},{"taxonomy":"product_cat","embeddable":true,"href":"https:\/\/www.stvvalves.com\/it\/wp-json\/wp\/v2\/product_cat?post=4448"},{"taxonomy":"product_tag","embeddable":true,"href":"https:\/\/www.stvvalves.com\/it\/wp-json\/wp\/v2\/product_tag?post=4448"}],"curies":[{"name":"wp","href":"https:\/\/api.w.org\/{rel}","templated":true}]}}