{"id":4473,"date":"2019-03-18T06:16:18","date_gmt":"2019-03-18T06:16:18","guid":{"rendered":"https:\/\/www.stvvalves.com\/?post_type=product&#038;p=4473"},"modified":"2025-02-17T18:20:06","modified_gmt":"2025-02-17T10:20:06","slug":"cast-steel-ball-valve-full-bore-trunnion-mounted-24-inch-150lb","status":"publish","type":"product","link":"https:\/\/www.stvvalves.com\/it\/products\/cast-steel-ball-valve-full-bore-trunnion-mounted-24-inch-150lb\/","title":{"rendered":"Valvola a sfera in acciaio fuso, passaggio totale, montaggio su perno, 24 pollici, 150 libbre"},"content":{"rendered":"<p><b>Caratteristiche del progetto<\/b><\/p>\n<p>Design del corpo diviso con ingresso laterale<\/p>\n<p>Design ignifugo, dispositivo antistatico<\/p>\n<p>Design a prova di esplosione dello stelo<\/p>\n<p>Design antistatico<\/p>\n<p>Progettazione delle emissioni fuggitive<\/p>\n<p>Lo stelo \u00e8 a prova di usura e di malfunzionamento<\/p>\n<p>Flangia di montaggio ISO 5211 per l&#039;attuazione.<\/p>\n<p>Prolunga dello stelo per servizio sotterraneo.<\/p>\n<p><b>Specifica tecnica<\/b><\/p>\n<p>Applicazione:<\/p>\n<p>Progettazione e produzione secondo: API 6D<\/p>\n<p>Faccia a faccia secondo: ASME B16.10<\/p>\n<p>Dimensioni flangia secondo: ASME B16.5<\/p>\n<p>Pressione e temperatura secondo: ASME B16.34<\/p>\n<p>Test e ispezione secondo: API 6D \/ API 598<\/p>\n<p>Ispezione visiva secondo:MSS SP-55<\/p>\n<p>Marcatura secondo:MSS SP-25<\/p>\n<p>&nbsp;<\/p>\n<p>Parti materiali principali:<\/p>\n<table>\n<tbody>\n<tr>\n<td width=\"123\">Acciaio al carbonio<\/td>\n<td width=\"452\">A216 gr. WCB, WCC, WCA, ecc<\/td>\n<\/tr>\n<tr>\n<td width=\"123\">Acciaio a bassa temperatura<\/td>\n<td width=\"452\">A352 gr. LCB, LCC, LC1, ecc<\/td>\n<\/tr>\n<tr>\n<td width=\"123\">Acciaio Cr-Mo<\/td>\n<td width=\"452\">A217 gr. WC6, WC9, C5, C12, C12A, ecc<\/td>\n<\/tr>\n<tr>\n<td width=\"123\">Acciaio inossidabile<\/td>\n<td width=\"452\">A351 gr. CF8, CF8M, CF3, CF3M, CF8C, ecc<\/td>\n<\/tr>\n<tr>\n<td width=\"123\">Acciaio legato<\/td>\n<td width=\"452\">Lega 20 CN7M, lega 20 CN3M modificata, CT15C, ecc.<\/td>\n<\/tr>\n<tr>\n<td width=\"123\">Super duplex<\/td>\n<td width=\"452\">A995 gr. 4A, 5A, CE8MN, CD6MN, CD3MN, ecc<\/td>\n<\/tr>\n<tr>\n<td width=\"123\">Bronzo alluminio<\/td>\n<td width=\"452\">B148 C95500, C95600, C95800, ecc<\/td>\n<\/tr>\n<tr>\n<td width=\"123\">Monel<\/td>\n<td width=\"452\">M30C, M35-1, CZ100, ecc<\/td>\n<\/tr>\n<tr>\n<td width=\"123\">Inconel<\/td>\n<td width=\"452\">CY40 inconel 600, ecc<\/td>\n<\/tr>\n<tr>\n<td width=\"123\">Hastelloy<\/td>\n<td width=\"452\">CW2m Hastelloy C4, N12MV Hastelloy B, CW12MW Hastelloy C276, ecc.<\/td>\n<\/tr>\n<tr>\n<td width=\"123\">Incoloy<\/td>\n<td width=\"452\">CU5MCuC Incoloy 825, CW6MC Incoloy 625, ecc.<\/td>\n<\/tr>\n<\/tbody>\n<\/table>\n<p>Nota: la dimensione della flangia di collegamento pu\u00f2 essere progettata in base alle esigenze del cliente.<\/p>\n<p>Produzione secondo NACE MR-01-75 su richiesta.<\/p>\n<p>&nbsp;<\/p>\n<p>&nbsp;<\/p>\n<p><strong>Qual \u00e8 la differenza tra una valvola a sfera trunnion e una valvola a sfera flottante?<\/strong><\/p>\n<p>La sfera in una valvola a sfera con perno \u00e8 supportata dallo stelo e dal perno, riducendo la coppia operativa, mentre le sedi sono caricate a molla. In una valvola a sfera flottante, la sfera galleggia e le sedi sono fisse mentre la sfera \u00e8 supportata solo dallo stelo.<\/p>\n<div id=\"_xAuyYMrMMsWUmAWPrYWgCw25\" class=\"mWyH1d FXMOpb\" tabindex=\"0\" role=\"button\" aria-controls=\"_xAuyYMrMMsWUmAWPrYWgCw24\" aria-expanded=\"true\" aria-selected=\"true\">\n<div class=\"fbPs3b\">\n<div><\/div>\n<div class=\"wjgLQd\"><strong>Cos&#039;\u00e8 una valvola a sfera con perno?<\/strong><\/div>\n<div><\/div>\n<div class=\"wjgLQd\">Una valvola a sfera con perno \u00e8 una valvola a quarto di giro che ha una sfera supportata sia dallo stelo che dal perno, conferendole maggiore resistenza e una coppia operativa ridotta.<\/div>\n<\/div>\n<\/div>\n<p>&nbsp;<\/p>\n<p><strong>Come funziona una valvola a sfera con perno?<\/strong><\/p>\n<div id=\"_xAuyYMrMMsWUmAWPrYWgCw28\" class=\"gy6Qzb oNjtBb V1sL5c\" aria-labelledby=\"_xAuyYMrMMsWUmAWPrYWgCw29\" data-ved=\"2ahUKEwjKvtCgzO7wAhVFCqYKHY9WAbQQpPYEKAAwBHoECAUQCw\">\n<div class=\"ZVWN5d\">\n<div id=\"faq_30\">\n<div class=\"Xims0d\">In una valvola a sfera con articolazione la sfera stessa non si muove verso le guarnizioni, piuttosto sono le guarnizioni a muoversi verso la sfera grazie alle sedi caricate a molla. In una valvola a sfera flottante la sfera si muove verso le sedi. Ci\u00f2 conferisce alle valvole a sfera con articolazione una maggiore forza operativa, una migliore capacit\u00e0 di gestire la pressione e una coppia operativa inferiore.<\/div>\n<\/div>\n<\/div>\n<\/div>\n<p>&nbsp;<\/p>","protected":false},"excerpt":{"rendered":"<p>Modello:STV-Q347F-150LB-WCB-24\u2033<\/p>\n<p>Sotto l&#039;azione della pressione media, la valvola a sfera in acciaio fuso Ansi pu\u00f2 produrre un certo spostamento e premere saldamente sulla superficie di tenuta all&#039;estremit\u00e0 di uscita per garantire la tenuta dell&#039;estremit\u00e0 di uscita. La valvola a sfera flottante ha una struttura semplice e buone prestazioni di tenuta, ma il carico della sfera sottoposta al mezzo di lavoro viene trasmesso all&#039;anello di tenuta di uscita, quindi \u00e8 necessario considerare se il materiale dell&#039;anello di tenuta pu\u00f2 sopportare il carico di lavoro di il mezzo sferico. Questa struttura \u00e8 ampiamente utilizzata nelle valvole a sfera ad alta e media pressione.<\/p>\n<p>Viene utilizzato principalmente in varie condotte di trasporto di mezzi ad alta pressione nell&#039;industria chimica, metallurgica, petrolifera, farmaceutica e di altro tipo. La temperatura applicabile \u00e8 -196~450 \u00b0C; modalit\u00e0 di guida: manuale, pneumatica, elettrica, idraulica, turbina, ecc.; diametro nominale: 1\/2\u2033~12\u2033; pressione nominale: 150LB~1500LB; mezzo applicabile: acqua, gas, petrolio, gas naturale e mezzo di corrosione acido-alcalino.<\/p>\n<p>STV Valve Technology Group Co., Ltd \u00e8 un leader professionale in Cina Valvola a sfera in acciaio fuso da 150LB, Valvole a sfera montate su perno in acciaio fuso API 6D da 24 pollici, Valvole a sfera montate su perno in acciaio fuso API 6D, Valvola a sfera montata su perno in 2 pezzi, Perno in acciaio fuso Produttore di valvole a sfera montate con alta qualit\u00e0 e prezzo competitivo.<\/p>\n<p>Si prega di contattare il nostro sales@stvvalve.com per altri materiali e dettagli.<\/p>\n<p>Foglio degli appuntamenti:<a href=\"https:\/\/www.stvvalves.com\/wp-content\/uploads\/2019\/03\/cast-steel-ball-valve-full-bore-trunnion-mounted-24-inch-150lb-drawing.pdf\">Valvola a sfera in acciaio fuso, passaggio totale, montaggio su perno, 24 pollici, 150 libbre<\/a><\/p>","protected":false},"featured_media":4474,"template":"","meta":[],"product_brand":[],"product_cat":[43,54,56,80],"product_tag":[608,605,607,606,603,604],"class_list":{"0":"post-4473","1":"product","2":"type-product","3":"status-publish","4":"has-post-thumbnail","6":"product_cat-ball-valve","7":"product_cat-cast-steel-ball-valve","8":"product_cat-trunnion-ball-valve","9":"product_cat-flange-ball-valve","10":"product_tag-150lb-cast-steel-ball-valve","11":"product_tag-2-piece-trunnion-mounted-ball-valve","12":"product_tag-24-inch-api-6d-cast-steel-trunnion-mounted-ball-valves","13":"product_tag-api-6d-cast-steel-trunnion-mounted-ball-valves","14":"product_tag-cast-steel-trunnion-mounted-ball-valve","15":"product_tag-trunnion-mounted-ball-valves","17":"first","18":"instock","19":"shipping-taxable","20":"product-type-simple"},"_links":{"self":[{"href":"https:\/\/www.stvvalves.com\/it\/wp-json\/wp\/v2\/product\/4473","targetHints":{"allow":["GET"]}}],"collection":[{"href":"https:\/\/www.stvvalves.com\/it\/wp-json\/wp\/v2\/product"}],"about":[{"href":"https:\/\/www.stvvalves.com\/it\/wp-json\/wp\/v2\/types\/product"}],"wp:featuredmedia":[{"embeddable":true,"href":"https:\/\/www.stvvalves.com\/it\/wp-json\/wp\/v2\/media\/4474"}],"wp:attachment":[{"href":"https:\/\/www.stvvalves.com\/it\/wp-json\/wp\/v2\/media?parent=4473"}],"wp:term":[{"taxonomy":"product_brand","embeddable":true,"href":"https:\/\/www.stvvalves.com\/it\/wp-json\/wp\/v2\/product_brand?post=4473"},{"taxonomy":"product_cat","embeddable":true,"href":"https:\/\/www.stvvalves.com\/it\/wp-json\/wp\/v2\/product_cat?post=4473"},{"taxonomy":"product_tag","embeddable":true,"href":"https:\/\/www.stvvalves.com\/it\/wp-json\/wp\/v2\/product_tag?post=4473"}],"curies":[{"name":"wp","href":"https:\/\/api.w.org\/{rel}","templated":true}]}}