{"id":4493,"date":"2019-03-19T01:55:17","date_gmt":"2019-03-19T01:55:17","guid":{"rendered":"https:\/\/www.stvvalves.com\/?post_type=product&#038;p=4493"},"modified":"2025-02-17T18:21:44","modified_gmt":"2025-02-17T10:21:44","slug":"carbon-steel-gate-valve-8-in-ch-300-lb-5-trim-api-600","status":"publish","type":"product","link":"https:\/\/www.stvvalves.com\/it\/products\/carbon-steel-gate-valve-8-in-ch-300-lb-5-trim-api-600\/","title":{"rendered":"Valvola a saracinesca in acciaio al carbonio, 8 pollici, 300 LB, 5 trim, API 600"},"content":{"rendered":"<p>Progettazione e produzione: API 600, API 6D, BS1414, ecc<br \/>\nFaccia a faccia (da un capo all&#039;altro): ANSI B16.10, API 6D, ecc<br \/>\nConnessione flangiata: ANSI B16.5, ASME B16.47 ecc<br \/>\nEstremit\u00e0 saldata testa a testa: ANSI B16.25, ecc<br \/>\nTest e ispezione: API 598, API 6D, ecc<\/p>\n<p>Dimensioni: 1\/2\u2033-30\u2033<br \/>\nPressione: 150LB~1500LB<br \/>\nMateriale corpo: acciaio al carbonio A216 WCB\/A105 (GS-C25\/ GP240GH\/ 1.0619\/ P285NH), WCC, acciaio a basso tenore di carbonio LCB, LCC, lega St A217 WC6, WC9, C5, C12, acciaio inossidabile A351 CF8, CF8M, CF3 , CF3M, CF8C, acciaio duplex A890 GR.4A GR.5A, ecc.<br \/>\nMateriale della disposizione: 13Cr, SS304, SS316, SS304L, SS316L, F11, F22 ecc<br \/>\nTipo: attacco manubrio ascendente, BB, FB, OS&amp;Y<br \/>\nFunzionamento: volantino. Dispositivi ad ingranaggi, elettricit\u00e0, ecc<br \/>\nEstremit\u00e0: flangiata RF\/ RTJ\/ FM\/ FF, saldatura di testa (BW)<\/p>\n<p>&nbsp;<\/p>\n<table>\n<tbody>\n<tr>\n<td width=\"200\"><strong>nome del prodotto<\/strong><\/td>\n<td width=\"481\">Valvola a saracinesca in acciaio al carbonio, 8 pollici, 300 LB, 5 trim, API 600<\/td>\n<\/tr>\n<tr>\n<td width=\"200\">1. Materiale<\/td>\n<td width=\"481\">WCB<\/td>\n<\/tr>\n<tr>\n<td width=\"200\">2. Taglia8<\/td>\n<td width=\"481\">8&quot;<\/td>\n<\/tr>\n<tr>\n<td width=\"200\">4. Porto<\/td>\n<td width=\"481\">Porto pieno<\/td>\n<\/tr>\n<tr>\n<td width=\"200\">5. Pressione di esercizio<\/td>\n<td width=\"481\">300 libbre<\/td>\n<\/tr>\n<tr>\n<td width=\"200\">6. La connessione termina<\/td>\n<td width=\"481\">RF<\/td>\n<\/tr>\n<tr>\n<td width=\"200\">7. Temp. di lavoro.<\/td>\n<td width=\"481\">-29~425\u00baC,<\/td>\n<\/tr>\n<tr>\n<td width=\"200\">8. Mezzo adatto<\/td>\n<td width=\"481\">Acqua, gas naturale, petrolio e alcuni liquidi corrosivi<\/td>\n<\/tr>\n<tr>\n<td width=\"200\">9. Operato<\/td>\n<td width=\"481\">Volantino<\/td>\n<\/tr>\n<tr>\n<td width=\"200\">10. Ispezione e test<\/td>\n<td width=\"481\">Secondo API 598<\/td>\n<\/tr>\n<tr>\n<td width=\"200\"><strong>Spedizione<\/strong><\/td>\n<td width=\"481\"><\/td>\n<\/tr>\n<tr>\n<td width=\"200\">Tempi di consegna<\/td>\n<td width=\"481\">30 giorni<\/td>\n<\/tr>\n<tr>\n<td width=\"200\">Pacchetto<\/td>\n<td width=\"481\">Custodia in compensato per esportazione standard<\/td>\n<\/tr>\n<tr>\n<td width=\"200\">Porto di spedizione<\/td>\n<td width=\"481\">Ningbo\/Shanghai, Cina<\/td>\n<\/tr>\n<tr>\n<td width=\"200\">Termini di spedizione<\/td>\n<td width=\"481\">Exw, FOB, CFR, CIF, ecc.<\/td>\n<\/tr>\n<tr>\n<td width=\"200\">Termini di pagamento<\/td>\n<td width=\"481\">T\/T, Western Union, PayPal, ecc.<\/td>\n<\/tr>\n<tr>\n<td width=\"200\"><\/td>\n<td width=\"481\">Pagamento anticipato 30%, saldo 70% pagato prima della spedizione<\/td>\n<\/tr>\n<tr>\n<td width=\"200\">Paese di origine<\/td>\n<td width=\"481\">Citt\u00e0 di Wenzhou, Cina<\/td>\n<\/tr>\n<tr>\n<td width=\"200\">Capacit\u00e0 produttiva<\/td>\n<td width=\"481\">6000 ton\/anno<\/td>\n<\/tr>\n<tr>\n<td width=\"200\">MOQ<\/td>\n<td width=\"481\">1 pezzo\/taglia<\/td>\n<\/tr>\n<\/tbody>\n<\/table>","protected":false},"excerpt":{"rendered":"<p>Modello:Z41Y-300LB-8\u2033-WCB<\/p>\n<p>La nostra valvola a saracinesca in acciaio al carbonio presenta i seguenti vantaggi<br \/>\n1. La resistenza al fluido \u00e8 ridotta e la superficie di tenuta \u00e8 meno spazzolata ed erosa dal mezzo.<br \/>\n2, l&#039;apertura e la chiusura consentono un maggiore risparmio di manodopera.<br \/>\n3. La direzione del flusso del fluido non \u00e8 limitata, nessun disturbo, nessuna riduzione della pressione.<br \/>\n4, la forma \u00e8 semplice, la lunghezza della struttura \u00e8 breve, il processo di produzione \u00e8 buono e l&#039;ambito di applicazione \u00e8 ampio.<\/p>\n<p>Design a porta completa, esterno e vite (OS&amp;Y), coperchio imbullonato, struttura con tenuta posteriore<br \/>\nCuneo flessibile o solido, completamente guidato, scelta tra cuneo solido o diviso<br \/>\nSedile rinnovabile o saldato<br \/>\nDesign dello stelo esteso per basse temperature<br \/>\nSistema di bypass opzionale<\/p>\n<p>STV Valve Technology Group Co., Ltd \u00e8 un leader professionale Cina Saracinesca in acciaio al carbonio, Valvola a saracinesca da 8 pollici, Valvola a saracinesca in acciaio fuso, Valvola a saracinesca a cuneo in acciaio al carbonio fuso, Valvola a saracinesca in acciaio al carbonio 300LB, Valvole a saracinesca in acciaio fuso API 600, Cina Cast Produttore di valvole a saracinesca a cuneo in acciaio al carbonio con alta qualit\u00e0 e prezzo competitivo.<\/p>\n<p>Si prega di contattare il nostro sales@stvvalve.com per altri materiali e dettagli.<\/p>\n<p>Foglio degli appuntamenti:<a href=\"https:\/\/www.stvvalves.com\/wp-content\/uploads\/2019\/03\/carbon-steel-gate-valve-8-in-ch-300-lb-5-trim-api-600-drawing.pdf\">Valvola a saracinesca in acciaio al carbonio, 8 pollici, 300 LB, 5 trim, API 600<\/a><\/p>","protected":false},"featured_media":4494,"template":"","meta":[],"product_brand":[],"product_cat":[58,44],"product_tag":[621,620,615,619,622],"class_list":{"0":"post-4493","1":"product","2":"type-product","3":"status-publish","4":"has-post-thumbnail","6":"product_cat-cast-steel-gate-valve","7":"product_cat-gate-valve","8":"product_tag-300lb-carbon-steel-gate-valve","9":"product_tag-8-inch-gate-valve","10":"product_tag-api-600-cast-steel-gate-valves","11":"product_tag-carbon-steel-gate-valves","12":"product_tag-cast-carbon-steel-wedge-gate-valve","14":"first","15":"instock","16":"shipping-taxable","17":"product-type-simple"},"_links":{"self":[{"href":"https:\/\/www.stvvalves.com\/it\/wp-json\/wp\/v2\/product\/4493","targetHints":{"allow":["GET"]}}],"collection":[{"href":"https:\/\/www.stvvalves.com\/it\/wp-json\/wp\/v2\/product"}],"about":[{"href":"https:\/\/www.stvvalves.com\/it\/wp-json\/wp\/v2\/types\/product"}],"wp:featuredmedia":[{"embeddable":true,"href":"https:\/\/www.stvvalves.com\/it\/wp-json\/wp\/v2\/media\/4494"}],"wp:attachment":[{"href":"https:\/\/www.stvvalves.com\/it\/wp-json\/wp\/v2\/media?parent=4493"}],"wp:term":[{"taxonomy":"product_brand","embeddable":true,"href":"https:\/\/www.stvvalves.com\/it\/wp-json\/wp\/v2\/product_brand?post=4493"},{"taxonomy":"product_cat","embeddable":true,"href":"https:\/\/www.stvvalves.com\/it\/wp-json\/wp\/v2\/product_cat?post=4493"},{"taxonomy":"product_tag","embeddable":true,"href":"https:\/\/www.stvvalves.com\/it\/wp-json\/wp\/v2\/product_tag?post=4493"}],"curies":[{"name":"wp","href":"https:\/\/api.w.org\/{rel}","templated":true}]}}